{"id":4470,"date":"2014-09-22T08:37:44","date_gmt":"2014-09-22T08:37:44","guid":{"rendered":"http:\/\/emailchef.com\/cs\/?page_id=4470"},"modified":"2016-03-31T07:32:29","modified_gmt":"2016-03-31T07:32:29","slug":"dokoncete-a-aktivujte-autoresponder","status":"publish","type":"page","link":"https:\/\/emailchef.com\/cs\/centrum-znalosti\/dokoncete-a-aktivujte-autoresponder\/","title":{"rendered":"Dokon\u010dete a aktivujte autorespond\u00e9r"},"content":{"rendered":"<p>St\u00e1le na stejn\u00e9 str\u00e1nce, m\u016f\u017eete si jako dal\u0161\u00ed vybrat, pro kter\u00fd seznam chcete kampa\u0148 s autorespond\u00e9rem poslat. Pamatujte, \u017ee email bude posl\u00e1n jen na adresy, kter\u00e9 se shoduj\u00ed s adresami ve vybran\u00e9m seznamu a danou podm\u00ednku. <\/p>\n<p>Pot\u00e9, co si vyberete se seznam, pouze klikn\u011bte na \tDOKON\u010cIT. Vlo\u017ete p\u0159edm\u011bt pro svoji kampa\u0148 s autorespond\u00e9r\u016fm, klikn\u011bte na UK\u00c1ZAT UK\u00c1ZKU EMAILU a AKTIVOVAT, a vyberte adresu odes\u00edlatele. M\u016f\u017eete se i vr\u00e1tit k p\u0159edchoz\u00edm krok\u016fm a zm\u011bnit jak\u00e1koli nastaven\u00ed nebo zm\u011bnit obsah nebo si ulo\u017eit rozpracovan\u00fd koncept a pokra\u010dovat pozd\u011bji. Jakmile v\u0161e vypad\u00e1 dob\u0159e, pouze klikn\u011bte na AKTIVOVAT. <\/p>\n<p><a href=\"http:\/\/emailchef.com\/wp-content\/uploads\/2014\/09\/auto_3.jpg\"><img fetchpriority=\"high\" decoding=\"async\" class=\"alignnone wp-image-4018 size-full\" src=\"http:\/\/emailchef.com\/wp-content\/uploads\/2014\/09\/auto_3.jpg\" alt=\"Dokon\u010dete a aktivujte autorespond\u00e9r\" width=\"1188\" height=\"547\" \/><\/a><\/p>\n<p>V\u00e1\u0161 autorespond\u00e9r bude okam\u017eit\u011b aktivov\u00e1n.<\/p>\n<p>M\u016f\u017eete monitorovat jeho status z hlavn\u00ed str\u00e1nky autorespond\u00e9ru, kde m\u016f\u017eete tak\u00e9 naj\u00edt seznam kampan\u00ed s autorespond\u00e9r\u016fm. <\/p>\n<p>Pros\u00edm v\u0161imn\u011bte si, \u017ee m\u016f\u017eete aktivovat a deaktivovat sv\u016fj autorespond\u00e9r kdykoli chcete. <\/p>\n<p>Pros\u00edm aktivujte autorespond\u00e9r, nav\u0161tivte str\u00e1nku s autorespond\u00e9ry, klikn\u011bte na \u201eOFF\u201c ikonu v seznamu. Klikn\u011bte ANO ve vyskakovac\u00edm okn\u011b a ikona se zm\u011bn\u00ed na \u201eON\u201c. <\/p>\n<p>Pro deaktivaci va\u0161eho autorespond\u00e9ru, jen klikn\u011bte na \u201eON\u201c ikonu a vyberte \u201eANO\u201c ve vyskakovac\u00edm okn\u011b. Ikona se zm\u011bn\u00ed na \u201eOFF\u201c. <\/p>\n<p><a href=\"http:\/\/emailchef.com\/wp-content\/uploads\/2014\/09\/auto_4.jpg\"><img decoding=\"async\" class=\"alignnone wp-image-4019 size-full\" src=\"http:\/\/emailchef.com\/wp-content\/uploads\/2014\/09\/auto_4.jpg\" alt=\"Dokon\u010dete a aktivujte autorespond\u00e9r\" width=\"886\" height=\"138\" \/><\/a><\/p>\n<p>Pokud si p\u0159ejete pou\u017e\u00edt stejn\u00fd autorespond\u00e9r pro jinou kampa\u0148, m\u016f\u017eete p\u0159esko\u010dit cel\u00fd proces a u\u0161et\u0159it \u010das. Pouze klikn\u011bte na \u201eKlonovat\u201c ikonu a v\u00e1\u0161 autorespond\u00e9r bude automaticky duplikov\u00e1n. V tomto bod\u011b, jen klikn\u011bte na jm\u00e9no autorespond\u00e9ru a ud\u011blejte v\u0161echny po\u017eadovan\u00e9 zm\u011bny. <\/p>\n<p>Pokud pot\u0159ebujete autorespond\u00e9r vymazat ze seznamu, jen klikn\u011bte na symbol \u201eX\u201c (prvn\u00ed ikona napravo) hned vedle autorespond\u00e9ru, kter\u00fd chcete vymazat. <\/p>\n","protected":false},"excerpt":{"rendered":"<p>St\u00e1le na stejn\u00e9 str\u00e1nce, m\u016f\u017eete si jako dal\u0161\u00ed vybrat, pro kter\u00fd seznam chcete kampa\u0148 s autorespond\u00e9rem poslat. Pamatujte, \u017ee email bude posl\u00e1n jen na adresy, kter\u00e9 se shoduj\u00ed s adresami ve vybran\u00e9m seznamu a danou podm\u00ednku. Pot\u00e9, co si vyberete se seznam, pouze klikn\u011bte na DOKON\u010cIT. Vlo\u017ete p\u0159edm\u011bt pro svoji kampa\u0148 s autorespond\u00e9r\u016fm, klikn\u011bte na [&hellip;]<\/p>\n","protected":false},"author":1,"featured_media":0,"parent":4385,"menu_order":0,"comment_status":"closed","ping_status":"closed","template":"","meta":{"_acf_changed":false,"inline_featured_image":false,"footnotes":""},"g1_relation_tag":[],"class_list":["post-4470","page","type-page","status-publish","hentry"],"acf":[],"yoast_head":"<!-- This site is optimized with the Yoast SEO plugin v24.8.1 - https:\/\/yoast.com\/wordpress\/plugins\/seo\/ -->\n<title>Dokon\u010dete a aktivujte autorespond\u00e9r - Emailchef<\/title>\n<meta name=\"robots\" content=\"index, follow, max-snippet:-1, max-image-preview:large, max-video-preview:-1\" \/>\n<link rel=\"canonical\" href=\"https:\/\/emailchef.com\/cs\/centrum-znalosti\/dokoncete-a-aktivujte-autoresponder\/\" \/>\n<meta name=\"twitter:label1\" content=\"Odhadovan\u00e1 doba \u010dten\u00ed\" \/>\n\t<meta name=\"twitter:data1\" content=\"2 minuty\" \/>\n<!-- \/ Yoast SEO plugin. -->","yoast_head_json":{"title":"Dokon\u010dete a aktivujte autorespond\u00e9r - Emailchef","robots":{"index":"index","follow":"follow","max-snippet":"max-snippet:-1","max-image-preview":"max-image-preview:large","max-video-preview":"max-video-preview:-1"},"canonical":"https:\/\/emailchef.com\/cs\/centrum-znalosti\/dokoncete-a-aktivujte-autoresponder\/","twitter_misc":{"Odhadovan\u00e1 doba \u010dten\u00ed":"2 minuty"},"schema":{"@context":"https:\/\/schema.org","@graph":[{"@type":"WebPage","@id":"https:\/\/emailchef.com\/cs\/centrum-znalosti\/dokoncete-a-aktivujte-autoresponder\/","url":"https:\/\/emailchef.com\/cs\/centrum-znalosti\/dokoncete-a-aktivujte-autoresponder\/","name":"Dokon\u010dete a aktivujte autorespond\u00e9r - Emailchef","isPartOf":{"@id":"https:\/\/emailchef.com\/cs\/#website"},"primaryImageOfPage":{"@id":"https:\/\/emailchef.com\/cs\/centrum-znalosti\/dokoncete-a-aktivujte-autoresponder\/#primaryimage"},"image":{"@id":"https:\/\/emailchef.com\/cs\/centrum-znalosti\/dokoncete-a-aktivujte-autoresponder\/#primaryimage"},"thumbnailUrl":"http:\/\/emailchef.com\/wp-content\/uploads\/2014\/09\/auto_3.jpg","datePublished":"2014-09-22T08:37:44+00:00","dateModified":"2016-03-31T07:32:29+00:00","breadcrumb":{"@id":"https:\/\/emailchef.com\/cs\/centrum-znalosti\/dokoncete-a-aktivujte-autoresponder\/#breadcrumb"},"inLanguage":"cs","potentialAction":[{"@type":"ReadAction","target":["https:\/\/emailchef.com\/cs\/centrum-znalosti\/dokoncete-a-aktivujte-autoresponder\/"]}]},{"@type":"ImageObject","inLanguage":"cs","@id":"https:\/\/emailchef.com\/cs\/centrum-znalosti\/dokoncete-a-aktivujte-autoresponder\/#primaryimage","url":"http:\/\/emailchef.com\/wp-content\/uploads\/2014\/09\/auto_3.jpg","contentUrl":"http:\/\/emailchef.com\/wp-content\/uploads\/2014\/09\/auto_3.jpg"},{"@type":"BreadcrumbList","@id":"https:\/\/emailchef.com\/cs\/centrum-znalosti\/dokoncete-a-aktivujte-autoresponder\/#breadcrumb","itemListElement":[{"@type":"ListItem","position":1,"name":"Home","item":"https:\/\/emailchef.com\/cs\/emailchef-sluzby-email-marketingu\/"},{"@type":"ListItem","position":2,"name":"Centrum znalost\u00ed","item":"https:\/\/emailchef.com\/cs\/centrum-znalosti\/"},{"@type":"ListItem","position":3,"name":"Dokon\u010dete a aktivujte autorespond\u00e9r"}]},{"@type":"WebSite","@id":"https:\/\/emailchef.com\/cs\/#website","url":"https:\/\/emailchef.com\/cs\/","name":"Emailchef","description":"Chutn\u00e9 recepty pro email marketing","publisher":{"@id":"https:\/\/emailchef.com\/cs\/#organization"},"potentialAction":[{"@type":"SearchAction","target":{"@type":"EntryPoint","urlTemplate":"https:\/\/emailchef.com\/cs\/?s={search_term_string}"},"query-input":{"@type":"PropertyValueSpecification","valueRequired":true,"valueName":"search_term_string"}}],"inLanguage":"cs"},{"@type":"Organization","@id":"https:\/\/emailchef.com\/cs\/#organization","name":"Delivery Tech Corp.","url":"https:\/\/emailchef.com\/cs\/","logo":{"@type":"ImageObject","inLanguage":"cs","@id":"https:\/\/emailchef.com\/cs\/#\/schema\/logo\/image\/","url":"https:\/\/emailchef.com\/wp-content\/uploads\/2022\/04\/logo-sama.png","contentUrl":"https:\/\/emailchef.com\/wp-content\/uploads\/2022\/04\/logo-sama.png","width":237,"height":80,"caption":"Delivery Tech Corp."},"image":{"@id":"https:\/\/emailchef.com\/cs\/#\/schema\/logo\/image\/"}}]}},"_links":{"self":[{"href":"https:\/\/emailchef.com\/cs\/wp-json\/wp\/v2\/pages\/4470"}],"collection":[{"href":"https:\/\/emailchef.com\/cs\/wp-json\/wp\/v2\/pages"}],"about":[{"href":"https:\/\/emailchef.com\/cs\/wp-json\/wp\/v2\/types\/page"}],"author":[{"embeddable":true,"href":"https:\/\/emailchef.com\/cs\/wp-json\/wp\/v2\/users\/1"}],"replies":[{"embeddable":true,"href":"https:\/\/emailchef.com\/cs\/wp-json\/wp\/v2\/comments?post=4470"}],"version-history":[{"count":1,"href":"https:\/\/emailchef.com\/cs\/wp-json\/wp\/v2\/pages\/4470\/revisions"}],"predecessor-version":[{"id":4471,"href":"https:\/\/emailchef.com\/cs\/wp-json\/wp\/v2\/pages\/4470\/revisions\/4471"}],"up":[{"embeddable":true,"href":"https:\/\/emailchef.com\/cs\/wp-json\/wp\/v2\/pages\/4385"}],"wp:attachment":[{"href":"https:\/\/emailchef.com\/cs\/wp-json\/wp\/v2\/media?parent=4470"}],"wp:term":[{"taxonomy":"g1_relation_tag","embeddable":true,"href":"https:\/\/emailchef.com\/cs\/wp-json\/wp\/v2\/g1_relation_tag?post=4470"}],"curies":[{"name":"wp","href":"https:\/\/api.w.org\/{rel}","templated":true}]}}