{"id":4468,"date":"2014-09-22T08:37:23","date_gmt":"2014-09-22T08:37:23","guid":{"rendered":"http:\/\/emailchef.com\/cs\/?page_id=4468"},"modified":"2016-03-31T07:30:45","modified_gmt":"2016-03-31T07:30:45","slug":"vyberte-typ-udalosti","status":"publish","type":"page","link":"https:\/\/emailchef.com\/cs\/centrum-znalosti\/vyberte-typ-udalosti\/","title":{"rendered":"Vyberte typ ud\u00e1losti"},"content":{"rendered":"<p>Budete p\u0159esm\u011brov\u00e1ni na str\u00e1nku, kde budete moci sv\u016fj autorespond\u00e9r pojmenovat a vybrat si typ ud\u00e1losti, kter\u00e1 jej spust\u00ed:  <\/p>\n<p><a href=\"http:\/\/emailchef.com\/wp-content\/uploads\/2014\/09\/emailchef-screenshot-018.jpg\"><img fetchpriority=\"high\" decoding=\"async\" class=\"alignnone wp-image-2568 size-full\" src=\"http:\/\/emailchef.com\/wp-content\/uploads\/2014\/09\/emailchef-screenshot-018.jpg\" alt=\"Vyberte typ ud\u00e1losti\" width=\"1189\" height=\"678\" \/><\/a><\/p>\n<p>V podstat\u011b si m\u016f\u017eete vybrat z 6 r\u016fzn\u00fdch ud\u00e1lost\u00ed:<\/p>\n<ul>\n<li><strong>Datum v\u00fdro\u010d\u00ed<\/strong>: Pou\u017eijte tuto mo\u017enost pro odesl\u00e1n\u00ed email\u016f v, p\u0159ed nebo po ur\u010dit\u00e9m datu v\u00fdro\u010d\u00ed. Toto je skv\u011bl\u00fd zp\u016fsob pro vytvo\u0159en\u00ed efektivn\u00edho blahop\u0159\u00e1n\u00ed pro p\u0159ihl\u00e1\u0161en\u00e9.<\/li>\n<li><strong>Kliknut\u00ed na odkaz v kampani<\/strong>: Pou\u017eijte tuto volbu pro odesl\u00e1n\u00ed emailu v momentu nebo pot\u00e9, kdy p\u0159\u00edjemce klikne na odkaz um\u00edst\u011bn\u00fd v t\u011ble kampan\u011b. <\/li>\n<li><strong>Naposledy kliknut\u00e1 kampa\u0148<\/strong>: Pou\u017eijte tuto volbu k odesl\u00e1n\u00ed emailu nebo nab\u00eddky po uskute\u010dn\u011bn\u00ed posledn\u00edho kliku z\u00e1kazn\u00edka. <\/li>\n<li><strong>Otev\u0159en\u00ed kampan\u011b<\/strong>: Pou\u017eijte tuto volbu k odesl\u00e1n\u00ed emailu pot\u00e9, co z\u00e1kazn\u00edk otev\u0159e emailovou kampa\u0148 (otev\u0159e email). <\/li>\n<li><strong>Kliknut\u00ed na specifick\u00fd odkaz v kampani<\/strong>: Pou\u017eijte tuto volbu k odesl\u00e1n\u00ed emailu pot\u00e9, co p\u0159\u00edjemce klikne na specifick\u00fd odkaz v kampani. Pokud si tuto mo\u017enost vyberete, budete muset specifikovat jm\u00e9no kampan\u011b a konkr\u00e9tn\u00ed odkaz, kter\u00fd spust\u00ed autorespond\u00e9r. <\/li>\n<li><strong>P\u0159ihl\u00e1\u0161en\u00ed<\/strong>: Toto je asi nejobl\u00edben\u011bj\u0161\u00ed volba, slou\u017e\u00ed k odesl\u00e1n\u00ed emailu pot\u00e9, co se n\u011bjak\u00fd \u010dlov\u011bk p\u0159ihl\u00e1s\u00ed na n\u011bjak\u00fd v\u00e1\u0161 seznam (obecn\u011b nebo i konkr\u00e9tn\u00ed seznam). <\/li>\n<\/ul>\n","protected":false},"excerpt":{"rendered":"<p>Budete p\u0159esm\u011brov\u00e1ni na str\u00e1nku, kde budete moci sv\u016fj autorespond\u00e9r pojmenovat a vybrat si typ ud\u00e1losti, kter\u00e1 jej spust\u00ed: V podstat\u011b si m\u016f\u017eete vybrat z 6 r\u016fzn\u00fdch ud\u00e1lost\u00ed: Datum v\u00fdro\u010d\u00ed: Pou\u017eijte tuto mo\u017enost pro odesl\u00e1n\u00ed email\u016f v, p\u0159ed nebo po ur\u010dit\u00e9m datu v\u00fdro\u010d\u00ed. Toto je skv\u011bl\u00fd zp\u016fsob pro vytvo\u0159en\u00ed efektivn\u00edho blahop\u0159\u00e1n\u00ed pro p\u0159ihl\u00e1\u0161en\u00e9. Kliknut\u00ed na odkaz [&hellip;]<\/p>\n","protected":false},"author":1,"featured_media":0,"parent":4385,"menu_order":0,"comment_status":"closed","ping_status":"closed","template":"","meta":{"_acf_changed":false,"inline_featured_image":false,"footnotes":""},"g1_relation_tag":[],"class_list":["post-4468","page","type-page","status-publish","hentry"],"acf":[],"yoast_head":"<!-- This site is optimized with the Yoast SEO plugin v24.8.1 - https:\/\/yoast.com\/wordpress\/plugins\/seo\/ -->\n<title>Vyberte typ ud\u00e1losti - Emailchef<\/title>\n<meta name=\"robots\" content=\"index, follow, max-snippet:-1, max-image-preview:large, max-video-preview:-1\" \/>\n<link rel=\"canonical\" href=\"https:\/\/emailchef.com\/cs\/centrum-znalosti\/vyberte-typ-udalosti\/\" \/>\n<meta name=\"twitter:label1\" content=\"Odhadovan\u00e1 doba \u010dten\u00ed\" \/>\n\t<meta name=\"twitter:data1\" content=\"1 minuta\" \/>\n<!-- \/ Yoast SEO plugin. -->","yoast_head_json":{"title":"Vyberte typ ud\u00e1losti - Emailchef","robots":{"index":"index","follow":"follow","max-snippet":"max-snippet:-1","max-image-preview":"max-image-preview:large","max-video-preview":"max-video-preview:-1"},"canonical":"https:\/\/emailchef.com\/cs\/centrum-znalosti\/vyberte-typ-udalosti\/","twitter_misc":{"Odhadovan\u00e1 doba \u010dten\u00ed":"1 minuta"},"schema":{"@context":"https:\/\/schema.org","@graph":[{"@type":"WebPage","@id":"https:\/\/emailchef.com\/cs\/centrum-znalosti\/vyberte-typ-udalosti\/","url":"https:\/\/emailchef.com\/cs\/centrum-znalosti\/vyberte-typ-udalosti\/","name":"Vyberte typ ud\u00e1losti - Emailchef","isPartOf":{"@id":"https:\/\/emailchef.com\/cs\/#website"},"primaryImageOfPage":{"@id":"https:\/\/emailchef.com\/cs\/centrum-znalosti\/vyberte-typ-udalosti\/#primaryimage"},"image":{"@id":"https:\/\/emailchef.com\/cs\/centrum-znalosti\/vyberte-typ-udalosti\/#primaryimage"},"thumbnailUrl":"http:\/\/emailchef.com\/wp-content\/uploads\/2014\/09\/emailchef-screenshot-018.jpg","datePublished":"2014-09-22T08:37:23+00:00","dateModified":"2016-03-31T07:30:45+00:00","breadcrumb":{"@id":"https:\/\/emailchef.com\/cs\/centrum-znalosti\/vyberte-typ-udalosti\/#breadcrumb"},"inLanguage":"cs","potentialAction":[{"@type":"ReadAction","target":["https:\/\/emailchef.com\/cs\/centrum-znalosti\/vyberte-typ-udalosti\/"]}]},{"@type":"ImageObject","inLanguage":"cs","@id":"https:\/\/emailchef.com\/cs\/centrum-znalosti\/vyberte-typ-udalosti\/#primaryimage","url":"http:\/\/emailchef.com\/wp-content\/uploads\/2014\/09\/emailchef-screenshot-018.jpg","contentUrl":"http:\/\/emailchef.com\/wp-content\/uploads\/2014\/09\/emailchef-screenshot-018.jpg"},{"@type":"BreadcrumbList","@id":"https:\/\/emailchef.com\/cs\/centrum-znalosti\/vyberte-typ-udalosti\/#breadcrumb","itemListElement":[{"@type":"ListItem","position":1,"name":"Home","item":"https:\/\/emailchef.com\/cs\/emailchef-sluzby-email-marketingu\/"},{"@type":"ListItem","position":2,"name":"Centrum znalost\u00ed","item":"https:\/\/emailchef.com\/cs\/centrum-znalosti\/"},{"@type":"ListItem","position":3,"name":"Vyberte typ ud\u00e1losti"}]},{"@type":"WebSite","@id":"https:\/\/emailchef.com\/cs\/#website","url":"https:\/\/emailchef.com\/cs\/","name":"Emailchef","description":"Chutn\u00e9 recepty pro email marketing","publisher":{"@id":"https:\/\/emailchef.com\/cs\/#organization"},"potentialAction":[{"@type":"SearchAction","target":{"@type":"EntryPoint","urlTemplate":"https:\/\/emailchef.com\/cs\/?s={search_term_string}"},"query-input":{"@type":"PropertyValueSpecification","valueRequired":true,"valueName":"search_term_string"}}],"inLanguage":"cs"},{"@type":"Organization","@id":"https:\/\/emailchef.com\/cs\/#organization","name":"Delivery Tech Corp.","url":"https:\/\/emailchef.com\/cs\/","logo":{"@type":"ImageObject","inLanguage":"cs","@id":"https:\/\/emailchef.com\/cs\/#\/schema\/logo\/image\/","url":"https:\/\/emailchef.com\/wp-content\/uploads\/2022\/04\/logo-sama.png","contentUrl":"https:\/\/emailchef.com\/wp-content\/uploads\/2022\/04\/logo-sama.png","width":237,"height":80,"caption":"Delivery Tech Corp."},"image":{"@id":"https:\/\/emailchef.com\/cs\/#\/schema\/logo\/image\/"}}]}},"_links":{"self":[{"href":"https:\/\/emailchef.com\/cs\/wp-json\/wp\/v2\/pages\/4468"}],"collection":[{"href":"https:\/\/emailchef.com\/cs\/wp-json\/wp\/v2\/pages"}],"about":[{"href":"https:\/\/emailchef.com\/cs\/wp-json\/wp\/v2\/types\/page"}],"author":[{"embeddable":true,"href":"https:\/\/emailchef.com\/cs\/wp-json\/wp\/v2\/users\/1"}],"replies":[{"embeddable":true,"href":"https:\/\/emailchef.com\/cs\/wp-json\/wp\/v2\/comments?post=4468"}],"version-history":[{"count":1,"href":"https:\/\/emailchef.com\/cs\/wp-json\/wp\/v2\/pages\/4468\/revisions"}],"predecessor-version":[{"id":4469,"href":"https:\/\/emailchef.com\/cs\/wp-json\/wp\/v2\/pages\/4468\/revisions\/4469"}],"up":[{"embeddable":true,"href":"https:\/\/emailchef.com\/cs\/wp-json\/wp\/v2\/pages\/4385"}],"wp:attachment":[{"href":"https:\/\/emailchef.com\/cs\/wp-json\/wp\/v2\/media?parent=4468"}],"wp:term":[{"taxonomy":"g1_relation_tag","embeddable":true,"href":"https:\/\/emailchef.com\/cs\/wp-json\/wp\/v2\/g1_relation_tag?post=4468"}],"curies":[{"name":"wp","href":"https:\/\/api.w.org\/{rel}","templated":true}]}}