{"id":4466,"date":"2014-09-22T08:37:02","date_gmt":"2014-09-22T08:37:02","guid":{"rendered":"http:\/\/emailchef.com\/cs\/?page_id=4466"},"modified":"2016-03-31T07:28:18","modified_gmt":"2016-03-31T07:28:18","slug":"jak-vytvorit-autoresponder","status":"publish","type":"page","link":"https:\/\/emailchef.com\/cs\/centrum-znalosti\/jak-vytvorit-autoresponder\/","title":{"rendered":"Jak vytvo\u0159it autorespond\u00e9r"},"content":{"rendered":"<p>N\u00e1sledujte t\u011bchto p\u00e1r krok\u016f pro vytvo\u0159en\u00ed nov\u00e9 kampan\u011b s autorespond\u00e9rem v programu Emailchef: <\/p>\n<p>1. Klikn\u011bte na sekci \u201eAutorespond\u00e9ry\u201c v horn\u00edm menu, pot\u00e9 na tla\u010d\u00edtko \u201eNov\u00fd\u201c na str\u00e1nce.<\/p>\n<p><a href=\"http:\/\/emailchef.com\/wp-content\/uploads\/2014\/09\/auto_1.jpg\" rel=\"attachment wp-att-4015\"><img fetchpriority=\"high\" decoding=\"async\" class=\"alignnone size-full wp-image-4015\" src=\"http:\/\/emailchef.com\/wp-content\/uploads\/2014\/09\/auto_1.jpg\" alt=\"Jak vytvo\u0159it autorespond\u00e9r \" width=\"1185\" height=\"346\" \/><\/a><\/p>\n<p>2. Uvid\u00edte, \u017ee vytvo\u0159en\u00ed autorespond\u00e9rov\u00e9 kampan\u011b je velmi podobn\u00e9 vytvo\u0159en\u00ed \u201eb\u011b\u017en\u00e9\u201c kampan\u011b. <\/p>\n<p><a href=\"http:\/\/emailchef.com\/wp-content\/uploads\/2014\/09\/auto.jpg\" rel=\"attachment wp-att-4014\"><img decoding=\"async\" class=\"alignnone size-full wp-image-4014\" src=\"http:\/\/emailchef.com\/wp-content\/uploads\/2014\/09\/auto.jpg\" alt=\"Jak vytvo\u0159it autorespond\u00e9r \" width=\"1188\" height=\"567\" \/><\/a><\/p>\n<p>3. Vyberte si design z mnoha r\u016fzn\u00fdch mo\u017enost\u00ed, jako t\u0159eba v\u00fdb\u011br p\u0159edem p\u0159ipraven\u00e9 \u0161ablony nebo nahr\u00e1n\u00edm nov\u00e9 \u0161ablony, pak klikn\u011bte na \u201eVyberte typ ud\u00e1losti + V\u00fdb\u011br seznamu\u201c. <\/p>\n<p><a href=\"http:\/\/emailchef.com\/wp-content\/uploads\/2014\/09\/auto_2.jpg\" rel=\"attachment wp-att-4016\"><img decoding=\"async\" class=\"alignnone size-full wp-image-4016\" src=\"http:\/\/emailchef.com\/wp-content\/uploads\/2014\/09\/auto_2.jpg\" alt=\"Jak vytvo\u0159it autorespond\u00e9r \" width=\"1194\" height=\"657\" \/><\/a><\/p>\n","protected":false},"excerpt":{"rendered":"<p>N\u00e1sledujte t\u011bchto p\u00e1r krok\u016f pro vytvo\u0159en\u00ed nov\u00e9 kampan\u011b s autorespond\u00e9rem v programu Emailchef: 1. Klikn\u011bte na sekci \u201eAutorespond\u00e9ry\u201c v horn\u00edm menu, pot\u00e9 na tla\u010d\u00edtko \u201eNov\u00fd\u201c na str\u00e1nce. 2. Uvid\u00edte, \u017ee vytvo\u0159en\u00ed autorespond\u00e9rov\u00e9 kampan\u011b je velmi podobn\u00e9 vytvo\u0159en\u00ed \u201eb\u011b\u017en\u00e9\u201c kampan\u011b. 3. Vyberte si design z mnoha r\u016fzn\u00fdch mo\u017enost\u00ed, jako t\u0159eba v\u00fdb\u011br p\u0159edem p\u0159ipraven\u00e9 \u0161ablony nebo nahr\u00e1n\u00edm [&hellip;]<\/p>\n","protected":false},"author":1,"featured_media":0,"parent":4385,"menu_order":0,"comment_status":"closed","ping_status":"closed","template":"","meta":{"_acf_changed":false,"inline_featured_image":false,"footnotes":""},"g1_relation_tag":[],"class_list":["post-4466","page","type-page","status-publish","hentry"],"acf":[],"yoast_head":"<!-- This site is optimized with the Yoast SEO plugin v24.8.1 - https:\/\/yoast.com\/wordpress\/plugins\/seo\/ -->\n<title>Jak vytvo\u0159it autorespond\u00e9r - Emailchef<\/title>\n<meta name=\"robots\" content=\"index, follow, max-snippet:-1, max-image-preview:large, max-video-preview:-1\" \/>\n<link rel=\"canonical\" href=\"https:\/\/emailchef.com\/cs\/centrum-znalosti\/jak-vytvorit-autoresponder\/\" \/>\n<!-- \/ Yoast SEO plugin. -->","yoast_head_json":{"title":"Jak vytvo\u0159it autorespond\u00e9r - Emailchef","robots":{"index":"index","follow":"follow","max-snippet":"max-snippet:-1","max-image-preview":"max-image-preview:large","max-video-preview":"max-video-preview:-1"},"canonical":"https:\/\/emailchef.com\/cs\/centrum-znalosti\/jak-vytvorit-autoresponder\/","schema":{"@context":"https:\/\/schema.org","@graph":[{"@type":"WebPage","@id":"https:\/\/emailchef.com\/cs\/centrum-znalosti\/jak-vytvorit-autoresponder\/","url":"https:\/\/emailchef.com\/cs\/centrum-znalosti\/jak-vytvorit-autoresponder\/","name":"Jak vytvo\u0159it autorespond\u00e9r - Emailchef","isPartOf":{"@id":"https:\/\/emailchef.com\/cs\/#website"},"primaryImageOfPage":{"@id":"https:\/\/emailchef.com\/cs\/centrum-znalosti\/jak-vytvorit-autoresponder\/#primaryimage"},"image":{"@id":"https:\/\/emailchef.com\/cs\/centrum-znalosti\/jak-vytvorit-autoresponder\/#primaryimage"},"thumbnailUrl":"http:\/\/emailchef.com\/wp-content\/uploads\/2014\/09\/auto_1.jpg","datePublished":"2014-09-22T08:37:02+00:00","dateModified":"2016-03-31T07:28:18+00:00","breadcrumb":{"@id":"https:\/\/emailchef.com\/cs\/centrum-znalosti\/jak-vytvorit-autoresponder\/#breadcrumb"},"inLanguage":"cs","potentialAction":[{"@type":"ReadAction","target":["https:\/\/emailchef.com\/cs\/centrum-znalosti\/jak-vytvorit-autoresponder\/"]}]},{"@type":"ImageObject","inLanguage":"cs","@id":"https:\/\/emailchef.com\/cs\/centrum-znalosti\/jak-vytvorit-autoresponder\/#primaryimage","url":"http:\/\/emailchef.com\/wp-content\/uploads\/2014\/09\/auto_1.jpg","contentUrl":"http:\/\/emailchef.com\/wp-content\/uploads\/2014\/09\/auto_1.jpg"},{"@type":"BreadcrumbList","@id":"https:\/\/emailchef.com\/cs\/centrum-znalosti\/jak-vytvorit-autoresponder\/#breadcrumb","itemListElement":[{"@type":"ListItem","position":1,"name":"Home","item":"https:\/\/emailchef.com\/cs\/emailchef-sluzby-email-marketingu\/"},{"@type":"ListItem","position":2,"name":"Centrum znalost\u00ed","item":"https:\/\/emailchef.com\/cs\/centrum-znalosti\/"},{"@type":"ListItem","position":3,"name":"Jak vytvo\u0159it autorespond\u00e9r"}]},{"@type":"WebSite","@id":"https:\/\/emailchef.com\/cs\/#website","url":"https:\/\/emailchef.com\/cs\/","name":"Emailchef","description":"Chutn\u00e9 recepty pro email marketing","publisher":{"@id":"https:\/\/emailchef.com\/cs\/#organization"},"potentialAction":[{"@type":"SearchAction","target":{"@type":"EntryPoint","urlTemplate":"https:\/\/emailchef.com\/cs\/?s={search_term_string}"},"query-input":{"@type":"PropertyValueSpecification","valueRequired":true,"valueName":"search_term_string"}}],"inLanguage":"cs"},{"@type":"Organization","@id":"https:\/\/emailchef.com\/cs\/#organization","name":"Delivery Tech Corp.","url":"https:\/\/emailchef.com\/cs\/","logo":{"@type":"ImageObject","inLanguage":"cs","@id":"https:\/\/emailchef.com\/cs\/#\/schema\/logo\/image\/","url":"https:\/\/emailchef.com\/wp-content\/uploads\/2022\/04\/logo-sama.png","contentUrl":"https:\/\/emailchef.com\/wp-content\/uploads\/2022\/04\/logo-sama.png","width":237,"height":80,"caption":"Delivery Tech Corp."},"image":{"@id":"https:\/\/emailchef.com\/cs\/#\/schema\/logo\/image\/"}}]}},"_links":{"self":[{"href":"https:\/\/emailchef.com\/cs\/wp-json\/wp\/v2\/pages\/4466"}],"collection":[{"href":"https:\/\/emailchef.com\/cs\/wp-json\/wp\/v2\/pages"}],"about":[{"href":"https:\/\/emailchef.com\/cs\/wp-json\/wp\/v2\/types\/page"}],"author":[{"embeddable":true,"href":"https:\/\/emailchef.com\/cs\/wp-json\/wp\/v2\/users\/1"}],"replies":[{"embeddable":true,"href":"https:\/\/emailchef.com\/cs\/wp-json\/wp\/v2\/comments?post=4466"}],"version-history":[{"count":1,"href":"https:\/\/emailchef.com\/cs\/wp-json\/wp\/v2\/pages\/4466\/revisions"}],"predecessor-version":[{"id":4467,"href":"https:\/\/emailchef.com\/cs\/wp-json\/wp\/v2\/pages\/4466\/revisions\/4467"}],"up":[{"embeddable":true,"href":"https:\/\/emailchef.com\/cs\/wp-json\/wp\/v2\/pages\/4385"}],"wp:attachment":[{"href":"https:\/\/emailchef.com\/cs\/wp-json\/wp\/v2\/media?parent=4466"}],"wp:term":[{"taxonomy":"g1_relation_tag","embeddable":true,"href":"https:\/\/emailchef.com\/cs\/wp-json\/wp\/v2\/g1_relation_tag?post=4466"}],"curies":[{"name":"wp","href":"https:\/\/api.w.org\/{rel}","templated":true}]}}