{"id":4464,"date":"2014-09-22T08:36:35","date_gmt":"2014-09-22T08:36:35","guid":{"rendered":"http:\/\/emailchef.com\/cs\/?page_id=4464"},"modified":"2016-03-31T07:26:51","modified_gmt":"2016-03-31T07:26:51","slug":"co-je-autoresponder","status":"publish","type":"page","link":"https:\/\/emailchef.com\/cs\/centrum-znalosti\/co-je-autoresponder\/","title":{"rendered":"Co je autorespond\u00e9r?"},"content":{"rendered":"<p>Nastaven\u00ed autorespond\u00e9ru je d\u016fle\u017eitou sou\u010d\u00e1st\u00ed ka\u017ed\u00e9 emailov\u00e9 kampan\u011b. \u0158e\u010deno jednodu\u0161e, autorespond\u00e9r je automatick\u00fd email odeslan\u00fd na z\u00e1klad\u011b specifick\u00e9 spou\u0161t\u011bc\u00ed ud\u00e1losti, kter\u00e1 se spust\u00ed v dan\u00fd \u010das \u2013 jako t\u0159ena po kliknut\u00ed, datu v\u00fdro\u010d\u00ed nebo p\u0159ihl\u00e1\u0161en\u00ed. Autorespond\u00e9ry tak\u00e9 umo\u017e\u0148uj\u00ed emailov\u00fdm marke\u0165\u00e1k\u016fm odeslat specifick\u00e9 s\u00e9rie zpr\u00e1v nov\u011b p\u0159ihl\u00e1\u0161en\u00fdm.<\/p>\n<p>Mohou p\u0159izp\u016fsobit autorespond\u00e9r na p\u0159esn\u00fd \u010das a frekvenci jakou cht\u011bj\u00ed, a usnadn\u00ed jim to napln\u011bn\u00ed specifick\u00fdch pot\u0159eb jejich z\u00e1kazn\u00edk\u016f. <\/p>\n<p>Bylo by t\u011b\u017ek\u00e9 p\u0159ecenit d\u016fle\u017eitost dobr\u00e9ho autorespond\u00e9ru, nebo hodnoty p\u0159izp\u016fsobit si jej podle va\u0161ich pot\u0159eb. M\u016f\u017eete m\u00edt obrovsk\u00fd emailov\u00fd seznam, se kter\u00fdm pracujete, je ale pravd\u011bpodobn\u011b mnoho lid\u00ed, od kter\u00fdch jste dlouho nesly\u0161eli \u017e\u00e1dnou zpr\u00e1vu. Nastaven\u00ed autorespond\u00e9ru, aby jim p\u0159ipomn\u011bl, jak jsou pro v\u00e1s d\u016fle\u017eit\u00ed, m\u016f\u017ee spustit novou objedn\u00e1vku, nebo je alespo\u0148 p\u0159esv\u011bd\u010d\u00ed, aby nav\u0161t\u00edvili zase va\u0161i str\u00e1nku. <\/p>\n<p>Autorespond\u00e9r v\u00e1m m\u016f\u017ee tak\u00e9 pomoci ud\u011blat prvn\u00ed dojem. Pokud si n\u011bkdo d\u00e1 tu pr\u00e1ci a klikne na va\u0161i zpr\u00e1vu nebo se p\u0159ihl\u00e1s\u00ed na v\u00e1\u0161 seznam, to nejmen\u0161\u00ed co m\u016f\u017eete ud\u011blat, pod\u011bkovat mu. Autorespond\u00e9r automatizuje tento proces a v\u00edt\u00e1 nov\u00e9 z\u00e1kazn\u00edky za v\u00e1s. <\/p>\n<p>Nez\u00e1le\u017e\u00ed na tom, jak pou\u017eijete va\u0161e autorespond\u00e9ry, je ale d\u016fle\u017eit\u00e9 vytvo\u0159it je pe\u010dliv\u011b. <\/p>\n<p>Dob\u0159e napsan\u00fd autorespond\u00e9r v\u00e1m m\u016f\u017ee p\u0159in\u00e9st nov\u00e9 z\u00e1kazn\u00edky, rozr\u016fstat v\u00e1\u0161 seznam p\u0159ihl\u00e1\u0161en\u00fdch a budovat va\u0161i firemn\u00ed zna\u010dku. <\/p>\n","protected":false},"excerpt":{"rendered":"<p>Nastaven\u00ed autorespond\u00e9ru je d\u016fle\u017eitou sou\u010d\u00e1st\u00ed ka\u017ed\u00e9 emailov\u00e9 kampan\u011b. \u0158e\u010deno jednodu\u0161e, autorespond\u00e9r je automatick\u00fd email odeslan\u00fd na z\u00e1klad\u011b specifick\u00e9 spou\u0161t\u011bc\u00ed ud\u00e1losti, kter\u00e1 se spust\u00ed v dan\u00fd \u010das \u2013 jako t\u0159ena po kliknut\u00ed, datu v\u00fdro\u010d\u00ed nebo p\u0159ihl\u00e1\u0161en\u00ed. Autorespond\u00e9ry tak\u00e9 umo\u017e\u0148uj\u00ed emailov\u00fdm marke\u0165\u00e1k\u016fm odeslat specifick\u00e9 s\u00e9rie zpr\u00e1v nov\u011b p\u0159ihl\u00e1\u0161en\u00fdm. Mohou p\u0159izp\u016fsobit autorespond\u00e9r na p\u0159esn\u00fd \u010das a frekvenci jakou [&hellip;]<\/p>\n","protected":false},"author":1,"featured_media":0,"parent":4385,"menu_order":0,"comment_status":"closed","ping_status":"closed","template":"","meta":{"_acf_changed":false,"inline_featured_image":false,"footnotes":""},"g1_relation_tag":[],"class_list":["post-4464","page","type-page","status-publish","hentry"],"acf":[],"yoast_head":"<!-- This site is optimized with the Yoast SEO plugin v24.8.1 - https:\/\/yoast.com\/wordpress\/plugins\/seo\/ -->\n<title>Co je autorespond\u00e9r? - Emailchef<\/title>\n<meta name=\"robots\" content=\"index, follow, max-snippet:-1, max-image-preview:large, max-video-preview:-1\" \/>\n<link rel=\"canonical\" href=\"https:\/\/emailchef.com\/cs\/centrum-znalosti\/co-je-autoresponder\/\" \/>\n<meta name=\"twitter:label1\" content=\"Odhadovan\u00e1 doba \u010dten\u00ed\" \/>\n\t<meta name=\"twitter:data1\" content=\"2 minuty\" \/>\n<!-- \/ Yoast SEO plugin. -->","yoast_head_json":{"title":"Co je autorespond\u00e9r? - Emailchef","robots":{"index":"index","follow":"follow","max-snippet":"max-snippet:-1","max-image-preview":"max-image-preview:large","max-video-preview":"max-video-preview:-1"},"canonical":"https:\/\/emailchef.com\/cs\/centrum-znalosti\/co-je-autoresponder\/","twitter_misc":{"Odhadovan\u00e1 doba \u010dten\u00ed":"2 minuty"},"schema":{"@context":"https:\/\/schema.org","@graph":[{"@type":"WebPage","@id":"https:\/\/emailchef.com\/cs\/centrum-znalosti\/co-je-autoresponder\/","url":"https:\/\/emailchef.com\/cs\/centrum-znalosti\/co-je-autoresponder\/","name":"Co je autorespond\u00e9r? - Emailchef","isPartOf":{"@id":"https:\/\/emailchef.com\/cs\/#website"},"datePublished":"2014-09-22T08:36:35+00:00","dateModified":"2016-03-31T07:26:51+00:00","breadcrumb":{"@id":"https:\/\/emailchef.com\/cs\/centrum-znalosti\/co-je-autoresponder\/#breadcrumb"},"inLanguage":"cs","potentialAction":[{"@type":"ReadAction","target":["https:\/\/emailchef.com\/cs\/centrum-znalosti\/co-je-autoresponder\/"]}]},{"@type":"BreadcrumbList","@id":"https:\/\/emailchef.com\/cs\/centrum-znalosti\/co-je-autoresponder\/#breadcrumb","itemListElement":[{"@type":"ListItem","position":1,"name":"Home","item":"https:\/\/emailchef.com\/cs\/emailchef-sluzby-email-marketingu\/"},{"@type":"ListItem","position":2,"name":"Centrum znalost\u00ed","item":"https:\/\/emailchef.com\/cs\/centrum-znalosti\/"},{"@type":"ListItem","position":3,"name":"Co je autorespond\u00e9r?"}]},{"@type":"WebSite","@id":"https:\/\/emailchef.com\/cs\/#website","url":"https:\/\/emailchef.com\/cs\/","name":"Emailchef","description":"Chutn\u00e9 recepty pro email marketing","publisher":{"@id":"https:\/\/emailchef.com\/cs\/#organization"},"potentialAction":[{"@type":"SearchAction","target":{"@type":"EntryPoint","urlTemplate":"https:\/\/emailchef.com\/cs\/?s={search_term_string}"},"query-input":{"@type":"PropertyValueSpecification","valueRequired":true,"valueName":"search_term_string"}}],"inLanguage":"cs"},{"@type":"Organization","@id":"https:\/\/emailchef.com\/cs\/#organization","name":"Delivery Tech Corp.","url":"https:\/\/emailchef.com\/cs\/","logo":{"@type":"ImageObject","inLanguage":"cs","@id":"https:\/\/emailchef.com\/cs\/#\/schema\/logo\/image\/","url":"https:\/\/emailchef.com\/wp-content\/uploads\/2022\/04\/logo-sama.png","contentUrl":"https:\/\/emailchef.com\/wp-content\/uploads\/2022\/04\/logo-sama.png","width":237,"height":80,"caption":"Delivery Tech Corp."},"image":{"@id":"https:\/\/emailchef.com\/cs\/#\/schema\/logo\/image\/"}}]}},"_links":{"self":[{"href":"https:\/\/emailchef.com\/cs\/wp-json\/wp\/v2\/pages\/4464"}],"collection":[{"href":"https:\/\/emailchef.com\/cs\/wp-json\/wp\/v2\/pages"}],"about":[{"href":"https:\/\/emailchef.com\/cs\/wp-json\/wp\/v2\/types\/page"}],"author":[{"embeddable":true,"href":"https:\/\/emailchef.com\/cs\/wp-json\/wp\/v2\/users\/1"}],"replies":[{"embeddable":true,"href":"https:\/\/emailchef.com\/cs\/wp-json\/wp\/v2\/comments?post=4464"}],"version-history":[{"count":1,"href":"https:\/\/emailchef.com\/cs\/wp-json\/wp\/v2\/pages\/4464\/revisions"}],"predecessor-version":[{"id":4465,"href":"https:\/\/emailchef.com\/cs\/wp-json\/wp\/v2\/pages\/4464\/revisions\/4465"}],"up":[{"embeddable":true,"href":"https:\/\/emailchef.com\/cs\/wp-json\/wp\/v2\/pages\/4385"}],"wp:attachment":[{"href":"https:\/\/emailchef.com\/cs\/wp-json\/wp\/v2\/media?parent=4464"}],"wp:term":[{"taxonomy":"g1_relation_tag","embeddable":true,"href":"https:\/\/emailchef.com\/cs\/wp-json\/wp\/v2\/g1_relation_tag?post=4464"}],"curies":[{"name":"wp","href":"https:\/\/api.w.org\/{rel}","templated":true}]}}