{"id":4458,"date":"2014-09-22T08:36:09","date_gmt":"2014-09-22T08:36:09","guid":{"rendered":"http:\/\/emailchef.com\/cs\/?page_id=4458"},"modified":"2025-09-18T14:25:40","modified_gmt":"2025-09-18T14:25:40","slug":"obecna-sprava-kampani","status":"publish","type":"page","link":"https:\/\/emailchef.com\/cs\/centrum-znalosti\/obecna-sprava-kampani\/","title":{"rendered":"Obecn\u00e1 spr\u00e1va kampan\u00ed"},"content":{"rendered":"\t\t<div data-elementor-type=\"wp-page\" data-elementor-id=\"4458\" class=\"elementor elementor-4458 elementor-605\" data-elementor-post-type=\"page\">\n\t\t\t\t\t\t<section class=\"elementor-section elementor-top-section elementor-element elementor-element-3a46dc99 elementor-section-boxed elementor-section-height-default elementor-section-height-default\" data-id=\"3a46dc99\" data-element_type=\"section\">\n\t\t\t\t\t\t<div class=\"elementor-container elementor-column-gap-default\">\n\t\t\t\t\t<div class=\"elementor-column elementor-col-100 elementor-top-column elementor-element elementor-element-600c7b9a\" data-id=\"600c7b9a\" data-element_type=\"column\">\n\t\t\t<div class=\"elementor-widget-wrap elementor-element-populated\">\n\t\t\t\t\t\t<div class=\"elementor-element elementor-element-28267bfc elementor-widget elementor-widget-text-editor\" data-id=\"28267bfc\" data-element_type=\"widget\" data-widget_type=\"text-editor.default\">\n\t\t\t\t<div class=\"elementor-widget-container\">\n\t\t\t\t\t\t\t\t\tStr\u00e1nka pro obecnou spr\u00e1vu kampan\u00ed je velmi jednoduch\u00e1 a vychytan\u00e1; pod\u00edvejte se na uk\u00e1zku: \r\n\r\n<a href=\"https:\/\/emailchef.com\/wp-content\/uploads\/2014\/09\/campa.jpg\"><img fetchpriority=\"high\" decoding=\"async\" class=\"alignnone wp-image-4005 size-full\" src=\"https:\/\/emailchef.com\/wp-content\/uploads\/2014\/09\/campa.jpg\" alt=\"Obecn\u00e1 spr\u00e1va kampan\u00ed\" width=\"1183\" height=\"546\" \/><\/a>\r\n\r\nKliknut\u00edm na jakoukoli odeslanou kampa\u0148 m\u016f\u017eete zobrazit jej\u00ed statistiky, zat\u00edmco kliknut\u00ed na koncept zpr\u00e1vy, ji budete m\u00edt mo\u017enost upravit a dokon\u010dit. Tak\u00e9 m\u016f\u017eete vid\u011bt napl\u00e1novan\u00e9, archivovan\u00e9 a ne\u00fasp\u011b\u0161n\u00e9 kampan\u011b. \r\n\r\nS pomoc\u00ed ikon na prav\u00e9 stran\u011b m\u016f\u017eete vymazat, upravit nebo klonovat (kop\u00edrovat) kampa\u0148. Pro spu\u0161t\u011bn\u00ed \u00fapln\u011b nov\u00e9, jednodu\u0161e klikn\u011bte na tla\u010d\u00edtko \u201eNov\u00e1\u201c. \t\t\t\t\t\t\t\t<\/div>\n\t\t\t\t<\/div>\n\t\t\t\t\t<\/div>\n\t\t<\/div>\n\t\t\t\t\t<\/div>\n\t\t<\/section>\n\t\t\t\t<\/div>\n\t\t","protected":false},"excerpt":{"rendered":"<p>Str\u00e1nka pro obecnou spr\u00e1vu kampan\u00ed je velmi jednoduch\u00e1 a vychytan\u00e1; pod\u00edvejte se na uk\u00e1zku: Kliknut\u00edm na jakoukoli odeslanou kampa\u0148 m\u016f\u017eete zobrazit jej\u00ed statistiky, zat\u00edmco kliknut\u00ed na koncept zpr\u00e1vy, ji budete m\u00edt mo\u017enost upravit a dokon\u010dit. Tak\u00e9 m\u016f\u017eete vid\u011bt napl\u00e1novan\u00e9, archivovan\u00e9 a ne\u00fasp\u011b\u0161n\u00e9 kampan\u011b. S pomoc\u00ed ikon na prav\u00e9 stran\u011b m\u016f\u017eete vymazat, upravit nebo klonovat (kop\u00edrovat) [&hellip;]<\/p>\n","protected":false},"author":1,"featured_media":0,"parent":4385,"menu_order":0,"comment_status":"closed","ping_status":"closed","template":"","meta":{"_acf_changed":false,"inline_featured_image":false,"footnotes":""},"g1_relation_tag":[],"class_list":["post-4458","page","type-page","status-publish","hentry"],"acf":[],"yoast_head":"<!-- This site is optimized with the Yoast SEO plugin v24.8.1 - https:\/\/yoast.com\/wordpress\/plugins\/seo\/ -->\n<title>Obecn\u00e1 spr\u00e1va kampan\u00ed - Emailchef<\/title>\n<meta name=\"robots\" content=\"index, follow, max-snippet:-1, max-image-preview:large, max-video-preview:-1\" \/>\n<link rel=\"canonical\" href=\"https:\/\/emailchef.com\/cs\/centrum-znalosti\/obecna-sprava-kampani\/\" \/>\n<meta name=\"twitter:label1\" content=\"Odhadovan\u00e1 doba \u010dten\u00ed\" \/>\n\t<meta name=\"twitter:data1\" content=\"1 minuta\" \/>\n<!-- \/ Yoast SEO plugin. -->","yoast_head_json":{"title":"Obecn\u00e1 spr\u00e1va kampan\u00ed - Emailchef","robots":{"index":"index","follow":"follow","max-snippet":"max-snippet:-1","max-image-preview":"max-image-preview:large","max-video-preview":"max-video-preview:-1"},"canonical":"https:\/\/emailchef.com\/cs\/centrum-znalosti\/obecna-sprava-kampani\/","twitter_misc":{"Odhadovan\u00e1 doba \u010dten\u00ed":"1 minuta"},"schema":{"@context":"https:\/\/schema.org","@graph":[{"@type":"WebPage","@id":"https:\/\/emailchef.com\/cs\/centrum-znalosti\/obecna-sprava-kampani\/","url":"https:\/\/emailchef.com\/cs\/centrum-znalosti\/obecna-sprava-kampani\/","name":"Obecn\u00e1 spr\u00e1va kampan\u00ed - Emailchef","isPartOf":{"@id":"https:\/\/emailchef.com\/cs\/#website"},"primaryImageOfPage":{"@id":"https:\/\/emailchef.com\/cs\/centrum-znalosti\/obecna-sprava-kampani\/#primaryimage"},"image":{"@id":"https:\/\/emailchef.com\/cs\/centrum-znalosti\/obecna-sprava-kampani\/#primaryimage"},"thumbnailUrl":"https:\/\/emailchef.com\/wp-content\/uploads\/2014\/09\/campa.jpg","datePublished":"2014-09-22T08:36:09+00:00","dateModified":"2025-09-18T14:25:40+00:00","breadcrumb":{"@id":"https:\/\/emailchef.com\/cs\/centrum-znalosti\/obecna-sprava-kampani\/#breadcrumb"},"inLanguage":"cs","potentialAction":[{"@type":"ReadAction","target":["https:\/\/emailchef.com\/cs\/centrum-znalosti\/obecna-sprava-kampani\/"]}]},{"@type":"ImageObject","inLanguage":"cs","@id":"https:\/\/emailchef.com\/cs\/centrum-znalosti\/obecna-sprava-kampani\/#primaryimage","url":"https:\/\/emailchef.com\/wp-content\/uploads\/2014\/09\/campa.jpg","contentUrl":"https:\/\/emailchef.com\/wp-content\/uploads\/2014\/09\/campa.jpg"},{"@type":"BreadcrumbList","@id":"https:\/\/emailchef.com\/cs\/centrum-znalosti\/obecna-sprava-kampani\/#breadcrumb","itemListElement":[{"@type":"ListItem","position":1,"name":"Home","item":"https:\/\/emailchef.com\/cs\/emailchef-sluzby-email-marketingu\/"},{"@type":"ListItem","position":2,"name":"Centrum znalost\u00ed","item":"https:\/\/emailchef.com\/cs\/centrum-znalosti\/"},{"@type":"ListItem","position":3,"name":"Obecn\u00e1 spr\u00e1va kampan\u00ed"}]},{"@type":"WebSite","@id":"https:\/\/emailchef.com\/cs\/#website","url":"https:\/\/emailchef.com\/cs\/","name":"Emailchef","description":"Chutn\u00e9 recepty pro email marketing","publisher":{"@id":"https:\/\/emailchef.com\/cs\/#organization"},"potentialAction":[{"@type":"SearchAction","target":{"@type":"EntryPoint","urlTemplate":"https:\/\/emailchef.com\/cs\/?s={search_term_string}"},"query-input":{"@type":"PropertyValueSpecification","valueRequired":true,"valueName":"search_term_string"}}],"inLanguage":"cs"},{"@type":"Organization","@id":"https:\/\/emailchef.com\/cs\/#organization","name":"Delivery Tech Corp.","url":"https:\/\/emailchef.com\/cs\/","logo":{"@type":"ImageObject","inLanguage":"cs","@id":"https:\/\/emailchef.com\/cs\/#\/schema\/logo\/image\/","url":"https:\/\/emailchef.com\/wp-content\/uploads\/2022\/04\/logo-sama.png","contentUrl":"https:\/\/emailchef.com\/wp-content\/uploads\/2022\/04\/logo-sama.png","width":237,"height":80,"caption":"Delivery Tech Corp."},"image":{"@id":"https:\/\/emailchef.com\/cs\/#\/schema\/logo\/image\/"}}]}},"_links":{"self":[{"href":"https:\/\/emailchef.com\/cs\/wp-json\/wp\/v2\/pages\/4458"}],"collection":[{"href":"https:\/\/emailchef.com\/cs\/wp-json\/wp\/v2\/pages"}],"about":[{"href":"https:\/\/emailchef.com\/cs\/wp-json\/wp\/v2\/types\/page"}],"author":[{"embeddable":true,"href":"https:\/\/emailchef.com\/cs\/wp-json\/wp\/v2\/users\/1"}],"replies":[{"embeddable":true,"href":"https:\/\/emailchef.com\/cs\/wp-json\/wp\/v2\/comments?post=4458"}],"version-history":[{"count":4,"href":"https:\/\/emailchef.com\/cs\/wp-json\/wp\/v2\/pages\/4458\/revisions"}],"predecessor-version":[{"id":88178,"href":"https:\/\/emailchef.com\/cs\/wp-json\/wp\/v2\/pages\/4458\/revisions\/88178"}],"up":[{"embeddable":true,"href":"https:\/\/emailchef.com\/cs\/wp-json\/wp\/v2\/pages\/4385"}],"wp:attachment":[{"href":"https:\/\/emailchef.com\/cs\/wp-json\/wp\/v2\/media?parent=4458"}],"wp:term":[{"taxonomy":"g1_relation_tag","embeddable":true,"href":"https:\/\/emailchef.com\/cs\/wp-json\/wp\/v2\/g1_relation_tag?post=4458"}],"curies":[{"name":"wp","href":"https:\/\/api.w.org\/{rel}","templated":true}]}}