{"id":4456,"date":"2014-09-22T08:35:22","date_gmt":"2014-09-22T08:35:22","guid":{"rendered":"http:\/\/emailchef.com\/cs\/?page_id=4456"},"modified":"2016-03-31T07:22:46","modified_gmt":"2016-03-31T07:22:46","slug":"odeslete-svoji-kampan","status":"publish","type":"page","link":"https:\/\/emailchef.com\/cs\/centrum-znalosti\/odeslete-svoji-kampan\/","title":{"rendered":"Ode\u0161lete svoji kampa\u0148"},"content":{"rendered":"<p>Nyn\u00ed je \u010das va\u0161i zpr\u00e1vu odeslat!<\/p>\n<p>Posledn\u00ed krok v\u00e1m umo\u017en\u00ed bu\u010fto kampa\u0148 odeslat okam\u017eit\u011b, nebo odesl\u00e1n\u00ed napl\u00e1novat na konkr\u00e9tn\u00ed datum a \u010das. <\/p>\n<p>M\u016f\u017eete si tak\u00e9 nechat poslat potvrzen\u00ed na v\u00e1mi zvolenou adresu o tom, \u017ee va\u0161e kampa\u0148 byla kompletn\u011b odesl\u00e1na. D\u016fle\u017eit\u00e9: jakmile kliknete na \u201eOdeslat kampa\u0148 nyn\u00ed\u201c, pak bude kampa\u0148 okam\u017eit\u011b odesl\u00e1na bez dal\u0161\u00edch potvrzen\u00ed. <\/p>\n","protected":false},"excerpt":{"rendered":"<p>Nyn\u00ed je \u010das va\u0161i zpr\u00e1vu odeslat! Posledn\u00ed krok v\u00e1m umo\u017en\u00ed bu\u010fto kampa\u0148 odeslat okam\u017eit\u011b, nebo odesl\u00e1n\u00ed napl\u00e1novat na konkr\u00e9tn\u00ed datum a \u010das. M\u016f\u017eete si tak\u00e9 nechat poslat potvrzen\u00ed na v\u00e1mi zvolenou adresu o tom, \u017ee va\u0161e kampa\u0148 byla kompletn\u011b odesl\u00e1na. D\u016fle\u017eit\u00e9: jakmile kliknete na \u201eOdeslat kampa\u0148 nyn\u00ed\u201c, pak bude kampa\u0148 okam\u017eit\u011b odesl\u00e1na bez dal\u0161\u00edch potvrzen\u00ed.<\/p>\n","protected":false},"author":1,"featured_media":0,"parent":4385,"menu_order":0,"comment_status":"closed","ping_status":"closed","template":"","meta":{"_acf_changed":false,"inline_featured_image":false,"footnotes":""},"g1_relation_tag":[],"class_list":["post-4456","page","type-page","status-publish","hentry"],"acf":[],"yoast_head":"<!-- This site is optimized with the Yoast SEO plugin v24.8.1 - https:\/\/yoast.com\/wordpress\/plugins\/seo\/ -->\n<title>Ode\u0161lete svoji kampa\u0148 - Emailchef<\/title>\n<meta name=\"robots\" content=\"index, follow, max-snippet:-1, max-image-preview:large, max-video-preview:-1\" \/>\n<link rel=\"canonical\" href=\"https:\/\/emailchef.com\/cs\/centrum-znalosti\/odeslete-svoji-kampan\/\" \/>\n<!-- \/ Yoast SEO plugin. -->","yoast_head_json":{"title":"Ode\u0161lete svoji kampa\u0148 - Emailchef","robots":{"index":"index","follow":"follow","max-snippet":"max-snippet:-1","max-image-preview":"max-image-preview:large","max-video-preview":"max-video-preview:-1"},"canonical":"https:\/\/emailchef.com\/cs\/centrum-znalosti\/odeslete-svoji-kampan\/","schema":{"@context":"https:\/\/schema.org","@graph":[{"@type":"WebPage","@id":"https:\/\/emailchef.com\/cs\/centrum-znalosti\/odeslete-svoji-kampan\/","url":"https:\/\/emailchef.com\/cs\/centrum-znalosti\/odeslete-svoji-kampan\/","name":"Ode\u0161lete svoji kampa\u0148 - Emailchef","isPartOf":{"@id":"https:\/\/emailchef.com\/cs\/#website"},"datePublished":"2014-09-22T08:35:22+00:00","dateModified":"2016-03-31T07:22:46+00:00","breadcrumb":{"@id":"https:\/\/emailchef.com\/cs\/centrum-znalosti\/odeslete-svoji-kampan\/#breadcrumb"},"inLanguage":"cs","potentialAction":[{"@type":"ReadAction","target":["https:\/\/emailchef.com\/cs\/centrum-znalosti\/odeslete-svoji-kampan\/"]}]},{"@type":"BreadcrumbList","@id":"https:\/\/emailchef.com\/cs\/centrum-znalosti\/odeslete-svoji-kampan\/#breadcrumb","itemListElement":[{"@type":"ListItem","position":1,"name":"Home","item":"https:\/\/emailchef.com\/cs\/emailchef-sluzby-email-marketingu\/"},{"@type":"ListItem","position":2,"name":"Centrum znalost\u00ed","item":"https:\/\/emailchef.com\/cs\/centrum-znalosti\/"},{"@type":"ListItem","position":3,"name":"Ode\u0161lete svoji kampa\u0148"}]},{"@type":"WebSite","@id":"https:\/\/emailchef.com\/cs\/#website","url":"https:\/\/emailchef.com\/cs\/","name":"Emailchef","description":"Chutn\u00e9 recepty pro email marketing","publisher":{"@id":"https:\/\/emailchef.com\/cs\/#organization"},"potentialAction":[{"@type":"SearchAction","target":{"@type":"EntryPoint","urlTemplate":"https:\/\/emailchef.com\/cs\/?s={search_term_string}"},"query-input":{"@type":"PropertyValueSpecification","valueRequired":true,"valueName":"search_term_string"}}],"inLanguage":"cs"},{"@type":"Organization","@id":"https:\/\/emailchef.com\/cs\/#organization","name":"Delivery Tech Corp.","url":"https:\/\/emailchef.com\/cs\/","logo":{"@type":"ImageObject","inLanguage":"cs","@id":"https:\/\/emailchef.com\/cs\/#\/schema\/logo\/image\/","url":"https:\/\/emailchef.com\/wp-content\/uploads\/2022\/04\/logo-sama.png","contentUrl":"https:\/\/emailchef.com\/wp-content\/uploads\/2022\/04\/logo-sama.png","width":237,"height":80,"caption":"Delivery Tech Corp."},"image":{"@id":"https:\/\/emailchef.com\/cs\/#\/schema\/logo\/image\/"}}]}},"_links":{"self":[{"href":"https:\/\/emailchef.com\/cs\/wp-json\/wp\/v2\/pages\/4456"}],"collection":[{"href":"https:\/\/emailchef.com\/cs\/wp-json\/wp\/v2\/pages"}],"about":[{"href":"https:\/\/emailchef.com\/cs\/wp-json\/wp\/v2\/types\/page"}],"author":[{"embeddable":true,"href":"https:\/\/emailchef.com\/cs\/wp-json\/wp\/v2\/users\/1"}],"replies":[{"embeddable":true,"href":"https:\/\/emailchef.com\/cs\/wp-json\/wp\/v2\/comments?post=4456"}],"version-history":[{"count":1,"href":"https:\/\/emailchef.com\/cs\/wp-json\/wp\/v2\/pages\/4456\/revisions"}],"predecessor-version":[{"id":4457,"href":"https:\/\/emailchef.com\/cs\/wp-json\/wp\/v2\/pages\/4456\/revisions\/4457"}],"up":[{"embeddable":true,"href":"https:\/\/emailchef.com\/cs\/wp-json\/wp\/v2\/pages\/4385"}],"wp:attachment":[{"href":"https:\/\/emailchef.com\/cs\/wp-json\/wp\/v2\/media?parent=4456"}],"wp:term":[{"taxonomy":"g1_relation_tag","embeddable":true,"href":"https:\/\/emailchef.com\/cs\/wp-json\/wp\/v2\/g1_relation_tag?post=4456"}],"curies":[{"name":"wp","href":"https:\/\/api.w.org\/{rel}","templated":true}]}}