{"id":4454,"date":"2014-09-22T08:33:27","date_gmt":"2014-09-22T08:33:27","guid":{"rendered":"http:\/\/emailchef.com\/cs\/?page_id=4454"},"modified":"2024-12-05T13:40:36","modified_gmt":"2024-12-05T13:40:36","slug":"finalni-kontrola","status":"publish","type":"page","link":"https:\/\/emailchef.com\/cs\/centrum-znalosti\/finalni-kontrola\/","title":{"rendered":"Fin\u00e1ln\u00ed kontrola"},"content":{"rendered":"<p>P\u0159ed odesl\u00e1n\u00edm kampan\u011b v\u00e1m souhrn umo\u017en\u00ed zkontrolovat v\u0161echny kl\u00ed\u010dov\u00e9 prvky.<\/p>\n<p>V t\u00e9to f\u00e1zi si m\u016f\u017eete prohl\u00e9dnout <strong>\u0161ablonu<\/strong>, <strong>p\u0159edm\u011bt<\/strong>, <strong>preheader<\/strong> a <strong>adresu odes\u00edlatele<\/strong>. M\u016f\u017eete tak\u00e9 ov\u011b\u0159it vybran\u00fd <strong>seznam<\/strong> a <strong>segmenty<\/strong> s uveden\u00edm celkov\u00e9ho po\u010dtu p\u0159\u00edjemc\u016f.<\/p>\n<p>Pokud je to pot\u0159eba, m\u016f\u017eete st\u00e1le prov\u00e9st \u00fapravy a doladit detaily sv\u00e9 kampan\u011b.<\/p>\n<p><a href=\"https:\/\/emailchef.com\/wp-content\/uploads\/2024\/12\/send-email-marketing-campaign-review.jpg\" rel=\"lightbox\" title=\"Odesl\u00e1n\u00ed e-mailov\u00e9 marketingov\u00e9 kampan\u011b: Fin\u00e1ln\u00ed kontrola\"><img decoding=\"async\" src=\"https:\/\/emailchef.com\/wp-content\/uploads\/2024\/12\/send-email-marketing-campaign-review.jpg\" alt=\"Odesl\u00e1n\u00ed e-mailov\u00e9 marketingov\u00e9 kampan\u011b: Fin\u00e1ln\u00ed kontrola\" style=\"margin-top: 15px; margin-bottom: 15px;\" \/><\/a><\/p>\n<h2>U\u017eite\u010dn\u00e9 tipy p\u0159ed odesl\u00e1n\u00edm<\/h2>\n<ul style=\"margin-top:30px;\">\n<li><strong>Zku\u0161ebn\u00ed odesl\u00e1n\u00ed:<\/strong> Doporu\u010dujeme si poslat testovac\u00ed e-mail, abyste se ujistili, \u017ee v\u0161e vypad\u00e1 tak, jak chcete. Zadejte svou adresu (nebo preferovanou) a klikn\u011bte na \u201eODESLAT TEST\u201c.<br \/><a href=\"https:\/\/emailchef.com\/wp-content\/uploads\/2024\/12\/send-email-marketing-campaign-review-2.jpg\" rel=\"lightbox\" title=\"Odesl\u00e1n\u00ed e-mailov\u00e9 marketingov\u00e9 kampan\u011b: Fin\u00e1ln\u00ed kontrola\"><img decoding=\"async\" src=\"https:\/\/emailchef.com\/wp-content\/uploads\/2024\/12\/send-email-marketing-campaign-review-2.jpg\" alt=\"\nOdesl\u00e1n\u00ed e-mailov\u00e9 marketingov\u00e9 kampan\u011b: Fin\u00e1ln\u00ed kontrola\" style=\"margin-top: 15px; margin-bottom: 20px;\" \/><\/a><\/li>\n<li><strong>Test spamu:<\/strong> Zkontrolujte sk\u00f3re spamu sv\u00e9ho e-mailu. Sk\u00f3re v\u00e1m pom\u016f\u017ee pochopit, jak pravd\u011bpodobn\u00e9 je, \u017ee zpr\u00e1va p\u0159istane v hlavn\u00ed doru\u010den\u00e9 po\u0161t\u011b va\u0161ich p\u0159\u00edjemc\u016f nam\u00edsto slo\u017eky se spamem. Podrobn\u00e1 zpr\u00e1va upozorn\u00ed na p\u0159\u00edpadn\u00e9 nedostatky, kter\u00e9 je t\u0159eba odstranit.<br \/><a href=\"https:\/\/emailchef.com\/wp-content\/uploads\/2024\/12\/send-email-marketing-campaign-review-3.jpg\" rel=\"lightbox\" title=\"\nOdesl\u00e1n\u00ed e-mailov\u00e9 marketingov\u00e9 kampan\u011b: Fin\u00e1ln\u00ed kontrola\"><img decoding=\"async\" src=\"https:\/\/emailchef.com\/wp-content\/uploads\/2024\/12\/send-email-marketing-campaign-review-3.jpg\" alt=\"Odesl\u00e1n\u00ed e-mailov\u00e9 marketingov\u00e9 kampan\u011b: Fin\u00e1ln\u00ed kontrola\" style=\"margin-top: 15px; margin-bottom: 25px;\" \/><\/a><\/li>\n<\/ul>\n<p>Jakmile dokon\u010d\u00edte v\u0161echny kontroly, klikn\u011bte na \u201e<strong>DAL\u0160\u00cd<\/strong>\u201c a pokra\u010dujte s odesl\u00e1n\u00edm nebo napl\u00e1nov\u00e1n\u00edm kampan\u011b.<\/p>\n","protected":false},"excerpt":{"rendered":"<p>P\u0159ed odesl\u00e1n\u00edm kampan\u011b v\u00e1m souhrn umo\u017en\u00ed zkontrolovat v\u0161echny kl\u00ed\u010dov\u00e9 prvky. V t\u00e9to f\u00e1zi si m\u016f\u017eete prohl\u00e9dnout \u0161ablonu, p\u0159edm\u011bt, preheader a adresu odes\u00edlatele. M\u016f\u017eete tak\u00e9 ov\u011b\u0159it vybran\u00fd seznam a segmenty s uveden\u00edm celkov\u00e9ho po\u010dtu p\u0159\u00edjemc\u016f. Pokud je to pot\u0159eba, m\u016f\u017eete st\u00e1le prov\u00e9st \u00fapravy a doladit detaily sv\u00e9 kampan\u011b. U\u017eite\u010dn\u00e9 tipy p\u0159ed odesl\u00e1n\u00edm Zku\u0161ebn\u00ed odesl\u00e1n\u00ed: Doporu\u010dujeme si [&hellip;]<\/p>\n","protected":false},"author":1,"featured_media":0,"parent":4385,"menu_order":0,"comment_status":"closed","ping_status":"closed","template":"","meta":{"_acf_changed":false,"inline_featured_image":false,"footnotes":""},"g1_relation_tag":[],"class_list":["post-4454","page","type-page","status-publish","hentry"],"acf":[],"yoast_head":"<!-- This site is optimized with the Yoast SEO plugin v24.8.1 - https:\/\/yoast.com\/wordpress\/plugins\/seo\/ -->\n<title>Fin\u00e1ln\u00ed kontrola - Emailchef<\/title>\n<meta name=\"robots\" content=\"index, follow, max-snippet:-1, max-image-preview:large, max-video-preview:-1\" \/>\n<link rel=\"canonical\" href=\"https:\/\/emailchef.com\/cs\/centrum-znalosti\/finalni-kontrola\/\" \/>\n<meta name=\"twitter:label1\" content=\"Odhadovan\u00e1 doba \u010dten\u00ed\" \/>\n\t<meta name=\"twitter:data1\" content=\"1 minuta\" \/>\n<!-- \/ Yoast SEO plugin. -->","yoast_head_json":{"title":"Fin\u00e1ln\u00ed kontrola - Emailchef","robots":{"index":"index","follow":"follow","max-snippet":"max-snippet:-1","max-image-preview":"max-image-preview:large","max-video-preview":"max-video-preview:-1"},"canonical":"https:\/\/emailchef.com\/cs\/centrum-znalosti\/finalni-kontrola\/","twitter_misc":{"Odhadovan\u00e1 doba \u010dten\u00ed":"1 minuta"},"schema":{"@context":"https:\/\/schema.org","@graph":[{"@type":"WebPage","@id":"https:\/\/emailchef.com\/cs\/centrum-znalosti\/finalni-kontrola\/","url":"https:\/\/emailchef.com\/cs\/centrum-znalosti\/finalni-kontrola\/","name":"Fin\u00e1ln\u00ed kontrola - Emailchef","isPartOf":{"@id":"https:\/\/emailchef.com\/cs\/#website"},"primaryImageOfPage":{"@id":"https:\/\/emailchef.com\/cs\/centrum-znalosti\/finalni-kontrola\/#primaryimage"},"image":{"@id":"https:\/\/emailchef.com\/cs\/centrum-znalosti\/finalni-kontrola\/#primaryimage"},"thumbnailUrl":"https:\/\/emailchef.com\/wp-content\/uploads\/2024\/12\/send-email-marketing-campaign-review.jpg","datePublished":"2014-09-22T08:33:27+00:00","dateModified":"2024-12-05T13:40:36+00:00","breadcrumb":{"@id":"https:\/\/emailchef.com\/cs\/centrum-znalosti\/finalni-kontrola\/#breadcrumb"},"inLanguage":"cs","potentialAction":[{"@type":"ReadAction","target":["https:\/\/emailchef.com\/cs\/centrum-znalosti\/finalni-kontrola\/"]}]},{"@type":"ImageObject","inLanguage":"cs","@id":"https:\/\/emailchef.com\/cs\/centrum-znalosti\/finalni-kontrola\/#primaryimage","url":"https:\/\/emailchef.com\/wp-content\/uploads\/2024\/12\/send-email-marketing-campaign-review.jpg","contentUrl":"https:\/\/emailchef.com\/wp-content\/uploads\/2024\/12\/send-email-marketing-campaign-review.jpg"},{"@type":"BreadcrumbList","@id":"https:\/\/emailchef.com\/cs\/centrum-znalosti\/finalni-kontrola\/#breadcrumb","itemListElement":[{"@type":"ListItem","position":1,"name":"Home","item":"https:\/\/emailchef.com\/cs\/emailchef-sluzby-email-marketingu\/"},{"@type":"ListItem","position":2,"name":"Centrum znalost\u00ed","item":"https:\/\/emailchef.com\/cs\/centrum-znalosti\/"},{"@type":"ListItem","position":3,"name":"Fin\u00e1ln\u00ed kontrola"}]},{"@type":"WebSite","@id":"https:\/\/emailchef.com\/cs\/#website","url":"https:\/\/emailchef.com\/cs\/","name":"Emailchef","description":"Chutn\u00e9 recepty pro email marketing","publisher":{"@id":"https:\/\/emailchef.com\/cs\/#organization"},"potentialAction":[{"@type":"SearchAction","target":{"@type":"EntryPoint","urlTemplate":"https:\/\/emailchef.com\/cs\/?s={search_term_string}"},"query-input":{"@type":"PropertyValueSpecification","valueRequired":true,"valueName":"search_term_string"}}],"inLanguage":"cs"},{"@type":"Organization","@id":"https:\/\/emailchef.com\/cs\/#organization","name":"Delivery Tech Corp.","url":"https:\/\/emailchef.com\/cs\/","logo":{"@type":"ImageObject","inLanguage":"cs","@id":"https:\/\/emailchef.com\/cs\/#\/schema\/logo\/image\/","url":"https:\/\/emailchef.com\/wp-content\/uploads\/2022\/04\/logo-sama.png","contentUrl":"https:\/\/emailchef.com\/wp-content\/uploads\/2022\/04\/logo-sama.png","width":237,"height":80,"caption":"Delivery Tech Corp."},"image":{"@id":"https:\/\/emailchef.com\/cs\/#\/schema\/logo\/image\/"}}]}},"_links":{"self":[{"href":"https:\/\/emailchef.com\/cs\/wp-json\/wp\/v2\/pages\/4454"}],"collection":[{"href":"https:\/\/emailchef.com\/cs\/wp-json\/wp\/v2\/pages"}],"about":[{"href":"https:\/\/emailchef.com\/cs\/wp-json\/wp\/v2\/types\/page"}],"author":[{"embeddable":true,"href":"https:\/\/emailchef.com\/cs\/wp-json\/wp\/v2\/users\/1"}],"replies":[{"embeddable":true,"href":"https:\/\/emailchef.com\/cs\/wp-json\/wp\/v2\/comments?post=4454"}],"version-history":[{"count":3,"href":"https:\/\/emailchef.com\/cs\/wp-json\/wp\/v2\/pages\/4454\/revisions"}],"predecessor-version":[{"id":78106,"href":"https:\/\/emailchef.com\/cs\/wp-json\/wp\/v2\/pages\/4454\/revisions\/78106"}],"up":[{"embeddable":true,"href":"https:\/\/emailchef.com\/cs\/wp-json\/wp\/v2\/pages\/4385"}],"wp:attachment":[{"href":"https:\/\/emailchef.com\/cs\/wp-json\/wp\/v2\/media?parent=4454"}],"wp:term":[{"taxonomy":"g1_relation_tag","embeddable":true,"href":"https:\/\/emailchef.com\/cs\/wp-json\/wp\/v2\/g1_relation_tag?post=4454"}],"curies":[{"name":"wp","href":"https:\/\/api.w.org\/{rel}","templated":true}]}}