{"id":4449,"date":"2014-09-22T08:33:04","date_gmt":"2014-09-22T08:33:04","guid":{"rendered":"http:\/\/emailchef.com\/cs\/?page_id=4449"},"modified":"2016-03-31T07:20:36","modified_gmt":"2016-03-31T07:20:36","slug":"vyberte-si-prijemce","status":"publish","type":"page","link":"https:\/\/emailchef.com\/cs\/centrum-znalosti\/vyberte-si-prijemce\/","title":{"rendered":"Vyberte si p\u0159\u00edjemce"},"content":{"rendered":"<p>Emailchef ukazuje v\u0161echny va\u0161e seznamy se v\u0161emi segmenty, abyste si mohli zvolit jednodu\u0161e ten, na kter\u00fd chcete newsletter poslat.<\/p>\n<p><a href=\"https:\/\/emailchef.com\/wp-content\/uploads\/2014\/09\/emailchef-screenshot-017.jpg\"><img fetchpriority=\"high\" decoding=\"async\" class=\"alignnone wp-image-2566 size-full\" src=\"https:\/\/emailchef.com\/wp-content\/uploads\/2014\/09\/emailchef-screenshot-017.jpg\" alt=\"Vyberte si p\u0159\u00edjemce\" width=\"890\" height=\"203\" \/><\/a><\/p>\n<p>V\u0161imn\u011bte si, \u017ee pot\u00e9 co si vyberete seznam, okam\u017eit\u011b se v\u00e1m uk\u00e1\u017ee p\u0159esn\u00fd po\u010det p\u0159\u00edjemc\u016f na prav\u00e9 stran\u011b; m\u016f\u017eete se na n\u011b pod\u00edvat ve vyskakovac\u00edm okn\u011b tak, \u017ee kliknete na \u201eZobrazit p\u0159\u00edjemce\u201c.  <\/p>\n","protected":false},"excerpt":{"rendered":"<p>Emailchef ukazuje v\u0161echny va\u0161e seznamy se v\u0161emi segmenty, abyste si mohli zvolit jednodu\u0161e ten, na kter\u00fd chcete newsletter poslat. V\u0161imn\u011bte si, \u017ee pot\u00e9 co si vyberete seznam, okam\u017eit\u011b se v\u00e1m uk\u00e1\u017ee p\u0159esn\u00fd po\u010det p\u0159\u00edjemc\u016f na prav\u00e9 stran\u011b; m\u016f\u017eete se na n\u011b pod\u00edvat ve vyskakovac\u00edm okn\u011b tak, \u017ee kliknete na \u201eZobrazit p\u0159\u00edjemce\u201c.<\/p>\n","protected":false},"author":1,"featured_media":0,"parent":4385,"menu_order":0,"comment_status":"closed","ping_status":"closed","template":"","meta":{"_acf_changed":false,"inline_featured_image":false,"footnotes":""},"g1_relation_tag":[],"class_list":["post-4449","page","type-page","status-publish","hentry"],"acf":[],"yoast_head":"<!-- This site is optimized with the Yoast SEO plugin v24.8.1 - https:\/\/yoast.com\/wordpress\/plugins\/seo\/ -->\n<title>Vyberte si p\u0159\u00edjemce - Emailchef<\/title>\n<meta name=\"robots\" content=\"index, follow, max-snippet:-1, max-image-preview:large, max-video-preview:-1\" \/>\n<link rel=\"canonical\" href=\"https:\/\/emailchef.com\/cs\/centrum-znalosti\/vyberte-si-prijemce\/\" \/>\n<!-- \/ Yoast SEO plugin. -->","yoast_head_json":{"title":"Vyberte si p\u0159\u00edjemce - Emailchef","robots":{"index":"index","follow":"follow","max-snippet":"max-snippet:-1","max-image-preview":"max-image-preview:large","max-video-preview":"max-video-preview:-1"},"canonical":"https:\/\/emailchef.com\/cs\/centrum-znalosti\/vyberte-si-prijemce\/","schema":{"@context":"https:\/\/schema.org","@graph":[{"@type":"WebPage","@id":"https:\/\/emailchef.com\/cs\/centrum-znalosti\/vyberte-si-prijemce\/","url":"https:\/\/emailchef.com\/cs\/centrum-znalosti\/vyberte-si-prijemce\/","name":"Vyberte si p\u0159\u00edjemce - Emailchef","isPartOf":{"@id":"https:\/\/emailchef.com\/cs\/#website"},"primaryImageOfPage":{"@id":"https:\/\/emailchef.com\/cs\/centrum-znalosti\/vyberte-si-prijemce\/#primaryimage"},"image":{"@id":"https:\/\/emailchef.com\/cs\/centrum-znalosti\/vyberte-si-prijemce\/#primaryimage"},"thumbnailUrl":"https:\/\/emailchef.com\/wp-content\/uploads\/2014\/09\/emailchef-screenshot-017.jpg","datePublished":"2014-09-22T08:33:04+00:00","dateModified":"2016-03-31T07:20:36+00:00","breadcrumb":{"@id":"https:\/\/emailchef.com\/cs\/centrum-znalosti\/vyberte-si-prijemce\/#breadcrumb"},"inLanguage":"cs","potentialAction":[{"@type":"ReadAction","target":["https:\/\/emailchef.com\/cs\/centrum-znalosti\/vyberte-si-prijemce\/"]}]},{"@type":"ImageObject","inLanguage":"cs","@id":"https:\/\/emailchef.com\/cs\/centrum-znalosti\/vyberte-si-prijemce\/#primaryimage","url":"https:\/\/emailchef.com\/wp-content\/uploads\/2014\/09\/emailchef-screenshot-017.jpg","contentUrl":"https:\/\/emailchef.com\/wp-content\/uploads\/2014\/09\/emailchef-screenshot-017.jpg"},{"@type":"BreadcrumbList","@id":"https:\/\/emailchef.com\/cs\/centrum-znalosti\/vyberte-si-prijemce\/#breadcrumb","itemListElement":[{"@type":"ListItem","position":1,"name":"Home","item":"https:\/\/emailchef.com\/cs\/emailchef-sluzby-email-marketingu\/"},{"@type":"ListItem","position":2,"name":"Centrum znalost\u00ed","item":"https:\/\/emailchef.com\/cs\/centrum-znalosti\/"},{"@type":"ListItem","position":3,"name":"Vyberte si p\u0159\u00edjemce"}]},{"@type":"WebSite","@id":"https:\/\/emailchef.com\/cs\/#website","url":"https:\/\/emailchef.com\/cs\/","name":"Emailchef","description":"Chutn\u00e9 recepty pro email marketing","publisher":{"@id":"https:\/\/emailchef.com\/cs\/#organization"},"potentialAction":[{"@type":"SearchAction","target":{"@type":"EntryPoint","urlTemplate":"https:\/\/emailchef.com\/cs\/?s={search_term_string}"},"query-input":{"@type":"PropertyValueSpecification","valueRequired":true,"valueName":"search_term_string"}}],"inLanguage":"cs"},{"@type":"Organization","@id":"https:\/\/emailchef.com\/cs\/#organization","name":"Delivery Tech Corp.","url":"https:\/\/emailchef.com\/cs\/","logo":{"@type":"ImageObject","inLanguage":"cs","@id":"https:\/\/emailchef.com\/cs\/#\/schema\/logo\/image\/","url":"https:\/\/emailchef.com\/wp-content\/uploads\/2022\/04\/logo-sama.png","contentUrl":"https:\/\/emailchef.com\/wp-content\/uploads\/2022\/04\/logo-sama.png","width":237,"height":80,"caption":"Delivery Tech Corp."},"image":{"@id":"https:\/\/emailchef.com\/cs\/#\/schema\/logo\/image\/"}}]}},"_links":{"self":[{"href":"https:\/\/emailchef.com\/cs\/wp-json\/wp\/v2\/pages\/4449"}],"collection":[{"href":"https:\/\/emailchef.com\/cs\/wp-json\/wp\/v2\/pages"}],"about":[{"href":"https:\/\/emailchef.com\/cs\/wp-json\/wp\/v2\/types\/page"}],"author":[{"embeddable":true,"href":"https:\/\/emailchef.com\/cs\/wp-json\/wp\/v2\/users\/1"}],"replies":[{"embeddable":true,"href":"https:\/\/emailchef.com\/cs\/wp-json\/wp\/v2\/comments?post=4449"}],"version-history":[{"count":1,"href":"https:\/\/emailchef.com\/cs\/wp-json\/wp\/v2\/pages\/4449\/revisions"}],"predecessor-version":[{"id":4450,"href":"https:\/\/emailchef.com\/cs\/wp-json\/wp\/v2\/pages\/4449\/revisions\/4450"}],"up":[{"embeddable":true,"href":"https:\/\/emailchef.com\/cs\/wp-json\/wp\/v2\/pages\/4385"}],"wp:attachment":[{"href":"https:\/\/emailchef.com\/cs\/wp-json\/wp\/v2\/media?parent=4449"}],"wp:term":[{"taxonomy":"g1_relation_tag","embeddable":true,"href":"https:\/\/emailchef.com\/cs\/wp-json\/wp\/v2\/g1_relation_tag?post=4449"}],"curies":[{"name":"wp","href":"https:\/\/api.w.org\/{rel}","templated":true}]}}