{"id":4447,"date":"2014-09-22T08:32:24","date_gmt":"2014-09-22T08:32:24","guid":{"rendered":"http:\/\/emailchef.com\/cs\/?page_id=4447"},"modified":"2016-03-31T07:19:30","modified_gmt":"2016-03-31T07:19:30","slug":"prizpusobte-si-detaily-vasi-kampane","status":"publish","type":"page","link":"https:\/\/emailchef.com\/cs\/centrum-znalosti\/prizpusobte-si-detaily-vasi-kampane\/","title":{"rendered":"P\u0159izp\u016fsobte si detaily va\u0161\u00ed kampan\u011b"},"content":{"rendered":"<p>Dal\u0161\u00edm krokem je p\u0159id\u00e1n\u00ed n\u011bjak\u00fdch detail\u016f do va\u0161eho newsletteru:<\/p>\n<ul>\n<li><strong>Jm\u00e9no kampan\u011b<\/strong>: kr\u00e1tk\u00fd popis, kter\u00fd bude pou\u017eit jen k identifikaci kampan\u011b, a nebude uk\u00e1z\u00e1na v emailov\u00e9 zpr\u00e1v\u011b. <\/li>\n<li><strong>P\u0159edm\u011bt<\/strong>: toto je jedna z nejd\u016fle\u017eit\u011bj\u0161\u00edch \u010d\u00e1st\u00ed ka\u017ed\u00e9 kampan\u011b \u2013 va\u0161e trumfov\u00e1 karta kdy\u017e se v\u00e1\u0161 email dostane do emailov\u00e9 schr\u00e1nky. Proto jsme sepsali v\u0161echna <a href=\"http:\/\/emailchef.com\/cs\/predmet-emailu-jak-na-to\/\"><strong>d\u016fle\u017eit\u00e1 pravidla pro tvorbu p\u0159edm\u011btu<\/strong><\/a>. <\/li>\n<li><strong>Odes\u00edlatel<\/strong>: pokud m\u00e1te n\u011bkolik ov\u011b\u0159en\u00fdch adres odes\u00edlatele, m\u016f\u017eete si zm\u011bnit v\u00fdchoz\u00edho odes\u00edlatele kdykoli zde.<\/li>\n<li><strong>Rozd\u00edln\u00e1 adresa pro odpov\u011bdi<\/strong> (pokud je to nutn\u00e9): jako volbu m\u016f\u017eete nastavit jinou adresu, na kterou p\u016fjdou v\u0161echny odpov\u011bdi na v\u00e1\u0161 newsletter. <\/li>\n<\/ul>\n","protected":false},"excerpt":{"rendered":"<p>Dal\u0161\u00edm krokem je p\u0159id\u00e1n\u00ed n\u011bjak\u00fdch detail\u016f do va\u0161eho newsletteru: Jm\u00e9no kampan\u011b: kr\u00e1tk\u00fd popis, kter\u00fd bude pou\u017eit jen k identifikaci kampan\u011b, a nebude uk\u00e1z\u00e1na v emailov\u00e9 zpr\u00e1v\u011b. P\u0159edm\u011bt: toto je jedna z nejd\u016fle\u017eit\u011bj\u0161\u00edch \u010d\u00e1st\u00ed ka\u017ed\u00e9 kampan\u011b \u2013 va\u0161e trumfov\u00e1 karta kdy\u017e se v\u00e1\u0161 email dostane do emailov\u00e9 schr\u00e1nky. Proto jsme sepsali v\u0161echna d\u016fle\u017eit\u00e1 pravidla pro tvorbu [&hellip;]<\/p>\n","protected":false},"author":1,"featured_media":0,"parent":4385,"menu_order":0,"comment_status":"closed","ping_status":"closed","template":"","meta":{"_acf_changed":false,"inline_featured_image":false,"footnotes":""},"g1_relation_tag":[],"class_list":["post-4447","page","type-page","status-publish","hentry"],"acf":[],"yoast_head":"<!-- This site is optimized with the Yoast SEO plugin v24.8.1 - https:\/\/yoast.com\/wordpress\/plugins\/seo\/ -->\n<title>P\u0159izp\u016fsobte si detaily va\u0161\u00ed kampan\u011b - Emailchef<\/title>\n<meta name=\"robots\" content=\"index, follow, max-snippet:-1, max-image-preview:large, max-video-preview:-1\" \/>\n<link rel=\"canonical\" href=\"https:\/\/emailchef.com\/cs\/centrum-znalosti\/prizpusobte-si-detaily-vasi-kampane\/\" \/>\n<meta name=\"twitter:label1\" content=\"Odhadovan\u00e1 doba \u010dten\u00ed\" \/>\n\t<meta name=\"twitter:data1\" content=\"1 minuta\" \/>\n<!-- \/ Yoast SEO plugin. -->","yoast_head_json":{"title":"P\u0159izp\u016fsobte si detaily va\u0161\u00ed kampan\u011b - Emailchef","robots":{"index":"index","follow":"follow","max-snippet":"max-snippet:-1","max-image-preview":"max-image-preview:large","max-video-preview":"max-video-preview:-1"},"canonical":"https:\/\/emailchef.com\/cs\/centrum-znalosti\/prizpusobte-si-detaily-vasi-kampane\/","twitter_misc":{"Odhadovan\u00e1 doba \u010dten\u00ed":"1 minuta"},"schema":{"@context":"https:\/\/schema.org","@graph":[{"@type":"WebPage","@id":"https:\/\/emailchef.com\/cs\/centrum-znalosti\/prizpusobte-si-detaily-vasi-kampane\/","url":"https:\/\/emailchef.com\/cs\/centrum-znalosti\/prizpusobte-si-detaily-vasi-kampane\/","name":"P\u0159izp\u016fsobte si detaily va\u0161\u00ed kampan\u011b - Emailchef","isPartOf":{"@id":"https:\/\/emailchef.com\/cs\/#website"},"datePublished":"2014-09-22T08:32:24+00:00","dateModified":"2016-03-31T07:19:30+00:00","breadcrumb":{"@id":"https:\/\/emailchef.com\/cs\/centrum-znalosti\/prizpusobte-si-detaily-vasi-kampane\/#breadcrumb"},"inLanguage":"cs","potentialAction":[{"@type":"ReadAction","target":["https:\/\/emailchef.com\/cs\/centrum-znalosti\/prizpusobte-si-detaily-vasi-kampane\/"]}]},{"@type":"BreadcrumbList","@id":"https:\/\/emailchef.com\/cs\/centrum-znalosti\/prizpusobte-si-detaily-vasi-kampane\/#breadcrumb","itemListElement":[{"@type":"ListItem","position":1,"name":"Home","item":"https:\/\/emailchef.com\/cs\/emailchef-sluzby-email-marketingu\/"},{"@type":"ListItem","position":2,"name":"Centrum znalost\u00ed","item":"https:\/\/emailchef.com\/cs\/centrum-znalosti\/"},{"@type":"ListItem","position":3,"name":"P\u0159izp\u016fsobte si detaily va\u0161\u00ed kampan\u011b"}]},{"@type":"WebSite","@id":"https:\/\/emailchef.com\/cs\/#website","url":"https:\/\/emailchef.com\/cs\/","name":"Emailchef","description":"Chutn\u00e9 recepty pro email marketing","publisher":{"@id":"https:\/\/emailchef.com\/cs\/#organization"},"potentialAction":[{"@type":"SearchAction","target":{"@type":"EntryPoint","urlTemplate":"https:\/\/emailchef.com\/cs\/?s={search_term_string}"},"query-input":{"@type":"PropertyValueSpecification","valueRequired":true,"valueName":"search_term_string"}}],"inLanguage":"cs"},{"@type":"Organization","@id":"https:\/\/emailchef.com\/cs\/#organization","name":"Delivery Tech Corp.","url":"https:\/\/emailchef.com\/cs\/","logo":{"@type":"ImageObject","inLanguage":"cs","@id":"https:\/\/emailchef.com\/cs\/#\/schema\/logo\/image\/","url":"https:\/\/emailchef.com\/wp-content\/uploads\/2022\/04\/logo-sama.png","contentUrl":"https:\/\/emailchef.com\/wp-content\/uploads\/2022\/04\/logo-sama.png","width":237,"height":80,"caption":"Delivery Tech Corp."},"image":{"@id":"https:\/\/emailchef.com\/cs\/#\/schema\/logo\/image\/"}}]}},"_links":{"self":[{"href":"https:\/\/emailchef.com\/cs\/wp-json\/wp\/v2\/pages\/4447"}],"collection":[{"href":"https:\/\/emailchef.com\/cs\/wp-json\/wp\/v2\/pages"}],"about":[{"href":"https:\/\/emailchef.com\/cs\/wp-json\/wp\/v2\/types\/page"}],"author":[{"embeddable":true,"href":"https:\/\/emailchef.com\/cs\/wp-json\/wp\/v2\/users\/1"}],"replies":[{"embeddable":true,"href":"https:\/\/emailchef.com\/cs\/wp-json\/wp\/v2\/comments?post=4447"}],"version-history":[{"count":1,"href":"https:\/\/emailchef.com\/cs\/wp-json\/wp\/v2\/pages\/4447\/revisions"}],"predecessor-version":[{"id":4448,"href":"https:\/\/emailchef.com\/cs\/wp-json\/wp\/v2\/pages\/4447\/revisions\/4448"}],"up":[{"embeddable":true,"href":"https:\/\/emailchef.com\/cs\/wp-json\/wp\/v2\/pages\/4385"}],"wp:attachment":[{"href":"https:\/\/emailchef.com\/cs\/wp-json\/wp\/v2\/media?parent=4447"}],"wp:term":[{"taxonomy":"g1_relation_tag","embeddable":true,"href":"https:\/\/emailchef.com\/cs\/wp-json\/wp\/v2\/g1_relation_tag?post=4447"}],"curies":[{"name":"wp","href":"https:\/\/api.w.org\/{rel}","templated":true}]}}