{"id":4445,"date":"2014-09-22T08:31:37","date_gmt":"2014-09-22T08:31:37","guid":{"rendered":"http:\/\/emailchef.com\/cs\/?page_id=4445"},"modified":"2016-03-31T07:16:21","modified_gmt":"2016-03-31T07:16:21","slug":"shoda-s-legislativou-can-spam-act","status":"publish","type":"page","link":"https:\/\/emailchef.com\/cs\/centrum-znalosti\/shoda-s-legislativou-can-spam-act\/","title":{"rendered":"Shoda s legislativou CAN-SPAM Act"},"content":{"rendered":"<p>Abyste byli ve shod\u011b s americkou legislativou proti spamu (tak\u00e9 naz\u00fdvanou <a href=\"http:\/\/emailchef.com\/cs\/centrum-znalosti\/registrace-a-shoda-s-legislativou-can-spam-act\/\"><strong>CAN-SPAM Act<\/strong><\/a>) a odes\u00edlali v\u00e1\u0161 newsletter leg\u00e1ln\u011b, mus\u00edte na n\u011bj p\u0159idat validn\u00ed po\u0161tovn\u00ed adresu a firemn\u00ed \u00fadaje a tak\u00e9 odkaz na odhl\u00e1\u0161en\u00ed. Pokud jste to je\u0161t\u011b neud\u011blali, Emailchef uk\u00e1\u017ee tuto p\u0159ipomenut\u00ed:<\/p>\n<p><a href=\"http:\/\/emailchef.com\/wp-content\/uploads\/2014\/09\/emailchef-screenshot-002.jpg\"><img fetchpriority=\"high\" decoding=\"async\" class=\"alignnone wp-image-2530 size-full\" src=\"http:\/\/emailchef.com\/wp-content\/uploads\/2014\/09\/emailchef-screenshot-002.jpg\" alt=\"Shoda s legislativou CAN-SPAM Act\" width=\"700\" height=\"287\" \/><\/a><\/p>\n<p>M\u016f\u017eete po\u017eadovan\u00e9 \u00fadaje vlo\u017eit manu\u00e1ln\u011b nebo dovolit na\u0161emu syst\u00e9mu ud\u011blat to za v\u00e1s. Dot\u010den\u00e9 \u0159\u00e1dky budou p\u0159id\u00e1ny do z\u00e1pat\u00ed zpr\u00e1vy.  <\/p>\n","protected":false},"excerpt":{"rendered":"<p>Abyste byli ve shod\u011b s americkou legislativou proti spamu (tak\u00e9 naz\u00fdvanou CAN-SPAM Act) a odes\u00edlali v\u00e1\u0161 newsletter leg\u00e1ln\u011b, mus\u00edte na n\u011bj p\u0159idat validn\u00ed po\u0161tovn\u00ed adresu a firemn\u00ed \u00fadaje a tak\u00e9 odkaz na odhl\u00e1\u0161en\u00ed. Pokud jste to je\u0161t\u011b neud\u011blali, Emailchef uk\u00e1\u017ee tuto p\u0159ipomenut\u00ed: M\u016f\u017eete po\u017eadovan\u00e9 \u00fadaje vlo\u017eit manu\u00e1ln\u011b nebo dovolit na\u0161emu syst\u00e9mu ud\u011blat to za v\u00e1s. [&hellip;]<\/p>\n","protected":false},"author":1,"featured_media":0,"parent":4385,"menu_order":0,"comment_status":"closed","ping_status":"closed","template":"","meta":{"_acf_changed":false,"inline_featured_image":false,"footnotes":""},"g1_relation_tag":[],"class_list":["post-4445","page","type-page","status-publish","hentry"],"acf":[],"yoast_head":"<!-- This site is optimized with the Yoast SEO plugin v24.8.1 - https:\/\/yoast.com\/wordpress\/plugins\/seo\/ -->\n<title>Shoda s legislativou CAN-SPAM Act - Emailchef<\/title>\n<meta name=\"robots\" content=\"index, follow, max-snippet:-1, max-image-preview:large, max-video-preview:-1\" \/>\n<link rel=\"canonical\" href=\"https:\/\/emailchef.com\/cs\/centrum-znalosti\/shoda-s-legislativou-can-spam-act\/\" \/>\n<!-- \/ Yoast SEO plugin. -->","yoast_head_json":{"title":"Shoda s legislativou CAN-SPAM Act - Emailchef","robots":{"index":"index","follow":"follow","max-snippet":"max-snippet:-1","max-image-preview":"max-image-preview:large","max-video-preview":"max-video-preview:-1"},"canonical":"https:\/\/emailchef.com\/cs\/centrum-znalosti\/shoda-s-legislativou-can-spam-act\/","schema":{"@context":"https:\/\/schema.org","@graph":[{"@type":"WebPage","@id":"https:\/\/emailchef.com\/cs\/centrum-znalosti\/shoda-s-legislativou-can-spam-act\/","url":"https:\/\/emailchef.com\/cs\/centrum-znalosti\/shoda-s-legislativou-can-spam-act\/","name":"Shoda s legislativou CAN-SPAM Act - Emailchef","isPartOf":{"@id":"https:\/\/emailchef.com\/cs\/#website"},"primaryImageOfPage":{"@id":"https:\/\/emailchef.com\/cs\/centrum-znalosti\/shoda-s-legislativou-can-spam-act\/#primaryimage"},"image":{"@id":"https:\/\/emailchef.com\/cs\/centrum-znalosti\/shoda-s-legislativou-can-spam-act\/#primaryimage"},"thumbnailUrl":"http:\/\/emailchef.com\/wp-content\/uploads\/2014\/09\/emailchef-screenshot-002.jpg","datePublished":"2014-09-22T08:31:37+00:00","dateModified":"2016-03-31T07:16:21+00:00","breadcrumb":{"@id":"https:\/\/emailchef.com\/cs\/centrum-znalosti\/shoda-s-legislativou-can-spam-act\/#breadcrumb"},"inLanguage":"cs","potentialAction":[{"@type":"ReadAction","target":["https:\/\/emailchef.com\/cs\/centrum-znalosti\/shoda-s-legislativou-can-spam-act\/"]}]},{"@type":"ImageObject","inLanguage":"cs","@id":"https:\/\/emailchef.com\/cs\/centrum-znalosti\/shoda-s-legislativou-can-spam-act\/#primaryimage","url":"http:\/\/emailchef.com\/wp-content\/uploads\/2014\/09\/emailchef-screenshot-002.jpg","contentUrl":"http:\/\/emailchef.com\/wp-content\/uploads\/2014\/09\/emailchef-screenshot-002.jpg"},{"@type":"BreadcrumbList","@id":"https:\/\/emailchef.com\/cs\/centrum-znalosti\/shoda-s-legislativou-can-spam-act\/#breadcrumb","itemListElement":[{"@type":"ListItem","position":1,"name":"Home","item":"https:\/\/emailchef.com\/cs\/emailchef-sluzby-email-marketingu\/"},{"@type":"ListItem","position":2,"name":"Centrum znalost\u00ed","item":"https:\/\/emailchef.com\/cs\/centrum-znalosti\/"},{"@type":"ListItem","position":3,"name":"Shoda s legislativou CAN-SPAM Act"}]},{"@type":"WebSite","@id":"https:\/\/emailchef.com\/cs\/#website","url":"https:\/\/emailchef.com\/cs\/","name":"Emailchef","description":"Chutn\u00e9 recepty pro email marketing","publisher":{"@id":"https:\/\/emailchef.com\/cs\/#organization"},"potentialAction":[{"@type":"SearchAction","target":{"@type":"EntryPoint","urlTemplate":"https:\/\/emailchef.com\/cs\/?s={search_term_string}"},"query-input":{"@type":"PropertyValueSpecification","valueRequired":true,"valueName":"search_term_string"}}],"inLanguage":"cs"},{"@type":"Organization","@id":"https:\/\/emailchef.com\/cs\/#organization","name":"Delivery Tech Corp.","url":"https:\/\/emailchef.com\/cs\/","logo":{"@type":"ImageObject","inLanguage":"cs","@id":"https:\/\/emailchef.com\/cs\/#\/schema\/logo\/image\/","url":"https:\/\/emailchef.com\/wp-content\/uploads\/2022\/04\/logo-sama.png","contentUrl":"https:\/\/emailchef.com\/wp-content\/uploads\/2022\/04\/logo-sama.png","width":237,"height":80,"caption":"Delivery Tech Corp."},"image":{"@id":"https:\/\/emailchef.com\/cs\/#\/schema\/logo\/image\/"}}]}},"_links":{"self":[{"href":"https:\/\/emailchef.com\/cs\/wp-json\/wp\/v2\/pages\/4445"}],"collection":[{"href":"https:\/\/emailchef.com\/cs\/wp-json\/wp\/v2\/pages"}],"about":[{"href":"https:\/\/emailchef.com\/cs\/wp-json\/wp\/v2\/types\/page"}],"author":[{"embeddable":true,"href":"https:\/\/emailchef.com\/cs\/wp-json\/wp\/v2\/users\/1"}],"replies":[{"embeddable":true,"href":"https:\/\/emailchef.com\/cs\/wp-json\/wp\/v2\/comments?post=4445"}],"version-history":[{"count":1,"href":"https:\/\/emailchef.com\/cs\/wp-json\/wp\/v2\/pages\/4445\/revisions"}],"predecessor-version":[{"id":4446,"href":"https:\/\/emailchef.com\/cs\/wp-json\/wp\/v2\/pages\/4445\/revisions\/4446"}],"up":[{"embeddable":true,"href":"https:\/\/emailchef.com\/cs\/wp-json\/wp\/v2\/pages\/4385"}],"wp:attachment":[{"href":"https:\/\/emailchef.com\/cs\/wp-json\/wp\/v2\/media?parent=4445"}],"wp:term":[{"taxonomy":"g1_relation_tag","embeddable":true,"href":"https:\/\/emailchef.com\/cs\/wp-json\/wp\/v2\/g1_relation_tag?post=4445"}],"curies":[{"name":"wp","href":"https:\/\/api.w.org\/{rel}","templated":true}]}}