{"id":4440,"date":"2014-09-22T08:31:10","date_gmt":"2014-09-22T08:31:10","guid":{"rendered":"http:\/\/emailchef.com\/cs\/?page_id=4440"},"modified":"2016-03-31T07:13:38","modified_gmt":"2016-03-31T07:13:38","slug":"podivejte-se-na-nahled-ulozte-si-koncept","status":"publish","type":"page","link":"https:\/\/emailchef.com\/cs\/centrum-znalosti\/podivejte-se-na-nahled-ulozte-si-koncept\/","title":{"rendered":"Pod\u00edvejte se na n\u00e1hled a ulo\u017ete si koncept"},"content":{"rendered":"<p>Jakmile dokon\u010d\u00edte p\u0159id\u00e1n\u00ed obsahu a obr\u00e1zk\u016f a p\u0159izp\u016fsob\u00edte si newsletter, m\u016f\u017eete se pod\u00edvat na n\u00e1vrh, jak to bude cel\u00e9 vypadat, kliknut\u00edm na p\u0159\u00edslu\u0161n\u00e9 tla\u010d\u00edtko. M\u016f\u017eete si tak\u00e9 ulo\u017eit koncept a upravit jej pozd\u011bji: koncept je ulo\u017een\u00fd v sekci \u201eKampan\u011b\u201c.  <\/p>\n","protected":false},"excerpt":{"rendered":"<p>Jakmile dokon\u010d\u00edte p\u0159id\u00e1n\u00ed obsahu a obr\u00e1zk\u016f a p\u0159izp\u016fsob\u00edte si newsletter, m\u016f\u017eete se pod\u00edvat na n\u00e1vrh, jak to bude cel\u00e9 vypadat, kliknut\u00edm na p\u0159\u00edslu\u0161n\u00e9 tla\u010d\u00edtko. M\u016f\u017eete si tak\u00e9 ulo\u017eit koncept a upravit jej pozd\u011bji: koncept je ulo\u017een\u00fd v sekci \u201eKampan\u011b\u201c.<\/p>\n","protected":false},"author":1,"featured_media":0,"parent":4385,"menu_order":0,"comment_status":"closed","ping_status":"closed","template":"","meta":{"_acf_changed":false,"inline_featured_image":false,"footnotes":""},"g1_relation_tag":[],"class_list":["post-4440","page","type-page","status-publish","hentry"],"acf":[],"yoast_head":"<!-- This site is optimized with the Yoast SEO plugin v24.8.1 - https:\/\/yoast.com\/wordpress\/plugins\/seo\/ -->\n<title>Pod\u00edvejte se na n\u00e1hled a ulo\u017ete si koncept - Emailchef<\/title>\n<meta name=\"robots\" content=\"index, follow, max-snippet:-1, max-image-preview:large, max-video-preview:-1\" \/>\n<link rel=\"canonical\" href=\"https:\/\/emailchef.com\/cs\/centrum-znalosti\/podivejte-se-na-nahled-ulozte-si-koncept\/\" \/>\n<!-- \/ Yoast SEO plugin. -->","yoast_head_json":{"title":"Pod\u00edvejte se na n\u00e1hled a ulo\u017ete si koncept - Emailchef","robots":{"index":"index","follow":"follow","max-snippet":"max-snippet:-1","max-image-preview":"max-image-preview:large","max-video-preview":"max-video-preview:-1"},"canonical":"https:\/\/emailchef.com\/cs\/centrum-znalosti\/podivejte-se-na-nahled-ulozte-si-koncept\/","schema":{"@context":"https:\/\/schema.org","@graph":[{"@type":"WebPage","@id":"https:\/\/emailchef.com\/cs\/centrum-znalosti\/podivejte-se-na-nahled-ulozte-si-koncept\/","url":"https:\/\/emailchef.com\/cs\/centrum-znalosti\/podivejte-se-na-nahled-ulozte-si-koncept\/","name":"Pod\u00edvejte se na n\u00e1hled a ulo\u017ete si koncept - Emailchef","isPartOf":{"@id":"https:\/\/emailchef.com\/cs\/#website"},"datePublished":"2014-09-22T08:31:10+00:00","dateModified":"2016-03-31T07:13:38+00:00","breadcrumb":{"@id":"https:\/\/emailchef.com\/cs\/centrum-znalosti\/podivejte-se-na-nahled-ulozte-si-koncept\/#breadcrumb"},"inLanguage":"cs","potentialAction":[{"@type":"ReadAction","target":["https:\/\/emailchef.com\/cs\/centrum-znalosti\/podivejte-se-na-nahled-ulozte-si-koncept\/"]}]},{"@type":"BreadcrumbList","@id":"https:\/\/emailchef.com\/cs\/centrum-znalosti\/podivejte-se-na-nahled-ulozte-si-koncept\/#breadcrumb","itemListElement":[{"@type":"ListItem","position":1,"name":"Home","item":"https:\/\/emailchef.com\/cs\/emailchef-sluzby-email-marketingu\/"},{"@type":"ListItem","position":2,"name":"Centrum znalost\u00ed","item":"https:\/\/emailchef.com\/cs\/centrum-znalosti\/"},{"@type":"ListItem","position":3,"name":"Pod\u00edvejte se na n\u00e1hled a ulo\u017ete si koncept"}]},{"@type":"WebSite","@id":"https:\/\/emailchef.com\/cs\/#website","url":"https:\/\/emailchef.com\/cs\/","name":"Emailchef","description":"Chutn\u00e9 recepty pro email marketing","publisher":{"@id":"https:\/\/emailchef.com\/cs\/#organization"},"potentialAction":[{"@type":"SearchAction","target":{"@type":"EntryPoint","urlTemplate":"https:\/\/emailchef.com\/cs\/?s={search_term_string}"},"query-input":{"@type":"PropertyValueSpecification","valueRequired":true,"valueName":"search_term_string"}}],"inLanguage":"cs"},{"@type":"Organization","@id":"https:\/\/emailchef.com\/cs\/#organization","name":"Delivery Tech Corp.","url":"https:\/\/emailchef.com\/cs\/","logo":{"@type":"ImageObject","inLanguage":"cs","@id":"https:\/\/emailchef.com\/cs\/#\/schema\/logo\/image\/","url":"https:\/\/emailchef.com\/wp-content\/uploads\/2022\/04\/logo-sama.png","contentUrl":"https:\/\/emailchef.com\/wp-content\/uploads\/2022\/04\/logo-sama.png","width":237,"height":80,"caption":"Delivery Tech Corp."},"image":{"@id":"https:\/\/emailchef.com\/cs\/#\/schema\/logo\/image\/"}}]}},"_links":{"self":[{"href":"https:\/\/emailchef.com\/cs\/wp-json\/wp\/v2\/pages\/4440"}],"collection":[{"href":"https:\/\/emailchef.com\/cs\/wp-json\/wp\/v2\/pages"}],"about":[{"href":"https:\/\/emailchef.com\/cs\/wp-json\/wp\/v2\/types\/page"}],"author":[{"embeddable":true,"href":"https:\/\/emailchef.com\/cs\/wp-json\/wp\/v2\/users\/1"}],"replies":[{"embeddable":true,"href":"https:\/\/emailchef.com\/cs\/wp-json\/wp\/v2\/comments?post=4440"}],"version-history":[{"count":1,"href":"https:\/\/emailchef.com\/cs\/wp-json\/wp\/v2\/pages\/4440\/revisions"}],"predecessor-version":[{"id":4441,"href":"https:\/\/emailchef.com\/cs\/wp-json\/wp\/v2\/pages\/4440\/revisions\/4441"}],"up":[{"embeddable":true,"href":"https:\/\/emailchef.com\/cs\/wp-json\/wp\/v2\/pages\/4385"}],"wp:attachment":[{"href":"https:\/\/emailchef.com\/cs\/wp-json\/wp\/v2\/media?parent=4440"}],"wp:term":[{"taxonomy":"g1_relation_tag","embeddable":true,"href":"https:\/\/emailchef.com\/cs\/wp-json\/wp\/v2\/g1_relation_tag?post=4440"}],"curies":[{"name":"wp","href":"https:\/\/api.w.org\/{rel}","templated":true}]}}