{"id":4438,"date":"2014-09-22T08:30:39","date_gmt":"2014-09-22T08:30:39","guid":{"rendered":"http:\/\/emailchef.com\/cs\/?page_id=4438"},"modified":"2016-03-31T07:12:57","modified_gmt":"2016-03-31T07:12:57","slug":"upravujte-svuj-email-a-pridejte-obsah","status":"publish","type":"page","link":"https:\/\/emailchef.com\/cs\/centrum-znalosti\/upravujte-svuj-email-a-pridejte-obsah\/","title":{"rendered":"Upravujte sv\u016fj email a p\u0159idejte obsah"},"content":{"rendered":"<p>N\u00e1\u0161 emailov\u00fd editor byl vyroben\u00fd, aby byl intuitivn\u00ed a pro pr\u00e1ci u\u017eivatele snadn\u00fd. M\u016f\u017eete p\u0159idat sv\u016fj obsah (text a obr\u00e1zky) ve chvilce, upravit fonty, barvy, velikost a funkce, p\u0159idat odr\u00e1\u017eky nebo \u010d\u00edslovan\u00fd seznam, vlo\u017eit odkaz, vytvo\u0159it tabulku, a mnohem v\u00edce.<\/p>\n<p><a href=\"https:\/\/emailchef.com\/wp-content\/uploads\/2014\/09\/campaigns.jpg\" rel=\"attachment wp-att-3971\"><img fetchpriority=\"high\" decoding=\"async\" class=\"alignnone size-full wp-image-3971\" src=\"https:\/\/emailchef.com\/wp-content\/uploads\/2014\/09\/campaigns.jpg\" alt=\"Upravujte sv\u016fj email a p\u0159idejte obsah\" width=\"1191\" height=\"403\" \/><\/a><\/p>\n<p>V\u0161imn\u011bte si, \u017ee m\u016f\u017eete tak\u00e9 p\u0159epnout do HTML editoru. Pokud jste specialista, m\u016f\u017eete si nak\u00f3dovat sv\u016fj newsletter sami p\u0159\u00edmo v editoru: n\u00e1\u0161 editor je optimalizovan\u00fd, aby v\u00e1m uk\u00e1zal p\u0159esn\u00fd po\u010det \u0159\u00e1dk\u016f a vyzna\u010dit rozd\u00edl mezi obsahem a z\u00e1stupn\u00fdmi v\u00fdrazy (tagy).<\/p>\n<p>Kliknut\u00edm na tla\u010d\u00edtko \u201eTextov\u00e1 verze\u201c m\u016f\u017eete napsat jen textovou verzi va\u0161eho newsletteru (nebo ji generovat automaticky z HTML). Toto pom\u016f\u017ee v p\u0159\u00edpad\u011b, \u017ee m\u00e1 u\u017eivatel tot\u00e1ln\u011b blokovan\u00e9 obr\u00e1zky p\u0159es emailov\u00e9ho klienta, tak bude v\u00e1\u0161 obsah p\u0159esto \u010diteln\u00fd a srozumiteln\u00fd. <\/p>\n","protected":false},"excerpt":{"rendered":"<p>N\u00e1\u0161 emailov\u00fd editor byl vyroben\u00fd, aby byl intuitivn\u00ed a pro pr\u00e1ci u\u017eivatele snadn\u00fd. M\u016f\u017eete p\u0159idat sv\u016fj obsah (text a obr\u00e1zky) ve chvilce, upravit fonty, barvy, velikost a funkce, p\u0159idat odr\u00e1\u017eky nebo \u010d\u00edslovan\u00fd seznam, vlo\u017eit odkaz, vytvo\u0159it tabulku, a mnohem v\u00edce. V\u0161imn\u011bte si, \u017ee m\u016f\u017eete tak\u00e9 p\u0159epnout do HTML editoru. Pokud jste specialista, m\u016f\u017eete si nak\u00f3dovat [&hellip;]<\/p>\n","protected":false},"author":1,"featured_media":0,"parent":4385,"menu_order":0,"comment_status":"closed","ping_status":"closed","template":"","meta":{"_acf_changed":false,"inline_featured_image":false,"footnotes":""},"g1_relation_tag":[],"class_list":["post-4438","page","type-page","status-publish","hentry"],"acf":[],"yoast_head":"<!-- This site is optimized with the Yoast SEO plugin v24.8.1 - https:\/\/yoast.com\/wordpress\/plugins\/seo\/ -->\n<title>Upravujte sv\u016fj email a p\u0159idejte obsah - Emailchef<\/title>\n<meta name=\"robots\" content=\"index, follow, max-snippet:-1, max-image-preview:large, max-video-preview:-1\" \/>\n<link rel=\"canonical\" href=\"https:\/\/emailchef.com\/cs\/centrum-znalosti\/upravujte-svuj-email-a-pridejte-obsah\/\" \/>\n<meta name=\"twitter:label1\" content=\"Odhadovan\u00e1 doba \u010dten\u00ed\" \/>\n\t<meta name=\"twitter:data1\" content=\"1 minuta\" \/>\n<!-- \/ Yoast SEO plugin. -->","yoast_head_json":{"title":"Upravujte sv\u016fj email a p\u0159idejte obsah - Emailchef","robots":{"index":"index","follow":"follow","max-snippet":"max-snippet:-1","max-image-preview":"max-image-preview:large","max-video-preview":"max-video-preview:-1"},"canonical":"https:\/\/emailchef.com\/cs\/centrum-znalosti\/upravujte-svuj-email-a-pridejte-obsah\/","twitter_misc":{"Odhadovan\u00e1 doba \u010dten\u00ed":"1 minuta"},"schema":{"@context":"https:\/\/schema.org","@graph":[{"@type":"WebPage","@id":"https:\/\/emailchef.com\/cs\/centrum-znalosti\/upravujte-svuj-email-a-pridejte-obsah\/","url":"https:\/\/emailchef.com\/cs\/centrum-znalosti\/upravujte-svuj-email-a-pridejte-obsah\/","name":"Upravujte sv\u016fj email a p\u0159idejte obsah - Emailchef","isPartOf":{"@id":"https:\/\/emailchef.com\/cs\/#website"},"primaryImageOfPage":{"@id":"https:\/\/emailchef.com\/cs\/centrum-znalosti\/upravujte-svuj-email-a-pridejte-obsah\/#primaryimage"},"image":{"@id":"https:\/\/emailchef.com\/cs\/centrum-znalosti\/upravujte-svuj-email-a-pridejte-obsah\/#primaryimage"},"thumbnailUrl":"https:\/\/emailchef.com\/wp-content\/uploads\/2014\/09\/campaigns.jpg","datePublished":"2014-09-22T08:30:39+00:00","dateModified":"2016-03-31T07:12:57+00:00","breadcrumb":{"@id":"https:\/\/emailchef.com\/cs\/centrum-znalosti\/upravujte-svuj-email-a-pridejte-obsah\/#breadcrumb"},"inLanguage":"cs","potentialAction":[{"@type":"ReadAction","target":["https:\/\/emailchef.com\/cs\/centrum-znalosti\/upravujte-svuj-email-a-pridejte-obsah\/"]}]},{"@type":"ImageObject","inLanguage":"cs","@id":"https:\/\/emailchef.com\/cs\/centrum-znalosti\/upravujte-svuj-email-a-pridejte-obsah\/#primaryimage","url":"https:\/\/emailchef.com\/wp-content\/uploads\/2014\/09\/campaigns.jpg","contentUrl":"https:\/\/emailchef.com\/wp-content\/uploads\/2014\/09\/campaigns.jpg"},{"@type":"BreadcrumbList","@id":"https:\/\/emailchef.com\/cs\/centrum-znalosti\/upravujte-svuj-email-a-pridejte-obsah\/#breadcrumb","itemListElement":[{"@type":"ListItem","position":1,"name":"Home","item":"https:\/\/emailchef.com\/cs\/emailchef-sluzby-email-marketingu\/"},{"@type":"ListItem","position":2,"name":"Centrum znalost\u00ed","item":"https:\/\/emailchef.com\/cs\/centrum-znalosti\/"},{"@type":"ListItem","position":3,"name":"Upravujte sv\u016fj email a p\u0159idejte obsah"}]},{"@type":"WebSite","@id":"https:\/\/emailchef.com\/cs\/#website","url":"https:\/\/emailchef.com\/cs\/","name":"Emailchef","description":"Chutn\u00e9 recepty pro email marketing","publisher":{"@id":"https:\/\/emailchef.com\/cs\/#organization"},"potentialAction":[{"@type":"SearchAction","target":{"@type":"EntryPoint","urlTemplate":"https:\/\/emailchef.com\/cs\/?s={search_term_string}"},"query-input":{"@type":"PropertyValueSpecification","valueRequired":true,"valueName":"search_term_string"}}],"inLanguage":"cs"},{"@type":"Organization","@id":"https:\/\/emailchef.com\/cs\/#organization","name":"Delivery Tech Corp.","url":"https:\/\/emailchef.com\/cs\/","logo":{"@type":"ImageObject","inLanguage":"cs","@id":"https:\/\/emailchef.com\/cs\/#\/schema\/logo\/image\/","url":"https:\/\/emailchef.com\/wp-content\/uploads\/2022\/04\/logo-sama.png","contentUrl":"https:\/\/emailchef.com\/wp-content\/uploads\/2022\/04\/logo-sama.png","width":237,"height":80,"caption":"Delivery Tech Corp."},"image":{"@id":"https:\/\/emailchef.com\/cs\/#\/schema\/logo\/image\/"}}]}},"_links":{"self":[{"href":"https:\/\/emailchef.com\/cs\/wp-json\/wp\/v2\/pages\/4438"}],"collection":[{"href":"https:\/\/emailchef.com\/cs\/wp-json\/wp\/v2\/pages"}],"about":[{"href":"https:\/\/emailchef.com\/cs\/wp-json\/wp\/v2\/types\/page"}],"author":[{"embeddable":true,"href":"https:\/\/emailchef.com\/cs\/wp-json\/wp\/v2\/users\/1"}],"replies":[{"embeddable":true,"href":"https:\/\/emailchef.com\/cs\/wp-json\/wp\/v2\/comments?post=4438"}],"version-history":[{"count":1,"href":"https:\/\/emailchef.com\/cs\/wp-json\/wp\/v2\/pages\/4438\/revisions"}],"predecessor-version":[{"id":4439,"href":"https:\/\/emailchef.com\/cs\/wp-json\/wp\/v2\/pages\/4438\/revisions\/4439"}],"up":[{"embeddable":true,"href":"https:\/\/emailchef.com\/cs\/wp-json\/wp\/v2\/pages\/4385"}],"wp:attachment":[{"href":"https:\/\/emailchef.com\/cs\/wp-json\/wp\/v2\/media?parent=4438"}],"wp:term":[{"taxonomy":"g1_relation_tag","embeddable":true,"href":"https:\/\/emailchef.com\/cs\/wp-json\/wp\/v2\/g1_relation_tag?post=4438"}],"curies":[{"name":"wp","href":"https:\/\/api.w.org\/{rel}","templated":true}]}}