{"id":4436,"date":"2014-09-22T08:30:13","date_gmt":"2014-09-22T08:30:13","guid":{"rendered":"http:\/\/emailchef.com\/cs\/?page_id=4436"},"modified":"2016-03-31T07:11:48","modified_gmt":"2016-03-31T07:11:48","slug":"vyberte-si-svuj-design","status":"publish","type":"page","link":"https:\/\/emailchef.com\/cs\/centrum-znalosti\/vyberte-si-svuj-design\/","title":{"rendered":"Vyberte si sv\u016fj design"},"content":{"rendered":"<p>Prvn\u00edm krokem k vytvo\u0159en\u00ed va\u0161\u00ed emailov\u00e9 kampan\u011b je zvolit si jej\u00ed design. Klikn\u011bte na \u201eKampan\u011b\u201c v horn\u00edm menu a pak \u201eNov\u00e1 kampa\u0148\u201c. Je 5 mo\u017enost\u00ed, jak za\u010d\u00edt tvorbu vlastn\u00edho vzhledu va\u0161ich email\u016f: <\/p>\n<ol>\n<li>Zvolte si p\u0159edem p\u0159ipravenou \u0161ablonu. Nab\u00edz\u00edme \u0161irokou \u0161k\u00e1lu profesion\u00e1ln\u00edch \u0161ablon: jsou t\u0159\u00edd\u011bn\u00e9 podle kategori\u00ed, aby bylo pro v\u00e1s snaz\u0161\u00ed si vybrat, a ji\u017e obsahuj\u00ed oboj\u00ed, jak firemn\u00ed z\u00e1stupn\u00e9 v\u00fdrazy pro soulad s legislativou CAN-SPAM act, tak odkaz pro odhl\u00e1\u0161en\u00ed. V\u0161echny \u0161ablony byli vytvo\u0159eny specialisty a design\u00e9ry, abychom zajistili maxim\u00e1ln\u00ed zobrazen\u00ed na v\u0161ech emailov\u00fdch klientech nebo webmailech.  <\/li>\n<li>Nahrajte vlastn\u00ed, existuj\u00edc\u00ed \u0161ablonu. Pokud ji\u017e vlastn\u00edte vlastn\u00ed \u0161ablonu, m\u016f\u017eete ji pou\u017e\u00edt b\u011bhem p\u00e1r vte\u0159in: jak v HTML (.htm a .html), tak ZIP soubory jsou mo\u017en\u00e9. Pokud chcete nahr\u00e1t soubor .zip, pak se ujist\u011bte, \u017ee obsahuje v\u00e1\u0161 HTML soubor (pojmenujte jej &#8220;index.html&#8221;, &#8220;index.htm&#8221; nebo &#8220;campaign.html&#8221;) a \u017ee obsahuje tak\u00e9 v\u0161echny obr\u00e1zky. Je b\u011b\u017enou chybou zapomenout na n\u011b, pokud jsou p\u0159ipojen\u00e9 k extern\u00edm soubor\u016fm na va\u0161em PC. <\/li>\n<li>Za\u010dn\u011bte z ni\u010deho a naprogramujte si vlastn\u00ed HTML. Samoz\u0159ejm\u011b, \u017ee to je tak\u00e9 mo\u017en\u00e9 a m\u016f\u017eete si naprogramovat newsletter od nuly ve sv\u00e9m editoru nebo p\u0159\u00edmo psan\u00edm vlastn\u00edho k\u00f3du.<\/li>\n<li>Pou\u017eijte na\u0161eho <a href=\"http:\/\/emailchef.com\/cs\/funkce\/nejrychlejsi-tvurce-sablon\/\" title=\"Tv\u016frce \u0161ablon\"><strong>Tv\u016frce \u0161ablon<\/strong><\/a> (MailStyler). Pokud chcete vytvo\u0159it sv\u016fj vlastn\u00ed HTML vzhled, ale neum\u00edte programovat v HTML, nemus\u00edte se ob\u00e1vat. St\u00e1hn\u011bte si n\u00e1\u0161 v\u00fdkonn\u00fd n\u00e1stroj \u2013 Tv\u016frce \u0161ablon \u2013 drag&#038;drop software pro tvorbu newsletter\u016f, se kter\u00fdm vytvo\u0159\u00edte \u00fa\u017easn\u00e9 \u0161ablony b\u011bhem chvilky.<\/li>\n<\/ol>\n<p>A\u0165 jste si vybrali jakoukoli variantu, je \u010das na vlastn\u00ed \u00fapravy a p\u0159izp\u016fsoben\u00ed.<\/p>\n","protected":false},"excerpt":{"rendered":"<p>Prvn\u00edm krokem k vytvo\u0159en\u00ed va\u0161\u00ed emailov\u00e9 kampan\u011b je zvolit si jej\u00ed design. Klikn\u011bte na \u201eKampan\u011b\u201c v horn\u00edm menu a pak \u201eNov\u00e1 kampa\u0148\u201c. Je 5 mo\u017enost\u00ed, jak za\u010d\u00edt tvorbu vlastn\u00edho vzhledu va\u0161ich email\u016f: Zvolte si p\u0159edem p\u0159ipravenou \u0161ablonu. Nab\u00edz\u00edme \u0161irokou \u0161k\u00e1lu profesion\u00e1ln\u00edch \u0161ablon: jsou t\u0159\u00edd\u011bn\u00e9 podle kategori\u00ed, aby bylo pro v\u00e1s snaz\u0161\u00ed si vybrat, a ji\u017e [&hellip;]<\/p>\n","protected":false},"author":1,"featured_media":0,"parent":4385,"menu_order":0,"comment_status":"closed","ping_status":"closed","template":"","meta":{"_acf_changed":false,"inline_featured_image":false,"footnotes":""},"g1_relation_tag":[],"class_list":["post-4436","page","type-page","status-publish","hentry"],"acf":[],"yoast_head":"<!-- This site is optimized with the Yoast SEO plugin v24.8.1 - https:\/\/yoast.com\/wordpress\/plugins\/seo\/ -->\n<title>Vyberte si sv\u016fj design - Emailchef<\/title>\n<meta name=\"robots\" content=\"index, follow, max-snippet:-1, max-image-preview:large, max-video-preview:-1\" \/>\n<link rel=\"canonical\" href=\"https:\/\/emailchef.com\/cs\/centrum-znalosti\/vyberte-si-svuj-design\/\" \/>\n<meta name=\"twitter:label1\" content=\"Odhadovan\u00e1 doba \u010dten\u00ed\" \/>\n\t<meta name=\"twitter:data1\" content=\"2 minuty\" \/>\n<!-- \/ Yoast SEO plugin. -->","yoast_head_json":{"title":"Vyberte si sv\u016fj design - Emailchef","robots":{"index":"index","follow":"follow","max-snippet":"max-snippet:-1","max-image-preview":"max-image-preview:large","max-video-preview":"max-video-preview:-1"},"canonical":"https:\/\/emailchef.com\/cs\/centrum-znalosti\/vyberte-si-svuj-design\/","twitter_misc":{"Odhadovan\u00e1 doba \u010dten\u00ed":"2 minuty"},"schema":{"@context":"https:\/\/schema.org","@graph":[{"@type":"WebPage","@id":"https:\/\/emailchef.com\/cs\/centrum-znalosti\/vyberte-si-svuj-design\/","url":"https:\/\/emailchef.com\/cs\/centrum-znalosti\/vyberte-si-svuj-design\/","name":"Vyberte si sv\u016fj design - Emailchef","isPartOf":{"@id":"https:\/\/emailchef.com\/cs\/#website"},"datePublished":"2014-09-22T08:30:13+00:00","dateModified":"2016-03-31T07:11:48+00:00","breadcrumb":{"@id":"https:\/\/emailchef.com\/cs\/centrum-znalosti\/vyberte-si-svuj-design\/#breadcrumb"},"inLanguage":"cs","potentialAction":[{"@type":"ReadAction","target":["https:\/\/emailchef.com\/cs\/centrum-znalosti\/vyberte-si-svuj-design\/"]}]},{"@type":"BreadcrumbList","@id":"https:\/\/emailchef.com\/cs\/centrum-znalosti\/vyberte-si-svuj-design\/#breadcrumb","itemListElement":[{"@type":"ListItem","position":1,"name":"Home","item":"https:\/\/emailchef.com\/cs\/emailchef-sluzby-email-marketingu\/"},{"@type":"ListItem","position":2,"name":"Centrum znalost\u00ed","item":"https:\/\/emailchef.com\/cs\/centrum-znalosti\/"},{"@type":"ListItem","position":3,"name":"Vyberte si sv\u016fj design"}]},{"@type":"WebSite","@id":"https:\/\/emailchef.com\/cs\/#website","url":"https:\/\/emailchef.com\/cs\/","name":"Emailchef","description":"Chutn\u00e9 recepty pro email marketing","publisher":{"@id":"https:\/\/emailchef.com\/cs\/#organization"},"potentialAction":[{"@type":"SearchAction","target":{"@type":"EntryPoint","urlTemplate":"https:\/\/emailchef.com\/cs\/?s={search_term_string}"},"query-input":{"@type":"PropertyValueSpecification","valueRequired":true,"valueName":"search_term_string"}}],"inLanguage":"cs"},{"@type":"Organization","@id":"https:\/\/emailchef.com\/cs\/#organization","name":"Delivery Tech Corp.","url":"https:\/\/emailchef.com\/cs\/","logo":{"@type":"ImageObject","inLanguage":"cs","@id":"https:\/\/emailchef.com\/cs\/#\/schema\/logo\/image\/","url":"https:\/\/emailchef.com\/wp-content\/uploads\/2022\/04\/logo-sama.png","contentUrl":"https:\/\/emailchef.com\/wp-content\/uploads\/2022\/04\/logo-sama.png","width":237,"height":80,"caption":"Delivery Tech Corp."},"image":{"@id":"https:\/\/emailchef.com\/cs\/#\/schema\/logo\/image\/"}}]}},"_links":{"self":[{"href":"https:\/\/emailchef.com\/cs\/wp-json\/wp\/v2\/pages\/4436"}],"collection":[{"href":"https:\/\/emailchef.com\/cs\/wp-json\/wp\/v2\/pages"}],"about":[{"href":"https:\/\/emailchef.com\/cs\/wp-json\/wp\/v2\/types\/page"}],"author":[{"embeddable":true,"href":"https:\/\/emailchef.com\/cs\/wp-json\/wp\/v2\/users\/1"}],"replies":[{"embeddable":true,"href":"https:\/\/emailchef.com\/cs\/wp-json\/wp\/v2\/comments?post=4436"}],"version-history":[{"count":1,"href":"https:\/\/emailchef.com\/cs\/wp-json\/wp\/v2\/pages\/4436\/revisions"}],"predecessor-version":[{"id":4437,"href":"https:\/\/emailchef.com\/cs\/wp-json\/wp\/v2\/pages\/4436\/revisions\/4437"}],"up":[{"embeddable":true,"href":"https:\/\/emailchef.com\/cs\/wp-json\/wp\/v2\/pages\/4385"}],"wp:attachment":[{"href":"https:\/\/emailchef.com\/cs\/wp-json\/wp\/v2\/media?parent=4436"}],"wp:term":[{"taxonomy":"g1_relation_tag","embeddable":true,"href":"https:\/\/emailchef.com\/cs\/wp-json\/wp\/v2\/g1_relation_tag?post=4436"}],"curies":[{"name":"wp","href":"https:\/\/api.w.org\/{rel}","templated":true}]}}