{"id":4431,"date":"2014-09-22T08:27:45","date_gmt":"2014-09-22T08:27:45","guid":{"rendered":"http:\/\/emailchef.com\/cs\/?page_id=4431"},"modified":"2016-03-31T07:08:29","modified_gmt":"2016-03-31T07:08:29","slug":"globalni-blacklist","status":"publish","type":"page","link":"https:\/\/emailchef.com\/cs\/centrum-znalosti\/globalni-blacklist\/","title":{"rendered":"Glob\u00e1ln\u00ed blacklist"},"content":{"rendered":"<p>V sekci \u201eSeznamy\u201c, kde se spravuj\u00ed seznamy kontakt\u016f, naleznete na prav\u00e9 stran\u011b tla\u010d\u00edtko nazvan\u00e9 \u201eGlob\u00e1ln\u00ed blacklist\u201c.<\/p>\n<p>Na tuto str\u00e1nku m\u016f\u017eete p\u0159idat v\u0161echny adresy, kter\u00e9 ji\u017e od v\u00e1s nedostanou \u017e\u00e1dn\u00e9 emaily, nehled\u011b na jejich status v jak\u00e9mkoli seznamu. M\u016f\u017eete p\u0159idat individu\u00e1ln\u00ed seznamy nebo cel\u00e9 DNS dom\u00e9ny. <\/p>\n<p><a href=\"http:\/\/emailchef.com\/wp-content\/uploads\/2014\/09\/global.jpg\"><img fetchpriority=\"high\" decoding=\"async\" class=\"alignnone wp-image-4003 size-full\" src=\"http:\/\/emailchef.com\/wp-content\/uploads\/2014\/09\/global.jpg\" alt=\"Glob\u00e1ln\u00ed blacklist\" width=\"1187\" height=\"457\" \/><\/a><\/p>\n","protected":false},"excerpt":{"rendered":"<p>V sekci \u201eSeznamy\u201c, kde se spravuj\u00ed seznamy kontakt\u016f, naleznete na prav\u00e9 stran\u011b tla\u010d\u00edtko nazvan\u00e9 \u201eGlob\u00e1ln\u00ed blacklist\u201c. Na tuto str\u00e1nku m\u016f\u017eete p\u0159idat v\u0161echny adresy, kter\u00e9 ji\u017e od v\u00e1s nedostanou \u017e\u00e1dn\u00e9 emaily, nehled\u011b na jejich status v jak\u00e9mkoli seznamu. M\u016f\u017eete p\u0159idat individu\u00e1ln\u00ed seznamy nebo cel\u00e9 DNS dom\u00e9ny.<\/p>\n","protected":false},"author":1,"featured_media":0,"parent":4385,"menu_order":0,"comment_status":"closed","ping_status":"closed","template":"","meta":{"_acf_changed":false,"inline_featured_image":false,"footnotes":""},"g1_relation_tag":[],"class_list":["post-4431","page","type-page","status-publish","hentry"],"acf":[],"yoast_head":"<!-- This site is optimized with the Yoast SEO plugin v24.8.1 - https:\/\/yoast.com\/wordpress\/plugins\/seo\/ -->\n<title>Glob\u00e1ln\u00ed blacklist - Emailchef<\/title>\n<meta name=\"robots\" content=\"index, follow, max-snippet:-1, max-image-preview:large, max-video-preview:-1\" \/>\n<link rel=\"canonical\" href=\"https:\/\/emailchef.com\/cs\/centrum-znalosti\/globalni-blacklist\/\" \/>\n<!-- \/ Yoast SEO plugin. -->","yoast_head_json":{"title":"Glob\u00e1ln\u00ed blacklist - Emailchef","robots":{"index":"index","follow":"follow","max-snippet":"max-snippet:-1","max-image-preview":"max-image-preview:large","max-video-preview":"max-video-preview:-1"},"canonical":"https:\/\/emailchef.com\/cs\/centrum-znalosti\/globalni-blacklist\/","schema":{"@context":"https:\/\/schema.org","@graph":[{"@type":"WebPage","@id":"https:\/\/emailchef.com\/cs\/centrum-znalosti\/globalni-blacklist\/","url":"https:\/\/emailchef.com\/cs\/centrum-znalosti\/globalni-blacklist\/","name":"Glob\u00e1ln\u00ed blacklist - Emailchef","isPartOf":{"@id":"https:\/\/emailchef.com\/cs\/#website"},"primaryImageOfPage":{"@id":"https:\/\/emailchef.com\/cs\/centrum-znalosti\/globalni-blacklist\/#primaryimage"},"image":{"@id":"https:\/\/emailchef.com\/cs\/centrum-znalosti\/globalni-blacklist\/#primaryimage"},"thumbnailUrl":"http:\/\/emailchef.com\/wp-content\/uploads\/2014\/09\/global.jpg","datePublished":"2014-09-22T08:27:45+00:00","dateModified":"2016-03-31T07:08:29+00:00","breadcrumb":{"@id":"https:\/\/emailchef.com\/cs\/centrum-znalosti\/globalni-blacklist\/#breadcrumb"},"inLanguage":"cs","potentialAction":[{"@type":"ReadAction","target":["https:\/\/emailchef.com\/cs\/centrum-znalosti\/globalni-blacklist\/"]}]},{"@type":"ImageObject","inLanguage":"cs","@id":"https:\/\/emailchef.com\/cs\/centrum-znalosti\/globalni-blacklist\/#primaryimage","url":"http:\/\/emailchef.com\/wp-content\/uploads\/2014\/09\/global.jpg","contentUrl":"http:\/\/emailchef.com\/wp-content\/uploads\/2014\/09\/global.jpg"},{"@type":"BreadcrumbList","@id":"https:\/\/emailchef.com\/cs\/centrum-znalosti\/globalni-blacklist\/#breadcrumb","itemListElement":[{"@type":"ListItem","position":1,"name":"Home","item":"https:\/\/emailchef.com\/cs\/emailchef-sluzby-email-marketingu\/"},{"@type":"ListItem","position":2,"name":"Centrum znalost\u00ed","item":"https:\/\/emailchef.com\/cs\/centrum-znalosti\/"},{"@type":"ListItem","position":3,"name":"Glob\u00e1ln\u00ed blacklist"}]},{"@type":"WebSite","@id":"https:\/\/emailchef.com\/cs\/#website","url":"https:\/\/emailchef.com\/cs\/","name":"Emailchef","description":"Chutn\u00e9 recepty pro email marketing","publisher":{"@id":"https:\/\/emailchef.com\/cs\/#organization"},"potentialAction":[{"@type":"SearchAction","target":{"@type":"EntryPoint","urlTemplate":"https:\/\/emailchef.com\/cs\/?s={search_term_string}"},"query-input":{"@type":"PropertyValueSpecification","valueRequired":true,"valueName":"search_term_string"}}],"inLanguage":"cs"},{"@type":"Organization","@id":"https:\/\/emailchef.com\/cs\/#organization","name":"Delivery Tech Corp.","url":"https:\/\/emailchef.com\/cs\/","logo":{"@type":"ImageObject","inLanguage":"cs","@id":"https:\/\/emailchef.com\/cs\/#\/schema\/logo\/image\/","url":"https:\/\/emailchef.com\/wp-content\/uploads\/2022\/04\/logo-sama.png","contentUrl":"https:\/\/emailchef.com\/wp-content\/uploads\/2022\/04\/logo-sama.png","width":237,"height":80,"caption":"Delivery Tech Corp."},"image":{"@id":"https:\/\/emailchef.com\/cs\/#\/schema\/logo\/image\/"}}]}},"_links":{"self":[{"href":"https:\/\/emailchef.com\/cs\/wp-json\/wp\/v2\/pages\/4431"}],"collection":[{"href":"https:\/\/emailchef.com\/cs\/wp-json\/wp\/v2\/pages"}],"about":[{"href":"https:\/\/emailchef.com\/cs\/wp-json\/wp\/v2\/types\/page"}],"author":[{"embeddable":true,"href":"https:\/\/emailchef.com\/cs\/wp-json\/wp\/v2\/users\/1"}],"replies":[{"embeddable":true,"href":"https:\/\/emailchef.com\/cs\/wp-json\/wp\/v2\/comments?post=4431"}],"version-history":[{"count":1,"href":"https:\/\/emailchef.com\/cs\/wp-json\/wp\/v2\/pages\/4431\/revisions"}],"predecessor-version":[{"id":4432,"href":"https:\/\/emailchef.com\/cs\/wp-json\/wp\/v2\/pages\/4431\/revisions\/4432"}],"up":[{"embeddable":true,"href":"https:\/\/emailchef.com\/cs\/wp-json\/wp\/v2\/pages\/4385"}],"wp:attachment":[{"href":"https:\/\/emailchef.com\/cs\/wp-json\/wp\/v2\/media?parent=4431"}],"wp:term":[{"taxonomy":"g1_relation_tag","embeddable":true,"href":"https:\/\/emailchef.com\/cs\/wp-json\/wp\/v2\/g1_relation_tag?post=4431"}],"curies":[{"name":"wp","href":"https:\/\/api.w.org\/{rel}","templated":true}]}}