{"id":4424,"date":"2014-09-22T08:26:53","date_gmt":"2014-09-22T08:26:53","guid":{"rendered":"http:\/\/emailchef.com\/cs\/?page_id=4424"},"modified":"2016-03-31T07:03:25","modified_gmt":"2016-03-31T07:03:25","slug":"rozsirujte-sve-seznamy-vytvorte-prihlasovaci-formular","status":"publish","type":"page","link":"https:\/\/emailchef.com\/cs\/centrum-znalosti\/rozsirujte-sve-seznamy-vytvorte-prihlasovaci-formular\/","title":{"rendered":"Roz\u0161i\u0159ujte sv\u00e9 seznamy: vytvo\u0159te p\u0159ihla\u0161ovac\u00ed formul\u00e1\u0159"},"content":{"rendered":"<h3><em>Obecn\u00e1 zpr\u00e1va formul\u00e1\u0159\u016f<\/em><\/h3>\n<p>Na ka\u017ed\u00e9 str\u00e1nce spr\u00e1vy seznam\u016f najdete tla\u010d\u00edtko \u201eP\u0159ihla\u0161ovac\u00ed formul\u00e1\u0159e\u201c, kter\u00e9 v\u00e1s vede na mana\u017eera vytv\u00e1\u0159en\u00ed formul\u00e1\u0159\u016f: <\/p>\n<p><a href=\"https:\/\/emailchef.com\/wp-content\/uploads\/2014\/09\/form_1.jpg\"><img fetchpriority=\"high\" decoding=\"async\" class=\"alignnone wp-image-3879 size-full\" src=\"https:\/\/emailchef.com\/wp-content\/uploads\/2014\/09\/form_1.jpg\" alt=\"Roz\u0161i\u0159ujte sv\u00e9 seznamy: vytvo\u0159te p\u0159ihla\u0161ovac\u00ed formul\u00e1\u0159\" width=\"879\" height=\"242\" \/><\/a><\/p>\n<p>P\u0159ihla\u0161ovac\u00ed formul\u00e1\u0159 je ur\u010dit\u011b nejlep\u0161\u00ed cestou z\u00edsk\u00e1v\u00e1n\u00ed nov\u00fdch z\u00e1kazn\u00edk\u016f a roz\u0161i\u0159ov\u00e1n\u00ed va\u0161eho potvrzen\u00e9ho seznamu kontakt\u016f: p\u0159id\u00e1te-li jej na va\u0161i webovou str\u00e1nku na relevantn\u00ed m\u00edsto, bude sm\u011b\u0159ovat z\u00e1jem n\u00e1v\u0161t\u011bvn\u00edk\u016f, aby u\u010dinili rychl\u00e9 a bezpe\u010dn\u00e9 p\u0159ihl\u00e1\u0161en\u00ed na v\u00e1\u0161 newsletter. <\/p>\n<p>Urychlili jsme cel\u00fd proces tvorby a zjednodu\u0161ili jsme to, jak je to jen mo\u017en\u00e9: v n\u011bkolika kroc\u00edch m\u016f\u017eete z\u00edskat jak p\u0159\u00edm\u00fd odkaz hostovan\u00fd na na\u0161em serveru a HTML k\u00f3d pro instalaci na va\u0161i webovou str\u00e1nku. <\/p>\n<p>V z\u00e1vislosti na va\u0161\u00ed politice ochrany osobn\u00edch \u00fadaj\u016f m\u016f\u017eete vytv\u00e1\u0159et jednoduch\u00e9 i dvakr\u00e1t potvrzen\u00e9 p\u0159ihla\u0161ovac\u00ed formul\u00e1\u0159e. Prvn\u00ed umo\u017e\u0148uje p\u0159\u00edmou registraci bez dal\u0161\u00edho potvrzen\u00ed: u\u017eivatel vlo\u017e\u00ed sv\u00e1 data a emailovou adresu, klikne na \u201eP\u0159ihl\u00e1\u0161en\u00ed\u201c, obdr\u017e\u00ed uv\u00edtac\u00ed zpr\u00e1vu a je to. Tato mo\u017enost je dostupn\u00e1 pouze pro nejvy\u0161\u0161\u00ed politiku osobn\u00edch \u00fadaj\u016f \u00fa\u010dtu, v\u00fdkonn\u00fd chef. Dvakr\u00e1t potvrzen\u00fd proces, na druhou stranu, nazna\u010duje, \u017ee u\u017eivatel mus\u00ed kliknout na odkaz v potvrzovac\u00edm emailu p\u0159ed t\u00edm, ne\u017e je u\u017eivatel opravdu zaps\u00e1n na v\u00e1\u0161 seznam \u2013 takto ov\u011b\u0159\u00ed svoji identitu a emailovou adresu. <\/p>\n<p>Pro za\u010d\u00e1tek vytv\u00e1\u0159en\u00ed nov\u00e9ho formul\u00e1\u0159e, za\u010dn\u011bte vlo\u017een\u00edm obecn\u00fdch informac\u00ed (jm\u00e9no, popis a v\u00fdchoz\u00ed jazyk):<\/p>\n<p><a href=\"https:\/\/emailchef.com\/wp-content\/uploads\/2014\/09\/form_2.jpg\"><img decoding=\"async\" class=\"alignnone wp-image-3881 size-full\" src=\"https:\/\/emailchef.com\/wp-content\/uploads\/2014\/09\/form_2.jpg\" alt=\"Roz\u0161i\u0159ujte sv\u00e9 seznamy: vytvo\u0159te p\u0159ihla\u0161ovac\u00ed formul\u00e1\u0159\" width=\"1181\" height=\"546\" \/><\/a><\/p>\n<p>Pak si m\u016f\u017eete vybrat \u0161ablonu (nab\u00edz\u00edme \u0161irok\u00fd v\u00fdb\u011br p\u0159edem p\u0159ipraven\u00fdch n\u00e1vrh\u016f) a podle pot\u0159eby si je upravovat. Editor formul\u00e1\u0159\u016f je zalo\u017een\u00fd na drag&#038;drop syst\u00e9mu, aby v\u0161e bylo extr\u00e9mn\u011b jednoduch\u00e9 na p\u0159id\u00e1n\u00ed, odstran\u011bn\u00ed nebo prohozen\u00ed jednotliv\u00fdch prvk\u016f.  <\/p>\n<p><a href=\"https:\/\/emailchef.com\/wp-content\/uploads\/2014\/09\/form_4.jpg\" rel=\"attachment wp-att-3884\"><img decoding=\"async\" class=\"alignnone size-full wp-image-3884\" src=\"https:\/\/emailchef.com\/wp-content\/uploads\/2014\/09\/form_4.jpg\" alt=\"Roz\u0161i\u0159ujte sv\u00e9 seznamy: vytvo\u0159te p\u0159ihla\u0161ovac\u00ed formul\u00e1\u0159\" width=\"1185\" height=\"390\" \/><\/a><\/p>\n<p>&nbsp;<\/p>\n<p>V n\u00e1sleduj\u00edc\u00edm p\u0159\u00edkladu, dr\u017e\u00edme a pak pust\u00edme polo\u017eku \u201eNadpis\u201c a pak u n\u00ed m\u016f\u017eeme upravovat text, styl p\u00edsma a velikost p\u00edsma.  <\/p>\n<p><a href=\"https:\/\/emailchef.com\/wp-content\/uploads\/2014\/09\/form_3-1.jpg\"><img loading=\"lazy\" decoding=\"async\" class=\"alignnone wp-image-3883 size-full\" src=\"https:\/\/emailchef.com\/wp-content\/uploads\/2014\/09\/form_3-1.jpg\" alt=\"Roz\u0161i\u0159ujte sv\u00e9 seznamy: vytvo\u0159te p\u0159ihla\u0161ovac\u00ed formul\u00e1\u0159\" width=\"1191\" height=\"556\" \/><\/a><\/p>\n<p>To stejn\u00e9 m\u016f\u017eete ud\u011blat se v\u0161emi dal\u0161\u00edmi prvky na prav\u00e9 stran\u011b. <\/p>\n<p>Pohybem na ikonu se t\u0159emi linkami, m\u016f\u017eete tak\u00e9 zm\u011bnit po\u0159ad\u00ed pol\u00ed: klikn\u011bte na jedno z nich, nepou\u0161t\u011bjte a pak jej um\u00edst\u011bte, kam pot\u0159ebujete a pus\u0165te. <\/p>\n<p>V\u0161imn\u011bte si, \u017ee pokud jste vytvo\u0159ili vlastn\u00ed nov\u00e1 pole, budou tak\u00e9 k dispozici mezi v\u00fdchoz\u00edmi prvky. Nap\u0159. pokud jste vytvo\u0159ili \u010d\u00edseln\u00e9 pole pro v\u011bk u\u017eivatele, m\u016f\u017eete je p\u0159idat do p\u0159ihla\u0161ovac\u00edho formul\u00e1\u0159e a po\u017e\u00e1dat o jejich vypln\u011bn\u00ed b\u011bhem p\u0159ihla\u0161ov\u00e1n\u00ed. V\u0161echny data se automaticky synchronizuj\u00ed. <\/p>\n<p>Emailchef v\u00e1m tak\u00e9 dovoluje vytvo\u0159it p\u0159elo\u017eenou verzi va\u0161eho formul\u00e1\u0159e, pro mnohojazy\u010dn\u00e9 webov\u00e9 str\u00e1nky. Jednodu\u0161e klikn\u011bte na \u201eP\u0159idat p\u0159eklad\u201c: vytvo\u0159\u00ed se kopie va\u0161eho formul\u00e1\u0159e, a m\u016f\u017eete jeho text rovnou p\u0159elo\u017eit. <\/p>\n<p>Jakmile skon\u010d\u00edte \u00fapravy, klikn\u011bte na \u201ePreference pro p\u0159ihl\u00e1\u0161en\u00ed\u201c. Prvn\u00edm krokem zde, je vytvo\u0159en\u00ed potvrzovac\u00edho emailu po p\u0159ihl\u00e1\u0161en\u00ed. Tato transak\u010dn\u00ed zpr\u00e1va bude odesl\u00e1na u\u017eivateli ihned po p\u0159ihl\u00e1\u0161en\u00ed na webov\u00fd formul\u00e1\u0159, pro potvrzen\u00ed p\u0159ihl\u00e1\u0161en\u00ed. M\u016f\u017eete tak\u00e9 nahr\u00e1t va\u0161e firemn\u00ed logo jako obr\u00e1zek: Emailchef se postar\u00e1 o to, aby i po \u00faprav\u011b p\u0159esn\u011b zapadl do va\u0161eho emailu. <\/p>\n<p>Nyn\u00ed zb\u00fdv\u00e1 jen se rozhodnout, zda chcete jednoduch\u00fd nebo dvakr\u00e1t potvrzen\u00fd formul\u00e1\u0159. (Pro rozd\u00edly se pod\u00edvejte na p\u0159edchoz\u00ed text). <\/p>\n<h4><i>1. Jednoduch\u00e9 p\u0159ihl\u00e1\u0161en\u00ed<\/i><\/h4>\n<p>V tomto p\u0159\u00edpad\u011b mus\u00edte napsat uv\u00edtac\u00ed zpr\u00e1vu, kter\u00e1 se uk\u00e1\u017ee na va\u0161\u00ed webov\u00e9 str\u00e1nce hned pot\u00e9, jak se u\u017eivatel p\u0159ihl\u00e1s\u00ed.<\/p>\n<p>M\u016f\u017eete se tak\u00e9 rozhodnout pos\u00edlat d\u011bkovn\u00fd email, abyste si potvrdili, \u017ee v\u0161e \u0161lo dob\u0159e. M\u016f\u017eete zkop\u00edrovat uv\u00edtac\u00ed zpr\u00e1vu nebo p\u0159idat jin\u00fd text. V\u00fdchoz\u00ed text je jednoduch\u00fd \u201eD\u011bkujeme, \u017ee jste se p\u0159ihl\u00e1sil k na\u0161emu newsletteru!\u201c. M\u016f\u017eete tak\u00e9 nahr\u00e1t va\u0161e logo: Emailchef je automaticky uprav\u00ed a nastav\u00ed tak, aby p\u011bkn\u011b zapadlo do emailu. <\/p>\n<h4><i>2. Dvojit\u00e9 p\u0159ihl\u00e1\u0161en\u00ed<\/i><\/h4>\n<p>Pokud chcete nastavit proces dvojit\u00e9ho p\u0159ihl\u00e1\u0161en\u00ed, prvn\u011b mus\u00edte specifikovat email potvrzuj\u00edc\u00ed p\u0159ihl\u00e1\u0161en\u00ed. Bude odesl\u00e1n u\u017eivateli ihned pot\u00e9, co se p\u0159ihl\u00e1s\u00ed: uvnit\u0159 je odkaz (nastaven\u00fd z\u00e1stupn\u00fdm textem [confirm_link], na kter\u00fd mus\u00ed u\u017eivatel kliknout, aby potvrdil svoji registraci (a z\u00e1rove\u0148 i validitu emailov\u00e9 adresy). Emailchef nab\u00edz\u00ed v\u00fdchoz\u00ed text, aby v\u00e1s vedl. M\u016f\u017eete tak\u00e9 nahr\u00e1t sv\u00e9 logo: Emailchef je automaticky uprav\u00ed a nastav\u00ed tak, aby p\u011bkn\u011b zapadlo do emailu. <\/p>\n<p>Dal\u0161\u00edm krokem je vytvo\u0159en\u00ed v\u00fdstra\u017en\u00e9 zpr\u00e1vy, kter\u00e1 se uk\u00e1\u017ee na va\u0161em webu, a uk\u00e1\u017ee, \u017ee potvrzuj\u00edc\u00ed email byl \u00fasp\u011b\u0161n\u011b odesl\u00e1n. Nakonec, uv\u00edtac\u00ed zpr\u00e1va, kter\u00e1 se uk\u00e1\u017ee na webu pouze v p\u0159\u00edpad\u011b, \u017ee u\u017eivatel klikne na odkaz z potvrzuj\u00edc\u00edho emailu a tak dokon\u010d\u00ed dvojit\u00fd potvrzovac\u00ed proces. <\/p>\n<p>Abyste poslali sv\u00fdm z\u00e1kazn\u00edk\u016fm spr\u00e1vn\u011b form\u00e1tovan\u00fd uv\u00edtac\u00ed email, Emailchef k tomu pou\u017e\u00edv\u00e1 intern\u00ed syst\u00e9m z\u00e1stupn\u00fdch v\u00fdraz\u016f, aby toho c\u00edle dos\u00e1hl. Pod\u00edvejme se na tyto v\u00fdrazy. Uvid\u00edte, \u017ee jsou jednoduch\u00e9 na porozum\u011bn\u00ed a \u2013 v p\u0159\u00edpad\u011b, \u017ee je pot\u0159ebujete \u2013 s nimi manipulovat. <\/p>\n<p>{{h1#<em>Subscription Confirm<\/em>}} pro N\u00e1zev (v t\u011ble zpr\u00e1vy)<br \/>\n{{button#[[confirm_link]]#Ano, <em>p\u0159ihlaste m\u011b na seznam<\/em>}} pro potvrzovac\u00ed tla\u010d\u00edtko<br \/>\n{{a#[[unsubscribe_link]]#<em>Klikn\u011bte zde pro odhl\u00e1\u0161en\u00ed<\/em>}} pro p\u0159id\u00e1n\u00ed odkazu pro odhl\u00e1\u0161en\u00ed<\/p>\n<p>V\u0161imn\u011bte si, \u017ee slova po # m\u016f\u017eete upravovat, jak pot\u0159ebujete. <\/p>\n<p>Nav\u00edc, Emailchef vytv\u00e1\u0159\u00ed n\u011bkolik z\u00e1stupn\u00fdch v\u00fdraz\u016f: n\u011bkter\u00e9 jsou pevn\u00e9, p\u0159edem generovan\u00e9 ([[email]], [[first_name]], [[last_name]]), jin\u00e9 jsou generovan\u00e9 z vlastn\u00edch pol\u00ed, kter\u00e9 jste si sami vytvo\u0159ili (nap\u0159. datum narozen\u00ed, zem\u011b, atd.).<\/p>\n<p>M\u016f\u017eete se tak\u00e9 rozhodnout, \u017ee po\u0161lete d\u011bkovac\u00ed email jako potvrzen\u00ed, \u017ee v\u0161e \u0161lo jak m\u00e1. M\u016f\u017eete zkop\u00edrovat text z uv\u00edtac\u00ed zpr\u00e1vy nebo p\u0159idat jin\u00fd. V\u00fdchoz\u00ed text je jednoduch\u00fd \u201e D\u011bkujeme za p\u0159ihl\u00e1\u0161en\u00ed k newsletteru!\u201c. M\u016f\u017eete tak\u00e9 nahr\u00e1t sv\u00e9 logo: Emailchef je automaticky uprav\u00ed a nastav\u00ed tak, aby p\u011bkn\u011b zapadlo do emailu.<\/p>\n<p>Nakonec klikn\u011bte na \u201eZ\u00edskejte k\u00f3d\u201c: Emailchef v\u00e1m umo\u017en\u00ed oboj\u00ed, jak zkop\u00edrovat HTML odkaz a vlo\u017eit si jej m\u016f\u017eete, kam budete cht\u00edt, tak odkazovat cel\u00fd formul\u00e1\u0159 jako statickou URL adresu.  <\/p>\n<p><a href=\"https:\/\/emailchef.com\/wp-content\/uploads\/2014\/09\/form_5.jpg\"><img loading=\"lazy\" decoding=\"async\" class=\"alignnone wp-image-3885 size-full\" src=\"https:\/\/emailchef.com\/wp-content\/uploads\/2014\/09\/form_5.jpg\" alt=\"Roz\u0161i\u0159ujte sv\u00e9 seznamy: vytvo\u0159te p\u0159ihla\u0161ovac\u00ed formul\u00e1\u0159\" width=\"969\" height=\"786\" \/><\/a><\/p>\n<p>&nbsp;<\/p>\n","protected":false},"excerpt":{"rendered":"<p>Obecn\u00e1 zpr\u00e1va formul\u00e1\u0159\u016f Na ka\u017ed\u00e9 str\u00e1nce spr\u00e1vy seznam\u016f najdete tla\u010d\u00edtko \u201eP\u0159ihla\u0161ovac\u00ed formul\u00e1\u0159e\u201c, kter\u00e9 v\u00e1s vede na mana\u017eera vytv\u00e1\u0159en\u00ed formul\u00e1\u0159\u016f: P\u0159ihla\u0161ovac\u00ed formul\u00e1\u0159 je ur\u010dit\u011b nejlep\u0161\u00ed cestou z\u00edsk\u00e1v\u00e1n\u00ed nov\u00fdch z\u00e1kazn\u00edk\u016f a roz\u0161i\u0159ov\u00e1n\u00ed va\u0161eho potvrzen\u00e9ho seznamu kontakt\u016f: p\u0159id\u00e1te-li jej na va\u0161i webovou str\u00e1nku na relevantn\u00ed m\u00edsto, bude sm\u011b\u0159ovat z\u00e1jem n\u00e1v\u0161t\u011bvn\u00edk\u016f, aby u\u010dinili rychl\u00e9 a bezpe\u010dn\u00e9 p\u0159ihl\u00e1\u0161en\u00ed na v\u00e1\u0161 [&hellip;]<\/p>\n","protected":false},"author":1,"featured_media":0,"parent":4385,"menu_order":0,"comment_status":"closed","ping_status":"closed","template":"","meta":{"_acf_changed":false,"inline_featured_image":false,"footnotes":""},"g1_relation_tag":[],"class_list":["post-4424","page","type-page","status-publish","hentry"],"acf":[],"yoast_head":"<!-- This site is optimized with the Yoast SEO plugin v24.8.1 - https:\/\/yoast.com\/wordpress\/plugins\/seo\/ -->\n<title>Roz\u0161i\u0159ujte sv\u00e9 seznamy: vytvo\u0159te p\u0159ihla\u0161ovac\u00ed formul\u00e1\u0159 - Emailchef<\/title>\n<meta name=\"robots\" content=\"index, follow, max-snippet:-1, max-image-preview:large, max-video-preview:-1\" \/>\n<link rel=\"canonical\" href=\"https:\/\/emailchef.com\/cs\/centrum-znalosti\/rozsirujte-sve-seznamy-vytvorte-prihlasovaci-formular\/\" \/>\n<meta name=\"twitter:label1\" content=\"Odhadovan\u00e1 doba \u010dten\u00ed\" \/>\n\t<meta name=\"twitter:data1\" content=\"6 minut\" \/>\n<!-- \/ Yoast SEO plugin. -->","yoast_head_json":{"title":"Roz\u0161i\u0159ujte sv\u00e9 seznamy: vytvo\u0159te p\u0159ihla\u0161ovac\u00ed formul\u00e1\u0159 - Emailchef","robots":{"index":"index","follow":"follow","max-snippet":"max-snippet:-1","max-image-preview":"max-image-preview:large","max-video-preview":"max-video-preview:-1"},"canonical":"https:\/\/emailchef.com\/cs\/centrum-znalosti\/rozsirujte-sve-seznamy-vytvorte-prihlasovaci-formular\/","twitter_misc":{"Odhadovan\u00e1 doba \u010dten\u00ed":"6 minut"},"schema":{"@context":"https:\/\/schema.org","@graph":[{"@type":"WebPage","@id":"https:\/\/emailchef.com\/cs\/centrum-znalosti\/rozsirujte-sve-seznamy-vytvorte-prihlasovaci-formular\/","url":"https:\/\/emailchef.com\/cs\/centrum-znalosti\/rozsirujte-sve-seznamy-vytvorte-prihlasovaci-formular\/","name":"Roz\u0161i\u0159ujte sv\u00e9 seznamy: vytvo\u0159te p\u0159ihla\u0161ovac\u00ed formul\u00e1\u0159 - Emailchef","isPartOf":{"@id":"https:\/\/emailchef.com\/cs\/#website"},"primaryImageOfPage":{"@id":"https:\/\/emailchef.com\/cs\/centrum-znalosti\/rozsirujte-sve-seznamy-vytvorte-prihlasovaci-formular\/#primaryimage"},"image":{"@id":"https:\/\/emailchef.com\/cs\/centrum-znalosti\/rozsirujte-sve-seznamy-vytvorte-prihlasovaci-formular\/#primaryimage"},"thumbnailUrl":"https:\/\/emailchef.com\/wp-content\/uploads\/2014\/09\/form_1.jpg","datePublished":"2014-09-22T08:26:53+00:00","dateModified":"2016-03-31T07:03:25+00:00","breadcrumb":{"@id":"https:\/\/emailchef.com\/cs\/centrum-znalosti\/rozsirujte-sve-seznamy-vytvorte-prihlasovaci-formular\/#breadcrumb"},"inLanguage":"cs","potentialAction":[{"@type":"ReadAction","target":["https:\/\/emailchef.com\/cs\/centrum-znalosti\/rozsirujte-sve-seznamy-vytvorte-prihlasovaci-formular\/"]}]},{"@type":"ImageObject","inLanguage":"cs","@id":"https:\/\/emailchef.com\/cs\/centrum-znalosti\/rozsirujte-sve-seznamy-vytvorte-prihlasovaci-formular\/#primaryimage","url":"https:\/\/emailchef.com\/wp-content\/uploads\/2014\/09\/form_1.jpg","contentUrl":"https:\/\/emailchef.com\/wp-content\/uploads\/2014\/09\/form_1.jpg"},{"@type":"BreadcrumbList","@id":"https:\/\/emailchef.com\/cs\/centrum-znalosti\/rozsirujte-sve-seznamy-vytvorte-prihlasovaci-formular\/#breadcrumb","itemListElement":[{"@type":"ListItem","position":1,"name":"Home","item":"https:\/\/emailchef.com\/cs\/emailchef-sluzby-email-marketingu\/"},{"@type":"ListItem","position":2,"name":"Centrum znalost\u00ed","item":"https:\/\/emailchef.com\/cs\/centrum-znalosti\/"},{"@type":"ListItem","position":3,"name":"Roz\u0161i\u0159ujte sv\u00e9 seznamy: vytvo\u0159te p\u0159ihla\u0161ovac\u00ed formul\u00e1\u0159"}]},{"@type":"WebSite","@id":"https:\/\/emailchef.com\/cs\/#website","url":"https:\/\/emailchef.com\/cs\/","name":"Emailchef","description":"Chutn\u00e9 recepty pro email marketing","publisher":{"@id":"https:\/\/emailchef.com\/cs\/#organization"},"potentialAction":[{"@type":"SearchAction","target":{"@type":"EntryPoint","urlTemplate":"https:\/\/emailchef.com\/cs\/?s={search_term_string}"},"query-input":{"@type":"PropertyValueSpecification","valueRequired":true,"valueName":"search_term_string"}}],"inLanguage":"cs"},{"@type":"Organization","@id":"https:\/\/emailchef.com\/cs\/#organization","name":"Delivery Tech Corp.","url":"https:\/\/emailchef.com\/cs\/","logo":{"@type":"ImageObject","inLanguage":"cs","@id":"https:\/\/emailchef.com\/cs\/#\/schema\/logo\/image\/","url":"https:\/\/emailchef.com\/wp-content\/uploads\/2022\/04\/logo-sama.png","contentUrl":"https:\/\/emailchef.com\/wp-content\/uploads\/2022\/04\/logo-sama.png","width":237,"height":80,"caption":"Delivery Tech Corp."},"image":{"@id":"https:\/\/emailchef.com\/cs\/#\/schema\/logo\/image\/"}}]}},"_links":{"self":[{"href":"https:\/\/emailchef.com\/cs\/wp-json\/wp\/v2\/pages\/4424"}],"collection":[{"href":"https:\/\/emailchef.com\/cs\/wp-json\/wp\/v2\/pages"}],"about":[{"href":"https:\/\/emailchef.com\/cs\/wp-json\/wp\/v2\/types\/page"}],"author":[{"embeddable":true,"href":"https:\/\/emailchef.com\/cs\/wp-json\/wp\/v2\/users\/1"}],"replies":[{"embeddable":true,"href":"https:\/\/emailchef.com\/cs\/wp-json\/wp\/v2\/comments?post=4424"}],"version-history":[{"count":1,"href":"https:\/\/emailchef.com\/cs\/wp-json\/wp\/v2\/pages\/4424\/revisions"}],"predecessor-version":[{"id":4425,"href":"https:\/\/emailchef.com\/cs\/wp-json\/wp\/v2\/pages\/4424\/revisions\/4425"}],"up":[{"embeddable":true,"href":"https:\/\/emailchef.com\/cs\/wp-json\/wp\/v2\/pages\/4385"}],"wp:attachment":[{"href":"https:\/\/emailchef.com\/cs\/wp-json\/wp\/v2\/media?parent=4424"}],"wp:term":[{"taxonomy":"g1_relation_tag","embeddable":true,"href":"https:\/\/emailchef.com\/cs\/wp-json\/wp\/v2\/g1_relation_tag?post=4424"}],"curies":[{"name":"wp","href":"https:\/\/api.w.org\/{rel}","templated":true}]}}