{"id":4422,"date":"2014-09-22T08:25:39","date_gmt":"2014-09-22T08:25:39","guid":{"rendered":"http:\/\/emailchef.com\/cs\/?page_id=4422"},"modified":"2016-03-31T06:57:18","modified_gmt":"2016-03-31T06:57:18","slug":"uzivatelska-pole","status":"publish","type":"page","link":"https:\/\/emailchef.com\/cs\/centrum-znalosti\/uzivatelska-pole\/","title":{"rendered":"U\u017eivatelsk\u00e1 pole"},"content":{"rendered":"<p>Kdykoli m\u016f\u017eete vytvo\u0159it nov\u00e9 u\u017eivatelsk\u00e9 pole r\u016fzn\u00fdch datov\u00fdch typ\u016f (text, \u010d\u00edslo, ano\/ne volba, v\u00fdb\u011br z r\u016fzn\u00fdch hodnot, zem\u011b, st\u00e1t). Tyto hodnoty dodaj\u00ed cenn\u00e9 informace, kdy\u017e p\u0159ijde na segmentov\u00e1n\u00ed va\u0161eho seznamu. <\/p>\n<p><a href=\"http:\/\/emailchef.com\/wp-content\/uploads\/2014\/09\/emailchef-screenshot-003.jpg\"><img fetchpriority=\"high\" decoding=\"async\" class=\"alignnone wp-image-2533 size-full\" src=\"http:\/\/emailchef.com\/wp-content\/uploads\/2014\/09\/emailchef-screenshot-003.jpg\" alt=\"U\u017eivatelsk\u00e1 pole\" width=\"700\" height=\"409\" \/><\/a><\/p>\n<p>Uv\u011bdomte si, \u017ee ka\u017ed\u00e9 z t\u011bchto nov\u00fdch pol\u00ed bude automaticky dostupn\u00e9, kdy\u017e vytvo\u0159\u00edte p\u0159ihla\u0161ovac\u00ed formul\u00e1\u0159: budete schopni p\u0159idat je na p\u0159ihla\u0161ovac\u00ed formul\u00e1\u0159 k seznamu, pokud budete cht\u00edt, aby je u\u017eivatel vyplnil. Samoz\u0159ejm\u011b, v\u00edce pol\u00ed znamen\u00e1 v\u00edce relevantn\u00edch informac\u00ed o va\u0161\u00ed z\u00e1kaznick\u00e9 b\u00e1zi; jen si d\u00e1vejte pozor a nep\u0159eh\u00e1n\u011bjte: moment p\u0159ihl\u00e1\u0161en\u00ed by m\u011bl b\u00fdt rychl\u00fd a jednoduch\u00fd.<\/p>\n<p>P\u016fsoben\u00edm na ikonu s t\u0159emi \u0159adami, m\u016f\u017eete tak\u00e9 zm\u011bnit jejich po\u0159ad\u00ed: klikn\u011bte na pole a dr\u017ete je, pak p\u0159et\u00e1hn\u011bte pole na m\u00edsto, kter\u00e9 preferujete. <\/p>\n","protected":false},"excerpt":{"rendered":"<p>Kdykoli m\u016f\u017eete vytvo\u0159it nov\u00e9 u\u017eivatelsk\u00e9 pole r\u016fzn\u00fdch datov\u00fdch typ\u016f (text, \u010d\u00edslo, ano\/ne volba, v\u00fdb\u011br z r\u016fzn\u00fdch hodnot, zem\u011b, st\u00e1t). Tyto hodnoty dodaj\u00ed cenn\u00e9 informace, kdy\u017e p\u0159ijde na segmentov\u00e1n\u00ed va\u0161eho seznamu. Uv\u011bdomte si, \u017ee ka\u017ed\u00e9 z t\u011bchto nov\u00fdch pol\u00ed bude automaticky dostupn\u00e9, kdy\u017e vytvo\u0159\u00edte p\u0159ihla\u0161ovac\u00ed formul\u00e1\u0159: budete schopni p\u0159idat je na p\u0159ihla\u0161ovac\u00ed formul\u00e1\u0159 k seznamu, pokud [&hellip;]<\/p>\n","protected":false},"author":1,"featured_media":0,"parent":4385,"menu_order":0,"comment_status":"closed","ping_status":"closed","template":"","meta":{"_acf_changed":false,"inline_featured_image":false,"footnotes":""},"g1_relation_tag":[],"class_list":["post-4422","page","type-page","status-publish","hentry"],"acf":[],"yoast_head":"<!-- This site is optimized with the Yoast SEO plugin v24.8.1 - https:\/\/yoast.com\/wordpress\/plugins\/seo\/ -->\n<title>U\u017eivatelsk\u00e1 pole - Emailchef<\/title>\n<meta name=\"robots\" content=\"index, follow, max-snippet:-1, max-image-preview:large, max-video-preview:-1\" \/>\n<link rel=\"canonical\" href=\"https:\/\/emailchef.com\/cs\/centrum-znalosti\/uzivatelska-pole\/\" \/>\n<meta name=\"twitter:label1\" content=\"Odhadovan\u00e1 doba \u010dten\u00ed\" \/>\n\t<meta name=\"twitter:data1\" content=\"1 minuta\" \/>\n<!-- \/ Yoast SEO plugin. -->","yoast_head_json":{"title":"U\u017eivatelsk\u00e1 pole - Emailchef","robots":{"index":"index","follow":"follow","max-snippet":"max-snippet:-1","max-image-preview":"max-image-preview:large","max-video-preview":"max-video-preview:-1"},"canonical":"https:\/\/emailchef.com\/cs\/centrum-znalosti\/uzivatelska-pole\/","twitter_misc":{"Odhadovan\u00e1 doba \u010dten\u00ed":"1 minuta"},"schema":{"@context":"https:\/\/schema.org","@graph":[{"@type":"WebPage","@id":"https:\/\/emailchef.com\/cs\/centrum-znalosti\/uzivatelska-pole\/","url":"https:\/\/emailchef.com\/cs\/centrum-znalosti\/uzivatelska-pole\/","name":"U\u017eivatelsk\u00e1 pole - Emailchef","isPartOf":{"@id":"https:\/\/emailchef.com\/cs\/#website"},"primaryImageOfPage":{"@id":"https:\/\/emailchef.com\/cs\/centrum-znalosti\/uzivatelska-pole\/#primaryimage"},"image":{"@id":"https:\/\/emailchef.com\/cs\/centrum-znalosti\/uzivatelska-pole\/#primaryimage"},"thumbnailUrl":"http:\/\/emailchef.com\/wp-content\/uploads\/2014\/09\/emailchef-screenshot-003.jpg","datePublished":"2014-09-22T08:25:39+00:00","dateModified":"2016-03-31T06:57:18+00:00","breadcrumb":{"@id":"https:\/\/emailchef.com\/cs\/centrum-znalosti\/uzivatelska-pole\/#breadcrumb"},"inLanguage":"cs","potentialAction":[{"@type":"ReadAction","target":["https:\/\/emailchef.com\/cs\/centrum-znalosti\/uzivatelska-pole\/"]}]},{"@type":"ImageObject","inLanguage":"cs","@id":"https:\/\/emailchef.com\/cs\/centrum-znalosti\/uzivatelska-pole\/#primaryimage","url":"http:\/\/emailchef.com\/wp-content\/uploads\/2014\/09\/emailchef-screenshot-003.jpg","contentUrl":"http:\/\/emailchef.com\/wp-content\/uploads\/2014\/09\/emailchef-screenshot-003.jpg"},{"@type":"BreadcrumbList","@id":"https:\/\/emailchef.com\/cs\/centrum-znalosti\/uzivatelska-pole\/#breadcrumb","itemListElement":[{"@type":"ListItem","position":1,"name":"Home","item":"https:\/\/emailchef.com\/cs\/emailchef-sluzby-email-marketingu\/"},{"@type":"ListItem","position":2,"name":"Centrum znalost\u00ed","item":"https:\/\/emailchef.com\/cs\/centrum-znalosti\/"},{"@type":"ListItem","position":3,"name":"U\u017eivatelsk\u00e1 pole"}]},{"@type":"WebSite","@id":"https:\/\/emailchef.com\/cs\/#website","url":"https:\/\/emailchef.com\/cs\/","name":"Emailchef","description":"Chutn\u00e9 recepty pro email marketing","publisher":{"@id":"https:\/\/emailchef.com\/cs\/#organization"},"potentialAction":[{"@type":"SearchAction","target":{"@type":"EntryPoint","urlTemplate":"https:\/\/emailchef.com\/cs\/?s={search_term_string}"},"query-input":{"@type":"PropertyValueSpecification","valueRequired":true,"valueName":"search_term_string"}}],"inLanguage":"cs"},{"@type":"Organization","@id":"https:\/\/emailchef.com\/cs\/#organization","name":"Delivery Tech Corp.","url":"https:\/\/emailchef.com\/cs\/","logo":{"@type":"ImageObject","inLanguage":"cs","@id":"https:\/\/emailchef.com\/cs\/#\/schema\/logo\/image\/","url":"https:\/\/emailchef.com\/wp-content\/uploads\/2022\/04\/logo-sama.png","contentUrl":"https:\/\/emailchef.com\/wp-content\/uploads\/2022\/04\/logo-sama.png","width":237,"height":80,"caption":"Delivery Tech Corp."},"image":{"@id":"https:\/\/emailchef.com\/cs\/#\/schema\/logo\/image\/"}}]}},"_links":{"self":[{"href":"https:\/\/emailchef.com\/cs\/wp-json\/wp\/v2\/pages\/4422"}],"collection":[{"href":"https:\/\/emailchef.com\/cs\/wp-json\/wp\/v2\/pages"}],"about":[{"href":"https:\/\/emailchef.com\/cs\/wp-json\/wp\/v2\/types\/page"}],"author":[{"embeddable":true,"href":"https:\/\/emailchef.com\/cs\/wp-json\/wp\/v2\/users\/1"}],"replies":[{"embeddable":true,"href":"https:\/\/emailchef.com\/cs\/wp-json\/wp\/v2\/comments?post=4422"}],"version-history":[{"count":1,"href":"https:\/\/emailchef.com\/cs\/wp-json\/wp\/v2\/pages\/4422\/revisions"}],"predecessor-version":[{"id":4423,"href":"https:\/\/emailchef.com\/cs\/wp-json\/wp\/v2\/pages\/4422\/revisions\/4423"}],"up":[{"embeddable":true,"href":"https:\/\/emailchef.com\/cs\/wp-json\/wp\/v2\/pages\/4385"}],"wp:attachment":[{"href":"https:\/\/emailchef.com\/cs\/wp-json\/wp\/v2\/media?parent=4422"}],"wp:term":[{"taxonomy":"g1_relation_tag","embeddable":true,"href":"https:\/\/emailchef.com\/cs\/wp-json\/wp\/v2\/g1_relation_tag?post=4422"}],"curies":[{"name":"wp","href":"https:\/\/api.w.org\/{rel}","templated":true}]}}