{"id":4420,"date":"2014-09-22T08:23:27","date_gmt":"2014-09-22T08:23:27","guid":{"rendered":"http:\/\/emailchef.com\/cs\/?page_id=4420"},"modified":"2016-03-31T06:56:13","modified_gmt":"2016-03-31T06:56:13","slug":"jak-exportovat-vase-kontakty","status":"publish","type":"page","link":"https:\/\/emailchef.com\/cs\/centrum-znalosti\/jak-exportovat-vase-kontakty\/","title":{"rendered":"Jak exportovat va\u0161e kontakty"},"content":{"rendered":"<p>Emailchef v\u00e1m umo\u017e\u0148uje exportovat va\u0161e kontakty b\u011bhem chvilky.<\/p>\n<p>Klikn\u011bte na \u201eExport kontakt\u016f\u201c a vyberte si, zda je chcete st\u00e1hnout jako JSON nebo CSV soubor.<\/p>\n<p><a href=\"http:\/\/emailchef.com\/wp-content\/uploads\/2014\/09\/export.jpg\" rel=\"attachment wp-att-3910\"><img fetchpriority=\"high\" decoding=\"async\" class=\"alignnone size-full wp-image-3910\" src=\"http:\/\/emailchef.com\/wp-content\/uploads\/2014\/09\/export.jpg\" alt=\"Jak exportovat va\u0161e kontakty\" width=\"1192\" height=\"447\" \/><\/a><\/p>\n","protected":false},"excerpt":{"rendered":"<p>Emailchef v\u00e1m umo\u017e\u0148uje exportovat va\u0161e kontakty b\u011bhem chvilky. Klikn\u011bte na \u201eExport kontakt\u016f\u201c a vyberte si, zda je chcete st\u00e1hnout jako JSON nebo CSV soubor.<\/p>\n","protected":false},"author":1,"featured_media":0,"parent":4385,"menu_order":0,"comment_status":"closed","ping_status":"closed","template":"","meta":{"_acf_changed":false,"inline_featured_image":false,"footnotes":""},"g1_relation_tag":[],"class_list":["post-4420","page","type-page","status-publish","hentry"],"acf":[],"yoast_head":"<!-- This site is optimized with the Yoast SEO plugin v24.8.1 - https:\/\/yoast.com\/wordpress\/plugins\/seo\/ -->\n<title>Jak exportovat va\u0161e kontakty - Emailchef<\/title>\n<meta name=\"robots\" content=\"index, follow, max-snippet:-1, max-image-preview:large, max-video-preview:-1\" \/>\n<link rel=\"canonical\" href=\"https:\/\/emailchef.com\/cs\/centrum-znalosti\/jak-exportovat-vase-kontakty\/\" \/>\n<!-- \/ Yoast SEO plugin. -->","yoast_head_json":{"title":"Jak exportovat va\u0161e kontakty - Emailchef","robots":{"index":"index","follow":"follow","max-snippet":"max-snippet:-1","max-image-preview":"max-image-preview:large","max-video-preview":"max-video-preview:-1"},"canonical":"https:\/\/emailchef.com\/cs\/centrum-znalosti\/jak-exportovat-vase-kontakty\/","schema":{"@context":"https:\/\/schema.org","@graph":[{"@type":"WebPage","@id":"https:\/\/emailchef.com\/cs\/centrum-znalosti\/jak-exportovat-vase-kontakty\/","url":"https:\/\/emailchef.com\/cs\/centrum-znalosti\/jak-exportovat-vase-kontakty\/","name":"Jak exportovat va\u0161e kontakty - Emailchef","isPartOf":{"@id":"https:\/\/emailchef.com\/cs\/#website"},"primaryImageOfPage":{"@id":"https:\/\/emailchef.com\/cs\/centrum-znalosti\/jak-exportovat-vase-kontakty\/#primaryimage"},"image":{"@id":"https:\/\/emailchef.com\/cs\/centrum-znalosti\/jak-exportovat-vase-kontakty\/#primaryimage"},"thumbnailUrl":"http:\/\/emailchef.com\/wp-content\/uploads\/2014\/09\/export.jpg","datePublished":"2014-09-22T08:23:27+00:00","dateModified":"2016-03-31T06:56:13+00:00","breadcrumb":{"@id":"https:\/\/emailchef.com\/cs\/centrum-znalosti\/jak-exportovat-vase-kontakty\/#breadcrumb"},"inLanguage":"cs","potentialAction":[{"@type":"ReadAction","target":["https:\/\/emailchef.com\/cs\/centrum-znalosti\/jak-exportovat-vase-kontakty\/"]}]},{"@type":"ImageObject","inLanguage":"cs","@id":"https:\/\/emailchef.com\/cs\/centrum-znalosti\/jak-exportovat-vase-kontakty\/#primaryimage","url":"http:\/\/emailchef.com\/wp-content\/uploads\/2014\/09\/export.jpg","contentUrl":"http:\/\/emailchef.com\/wp-content\/uploads\/2014\/09\/export.jpg"},{"@type":"BreadcrumbList","@id":"https:\/\/emailchef.com\/cs\/centrum-znalosti\/jak-exportovat-vase-kontakty\/#breadcrumb","itemListElement":[{"@type":"ListItem","position":1,"name":"Home","item":"https:\/\/emailchef.com\/cs\/emailchef-sluzby-email-marketingu\/"},{"@type":"ListItem","position":2,"name":"Centrum znalost\u00ed","item":"https:\/\/emailchef.com\/cs\/centrum-znalosti\/"},{"@type":"ListItem","position":3,"name":"Jak exportovat va\u0161e kontakty"}]},{"@type":"WebSite","@id":"https:\/\/emailchef.com\/cs\/#website","url":"https:\/\/emailchef.com\/cs\/","name":"Emailchef","description":"Chutn\u00e9 recepty pro email marketing","publisher":{"@id":"https:\/\/emailchef.com\/cs\/#organization"},"potentialAction":[{"@type":"SearchAction","target":{"@type":"EntryPoint","urlTemplate":"https:\/\/emailchef.com\/cs\/?s={search_term_string}"},"query-input":{"@type":"PropertyValueSpecification","valueRequired":true,"valueName":"search_term_string"}}],"inLanguage":"cs"},{"@type":"Organization","@id":"https:\/\/emailchef.com\/cs\/#organization","name":"Delivery Tech Corp.","url":"https:\/\/emailchef.com\/cs\/","logo":{"@type":"ImageObject","inLanguage":"cs","@id":"https:\/\/emailchef.com\/cs\/#\/schema\/logo\/image\/","url":"https:\/\/emailchef.com\/wp-content\/uploads\/2022\/04\/logo-sama.png","contentUrl":"https:\/\/emailchef.com\/wp-content\/uploads\/2022\/04\/logo-sama.png","width":237,"height":80,"caption":"Delivery Tech Corp."},"image":{"@id":"https:\/\/emailchef.com\/cs\/#\/schema\/logo\/image\/"}}]}},"_links":{"self":[{"href":"https:\/\/emailchef.com\/cs\/wp-json\/wp\/v2\/pages\/4420"}],"collection":[{"href":"https:\/\/emailchef.com\/cs\/wp-json\/wp\/v2\/pages"}],"about":[{"href":"https:\/\/emailchef.com\/cs\/wp-json\/wp\/v2\/types\/page"}],"author":[{"embeddable":true,"href":"https:\/\/emailchef.com\/cs\/wp-json\/wp\/v2\/users\/1"}],"replies":[{"embeddable":true,"href":"https:\/\/emailchef.com\/cs\/wp-json\/wp\/v2\/comments?post=4420"}],"version-history":[{"count":1,"href":"https:\/\/emailchef.com\/cs\/wp-json\/wp\/v2\/pages\/4420\/revisions"}],"predecessor-version":[{"id":4421,"href":"https:\/\/emailchef.com\/cs\/wp-json\/wp\/v2\/pages\/4420\/revisions\/4421"}],"up":[{"embeddable":true,"href":"https:\/\/emailchef.com\/cs\/wp-json\/wp\/v2\/pages\/4385"}],"wp:attachment":[{"href":"https:\/\/emailchef.com\/cs\/wp-json\/wp\/v2\/media?parent=4420"}],"wp:term":[{"taxonomy":"g1_relation_tag","embeddable":true,"href":"https:\/\/emailchef.com\/cs\/wp-json\/wp\/v2\/g1_relation_tag?post=4420"}],"curies":[{"name":"wp","href":"https:\/\/api.w.org\/{rel}","templated":true}]}}