{"id":4415,"date":"2014-09-22T08:22:58","date_gmt":"2014-09-22T08:22:58","guid":{"rendered":"http:\/\/emailchef.com\/cs\/?page_id=4415"},"modified":"2016-03-31T06:54:17","modified_gmt":"2016-03-31T06:54:17","slug":"uprava-detailu-jednoho-prijemce","status":"publish","type":"page","link":"https:\/\/emailchef.com\/cs\/centrum-znalosti\/uprava-detailu-jednoho-prijemce\/","title":{"rendered":"\u00daprava detail\u016f jednoho p\u0159\u00edjemce"},"content":{"rendered":"<p>Emailchef v\u00e1m umo\u017e\u0148uje exportovat va\u0161e kontakty b\u011bhem chvilky. <\/p>\n<p><a href=\"http:\/\/emailchef.com\/wp-content\/uploads\/2014\/09\/detais.jpg\"><img fetchpriority=\"high\" decoding=\"async\" class=\"alignnone wp-image-3973 size-full\" src=\"http:\/\/emailchef.com\/wp-content\/uploads\/2014\/09\/detais.jpg\" alt=\"\u00daprava detail\u016f jednoho p\u0159\u00edjemce \" width=\"1188\" height=\"457\" \/><\/a><\/p>\n<p>Klikn\u011bte na \u201eExport kontakt\u016f\u201c a vyberte si, zda je chcete st\u00e1hnout jako JSON nebo CSV soubor.<\/p>\n","protected":false},"excerpt":{"rendered":"<p>Emailchef v\u00e1m umo\u017e\u0148uje exportovat va\u0161e kontakty b\u011bhem chvilky. Klikn\u011bte na \u201eExport kontakt\u016f\u201c a vyberte si, zda je chcete st\u00e1hnout jako JSON nebo CSV soubor.<\/p>\n","protected":false},"author":1,"featured_media":0,"parent":4385,"menu_order":0,"comment_status":"closed","ping_status":"closed","template":"","meta":{"_acf_changed":false,"inline_featured_image":false,"footnotes":""},"g1_relation_tag":[],"class_list":["post-4415","page","type-page","status-publish","hentry"],"acf":[],"yoast_head":"<!-- This site is optimized with the Yoast SEO plugin v24.8.1 - https:\/\/yoast.com\/wordpress\/plugins\/seo\/ -->\n<title>\u00daprava detail\u016f jednoho p\u0159\u00edjemce - Emailchef<\/title>\n<meta name=\"robots\" content=\"index, follow, max-snippet:-1, max-image-preview:large, max-video-preview:-1\" \/>\n<link rel=\"canonical\" href=\"https:\/\/emailchef.com\/cs\/centrum-znalosti\/uprava-detailu-jednoho-prijemce\/\" \/>\n<!-- \/ Yoast SEO plugin. -->","yoast_head_json":{"title":"\u00daprava detail\u016f jednoho p\u0159\u00edjemce - Emailchef","robots":{"index":"index","follow":"follow","max-snippet":"max-snippet:-1","max-image-preview":"max-image-preview:large","max-video-preview":"max-video-preview:-1"},"canonical":"https:\/\/emailchef.com\/cs\/centrum-znalosti\/uprava-detailu-jednoho-prijemce\/","schema":{"@context":"https:\/\/schema.org","@graph":[{"@type":"WebPage","@id":"https:\/\/emailchef.com\/cs\/centrum-znalosti\/uprava-detailu-jednoho-prijemce\/","url":"https:\/\/emailchef.com\/cs\/centrum-znalosti\/uprava-detailu-jednoho-prijemce\/","name":"\u00daprava detail\u016f jednoho p\u0159\u00edjemce - Emailchef","isPartOf":{"@id":"https:\/\/emailchef.com\/cs\/#website"},"primaryImageOfPage":{"@id":"https:\/\/emailchef.com\/cs\/centrum-znalosti\/uprava-detailu-jednoho-prijemce\/#primaryimage"},"image":{"@id":"https:\/\/emailchef.com\/cs\/centrum-znalosti\/uprava-detailu-jednoho-prijemce\/#primaryimage"},"thumbnailUrl":"http:\/\/emailchef.com\/wp-content\/uploads\/2014\/09\/detais.jpg","datePublished":"2014-09-22T08:22:58+00:00","dateModified":"2016-03-31T06:54:17+00:00","breadcrumb":{"@id":"https:\/\/emailchef.com\/cs\/centrum-znalosti\/uprava-detailu-jednoho-prijemce\/#breadcrumb"},"inLanguage":"cs","potentialAction":[{"@type":"ReadAction","target":["https:\/\/emailchef.com\/cs\/centrum-znalosti\/uprava-detailu-jednoho-prijemce\/"]}]},{"@type":"ImageObject","inLanguage":"cs","@id":"https:\/\/emailchef.com\/cs\/centrum-znalosti\/uprava-detailu-jednoho-prijemce\/#primaryimage","url":"http:\/\/emailchef.com\/wp-content\/uploads\/2014\/09\/detais.jpg","contentUrl":"http:\/\/emailchef.com\/wp-content\/uploads\/2014\/09\/detais.jpg"},{"@type":"BreadcrumbList","@id":"https:\/\/emailchef.com\/cs\/centrum-znalosti\/uprava-detailu-jednoho-prijemce\/#breadcrumb","itemListElement":[{"@type":"ListItem","position":1,"name":"Home","item":"https:\/\/emailchef.com\/cs\/emailchef-sluzby-email-marketingu\/"},{"@type":"ListItem","position":2,"name":"Centrum znalost\u00ed","item":"https:\/\/emailchef.com\/cs\/centrum-znalosti\/"},{"@type":"ListItem","position":3,"name":"\u00daprava detail\u016f jednoho p\u0159\u00edjemce"}]},{"@type":"WebSite","@id":"https:\/\/emailchef.com\/cs\/#website","url":"https:\/\/emailchef.com\/cs\/","name":"Emailchef","description":"Chutn\u00e9 recepty pro email marketing","publisher":{"@id":"https:\/\/emailchef.com\/cs\/#organization"},"potentialAction":[{"@type":"SearchAction","target":{"@type":"EntryPoint","urlTemplate":"https:\/\/emailchef.com\/cs\/?s={search_term_string}"},"query-input":{"@type":"PropertyValueSpecification","valueRequired":true,"valueName":"search_term_string"}}],"inLanguage":"cs"},{"@type":"Organization","@id":"https:\/\/emailchef.com\/cs\/#organization","name":"Delivery Tech Corp.","url":"https:\/\/emailchef.com\/cs\/","logo":{"@type":"ImageObject","inLanguage":"cs","@id":"https:\/\/emailchef.com\/cs\/#\/schema\/logo\/image\/","url":"https:\/\/emailchef.com\/wp-content\/uploads\/2022\/04\/logo-sama.png","contentUrl":"https:\/\/emailchef.com\/wp-content\/uploads\/2022\/04\/logo-sama.png","width":237,"height":80,"caption":"Delivery Tech Corp."},"image":{"@id":"https:\/\/emailchef.com\/cs\/#\/schema\/logo\/image\/"}}]}},"_links":{"self":[{"href":"https:\/\/emailchef.com\/cs\/wp-json\/wp\/v2\/pages\/4415"}],"collection":[{"href":"https:\/\/emailchef.com\/cs\/wp-json\/wp\/v2\/pages"}],"about":[{"href":"https:\/\/emailchef.com\/cs\/wp-json\/wp\/v2\/types\/page"}],"author":[{"embeddable":true,"href":"https:\/\/emailchef.com\/cs\/wp-json\/wp\/v2\/users\/1"}],"replies":[{"embeddable":true,"href":"https:\/\/emailchef.com\/cs\/wp-json\/wp\/v2\/comments?post=4415"}],"version-history":[{"count":1,"href":"https:\/\/emailchef.com\/cs\/wp-json\/wp\/v2\/pages\/4415\/revisions"}],"predecessor-version":[{"id":4416,"href":"https:\/\/emailchef.com\/cs\/wp-json\/wp\/v2\/pages\/4415\/revisions\/4416"}],"up":[{"embeddable":true,"href":"https:\/\/emailchef.com\/cs\/wp-json\/wp\/v2\/pages\/4385"}],"wp:attachment":[{"href":"https:\/\/emailchef.com\/cs\/wp-json\/wp\/v2\/media?parent=4415"}],"wp:term":[{"taxonomy":"g1_relation_tag","embeddable":true,"href":"https:\/\/emailchef.com\/cs\/wp-json\/wp\/v2\/g1_relation_tag?post=4415"}],"curies":[{"name":"wp","href":"https:\/\/api.w.org\/{rel}","templated":true}]}}