{"id":4413,"date":"2014-09-22T08:22:27","date_gmt":"2014-09-22T08:22:27","guid":{"rendered":"http:\/\/emailchef.com\/cs\/?page_id=4413"},"modified":"2016-03-31T06:53:24","modified_gmt":"2016-03-31T06:53:24","slug":"sprava-existujicich-seznamu","status":"publish","type":"page","link":"https:\/\/emailchef.com\/cs\/centrum-znalosti\/sprava-existujicich-seznamu\/","title":{"rendered":"Spr\u00e1va existuj\u00edc\u00edch seznam\u016f"},"content":{"rendered":"<p>Jakmile jste vytvo\u0159ili jeden nebo v\u00edce seznam\u016f, bude je hlavn\u00ed str\u00e1nka spr\u00e1vy seznam\u016f m\u00edt. Nyn\u00ed pokud kliknete na jak\u00e9koli jm\u00e9no seznamu, budete jej moci upravovat podle vlastn\u00ed volby:<\/p>\n<p><a href=\"http:\/\/emailchef.com\/wp-content\/uploads\/2014\/09\/List.jpg\"><img fetchpriority=\"high\" decoding=\"async\" class=\"alignnone wp-image-3996 size-full\" src=\"http:\/\/emailchef.com\/wp-content\/uploads\/2014\/09\/List.jpg\" alt=\"Spr\u00e1va existuj\u00edc\u00edch seznam\u016f\" width=\"1190\" height=\"464\" \/><\/a><\/p>\n<p>Jak m\u016f\u017eete vid\u011bt, s\u00e1m seznam je zobrazen\u00fd adresu po adrese: funguje to po z\u00e1lo\u017ek\u00e1ch, kde si m\u016f\u017eete vybrat v\u0161echny aktivn\u00ed kontakty; kontakty, kter\u00e9 se odhl\u00e1sili; tak\u00e9 ty, kter\u00e9 nebyli doru\u010den\u00e9; nebo ty co hodili va\u0161i zpr\u00e1vu do spamu. Pokud hled\u00e1te konkr\u00e9tn\u00ed adresu, m\u016f\u017eete pou\u017e\u00edt vyhled\u00e1v\u00e1n\u00ed na prav\u00e9 stran\u011b.<\/p>\n<p>V ka\u017ed\u00e9 chv\u00edli budete schopni importovat nov\u00e9 kontakty nebo p\u0159idat jeden kontakt (prvn\u00ed 2 modr\u00e1 tla\u010d\u00edtka napravo). Dal\u0161\u00ed mo\u017enosti jsou do detailu popsan\u00e9 v dal\u0161\u00edch odstavc\u00edch.  <\/p>\n","protected":false},"excerpt":{"rendered":"<p>Jakmile jste vytvo\u0159ili jeden nebo v\u00edce seznam\u016f, bude je hlavn\u00ed str\u00e1nka spr\u00e1vy seznam\u016f m\u00edt. Nyn\u00ed pokud kliknete na jak\u00e9koli jm\u00e9no seznamu, budete jej moci upravovat podle vlastn\u00ed volby: Jak m\u016f\u017eete vid\u011bt, s\u00e1m seznam je zobrazen\u00fd adresu po adrese: funguje to po z\u00e1lo\u017ek\u00e1ch, kde si m\u016f\u017eete vybrat v\u0161echny aktivn\u00ed kontakty; kontakty, kter\u00e9 se odhl\u00e1sili; tak\u00e9 ty, [&hellip;]<\/p>\n","protected":false},"author":1,"featured_media":0,"parent":4385,"menu_order":0,"comment_status":"closed","ping_status":"closed","template":"","meta":{"_acf_changed":false,"inline_featured_image":false,"footnotes":""},"g1_relation_tag":[],"class_list":["post-4413","page","type-page","status-publish","hentry"],"acf":[],"yoast_head":"<!-- This site is optimized with the Yoast SEO plugin v24.8.1 - https:\/\/yoast.com\/wordpress\/plugins\/seo\/ -->\n<title>Spr\u00e1va existuj\u00edc\u00edch seznam\u016f - Emailchef<\/title>\n<meta name=\"robots\" content=\"index, follow, max-snippet:-1, max-image-preview:large, max-video-preview:-1\" \/>\n<link rel=\"canonical\" href=\"https:\/\/emailchef.com\/cs\/centrum-znalosti\/sprava-existujicich-seznamu\/\" \/>\n<meta name=\"twitter:label1\" content=\"Odhadovan\u00e1 doba \u010dten\u00ed\" \/>\n\t<meta name=\"twitter:data1\" content=\"1 minuta\" \/>\n<!-- \/ Yoast SEO plugin. -->","yoast_head_json":{"title":"Spr\u00e1va existuj\u00edc\u00edch seznam\u016f - Emailchef","robots":{"index":"index","follow":"follow","max-snippet":"max-snippet:-1","max-image-preview":"max-image-preview:large","max-video-preview":"max-video-preview:-1"},"canonical":"https:\/\/emailchef.com\/cs\/centrum-znalosti\/sprava-existujicich-seznamu\/","twitter_misc":{"Odhadovan\u00e1 doba \u010dten\u00ed":"1 minuta"},"schema":{"@context":"https:\/\/schema.org","@graph":[{"@type":"WebPage","@id":"https:\/\/emailchef.com\/cs\/centrum-znalosti\/sprava-existujicich-seznamu\/","url":"https:\/\/emailchef.com\/cs\/centrum-znalosti\/sprava-existujicich-seznamu\/","name":"Spr\u00e1va existuj\u00edc\u00edch seznam\u016f - Emailchef","isPartOf":{"@id":"https:\/\/emailchef.com\/cs\/#website"},"primaryImageOfPage":{"@id":"https:\/\/emailchef.com\/cs\/centrum-znalosti\/sprava-existujicich-seznamu\/#primaryimage"},"image":{"@id":"https:\/\/emailchef.com\/cs\/centrum-znalosti\/sprava-existujicich-seznamu\/#primaryimage"},"thumbnailUrl":"http:\/\/emailchef.com\/wp-content\/uploads\/2014\/09\/List.jpg","datePublished":"2014-09-22T08:22:27+00:00","dateModified":"2016-03-31T06:53:24+00:00","breadcrumb":{"@id":"https:\/\/emailchef.com\/cs\/centrum-znalosti\/sprava-existujicich-seznamu\/#breadcrumb"},"inLanguage":"cs","potentialAction":[{"@type":"ReadAction","target":["https:\/\/emailchef.com\/cs\/centrum-znalosti\/sprava-existujicich-seznamu\/"]}]},{"@type":"ImageObject","inLanguage":"cs","@id":"https:\/\/emailchef.com\/cs\/centrum-znalosti\/sprava-existujicich-seznamu\/#primaryimage","url":"http:\/\/emailchef.com\/wp-content\/uploads\/2014\/09\/List.jpg","contentUrl":"http:\/\/emailchef.com\/wp-content\/uploads\/2014\/09\/List.jpg"},{"@type":"BreadcrumbList","@id":"https:\/\/emailchef.com\/cs\/centrum-znalosti\/sprava-existujicich-seznamu\/#breadcrumb","itemListElement":[{"@type":"ListItem","position":1,"name":"Home","item":"https:\/\/emailchef.com\/cs\/emailchef-sluzby-email-marketingu\/"},{"@type":"ListItem","position":2,"name":"Centrum znalost\u00ed","item":"https:\/\/emailchef.com\/cs\/centrum-znalosti\/"},{"@type":"ListItem","position":3,"name":"Spr\u00e1va existuj\u00edc\u00edch seznam\u016f"}]},{"@type":"WebSite","@id":"https:\/\/emailchef.com\/cs\/#website","url":"https:\/\/emailchef.com\/cs\/","name":"Emailchef","description":"Chutn\u00e9 recepty pro email marketing","publisher":{"@id":"https:\/\/emailchef.com\/cs\/#organization"},"potentialAction":[{"@type":"SearchAction","target":{"@type":"EntryPoint","urlTemplate":"https:\/\/emailchef.com\/cs\/?s={search_term_string}"},"query-input":{"@type":"PropertyValueSpecification","valueRequired":true,"valueName":"search_term_string"}}],"inLanguage":"cs"},{"@type":"Organization","@id":"https:\/\/emailchef.com\/cs\/#organization","name":"Delivery Tech Corp.","url":"https:\/\/emailchef.com\/cs\/","logo":{"@type":"ImageObject","inLanguage":"cs","@id":"https:\/\/emailchef.com\/cs\/#\/schema\/logo\/image\/","url":"https:\/\/emailchef.com\/wp-content\/uploads\/2022\/04\/logo-sama.png","contentUrl":"https:\/\/emailchef.com\/wp-content\/uploads\/2022\/04\/logo-sama.png","width":237,"height":80,"caption":"Delivery Tech Corp."},"image":{"@id":"https:\/\/emailchef.com\/cs\/#\/schema\/logo\/image\/"}}]}},"_links":{"self":[{"href":"https:\/\/emailchef.com\/cs\/wp-json\/wp\/v2\/pages\/4413"}],"collection":[{"href":"https:\/\/emailchef.com\/cs\/wp-json\/wp\/v2\/pages"}],"about":[{"href":"https:\/\/emailchef.com\/cs\/wp-json\/wp\/v2\/types\/page"}],"author":[{"embeddable":true,"href":"https:\/\/emailchef.com\/cs\/wp-json\/wp\/v2\/users\/1"}],"replies":[{"embeddable":true,"href":"https:\/\/emailchef.com\/cs\/wp-json\/wp\/v2\/comments?post=4413"}],"version-history":[{"count":1,"href":"https:\/\/emailchef.com\/cs\/wp-json\/wp\/v2\/pages\/4413\/revisions"}],"predecessor-version":[{"id":4414,"href":"https:\/\/emailchef.com\/cs\/wp-json\/wp\/v2\/pages\/4413\/revisions\/4414"}],"up":[{"embeddable":true,"href":"https:\/\/emailchef.com\/cs\/wp-json\/wp\/v2\/pages\/4385"}],"wp:attachment":[{"href":"https:\/\/emailchef.com\/cs\/wp-json\/wp\/v2\/media?parent=4413"}],"wp:term":[{"taxonomy":"g1_relation_tag","embeddable":true,"href":"https:\/\/emailchef.com\/cs\/wp-json\/wp\/v2\/g1_relation_tag?post=4413"}],"curies":[{"name":"wp","href":"https:\/\/api.w.org\/{rel}","templated":true}]}}