{"id":4411,"date":"2014-09-22T08:21:55","date_gmt":"2014-09-22T08:21:55","guid":{"rendered":"http:\/\/emailchef.com\/cs\/?page_id=4411"},"modified":"2016-03-31T06:51:56","modified_gmt":"2016-03-31T06:51:56","slug":"jak-pridat-kontakty","status":"publish","type":"page","link":"https:\/\/emailchef.com\/cs\/centrum-znalosti\/jak-pridat-kontakty\/","title":{"rendered":"Jak p\u0159idat kontakty"},"content":{"rendered":"<p>Na str\u00e1nce spr\u00e1vy seznam\u016f, klikn\u011bte na \u201eImportovan\u00e9 seznamy\u201c; dostanete se na tuto str\u00e1nku:  <\/p>\n<p><a href=\"https:\/\/emailchef.com\/wp-content\/uploads\/2014\/09\/list_1.jpg\"><img fetchpriority=\"high\" decoding=\"async\" class=\"alignnone wp-image-3987 size-full\" src=\"https:\/\/emailchef.com\/wp-content\/uploads\/2014\/09\/list_1.jpg\" alt=\"Jak p\u0159idat kontakty\" width=\"1185\" height=\"619\" \/><\/a><\/p>\n<p>Jak je ji\u017e zv\u00fdrazn\u011bno v mo\u017enostech, jsou 3 metody jak p\u0159idat kontakty na v\u00e1\u0161 seznam; poj\u010fme se na n\u011b pod\u00edvat jeden po druh\u00e9m.<\/p>\n<p>1. Nejprve je m\u016f\u017eete nahr\u00e1t ze souboru nebo z extern\u00edho URL. M\u016f\u017eete pou\u017e\u00edt XLS, XLSX, ODS a CSV soubory (nebo \u010d\u00e1rkou odd\u011blen\u00e9 hodnoty v TXT souboru). V\u0161imn\u011bte si pros\u00edm, \u017ee m\u016f\u017eete vyu\u017e\u00edt v\u00fdhod tabulkov\u00fdch struktur k p\u0159id\u00e1n\u00ed n\u011bkolika popisn\u00fdch pol\u00ed: nap\u0159\u00edklad emaily (sloupec 1), jm\u00e9no (sloupec 2), p\u0159\u00edjmen\u00ed (sloupec 3).<br \/>\nJakmile to m\u00e1te hotov\u00e9, klikn\u011bte na zelen\u00e9 tla\u010d\u00edtko \u201eImportovat\u201c na pravo: Emailchef se postar\u00e1 o zbytek. Jakmile se dokon\u010d\u00ed nahr\u00e1v\u00e1n\u00ed, budete p\u0159esm\u011brov\u00e1ni na novou str\u00e1nku:  <\/p>\n<p><a href=\"https:\/\/emailchef.com\/wp-content\/uploads\/2014\/09\/list_2.jpg\"><img decoding=\"async\" class=\"alignnone wp-image-3989 size-full\" title=\"mailchef review import contacts\" src=\"https:\/\/emailchef.com\/wp-content\/uploads\/2014\/09\/list_2.jpg\" alt=\"Jak p\u0159idat kontakty\" width=\"1185\" height=\"703\" \/><\/a><\/p>\n<p>Zde m\u016f\u017eete zkontrolovat shodu mezi sloupci z va\u0161eho souboru a poli v seznamu. V p\u0159\u00edkladu v\u00fd\u0161e jsme nahr\u00e1li seznam jen se t\u0159emi kontakty, kde prvn\u00ed pole je emailov\u00e1 adresa, druh\u00e9 jm\u00e9no a t\u0159et\u00ed p\u0159\u00edjmen\u00ed. V\u0161imn\u011bte si, \u017ee Emailchef bude automaticky ignorovat v\u0161echny duplicity a neimportuje je.<\/p>\n<p>M\u016f\u017eete tak\u00e9 vytvo\u0159it nov\u00e9 pole na t\u00e9to str\u00e1nce; klikn\u011bte na rozbalovac\u00ed menu a klikn\u011bte na \u201eVytvo\u0159it nov\u00e9 pole\u201c, pak nastavte jeho detaily ve vyskakovac\u00edm okn\u011b:<\/p>\n<p><a href=\"https:\/\/emailchef.com\/wp-content\/uploads\/2014\/09\/list_3.jpg\"><img decoding=\"async\" class=\"alignnone wp-image-3990 size-full\" src=\"https:\/\/emailchef.com\/wp-content\/uploads\/2014\/09\/list_3.jpg\" alt=\"Jak p\u0159idat kontakty\" width=\"547\" height=\"390\" \/><\/a><\/p>\n<p>V p\u0159\u00edkladu v\u00fd\u0161e jsme definovali pole \u201eJm\u00e9no\u201c a \u201eP\u0159\u00edjmen\u00ed\u201c. Z\u00e1stupn\u00e1 pole jsou generov\u00e1n automaticky. <\/p>\n<p>2. M\u016f\u017eete p\u0159idat sv\u00e9 kontakty ru\u010dn\u011b, jeden po druh\u00e9m, po staru. Zde je jedin\u00fdm povinn\u00fdm polem \u201eemail\u201c, ale m\u016f\u017eete p\u0159idat a\u017e 4 dal\u0161\u00ed popisn\u00e1 pole. <\/p>\n<p><a href=\"https:\/\/emailchef.com\/wp-content\/uploads\/2014\/09\/list_4.jpg\"><img loading=\"lazy\" decoding=\"async\" class=\"alignnone wp-image-3991 size-full\" src=\"https:\/\/emailchef.com\/wp-content\/uploads\/2014\/09\/list_4.jpg\" alt=\"Jak p\u0159idat kontakty\" width=\"1188\" height=\"613\" \/><\/a><\/p>\n<p>3. Finally, you can <strong>add your contacts manually<\/strong>, one by one, old style. Here the only mandatory field is &#8220;email&#8221;, but you can add up to 4 other descriptive fields:<\/p>\n<p><a href=\"https:\/\/emailchef.com\/wp-content\/uploads\/2014\/09\/list_5.jpg\"><img loading=\"lazy\" decoding=\"async\" class=\"alignnone wp-image-3992 size-full\" src=\"https:\/\/emailchef.com\/wp-content\/uploads\/2014\/09\/list_5.jpg\" alt=\"Jak p\u0159idat kontakty\" width=\"1188\" height=\"588\" \/><\/a><\/p>\n<p>M\u016f\u017eete tak\u00e9 p\u0159idat dal\u0161\u00ed detaily odd\u011blen\u00e9 \u010d\u00e1rkou jako v p\u0159\u00edkladu uveden\u00e9ho v boxu; to n\u00e1m pom\u016f\u017ee spojit hodnoty s u\u017eivatelsk\u00fdmi poli v seznamu v dal\u0161\u00edm kroku. <\/p>\n","protected":false},"excerpt":{"rendered":"<p>Na str\u00e1nce spr\u00e1vy seznam\u016f, klikn\u011bte na \u201eImportovan\u00e9 seznamy\u201c; dostanete se na tuto str\u00e1nku: Jak je ji\u017e zv\u00fdrazn\u011bno v mo\u017enostech, jsou 3 metody jak p\u0159idat kontakty na v\u00e1\u0161 seznam; poj\u010fme se na n\u011b pod\u00edvat jeden po druh\u00e9m. 1. Nejprve je m\u016f\u017eete nahr\u00e1t ze souboru nebo z extern\u00edho URL. M\u016f\u017eete pou\u017e\u00edt XLS, XLSX, ODS a CSV soubory [&hellip;]<\/p>\n","protected":false},"author":1,"featured_media":0,"parent":4385,"menu_order":0,"comment_status":"closed","ping_status":"closed","template":"","meta":{"_acf_changed":false,"inline_featured_image":false,"footnotes":""},"g1_relation_tag":[],"class_list":["post-4411","page","type-page","status-publish","hentry"],"acf":[],"yoast_head":"<!-- This site is optimized with the Yoast SEO plugin v24.8.1 - https:\/\/yoast.com\/wordpress\/plugins\/seo\/ -->\n<title>Jak p\u0159idat kontakty - Emailchef<\/title>\n<meta name=\"robots\" content=\"index, follow, max-snippet:-1, max-image-preview:large, max-video-preview:-1\" \/>\n<link rel=\"canonical\" href=\"https:\/\/emailchef.com\/cs\/centrum-znalosti\/jak-pridat-kontakty\/\" \/>\n<meta name=\"twitter:label1\" content=\"Odhadovan\u00e1 doba \u010dten\u00ed\" \/>\n\t<meta name=\"twitter:data1\" content=\"2 minuty\" \/>\n<!-- \/ Yoast SEO plugin. -->","yoast_head_json":{"title":"Jak p\u0159idat kontakty - Emailchef","robots":{"index":"index","follow":"follow","max-snippet":"max-snippet:-1","max-image-preview":"max-image-preview:large","max-video-preview":"max-video-preview:-1"},"canonical":"https:\/\/emailchef.com\/cs\/centrum-znalosti\/jak-pridat-kontakty\/","twitter_misc":{"Odhadovan\u00e1 doba \u010dten\u00ed":"2 minuty"},"schema":{"@context":"https:\/\/schema.org","@graph":[{"@type":"WebPage","@id":"https:\/\/emailchef.com\/cs\/centrum-znalosti\/jak-pridat-kontakty\/","url":"https:\/\/emailchef.com\/cs\/centrum-znalosti\/jak-pridat-kontakty\/","name":"Jak p\u0159idat kontakty - Emailchef","isPartOf":{"@id":"https:\/\/emailchef.com\/cs\/#website"},"primaryImageOfPage":{"@id":"https:\/\/emailchef.com\/cs\/centrum-znalosti\/jak-pridat-kontakty\/#primaryimage"},"image":{"@id":"https:\/\/emailchef.com\/cs\/centrum-znalosti\/jak-pridat-kontakty\/#primaryimage"},"thumbnailUrl":"https:\/\/emailchef.com\/wp-content\/uploads\/2014\/09\/list_1.jpg","datePublished":"2014-09-22T08:21:55+00:00","dateModified":"2016-03-31T06:51:56+00:00","breadcrumb":{"@id":"https:\/\/emailchef.com\/cs\/centrum-znalosti\/jak-pridat-kontakty\/#breadcrumb"},"inLanguage":"cs","potentialAction":[{"@type":"ReadAction","target":["https:\/\/emailchef.com\/cs\/centrum-znalosti\/jak-pridat-kontakty\/"]}]},{"@type":"ImageObject","inLanguage":"cs","@id":"https:\/\/emailchef.com\/cs\/centrum-znalosti\/jak-pridat-kontakty\/#primaryimage","url":"https:\/\/emailchef.com\/wp-content\/uploads\/2014\/09\/list_1.jpg","contentUrl":"https:\/\/emailchef.com\/wp-content\/uploads\/2014\/09\/list_1.jpg"},{"@type":"BreadcrumbList","@id":"https:\/\/emailchef.com\/cs\/centrum-znalosti\/jak-pridat-kontakty\/#breadcrumb","itemListElement":[{"@type":"ListItem","position":1,"name":"Home","item":"https:\/\/emailchef.com\/cs\/emailchef-sluzby-email-marketingu\/"},{"@type":"ListItem","position":2,"name":"Centrum znalost\u00ed","item":"https:\/\/emailchef.com\/cs\/centrum-znalosti\/"},{"@type":"ListItem","position":3,"name":"Jak p\u0159idat kontakty"}]},{"@type":"WebSite","@id":"https:\/\/emailchef.com\/cs\/#website","url":"https:\/\/emailchef.com\/cs\/","name":"Emailchef","description":"Chutn\u00e9 recepty pro email marketing","publisher":{"@id":"https:\/\/emailchef.com\/cs\/#organization"},"potentialAction":[{"@type":"SearchAction","target":{"@type":"EntryPoint","urlTemplate":"https:\/\/emailchef.com\/cs\/?s={search_term_string}"},"query-input":{"@type":"PropertyValueSpecification","valueRequired":true,"valueName":"search_term_string"}}],"inLanguage":"cs"},{"@type":"Organization","@id":"https:\/\/emailchef.com\/cs\/#organization","name":"Delivery Tech Corp.","url":"https:\/\/emailchef.com\/cs\/","logo":{"@type":"ImageObject","inLanguage":"cs","@id":"https:\/\/emailchef.com\/cs\/#\/schema\/logo\/image\/","url":"https:\/\/emailchef.com\/wp-content\/uploads\/2022\/04\/logo-sama.png","contentUrl":"https:\/\/emailchef.com\/wp-content\/uploads\/2022\/04\/logo-sama.png","width":237,"height":80,"caption":"Delivery Tech Corp."},"image":{"@id":"https:\/\/emailchef.com\/cs\/#\/schema\/logo\/image\/"}}]}},"_links":{"self":[{"href":"https:\/\/emailchef.com\/cs\/wp-json\/wp\/v2\/pages\/4411"}],"collection":[{"href":"https:\/\/emailchef.com\/cs\/wp-json\/wp\/v2\/pages"}],"about":[{"href":"https:\/\/emailchef.com\/cs\/wp-json\/wp\/v2\/types\/page"}],"author":[{"embeddable":true,"href":"https:\/\/emailchef.com\/cs\/wp-json\/wp\/v2\/users\/1"}],"replies":[{"embeddable":true,"href":"https:\/\/emailchef.com\/cs\/wp-json\/wp\/v2\/comments?post=4411"}],"version-history":[{"count":1,"href":"https:\/\/emailchef.com\/cs\/wp-json\/wp\/v2\/pages\/4411\/revisions"}],"predecessor-version":[{"id":4412,"href":"https:\/\/emailchef.com\/cs\/wp-json\/wp\/v2\/pages\/4411\/revisions\/4412"}],"up":[{"embeddable":true,"href":"https:\/\/emailchef.com\/cs\/wp-json\/wp\/v2\/pages\/4385"}],"wp:attachment":[{"href":"https:\/\/emailchef.com\/cs\/wp-json\/wp\/v2\/media?parent=4411"}],"wp:term":[{"taxonomy":"g1_relation_tag","embeddable":true,"href":"https:\/\/emailchef.com\/cs\/wp-json\/wp\/v2\/g1_relation_tag?post=4411"}],"curies":[{"name":"wp","href":"https:\/\/api.w.org\/{rel}","templated":true}]}}