{"id":4405,"date":"2014-09-22T08:21:26","date_gmt":"2014-09-22T08:21:26","guid":{"rendered":"http:\/\/emailchef.com\/cs\/?page_id=4405"},"modified":"2016-03-31T06:46:16","modified_gmt":"2016-03-31T06:46:16","slug":"jake-typy-adres-muzete-pridat-do-vaseho-seznamu","status":"publish","type":"page","link":"https:\/\/emailchef.com\/cs\/centrum-znalosti\/jake-typy-adres-muzete-pridat-do-vaseho-seznamu\/","title":{"rendered":"Jak\u00e9 typy adres m\u016f\u017eete p\u0159idat do va\u0161eho seznamu"},"content":{"rendered":"<p>Jak jsme ji\u017e d\u0159\u00edve uvedli, v\u0161echny sebran\u00e9 a potvrzen\u00e9 adresy, tedy z\u00edsk\u00e1n\u00ed svolen\u00ed p\u0159\u00edjemce se zas\u00edl\u00e1n\u00edm va\u0161\u00ed komunikace. N\u011bjak\u00e9 p\u0159\u00edklady:<\/p>\n<ul>\n<li>kontakty sesb\u00edran\u00e9 p\u0159es p\u0159ihla\u0161ovac\u00ed formul\u00e1\u0159 na va\u0161em webu;<\/li>\n<li>kontakty sesb\u00edran\u00e9 p\u0159es p\u0159ihla\u0161ovac\u00ed formul\u00e1\u0159 na veletrhu;<\/li>\n<li>kontakty sesb\u00edran\u00e9 pou\u017eit\u00edm plak\u00e1tu, kter\u00fd vysv\u011btluje v\u00e1\u0161 newsletter ve va\u0161em obchod\u011b.<\/li>\n<\/ul>\n<p>Pro v\u0161echny tyto p\u0159\u00edpady je z\u00e1sadn\u00ed, aby u\u017eivatel\u00e9 vyj\u00e1d\u0159ili aktivn\u011b sv\u016fj z\u00e1m\u011br s dost\u00e1v\u00e1n\u00edm va\u0161ich email\u016f. Zap\u016fj\u010den\u00e9 a zakoupen\u00e9 seznamy nejsou povoleny. <\/p>\n","protected":false},"excerpt":{"rendered":"<p>Jak jsme ji\u017e d\u0159\u00edve uvedli, v\u0161echny sebran\u00e9 a potvrzen\u00e9 adresy, tedy z\u00edsk\u00e1n\u00ed svolen\u00ed p\u0159\u00edjemce se zas\u00edl\u00e1n\u00edm va\u0161\u00ed komunikace. N\u011bjak\u00e9 p\u0159\u00edklady: kontakty sesb\u00edran\u00e9 p\u0159es p\u0159ihla\u0161ovac\u00ed formul\u00e1\u0159 na va\u0161em webu; kontakty sesb\u00edran\u00e9 p\u0159es p\u0159ihla\u0161ovac\u00ed formul\u00e1\u0159 na veletrhu; kontakty sesb\u00edran\u00e9 pou\u017eit\u00edm plak\u00e1tu, kter\u00fd vysv\u011btluje v\u00e1\u0161 newsletter ve va\u0161em obchod\u011b. Pro v\u0161echny tyto p\u0159\u00edpady je z\u00e1sadn\u00ed, aby u\u017eivatel\u00e9 vyj\u00e1d\u0159ili [&hellip;]<\/p>\n","protected":false},"author":1,"featured_media":0,"parent":4385,"menu_order":0,"comment_status":"closed","ping_status":"closed","template":"","meta":{"_acf_changed":false,"inline_featured_image":false,"footnotes":""},"g1_relation_tag":[],"class_list":["post-4405","page","type-page","status-publish","hentry"],"acf":[],"yoast_head":"<!-- This site is optimized with the Yoast SEO plugin v24.8.1 - https:\/\/yoast.com\/wordpress\/plugins\/seo\/ -->\n<title>Jak\u00e9 typy adres m\u016f\u017eete p\u0159idat do va\u0161eho seznamu - Emailchef<\/title>\n<meta name=\"robots\" content=\"index, follow, max-snippet:-1, max-image-preview:large, max-video-preview:-1\" \/>\n<link rel=\"canonical\" href=\"https:\/\/emailchef.com\/cs\/centrum-znalosti\/jake-typy-adres-muzete-pridat-do-vaseho-seznamu\/\" \/>\n<meta name=\"twitter:label1\" content=\"Odhadovan\u00e1 doba \u010dten\u00ed\" \/>\n\t<meta name=\"twitter:data1\" content=\"1 minuta\" \/>\n<!-- \/ Yoast SEO plugin. -->","yoast_head_json":{"title":"Jak\u00e9 typy adres m\u016f\u017eete p\u0159idat do va\u0161eho seznamu - Emailchef","robots":{"index":"index","follow":"follow","max-snippet":"max-snippet:-1","max-image-preview":"max-image-preview:large","max-video-preview":"max-video-preview:-1"},"canonical":"https:\/\/emailchef.com\/cs\/centrum-znalosti\/jake-typy-adres-muzete-pridat-do-vaseho-seznamu\/","twitter_misc":{"Odhadovan\u00e1 doba \u010dten\u00ed":"1 minuta"},"schema":{"@context":"https:\/\/schema.org","@graph":[{"@type":"WebPage","@id":"https:\/\/emailchef.com\/cs\/centrum-znalosti\/jake-typy-adres-muzete-pridat-do-vaseho-seznamu\/","url":"https:\/\/emailchef.com\/cs\/centrum-znalosti\/jake-typy-adres-muzete-pridat-do-vaseho-seznamu\/","name":"Jak\u00e9 typy adres m\u016f\u017eete p\u0159idat do va\u0161eho seznamu - Emailchef","isPartOf":{"@id":"https:\/\/emailchef.com\/cs\/#website"},"datePublished":"2014-09-22T08:21:26+00:00","dateModified":"2016-03-31T06:46:16+00:00","breadcrumb":{"@id":"https:\/\/emailchef.com\/cs\/centrum-znalosti\/jake-typy-adres-muzete-pridat-do-vaseho-seznamu\/#breadcrumb"},"inLanguage":"cs","potentialAction":[{"@type":"ReadAction","target":["https:\/\/emailchef.com\/cs\/centrum-znalosti\/jake-typy-adres-muzete-pridat-do-vaseho-seznamu\/"]}]},{"@type":"BreadcrumbList","@id":"https:\/\/emailchef.com\/cs\/centrum-znalosti\/jake-typy-adres-muzete-pridat-do-vaseho-seznamu\/#breadcrumb","itemListElement":[{"@type":"ListItem","position":1,"name":"Home","item":"https:\/\/emailchef.com\/cs\/emailchef-sluzby-email-marketingu\/"},{"@type":"ListItem","position":2,"name":"Centrum znalost\u00ed","item":"https:\/\/emailchef.com\/cs\/centrum-znalosti\/"},{"@type":"ListItem","position":3,"name":"Jak\u00e9 typy adres m\u016f\u017eete p\u0159idat do va\u0161eho seznamu"}]},{"@type":"WebSite","@id":"https:\/\/emailchef.com\/cs\/#website","url":"https:\/\/emailchef.com\/cs\/","name":"Emailchef","description":"Chutn\u00e9 recepty pro email marketing","publisher":{"@id":"https:\/\/emailchef.com\/cs\/#organization"},"potentialAction":[{"@type":"SearchAction","target":{"@type":"EntryPoint","urlTemplate":"https:\/\/emailchef.com\/cs\/?s={search_term_string}"},"query-input":{"@type":"PropertyValueSpecification","valueRequired":true,"valueName":"search_term_string"}}],"inLanguage":"cs"},{"@type":"Organization","@id":"https:\/\/emailchef.com\/cs\/#organization","name":"Delivery Tech Corp.","url":"https:\/\/emailchef.com\/cs\/","logo":{"@type":"ImageObject","inLanguage":"cs","@id":"https:\/\/emailchef.com\/cs\/#\/schema\/logo\/image\/","url":"https:\/\/emailchef.com\/wp-content\/uploads\/2022\/04\/logo-sama.png","contentUrl":"https:\/\/emailchef.com\/wp-content\/uploads\/2022\/04\/logo-sama.png","width":237,"height":80,"caption":"Delivery Tech Corp."},"image":{"@id":"https:\/\/emailchef.com\/cs\/#\/schema\/logo\/image\/"}}]}},"_links":{"self":[{"href":"https:\/\/emailchef.com\/cs\/wp-json\/wp\/v2\/pages\/4405"}],"collection":[{"href":"https:\/\/emailchef.com\/cs\/wp-json\/wp\/v2\/pages"}],"about":[{"href":"https:\/\/emailchef.com\/cs\/wp-json\/wp\/v2\/types\/page"}],"author":[{"embeddable":true,"href":"https:\/\/emailchef.com\/cs\/wp-json\/wp\/v2\/users\/1"}],"replies":[{"embeddable":true,"href":"https:\/\/emailchef.com\/cs\/wp-json\/wp\/v2\/comments?post=4405"}],"version-history":[{"count":1,"href":"https:\/\/emailchef.com\/cs\/wp-json\/wp\/v2\/pages\/4405\/revisions"}],"predecessor-version":[{"id":4406,"href":"https:\/\/emailchef.com\/cs\/wp-json\/wp\/v2\/pages\/4405\/revisions\/4406"}],"up":[{"embeddable":true,"href":"https:\/\/emailchef.com\/cs\/wp-json\/wp\/v2\/pages\/4385"}],"wp:attachment":[{"href":"https:\/\/emailchef.com\/cs\/wp-json\/wp\/v2\/media?parent=4405"}],"wp:term":[{"taxonomy":"g1_relation_tag","embeddable":true,"href":"https:\/\/emailchef.com\/cs\/wp-json\/wp\/v2\/g1_relation_tag?post=4405"}],"curies":[{"name":"wp","href":"https:\/\/api.w.org\/{rel}","templated":true}]}}