{"id":4391,"date":"2014-09-22T08:15:04","date_gmt":"2014-09-22T08:15:04","guid":{"rendered":"http:\/\/emailchef.com\/cs\/?page_id=4391"},"modified":"2016-03-31T06:37:43","modified_gmt":"2016-03-31T06:37:43","slug":"registrace-a-shoda-s-legislativou-can-spam-act","status":"publish","type":"page","link":"https:\/\/emailchef.com\/cs\/centrum-znalosti\/registrace-a-shoda-s-legislativou-can-spam-act\/","title":{"rendered":"Registrace a shoda s legislativou CAN-SPAM act"},"content":{"rendered":"<p>Abyste mohli Emailchef pou\u017e\u00edvat, je nutn\u00e9 pracovat ve shod\u011b s legislativou CAN-SPAM act: jedn\u00e1 se o Americk\u00e9 n\u00e1rodn\u00ed standardy pro odes\u00edl\u00e1n\u00ed propaga\u010dn\u00edch email\u016f.<\/p>\n<p>Mus\u00edte p\u0159idat platnou po\u0161tovn\u00ed adresu, kter\u00e1 se uk\u00e1\u017ee ve va\u0161em newsletteru \u2013 obvykle v z\u00e1pat\u00ed. Tato informace je po\u017eadov\u00e1na okam\u017eit\u011b po registraci. <\/p>\n","protected":false},"excerpt":{"rendered":"<p>Abyste mohli Emailchef pou\u017e\u00edvat, je nutn\u00e9 pracovat ve shod\u011b s legislativou CAN-SPAM act: jedn\u00e1 se o Americk\u00e9 n\u00e1rodn\u00ed standardy pro odes\u00edl\u00e1n\u00ed propaga\u010dn\u00edch email\u016f. Mus\u00edte p\u0159idat platnou po\u0161tovn\u00ed adresu, kter\u00e1 se uk\u00e1\u017ee ve va\u0161em newsletteru \u2013 obvykle v z\u00e1pat\u00ed. Tato informace je po\u017eadov\u00e1na okam\u017eit\u011b po registraci.<\/p>\n","protected":false},"author":1,"featured_media":0,"parent":4385,"menu_order":0,"comment_status":"closed","ping_status":"closed","template":"","meta":{"_acf_changed":false,"inline_featured_image":false,"footnotes":""},"g1_relation_tag":[],"class_list":["post-4391","page","type-page","status-publish","hentry"],"acf":[],"yoast_head":"<!-- This site is optimized with the Yoast SEO plugin v24.8.1 - https:\/\/yoast.com\/wordpress\/plugins\/seo\/ -->\n<title>Registrace a shoda s legislativou CAN-SPAM act - Emailchef<\/title>\n<meta name=\"robots\" content=\"index, follow, max-snippet:-1, max-image-preview:large, max-video-preview:-1\" \/>\n<link rel=\"canonical\" href=\"https:\/\/emailchef.com\/cs\/centrum-znalosti\/registrace-a-shoda-s-legislativou-can-spam-act\/\" \/>\n<!-- \/ Yoast SEO plugin. -->","yoast_head_json":{"title":"Registrace a shoda s legislativou CAN-SPAM act - Emailchef","robots":{"index":"index","follow":"follow","max-snippet":"max-snippet:-1","max-image-preview":"max-image-preview:large","max-video-preview":"max-video-preview:-1"},"canonical":"https:\/\/emailchef.com\/cs\/centrum-znalosti\/registrace-a-shoda-s-legislativou-can-spam-act\/","schema":{"@context":"https:\/\/schema.org","@graph":[{"@type":"WebPage","@id":"https:\/\/emailchef.com\/cs\/centrum-znalosti\/registrace-a-shoda-s-legislativou-can-spam-act\/","url":"https:\/\/emailchef.com\/cs\/centrum-znalosti\/registrace-a-shoda-s-legislativou-can-spam-act\/","name":"Registrace a shoda s legislativou CAN-SPAM act - Emailchef","isPartOf":{"@id":"https:\/\/emailchef.com\/cs\/#website"},"datePublished":"2014-09-22T08:15:04+00:00","dateModified":"2016-03-31T06:37:43+00:00","breadcrumb":{"@id":"https:\/\/emailchef.com\/cs\/centrum-znalosti\/registrace-a-shoda-s-legislativou-can-spam-act\/#breadcrumb"},"inLanguage":"cs","potentialAction":[{"@type":"ReadAction","target":["https:\/\/emailchef.com\/cs\/centrum-znalosti\/registrace-a-shoda-s-legislativou-can-spam-act\/"]}]},{"@type":"BreadcrumbList","@id":"https:\/\/emailchef.com\/cs\/centrum-znalosti\/registrace-a-shoda-s-legislativou-can-spam-act\/#breadcrumb","itemListElement":[{"@type":"ListItem","position":1,"name":"Home","item":"https:\/\/emailchef.com\/cs\/emailchef-sluzby-email-marketingu\/"},{"@type":"ListItem","position":2,"name":"Centrum znalost\u00ed","item":"https:\/\/emailchef.com\/cs\/centrum-znalosti\/"},{"@type":"ListItem","position":3,"name":"Registrace a shoda s legislativou CAN-SPAM act"}]},{"@type":"WebSite","@id":"https:\/\/emailchef.com\/cs\/#website","url":"https:\/\/emailchef.com\/cs\/","name":"Emailchef","description":"Chutn\u00e9 recepty pro email marketing","publisher":{"@id":"https:\/\/emailchef.com\/cs\/#organization"},"potentialAction":[{"@type":"SearchAction","target":{"@type":"EntryPoint","urlTemplate":"https:\/\/emailchef.com\/cs\/?s={search_term_string}"},"query-input":{"@type":"PropertyValueSpecification","valueRequired":true,"valueName":"search_term_string"}}],"inLanguage":"cs"},{"@type":"Organization","@id":"https:\/\/emailchef.com\/cs\/#organization","name":"Delivery Tech Corp.","url":"https:\/\/emailchef.com\/cs\/","logo":{"@type":"ImageObject","inLanguage":"cs","@id":"https:\/\/emailchef.com\/cs\/#\/schema\/logo\/image\/","url":"https:\/\/emailchef.com\/wp-content\/uploads\/2022\/04\/logo-sama.png","contentUrl":"https:\/\/emailchef.com\/wp-content\/uploads\/2022\/04\/logo-sama.png","width":237,"height":80,"caption":"Delivery Tech Corp."},"image":{"@id":"https:\/\/emailchef.com\/cs\/#\/schema\/logo\/image\/"}}]}},"_links":{"self":[{"href":"https:\/\/emailchef.com\/cs\/wp-json\/wp\/v2\/pages\/4391"}],"collection":[{"href":"https:\/\/emailchef.com\/cs\/wp-json\/wp\/v2\/pages"}],"about":[{"href":"https:\/\/emailchef.com\/cs\/wp-json\/wp\/v2\/types\/page"}],"author":[{"embeddable":true,"href":"https:\/\/emailchef.com\/cs\/wp-json\/wp\/v2\/users\/1"}],"replies":[{"embeddable":true,"href":"https:\/\/emailchef.com\/cs\/wp-json\/wp\/v2\/comments?post=4391"}],"version-history":[{"count":1,"href":"https:\/\/emailchef.com\/cs\/wp-json\/wp\/v2\/pages\/4391\/revisions"}],"predecessor-version":[{"id":4392,"href":"https:\/\/emailchef.com\/cs\/wp-json\/wp\/v2\/pages\/4391\/revisions\/4392"}],"up":[{"embeddable":true,"href":"https:\/\/emailchef.com\/cs\/wp-json\/wp\/v2\/pages\/4385"}],"wp:attachment":[{"href":"https:\/\/emailchef.com\/cs\/wp-json\/wp\/v2\/media?parent=4391"}],"wp:term":[{"taxonomy":"g1_relation_tag","embeddable":true,"href":"https:\/\/emailchef.com\/cs\/wp-json\/wp\/v2\/g1_relation_tag?post=4391"}],"curies":[{"name":"wp","href":"https:\/\/api.w.org\/{rel}","templated":true}]}}