{"id":4389,"date":"2014-09-22T08:13:37","date_gmt":"2014-09-22T08:13:37","guid":{"rendered":"http:\/\/emailchef.com\/cs\/?page_id=4389"},"modified":"2016-03-31T06:36:49","modified_gmt":"2016-03-31T06:36:49","slug":"emailchef-zakladni-panel","status":"publish","type":"page","link":"https:\/\/emailchef.com\/cs\/centrum-znalosti\/emailchef-zakladni-panel\/","title":{"rendered":"Emailchef z\u00e1kladn\u00ed panel"},"content":{"rendered":"<p>Emailchef za\u010d\u00edn\u00e1 p\u011bkn\u011b uspo\u0159\u00e1dan\u00fdm a p\u0159ehledn\u00fdm panelem s bloky:<\/p>\n<p><a href=\"http:\/\/emailchef.com\/wp-content\/uploads\/2014\/09\/dashboard-1.jpg\"><img fetchpriority=\"high\" decoding=\"async\" class=\"alignnone wp-image-3976 size-full\" src=\"http:\/\/emailchef.com\/wp-content\/uploads\/2014\/09\/dashboard-1.jpg\" alt=\"Emailchef z\u00e1kladn\u00ed panel\" width=\"1194\" height=\"589\" \/><\/a><\/p>\n<p>3 hlavn\u00ed bloky v\u00e1s sm\u011b\u0159uj\u00ed k hlavn\u00edm slu\u017eb\u00e1m: spr\u00e1va seznam\u016f, vytv\u00e1\u0159en\u00ed a odes\u00edl\u00e1n\u00ed kampan\u00ed a reporty.<\/p>\n<p>N\u00ed\u017ee postaven\u00e9 bloky nab\u00edzej\u00ed rychl\u00fd p\u0159ehled va\u0161eho \u00fa\u010dtu, odkaz na sekci designu a nakonec p\u0159ihla\u0161ovac\u00ed formul\u00e1\u0159e. Tak\u00e9 jsou zde odkazy na v\u0161echny p\u0159ipraven\u00e9 a odeslan\u00e9 kampan\u011b. <\/p>\n<p>V\u0161imn\u011bte si pros\u00edm, \u017ee hlavn\u00ed panel je <strong>pln\u011b p\u0159izp\u016fsobiteln\u00fd<\/strong>. Bloky mohou b\u00fdt skryty nebo zase zobrazeny (s pomoc\u00ed mal\u00e9 ikony v prav\u00e9m rohu), a m\u016f\u017eete tak\u00e9 zm\u011bnit jejich pozici jednoduch\u00fdm chycen\u00edm a p\u0159eta\u017een\u00edm (drag&#038;drop).<\/p>\n","protected":false},"excerpt":{"rendered":"<p>Emailchef za\u010d\u00edn\u00e1 p\u011bkn\u011b uspo\u0159\u00e1dan\u00fdm a p\u0159ehledn\u00fdm panelem s bloky: 3 hlavn\u00ed bloky v\u00e1s sm\u011b\u0159uj\u00ed k hlavn\u00edm slu\u017eb\u00e1m: spr\u00e1va seznam\u016f, vytv\u00e1\u0159en\u00ed a odes\u00edl\u00e1n\u00ed kampan\u00ed a reporty. N\u00ed\u017ee postaven\u00e9 bloky nab\u00edzej\u00ed rychl\u00fd p\u0159ehled va\u0161eho \u00fa\u010dtu, odkaz na sekci designu a nakonec p\u0159ihla\u0161ovac\u00ed formul\u00e1\u0159e. Tak\u00e9 jsou zde odkazy na v\u0161echny p\u0159ipraven\u00e9 a odeslan\u00e9 kampan\u011b. V\u0161imn\u011bte si pros\u00edm, \u017ee [&hellip;]<\/p>\n","protected":false},"author":1,"featured_media":0,"parent":4385,"menu_order":0,"comment_status":"closed","ping_status":"closed","template":"","meta":{"_acf_changed":false,"inline_featured_image":false,"footnotes":""},"g1_relation_tag":[],"class_list":["post-4389","page","type-page","status-publish","hentry"],"acf":[],"yoast_head":"<!-- This site is optimized with the Yoast SEO plugin v24.8.1 - https:\/\/yoast.com\/wordpress\/plugins\/seo\/ -->\n<title>Emailchef z\u00e1kladn\u00ed panel - Emailchef<\/title>\n<meta name=\"robots\" content=\"index, follow, max-snippet:-1, max-image-preview:large, max-video-preview:-1\" \/>\n<link rel=\"canonical\" href=\"https:\/\/emailchef.com\/cs\/centrum-znalosti\/emailchef-zakladni-panel\/\" \/>\n<meta name=\"twitter:label1\" content=\"Odhadovan\u00e1 doba \u010dten\u00ed\" \/>\n\t<meta name=\"twitter:data1\" content=\"1 minuta\" \/>\n<!-- \/ Yoast SEO plugin. -->","yoast_head_json":{"title":"Emailchef z\u00e1kladn\u00ed panel - Emailchef","robots":{"index":"index","follow":"follow","max-snippet":"max-snippet:-1","max-image-preview":"max-image-preview:large","max-video-preview":"max-video-preview:-1"},"canonical":"https:\/\/emailchef.com\/cs\/centrum-znalosti\/emailchef-zakladni-panel\/","twitter_misc":{"Odhadovan\u00e1 doba \u010dten\u00ed":"1 minuta"},"schema":{"@context":"https:\/\/schema.org","@graph":[{"@type":"WebPage","@id":"https:\/\/emailchef.com\/cs\/centrum-znalosti\/emailchef-zakladni-panel\/","url":"https:\/\/emailchef.com\/cs\/centrum-znalosti\/emailchef-zakladni-panel\/","name":"Emailchef z\u00e1kladn\u00ed panel - Emailchef","isPartOf":{"@id":"https:\/\/emailchef.com\/cs\/#website"},"primaryImageOfPage":{"@id":"https:\/\/emailchef.com\/cs\/centrum-znalosti\/emailchef-zakladni-panel\/#primaryimage"},"image":{"@id":"https:\/\/emailchef.com\/cs\/centrum-znalosti\/emailchef-zakladni-panel\/#primaryimage"},"thumbnailUrl":"http:\/\/emailchef.com\/wp-content\/uploads\/2014\/09\/dashboard-1.jpg","datePublished":"2014-09-22T08:13:37+00:00","dateModified":"2016-03-31T06:36:49+00:00","breadcrumb":{"@id":"https:\/\/emailchef.com\/cs\/centrum-znalosti\/emailchef-zakladni-panel\/#breadcrumb"},"inLanguage":"cs","potentialAction":[{"@type":"ReadAction","target":["https:\/\/emailchef.com\/cs\/centrum-znalosti\/emailchef-zakladni-panel\/"]}]},{"@type":"ImageObject","inLanguage":"cs","@id":"https:\/\/emailchef.com\/cs\/centrum-znalosti\/emailchef-zakladni-panel\/#primaryimage","url":"http:\/\/emailchef.com\/wp-content\/uploads\/2014\/09\/dashboard-1.jpg","contentUrl":"http:\/\/emailchef.com\/wp-content\/uploads\/2014\/09\/dashboard-1.jpg"},{"@type":"BreadcrumbList","@id":"https:\/\/emailchef.com\/cs\/centrum-znalosti\/emailchef-zakladni-panel\/#breadcrumb","itemListElement":[{"@type":"ListItem","position":1,"name":"Home","item":"https:\/\/emailchef.com\/cs\/emailchef-sluzby-email-marketingu\/"},{"@type":"ListItem","position":2,"name":"Centrum znalost\u00ed","item":"https:\/\/emailchef.com\/cs\/centrum-znalosti\/"},{"@type":"ListItem","position":3,"name":"Emailchef z\u00e1kladn\u00ed panel"}]},{"@type":"WebSite","@id":"https:\/\/emailchef.com\/cs\/#website","url":"https:\/\/emailchef.com\/cs\/","name":"Emailchef","description":"Chutn\u00e9 recepty pro email marketing","publisher":{"@id":"https:\/\/emailchef.com\/cs\/#organization"},"potentialAction":[{"@type":"SearchAction","target":{"@type":"EntryPoint","urlTemplate":"https:\/\/emailchef.com\/cs\/?s={search_term_string}"},"query-input":{"@type":"PropertyValueSpecification","valueRequired":true,"valueName":"search_term_string"}}],"inLanguage":"cs"},{"@type":"Organization","@id":"https:\/\/emailchef.com\/cs\/#organization","name":"Delivery Tech Corp.","url":"https:\/\/emailchef.com\/cs\/","logo":{"@type":"ImageObject","inLanguage":"cs","@id":"https:\/\/emailchef.com\/cs\/#\/schema\/logo\/image\/","url":"https:\/\/emailchef.com\/wp-content\/uploads\/2022\/04\/logo-sama.png","contentUrl":"https:\/\/emailchef.com\/wp-content\/uploads\/2022\/04\/logo-sama.png","width":237,"height":80,"caption":"Delivery Tech Corp."},"image":{"@id":"https:\/\/emailchef.com\/cs\/#\/schema\/logo\/image\/"}}]}},"_links":{"self":[{"href":"https:\/\/emailchef.com\/cs\/wp-json\/wp\/v2\/pages\/4389"}],"collection":[{"href":"https:\/\/emailchef.com\/cs\/wp-json\/wp\/v2\/pages"}],"about":[{"href":"https:\/\/emailchef.com\/cs\/wp-json\/wp\/v2\/types\/page"}],"author":[{"embeddable":true,"href":"https:\/\/emailchef.com\/cs\/wp-json\/wp\/v2\/users\/1"}],"replies":[{"embeddable":true,"href":"https:\/\/emailchef.com\/cs\/wp-json\/wp\/v2\/comments?post=4389"}],"version-history":[{"count":1,"href":"https:\/\/emailchef.com\/cs\/wp-json\/wp\/v2\/pages\/4389\/revisions"}],"predecessor-version":[{"id":4390,"href":"https:\/\/emailchef.com\/cs\/wp-json\/wp\/v2\/pages\/4389\/revisions\/4390"}],"up":[{"embeddable":true,"href":"https:\/\/emailchef.com\/cs\/wp-json\/wp\/v2\/pages\/4385"}],"wp:attachment":[{"href":"https:\/\/emailchef.com\/cs\/wp-json\/wp\/v2\/media?parent=4389"}],"wp:term":[{"taxonomy":"g1_relation_tag","embeddable":true,"href":"https:\/\/emailchef.com\/cs\/wp-json\/wp\/v2\/g1_relation_tag?post=4389"}],"curies":[{"name":"wp","href":"https:\/\/api.w.org\/{rel}","templated":true}]}}