{"id":4387,"date":"2014-09-22T08:12:17","date_gmt":"2014-09-22T08:12:17","guid":{"rendered":"http:\/\/emailchef.com\/cs\/?page_id=4387"},"modified":"2016-03-31T06:35:13","modified_gmt":"2016-03-31T06:35:13","slug":"co-muzete-delat-s-platformou-emailchef","status":"publish","type":"page","link":"https:\/\/emailchef.com\/cs\/centrum-znalosti\/co-muzete-delat-s-platformou-emailchef\/","title":{"rendered":"Co m\u016f\u017eete d\u011blat s platformou Emailchef"},"content":{"rendered":"<p>Emailchef je <strong>email marketingov\u00e1 platforma<\/strong>, kter\u00e1 v\u00e1m umo\u017en\u00ed vytv\u00e1\u0159et, odes\u00edlat a analyzovat hromadn\u00e9 emaily a spravovat va\u0161e kontaktn\u00ed seznamy.<\/p>\n<p>Emailchef tak\u00e9 nab\u00edz\u00ed vlastn\u00ed <strong>drag&#038;drop Tv\u016frce \u0161ablon (Template Creator)<\/strong> pro vytvo\u0159en\u00ed perfektn\u00edch n\u00e1vrh\u016f a \u0161ablon b\u011bhem minut a tak\u00e9 <strong>drag&#038;drop editor pro p\u0159ihla\u0161ovac\u00ed formul\u00e1\u0159e<\/strong>. Jeho odes\u00edlac\u00ed j\u00e1dro pracuje s velmi v\u00fdkonn\u00fdm serverem pro odchoz\u00ed po\u0161tu, kter\u00fd zaru\u010d\u00ed nejvy\u0161\u0161\u00ed m\u00edru doru\u010den\u00ed jak pro marketingov\u00e9 tak transak\u010dn\u00ed \u00fa\u010dely.<\/p>\n","protected":false},"excerpt":{"rendered":"<p>Emailchef je email marketingov\u00e1 platforma, kter\u00e1 v\u00e1m umo\u017en\u00ed vytv\u00e1\u0159et, odes\u00edlat a analyzovat hromadn\u00e9 emaily a spravovat va\u0161e kontaktn\u00ed seznamy. Emailchef tak\u00e9 nab\u00edz\u00ed vlastn\u00ed drag&#038;drop Tv\u016frce \u0161ablon (Template Creator) pro vytvo\u0159en\u00ed perfektn\u00edch n\u00e1vrh\u016f a \u0161ablon b\u011bhem minut a tak\u00e9 drag&#038;drop editor pro p\u0159ihla\u0161ovac\u00ed formul\u00e1\u0159e. Jeho odes\u00edlac\u00ed j\u00e1dro pracuje s velmi v\u00fdkonn\u00fdm serverem pro odchoz\u00ed po\u0161tu, kter\u00fd [&hellip;]<\/p>\n","protected":false},"author":1,"featured_media":0,"parent":4385,"menu_order":0,"comment_status":"closed","ping_status":"closed","template":"","meta":{"_acf_changed":false,"inline_featured_image":false,"footnotes":""},"g1_relation_tag":[],"class_list":["post-4387","page","type-page","status-publish","hentry"],"acf":[],"yoast_head":"<!-- This site is optimized with the Yoast SEO plugin v24.8.1 - https:\/\/yoast.com\/wordpress\/plugins\/seo\/ -->\n<title>Co m\u016f\u017eete d\u011blat s platformou Emailchef - Emailchef<\/title>\n<meta name=\"robots\" content=\"index, follow, max-snippet:-1, max-image-preview:large, max-video-preview:-1\" \/>\n<link rel=\"canonical\" href=\"https:\/\/emailchef.com\/cs\/centrum-znalosti\/co-muzete-delat-s-platformou-emailchef\/\" \/>\n<!-- \/ Yoast SEO plugin. -->","yoast_head_json":{"title":"Co m\u016f\u017eete d\u011blat s platformou Emailchef - Emailchef","robots":{"index":"index","follow":"follow","max-snippet":"max-snippet:-1","max-image-preview":"max-image-preview:large","max-video-preview":"max-video-preview:-1"},"canonical":"https:\/\/emailchef.com\/cs\/centrum-znalosti\/co-muzete-delat-s-platformou-emailchef\/","schema":{"@context":"https:\/\/schema.org","@graph":[{"@type":"WebPage","@id":"https:\/\/emailchef.com\/cs\/centrum-znalosti\/co-muzete-delat-s-platformou-emailchef\/","url":"https:\/\/emailchef.com\/cs\/centrum-znalosti\/co-muzete-delat-s-platformou-emailchef\/","name":"Co m\u016f\u017eete d\u011blat s platformou Emailchef - Emailchef","isPartOf":{"@id":"https:\/\/emailchef.com\/cs\/#website"},"datePublished":"2014-09-22T08:12:17+00:00","dateModified":"2016-03-31T06:35:13+00:00","breadcrumb":{"@id":"https:\/\/emailchef.com\/cs\/centrum-znalosti\/co-muzete-delat-s-platformou-emailchef\/#breadcrumb"},"inLanguage":"cs","potentialAction":[{"@type":"ReadAction","target":["https:\/\/emailchef.com\/cs\/centrum-znalosti\/co-muzete-delat-s-platformou-emailchef\/"]}]},{"@type":"BreadcrumbList","@id":"https:\/\/emailchef.com\/cs\/centrum-znalosti\/co-muzete-delat-s-platformou-emailchef\/#breadcrumb","itemListElement":[{"@type":"ListItem","position":1,"name":"Home","item":"https:\/\/emailchef.com\/cs\/emailchef-sluzby-email-marketingu\/"},{"@type":"ListItem","position":2,"name":"Centrum znalost\u00ed","item":"https:\/\/emailchef.com\/cs\/centrum-znalosti\/"},{"@type":"ListItem","position":3,"name":"Co m\u016f\u017eete d\u011blat s platformou Emailchef"}]},{"@type":"WebSite","@id":"https:\/\/emailchef.com\/cs\/#website","url":"https:\/\/emailchef.com\/cs\/","name":"Emailchef","description":"Chutn\u00e9 recepty pro email marketing","publisher":{"@id":"https:\/\/emailchef.com\/cs\/#organization"},"potentialAction":[{"@type":"SearchAction","target":{"@type":"EntryPoint","urlTemplate":"https:\/\/emailchef.com\/cs\/?s={search_term_string}"},"query-input":{"@type":"PropertyValueSpecification","valueRequired":true,"valueName":"search_term_string"}}],"inLanguage":"cs"},{"@type":"Organization","@id":"https:\/\/emailchef.com\/cs\/#organization","name":"Delivery Tech Corp.","url":"https:\/\/emailchef.com\/cs\/","logo":{"@type":"ImageObject","inLanguage":"cs","@id":"https:\/\/emailchef.com\/cs\/#\/schema\/logo\/image\/","url":"https:\/\/emailchef.com\/wp-content\/uploads\/2022\/04\/logo-sama.png","contentUrl":"https:\/\/emailchef.com\/wp-content\/uploads\/2022\/04\/logo-sama.png","width":237,"height":80,"caption":"Delivery Tech Corp."},"image":{"@id":"https:\/\/emailchef.com\/cs\/#\/schema\/logo\/image\/"}}]}},"_links":{"self":[{"href":"https:\/\/emailchef.com\/cs\/wp-json\/wp\/v2\/pages\/4387"}],"collection":[{"href":"https:\/\/emailchef.com\/cs\/wp-json\/wp\/v2\/pages"}],"about":[{"href":"https:\/\/emailchef.com\/cs\/wp-json\/wp\/v2\/types\/page"}],"author":[{"embeddable":true,"href":"https:\/\/emailchef.com\/cs\/wp-json\/wp\/v2\/users\/1"}],"replies":[{"embeddable":true,"href":"https:\/\/emailchef.com\/cs\/wp-json\/wp\/v2\/comments?post=4387"}],"version-history":[{"count":1,"href":"https:\/\/emailchef.com\/cs\/wp-json\/wp\/v2\/pages\/4387\/revisions"}],"predecessor-version":[{"id":4388,"href":"https:\/\/emailchef.com\/cs\/wp-json\/wp\/v2\/pages\/4387\/revisions\/4388"}],"up":[{"embeddable":true,"href":"https:\/\/emailchef.com\/cs\/wp-json\/wp\/v2\/pages\/4385"}],"wp:attachment":[{"href":"https:\/\/emailchef.com\/cs\/wp-json\/wp\/v2\/media?parent=4387"}],"wp:term":[{"taxonomy":"g1_relation_tag","embeddable":true,"href":"https:\/\/emailchef.com\/cs\/wp-json\/wp\/v2\/g1_relation_tag?post=4387"}],"curies":[{"name":"wp","href":"https:\/\/api.w.org\/{rel}","templated":true}]}}