{"id":4385,"date":"2014-09-22T08:04:21","date_gmt":"2014-09-22T08:04:21","guid":{"rendered":"http:\/\/emailchef.com\/cs\/?page_id=4385"},"modified":"2016-03-31T06:32:11","modified_gmt":"2016-03-31T06:32:11","slug":"centrum-znalosti","status":"publish","type":"page","link":"https:\/\/emailchef.com\/cs\/centrum-znalosti\/","title":{"rendered":"Centrum znalost\u00ed"},"content":{"rendered":"<p>Na t\u00e9to str\u00e1nce najdete kompletn\u00edho p\u0159\u00edru\u010dku programu Emailchef, od toho jak budovat seznamy kontakt\u016f po vytvo\u0159en\u00ed, odesl\u00e1n\u00ed a anal\u00fdzu va\u0161ich emailov\u00fdch kampan\u00ed.<\/p>\n<p>M\u016f\u017eete vyhled\u00e1vat skrze t\u00e9mata tak, \u017ee kliknete na menu v panelu nalevo. Pokud chcete kr\u00e1tk\u00e9 shrnut\u00ed Emailchef funkc\u00ed, pod\u00edvejte se na n\u00e1\u0161 tutori\u00e1l, <a href=\"http:\/\/emailchef.com\/cs\/zacnete-kampan-v-5-minutach\/\" title=\"Za\u010dn\u011bte kampa\u0148 v 5 minut\u00e1ch\"><strong>jak vytvo\u0159it kampa\u0148 v 5 minut\u00e1ch<\/strong><\/a>. <\/p>\n","protected":false},"excerpt":{"rendered":"<p>Na t\u00e9to str\u00e1nce najdete kompletn\u00edho p\u0159\u00edru\u010dku programu Emailchef, od toho jak budovat seznamy kontakt\u016f po vytvo\u0159en\u00ed, odesl\u00e1n\u00ed a anal\u00fdzu va\u0161ich emailov\u00fdch kampan\u00ed. M\u016f\u017eete vyhled\u00e1vat skrze t\u00e9mata tak, \u017ee kliknete na menu v panelu nalevo. Pokud chcete kr\u00e1tk\u00e9 shrnut\u00ed Emailchef funkc\u00ed, pod\u00edvejte se na n\u00e1\u0161 tutori\u00e1l, jak vytvo\u0159it kampa\u0148 v 5 minut\u00e1ch.<\/p>\n","protected":false},"author":1,"featured_media":0,"parent":0,"menu_order":171,"comment_status":"closed","ping_status":"closed","template":"","meta":{"_acf_changed":false,"inline_featured_image":false,"footnotes":""},"g1_relation_tag":[],"class_list":["post-4385","page","type-page","status-publish","hentry"],"acf":[],"yoast_head":"<!-- This site is optimized with the Yoast SEO plugin v24.8.1 - https:\/\/yoast.com\/wordpress\/plugins\/seo\/ -->\n<title>Centrum znalost\u00ed - Emailchef<\/title>\n<meta name=\"robots\" content=\"index, follow, max-snippet:-1, max-image-preview:large, max-video-preview:-1\" \/>\n<link rel=\"canonical\" href=\"https:\/\/emailchef.com\/cs\/centrum-znalosti\/\" \/>\n<!-- \/ Yoast SEO plugin. -->","yoast_head_json":{"title":"Centrum znalost\u00ed - Emailchef","robots":{"index":"index","follow":"follow","max-snippet":"max-snippet:-1","max-image-preview":"max-image-preview:large","max-video-preview":"max-video-preview:-1"},"canonical":"https:\/\/emailchef.com\/cs\/centrum-znalosti\/","schema":{"@context":"https:\/\/schema.org","@graph":[{"@type":"WebPage","@id":"https:\/\/emailchef.com\/cs\/centrum-znalosti\/","url":"https:\/\/emailchef.com\/cs\/centrum-znalosti\/","name":"Centrum znalost\u00ed - Emailchef","isPartOf":{"@id":"https:\/\/emailchef.com\/cs\/#website"},"datePublished":"2014-09-22T08:04:21+00:00","dateModified":"2016-03-31T06:32:11+00:00","breadcrumb":{"@id":"https:\/\/emailchef.com\/cs\/centrum-znalosti\/#breadcrumb"},"inLanguage":"cs","potentialAction":[{"@type":"ReadAction","target":["https:\/\/emailchef.com\/cs\/centrum-znalosti\/"]}]},{"@type":"BreadcrumbList","@id":"https:\/\/emailchef.com\/cs\/centrum-znalosti\/#breadcrumb","itemListElement":[{"@type":"ListItem","position":1,"name":"Home","item":"https:\/\/emailchef.com\/cs\/emailchef-sluzby-email-marketingu\/"},{"@type":"ListItem","position":2,"name":"Centrum znalost\u00ed"}]},{"@type":"WebSite","@id":"https:\/\/emailchef.com\/cs\/#website","url":"https:\/\/emailchef.com\/cs\/","name":"Emailchef","description":"Chutn\u00e9 recepty pro email marketing","publisher":{"@id":"https:\/\/emailchef.com\/cs\/#organization"},"potentialAction":[{"@type":"SearchAction","target":{"@type":"EntryPoint","urlTemplate":"https:\/\/emailchef.com\/cs\/?s={search_term_string}"},"query-input":{"@type":"PropertyValueSpecification","valueRequired":true,"valueName":"search_term_string"}}],"inLanguage":"cs"},{"@type":"Organization","@id":"https:\/\/emailchef.com\/cs\/#organization","name":"Delivery Tech Corp.","url":"https:\/\/emailchef.com\/cs\/","logo":{"@type":"ImageObject","inLanguage":"cs","@id":"https:\/\/emailchef.com\/cs\/#\/schema\/logo\/image\/","url":"https:\/\/emailchef.com\/wp-content\/uploads\/2022\/04\/logo-sama.png","contentUrl":"https:\/\/emailchef.com\/wp-content\/uploads\/2022\/04\/logo-sama.png","width":237,"height":80,"caption":"Delivery Tech Corp."},"image":{"@id":"https:\/\/emailchef.com\/cs\/#\/schema\/logo\/image\/"}}]}},"_links":{"self":[{"href":"https:\/\/emailchef.com\/cs\/wp-json\/wp\/v2\/pages\/4385"}],"collection":[{"href":"https:\/\/emailchef.com\/cs\/wp-json\/wp\/v2\/pages"}],"about":[{"href":"https:\/\/emailchef.com\/cs\/wp-json\/wp\/v2\/types\/page"}],"author":[{"embeddable":true,"href":"https:\/\/emailchef.com\/cs\/wp-json\/wp\/v2\/users\/1"}],"replies":[{"embeddable":true,"href":"https:\/\/emailchef.com\/cs\/wp-json\/wp\/v2\/comments?post=4385"}],"version-history":[{"count":1,"href":"https:\/\/emailchef.com\/cs\/wp-json\/wp\/v2\/pages\/4385\/revisions"}],"predecessor-version":[{"id":4386,"href":"https:\/\/emailchef.com\/cs\/wp-json\/wp\/v2\/pages\/4385\/revisions\/4386"}],"wp:attachment":[{"href":"https:\/\/emailchef.com\/cs\/wp-json\/wp\/v2\/media?parent=4385"}],"wp:term":[{"taxonomy":"g1_relation_tag","embeddable":true,"href":"https:\/\/emailchef.com\/cs\/wp-json\/wp\/v2\/g1_relation_tag?post=4385"}],"curies":[{"name":"wp","href":"https:\/\/api.w.org\/{rel}","templated":true}]}}