{"id":4383,"date":"2014-09-22T12:58:49","date_gmt":"2014-09-22T12:58:49","guid":{"rendered":"http:\/\/emailchef.com\/cs\/?page_id=4383"},"modified":"2016-03-31T06:29:35","modified_gmt":"2016-03-31T06:29:35","slug":"zacnete-kampan-v-5-minutach","status":"publish","type":"page","link":"https:\/\/emailchef.com\/cs\/zacnete-kampan-v-5-minutach\/","title":{"rendered":"Za\u010dn\u011bte kampa\u0148 v 5 minut\u00e1ch"},"content":{"rendered":"<p>V t\u00e9to \u010d\u00e1sti v\u00e1m uk\u00e1\u017eeme jak stvo\u0159it, odeslat a analyzovat klasickou emailovou kampa\u0148 v n\u011bkolika minut\u00e1ch. Je pot\u0159eba \u0159\u00edci, \u017ee Emailchef obsahuje mnohem v\u00edce funkc\u00ed a detail\u016f: vezm\u011bte t\u011bchto n\u011bkolik krok\u016f jako lehk\u00e9 p\u0159edstaven\u00ed na\u0161eho syst\u00e9mu, a pod\u00edvejte se do cel\u00e9ho u\u017eivatelsk\u00e9ho manu\u00e1lu pro v\u00edce informac\u00ed. <\/p>\n<p>P\u0159ipraveni? Za\u010dn\u011bme!<\/p>\n<h2><strong>1. P\u0159idejte sv\u00e9 kontakty<\/strong><\/h2>\n<p>Nejprve mus\u00edte vytvo\u0159it seznam p\u0159\u00edjemc\u016f, kter\u00fdm chcete poslat v\u00e1\u0161 newsletter. Klikn\u011bte na \u201eP\u0159idat kontakty\u201c vlevo naho\u0159e na hlavn\u00edm panelu a vstupte do spr\u00e1vy seznam\u016f; klikn\u011bte na \u201eVytvo\u0159it nov\u00fd seznam\u201c:<\/p>\n<p><a href=\"http:\/\/emailchef.com\/wp-content\/uploads\/2014\/09\/eng_createlist.png\"><img fetchpriority=\"high\" decoding=\"async\" class=\"alignnone size-full wp-image-3250\" src=\"http:\/\/emailchef.com\/wp-content\/uploads\/2014\/09\/eng_createlist.png\" alt=\"Za\u010dn\u011bte kampa\u0148 v 5 minut\u00e1ch\" width=\"1184\" height=\"826\" \/><\/a><\/p>\n<p>Pak sv\u016fj seznam pojmenujte a popi\u0161te, a za\u0161krtn\u011bte 2 boxy n\u00ed\u017ee a potvr\u010fte, \u017ee budete pos\u00edlat emaily pouze na potvrzen\u00e9 adresy. To znamen\u00e1 lidem, kte\u0159\u00ed se jasn\u011b vyj\u00e1d\u0159ili, \u017ee cht\u011bj\u00ed dost\u00e1vat va\u0161e newslettery.<br \/>\nJakmile to ulo\u017e\u00edte, m\u016f\u017eete za\u010d\u00edt p\u0159id\u00e1vat kontakty. M\u016f\u017eete:<\/p>\n<ul>\n<li><strong>Importovat adresy ze souboru<\/strong> (p\u0159ijateln\u00e9 form\u00e1ty jsou: .xls, .xlsx, .ods, .csv, a \u010d\u00e1rkou odd\u011blen\u00e9 hodnoty v .txt) nebo z extern\u00edho URL;<\/li>\n<li><strong>P\u0159idejte va\u0161e kontakty manu\u00e1ln\u011b<\/strong>, jeden po druh\u00e9m, postaru: jedin\u00fdm povinn\u00fdm polem je \u201eemail\u201c, ale m\u016f\u017eete p\u0159idat a\u017e 4 dal\u0161\u00ed popisn\u00e1 pole k va\u0161im kontakt\u016fm; <\/li>\n<li><strong>Zkop\u00edrujte a vlo\u017ete seznam adres ze schr\u00e1nky<\/strong>: ka\u017ed\u00e1 adresa by m\u011bla b\u00fdt na separ\u00e1tn\u00edm \u0159\u00e1dku.<\/li>\n<\/ul>\n<p>Sv\u00e9 kontakty m\u016f\u017eete kdykoli upravovat, nap\u0159\u00edklad jm\u00e9no a p\u0159\u00edjmen\u00ed:<\/p>\n<p><a href=\"http:\/\/emailchef.com\/wp-content\/uploads\/2014\/09\/eng_newcontact.png\"><img decoding=\"async\" class=\"alignnone size-full wp-image-3252\" src=\"http:\/\/emailchef.com\/wp-content\/uploads\/2014\/09\/eng_newcontact.png\" alt=\"Za\u010dn\u011bte kampa\u0148 v 5 minut\u00e1ch\" width=\"1180\" height=\"615\" \/><\/a><\/p>\n<p>Pokud chcete p\u0159idat dal\u0161\u00ed informa\u010dn\u00ed pole ke kontakt\u016fm, klikn\u011bte na \u201eu\u017eivatelsk\u00e9 pole\u201c a vytvo\u0159te nov\u00e9. Emailchef tak\u00e9 nab\u00edz\u00ed speci\u00e1ln\u00ed editor na vytvo\u0159en\u00ed p\u0159ihla\u0161ovac\u00edho formul\u00e1\u0159e pro um\u00edst\u011bn\u00ed na web. St\u00e1le je to ten nejlep\u0161\u00ed zp\u016fsob na roz\u0161i\u0159ov\u00e1n\u00ed va\u0161eho seznamu kontakt\u016f: pro v\u00edce informac\u00ed na toto t\u00e9ma se pod\u00edvejte na u\u017eivatelskou p\u0159\u00edru\u010dku.<br \/>\nNyn\u00ed jste p\u0159ipraveni napsat sv\u016fj prvn\u00ed email!<\/p>\n<h2><strong>2. Vytvo\u0159te a ode\u0161lete sv\u016fj email<\/strong><\/h2>\n<p>Klikn\u011bte na \u201eKampan\u011b\u201d v horn\u00edm menu, pot\u00e9 klikn\u011bte na tla\u010d\u00edtko \u201eVytvo\u0159it kampa\u0148\u201c:<\/p>\n<p><a href=\"http:\/\/emailchef.com\/wp-content\/uploads\/2014\/09\/eng_campaing.png\"><img decoding=\"async\" class=\"alignnone size-full wp-image-3253\" src=\"http:\/\/emailchef.com\/wp-content\/uploads\/2014\/09\/eng_campaing.png\" alt=\"Za\u010dn\u011bte kampa\u0148 v 5 minut\u00e1ch\" width=\"1181\" height=\"447\" \/><\/a><\/p>\n<p>Zde budete moci:<\/p>\n<ul>\n<li>st\u00e1hn\u011bte si n\u00e1\u0161 profesion\u00e1ln\u00ed tv\u016frce \u0161ablon (MailStyler) pro p\u0159\u00edpravu va\u0161eho vzhledu jen s pomoc\u00ed n\u011bkolika jednoduch\u00fdch drag&#038;drop krok\u016f.<\/li>\n<li>zvolte si hotovou \u0161ablonu z na\u0161\u00ed kolekce;<\/li>\n<li>nahrajte vlastn\u00ed, ji\u017e hotovou HTML \u0161ablonu ze souboru nebo z extern\u00edho URL;<\/li>\n<li>za\u010dn\u011bte p\u0159\u00edpravu nov\u00e9ho designu od nuly (bu\u010fto HTML nebo textovou) p\u0159\u00edmo v editoru;<\/li>\n<\/ul>\n<p>Pro za\u010d\u00e1tek navrhujeme pou\u017e\u00edt jednu z na\u0161ich p\u0159edem p\u0159ipraven\u00fdch \u0161ablon. Zde je p\u0159\u00edklad toho, jak editor vypad\u00e1 po importu va\u0161\u00ed vlastn\u00ed \u0161ablony:<\/p>\n<p><a href=\"http:\/\/emailchef.com\/wp-content\/uploads\/2014\/09\/eng_campaign2.png\"><img loading=\"lazy\" decoding=\"async\" class=\"alignnone size-full wp-image-3254\" src=\"http:\/\/emailchef.com\/wp-content\/uploads\/2014\/09\/eng_campaign2.png\" alt=\"Za\u010dn\u011bte kampa\u0148 v 5 minut\u00e1ch\" width=\"1186\" height=\"898\" \/><\/a><\/p>\n<p>M\u016f\u017eete p\u0159idat obsah a upravit si detaily podle libosti, nap\u0159\u00edklad nahr\u00e1n\u00edm a vlo\u017een\u00edm nov\u00fdch obr\u00e1zk\u016f, zm\u011bnou typu p\u00edsma a barvy, vytvo\u0159te si odr\u00e1\u017ekov\u00e9 seznamy, a samoz\u0159ejm\u011b p\u0159idejte extern\u00ed odkazy.<\/p>\n<p>Jakmile dokon\u010d\u00edte v\u00e1\u0161 newsletter, klikn\u011bte na \u201eDal\u0161\u00ed\u201c pro \u00fapravu va\u0161\u00ed kampan\u011b, p\u0159idejte jm\u00e9no a p\u0159edm\u011bt zpr\u00e1vy, a ur\u010dete, z jak\u00e9 adresy odes\u00edlatele ji chcete odeslat. Pokud chcete, m\u016f\u017eete i p\u0159idat dal\u0161\u00ed adresu odes\u00edlatele, nebo jinou adresu pro odpov\u011bdi u\u017eivatel\u016f.<\/p>\n<p>Pamatujte pros\u00edm, \u017ee do spodn\u00ed \u010d\u00e1sti va\u0161eho newsletteru p\u0159id\u00e1 Emailchef defaultn\u011b informace v souladu s legislativou CAN-SPAM Act, stejn\u011b jako odkaz pro odhl\u00e1\u0161en\u00ed. Je to z\u00e1stupn\u00fd k\u00f3d, kter\u00fd vypad\u00e1 takto:<\/p>\n<p><a href=\"http:\/\/emailchef.com\/wp-content\/uploads\/2014\/09\/eng_campaign3.png\"><img loading=\"lazy\" decoding=\"async\" class=\"alignnone size-full wp-image-3255\" src=\"http:\/\/emailchef.com\/wp-content\/uploads\/2014\/09\/eng_campaign3.png\" alt=\"Za\u010dn\u011bte kampa\u0148 v 5 minut\u00e1ch\" width=\"600\" height=\"275\" \/><\/a><\/p>\n<p>a takov\u00e9, kter\u00e9 va\u0161i p\u0159\u00edjemci uvid\u00ed firemn\u00ed detaily odes\u00edlatele, kter\u00e9ho jste si vybrali, a odkaz pro vy\u0161krtnut\u00ed sv\u00e9 adresy z va\u0161eho seznamu.<br \/>\nPokud si p\u0159iprav\u00edte \u0161ablonu sami, nebo pokud si importujete \u0161ablonu t\u0159et\u00ed strany, mus\u00edte p\u0159idat tento z\u00e1stupn\u00fd k\u00f3d (pro firemn\u00ed detaily kv\u016fli legislativ\u011b a odhl\u00e1\u0161en\u00ed), jak u\u017e bylo d\u0159\u00edve \u0159e\u010deno. Bez toho v\u00e1m Emailchef nedovol\u00ed email odeslat. K p\u0159id\u00e1n\u00ed tohoto k\u00f3du v\u00e1m sta\u010d\u00ed jen kliknout na \u201eP\u0159idat z\u00e1stupn\u00fd k\u00f3d\u201c, jak m\u016f\u017eete vid\u011bt i na tomto obr\u00e1zku. <\/p>\n<p><a href=\"http:\/\/emailchef.com\/wp-content\/uploads\/2014\/09\/eng_campaign4.png\"><img loading=\"lazy\" decoding=\"async\" class=\"alignnone size-full wp-image-3256\" src=\"http:\/\/emailchef.com\/wp-content\/uploads\/2014\/09\/eng_campaign4.png\" alt=\"Za\u010dn\u011bte kampa\u0148 v 5 minut\u00e1ch\" width=\"562\" height=\"375\" \/><\/a><\/p>\n<p>Zp\u011bt k va\u0161\u00ed kampani: pamatujte, \u017ee dobr\u00fd p\u0159edm\u011bt by m\u011bl m\u00edt v\u017edy m\u00e9n\u011b ne\u017e 50-60 znak\u016f a m\u011bl by va\u0161e \u010dten\u00e1\u0159e zaujmout!<\/p>\n<p>Nakonec, m\u011bli byste si vybrat seznam p\u0159\u00edjemc\u016f pro svoji kampa\u0148. Zde jsme se rozhodli, \u017ee po\u0161leme email na seznam \u201eMarketingov\u00fd seznam\u201c, kter\u00fd se skl\u00e1d\u00e1 z 10502 kontakt\u016f: <\/p>\n<p><a href=\"http:\/\/emailchef.com\/wp-content\/uploads\/2014\/09\/eng_campaign8.png\"><img loading=\"lazy\" decoding=\"async\" class=\"alignnone size-full wp-image-3261\" src=\"http:\/\/emailchef.com\/wp-content\/uploads\/2014\/09\/eng_campaign8.png\" alt=\"Za\u010dn\u011bte kampa\u0148 v 5 minut\u00e1ch\" width=\"1188\" height=\"284\" \/><\/a><\/p>\n<p>Nyn\u00ed jste p\u0159ipraveni email odeslat. Je pravd\u011bpodobn\u011b dobr\u00e9 nechat si ud\u011blat spam test, abyste se vyhnuli probl\u00e9m\u016fm s filtrac\u00ed, je to rychl\u00fd krok, kter\u00fd m\u016f\u017eete prov\u00e9st na str\u00e1nce \u201eZkontrolovat\u201c, kliknout na \u201cSpam test\u201d; pak je to jen na v\u00e1s: bu\u010fto m\u016f\u017eete poslat svoji zpr\u00e1vu okam\u017eit\u011b, nebo napl\u00e1novat \u010das pro pozd\u011bj\u0161\u00ed doru\u010den\u00ed. <\/p>\n<p><a href=\"http:\/\/emailchef.com\/wp-content\/uploads\/2014\/09\/eng_campaign6.png\"><img loading=\"lazy\" decoding=\"async\" class=\"alignnone size-full wp-image-3258\" src=\"http:\/\/emailchef.com\/wp-content\/uploads\/2014\/09\/eng_campaign6.png\" alt=\"Za\u010dn\u011bte kampa\u0148 v 5 minut\u00e1ch\" width=\"1182\" height=\"637\" \/><\/a><\/p>\n<h2><strong>3. Analyzujte kampa\u0148<\/strong><\/h2>\n<p>Mysl\u00edte si, \u017ee po odesl\u00e1n\u00ed emailu je pr\u00e1ce hotova? Zamyslete se! Nyn\u00ed je \u010das na to, pod\u00edvat se jak v\u0161e \u0161lo \u2013 jestli kampa\u0148 skon\u010dila \u00fasp\u011bchem nebo naopak. Emailchef nab\u00edz\u00ed p\u0159esn\u00fd analytick\u00fd n\u00e1stroj, kter\u00fd se obnovuje v re\u00e1ln\u00e9m \u010dase, a d\u00e1t v\u00e1m v\u0161echny relevantn\u00ed data o interakc\u00edch mezi va\u0161im emailem a va\u0161imi p\u0159\u00edjemci. <\/p>\n<p>Proto klikn\u011bte na \u201cReporty\u201d na hlavn\u00edm menu, a pak vyberte kampa\u0148, pro kterou chcete vid\u011bt report (v tomto p\u0159\u00edpad\u011b je to ta prvn\u00ed): <\/p>\n<p><a href=\"http:\/\/emailchef.com\/wp-content\/uploads\/2014\/09\/eng_campaign7.png\"><img loading=\"lazy\" decoding=\"async\" class=\"alignnone size-full wp-image-3259\" src=\"http:\/\/emailchef.com\/wp-content\/uploads\/2014\/09\/eng_campaign7.png\" alt=\"Za\u010dn\u011bte kampa\u0148 v 5 minut\u00e1ch\" width=\"1180\" height=\"746\" \/><\/a><\/p>\n<p>Jak m\u016f\u017eete vid\u011bt, z\u00edsk\u00e1te informace o: <\/p>\n<ul>\n<li><strong>m\u00ed\u0159e doru\u010den\u00ed<\/strong> (kolik email\u016f bylo opravdu doru\u010deno)<\/li>\n<li><strong>m\u00ed\u0159e otev\u0159en\u00ed<\/strong> (kolik email\u016f bylo otev\u0159eno)<\/li>\n<li><strong>m\u00ed\u0159e prokliku<\/strong> (kolik klik\u016f na v\u00e1\u0161 odkaz z\u00edskal v\u00e1\u0161 newsletter)<\/li>\n<li><strong>m\u00ed\u0159e odhl\u00e1\u0161en\u00ed<\/strong> (kolik lid\u00ed se odhl\u00e1silo z va\u0161eho seznamu)<\/li>\n<li><strong>st\u00ed\u017enost\u00ed na spam<\/strong> (kolik lid\u00ed ozna\u010dilo va\u0161i zpr\u00e1vu jako spam)<\/li>\n<li><strong>nedoru\u010den\u00ed<\/strong> (kolik zpr\u00e1v bylo odm\u00edtnuto p\u0159\u00edchoz\u00edmi servery p\u0159\u00edjemce)<\/li>\n<\/ul>\n<p>Data se ukazuj\u00ed graficky dv\u011bma zp\u016fsoby: liniov\u00fd graf pro uk\u00e1z\u00e1n\u00ed trend kampan\u011b b\u011bhem \u010dasu, a s\u00e9rie kol\u00e1\u010dov\u00fdch graf\u016f pro z\u00edsk\u00e1n\u00ed okam\u017eit\u00fdch dat o doru\u010den\u00edch, otev\u0159en\u00edch a klic\u00edch. V\u00fdb\u011brem tabulek nad liniov\u00fdm grafem m\u016f\u017eete vid\u011bt trend pro ka\u017edou kategorii: otev\u0159en\u00e9, emaily, kliknut\u00e9 emaily, odhl\u00e1\u0161en\u00ed \u2026 <\/p>\n<p>N\u00ed\u017ee naleznete tak\u00e9 kompletn\u00ed seznam v\u0161ech kontakt\u016f vztahuj\u00edc\u00edch se ke kategorii (adresa po adrese, kdo otev\u0159el newsletter, kdo kliknul atd. \u2013 kompletn\u00ed s datem a \u010dasem, kdy byla dan\u00e1 akce uskute\u010dn\u011bn\u00e1). <\/p>\n<p>Tyto data jsou neoceniteln\u00e1 pro zlep\u0161en\u00ed va\u0161ich kampan\u00ed. Nap\u0159. pokud zjist\u00edte, \u017ee va\u0161e m\u00edra otev\u0159en\u00ed se sni\u017euje, je \u010das promyslet v\u00e1\u0161 p\u0159edm\u011bt nebo zm\u011bnit \u010das a den odesl\u00e1n\u00ed. Velk\u00fd po\u010det nedoru\u010den\u00fdch email\u016f, na druhou stranu, znamen\u00e1, \u017ee byste m\u011bli ur\u010dit\u011b pro\u010distit sv\u016fj seznam a vymazali z n\u011bj duplicitn\u00ed nebo \u0161patn\u00e9 adresy. <\/p>\n<p>A to je celkem v\u0161e \u2013 je\u0161t\u011b jednou pro zopakov\u00e1n\u00ed. Uk\u00e1zali jsme v\u00e1m, jak jednoduch\u00e9 a rychl\u00e9 m\u016f\u017ee b\u00fdt vytvo\u0159en\u00ed, odesl\u00e1n\u00ed a anal\u00fdza emailov\u00e9 kampan\u011b s programem Emailchef: to je ale jen prvn\u00ed krok. Pokud se chcete dostat hloub\u011bji do znalosti na\u0161eho syst\u00e9mu, budeme r\u00e1di, kdy\u017e jej prozkoum\u00e1te a vyu\u017eijete k tomu n\u00e1\u0161 pln\u00fd u\u017eivatelsk\u00fd manu\u00e1l. <\/p>\n<p>A tak\u00e9 pamatujte, \u017ee v\u00e1m r\u00e1di pom\u016f\u017eeme a poslechneme si v\u00e1\u0161 n\u00e1zor. <\/p>\n","protected":false},"excerpt":{"rendered":"<p>V t\u00e9to \u010d\u00e1sti v\u00e1m uk\u00e1\u017eeme jak stvo\u0159it, odeslat a analyzovat klasickou emailovou kampa\u0148 v n\u011bkolika minut\u00e1ch. Je pot\u0159eba \u0159\u00edci, \u017ee Emailchef obsahuje mnohem v\u00edce funkc\u00ed a detail\u016f: vezm\u011bte t\u011bchto n\u011bkolik krok\u016f jako lehk\u00e9 p\u0159edstaven\u00ed na\u0161eho syst\u00e9mu, a pod\u00edvejte se do cel\u00e9ho u\u017eivatelsk\u00e9ho manu\u00e1lu pro v\u00edce informac\u00ed. P\u0159ipraveni? Za\u010dn\u011bme! 1. P\u0159idejte sv\u00e9 kontakty Nejprve mus\u00edte vytvo\u0159it [&hellip;]<\/p>\n","protected":false},"author":1,"featured_media":0,"parent":0,"menu_order":223,"comment_status":"closed","ping_status":"closed","template":"","meta":{"_acf_changed":false,"inline_featured_image":false,"footnotes":""},"g1_relation_tag":[],"class_list":["post-4383","page","type-page","status-publish","hentry"],"acf":[],"yoast_head":"<!-- This site is optimized with the Yoast SEO plugin v24.8.1 - https:\/\/yoast.com\/wordpress\/plugins\/seo\/ -->\n<title>Za\u010dn\u011bte kampa\u0148 v 5 minut\u00e1ch - Emailchef<\/title>\n<meta name=\"robots\" content=\"index, follow, max-snippet:-1, max-image-preview:large, max-video-preview:-1\" \/>\n<link rel=\"canonical\" href=\"https:\/\/emailchef.com\/cs\/zacnete-kampan-v-5-minutach\/\" \/>\n<meta name=\"twitter:label1\" content=\"Odhadovan\u00e1 doba \u010dten\u00ed\" \/>\n\t<meta name=\"twitter:data1\" content=\"6 minut\" \/>\n<!-- \/ Yoast SEO plugin. -->","yoast_head_json":{"title":"Za\u010dn\u011bte kampa\u0148 v 5 minut\u00e1ch - Emailchef","robots":{"index":"index","follow":"follow","max-snippet":"max-snippet:-1","max-image-preview":"max-image-preview:large","max-video-preview":"max-video-preview:-1"},"canonical":"https:\/\/emailchef.com\/cs\/zacnete-kampan-v-5-minutach\/","twitter_misc":{"Odhadovan\u00e1 doba \u010dten\u00ed":"6 minut"},"schema":{"@context":"https:\/\/schema.org","@graph":[{"@type":"WebPage","@id":"https:\/\/emailchef.com\/cs\/zacnete-kampan-v-5-minutach\/","url":"https:\/\/emailchef.com\/cs\/zacnete-kampan-v-5-minutach\/","name":"Za\u010dn\u011bte kampa\u0148 v 5 minut\u00e1ch - Emailchef","isPartOf":{"@id":"https:\/\/emailchef.com\/cs\/#website"},"primaryImageOfPage":{"@id":"https:\/\/emailchef.com\/cs\/zacnete-kampan-v-5-minutach\/#primaryimage"},"image":{"@id":"https:\/\/emailchef.com\/cs\/zacnete-kampan-v-5-minutach\/#primaryimage"},"thumbnailUrl":"http:\/\/emailchef.com\/wp-content\/uploads\/2014\/09\/eng_createlist.png","datePublished":"2014-09-22T12:58:49+00:00","dateModified":"2016-03-31T06:29:35+00:00","breadcrumb":{"@id":"https:\/\/emailchef.com\/cs\/zacnete-kampan-v-5-minutach\/#breadcrumb"},"inLanguage":"cs","potentialAction":[{"@type":"ReadAction","target":["https:\/\/emailchef.com\/cs\/zacnete-kampan-v-5-minutach\/"]}]},{"@type":"ImageObject","inLanguage":"cs","@id":"https:\/\/emailchef.com\/cs\/zacnete-kampan-v-5-minutach\/#primaryimage","url":"http:\/\/emailchef.com\/wp-content\/uploads\/2014\/09\/eng_createlist.png","contentUrl":"http:\/\/emailchef.com\/wp-content\/uploads\/2014\/09\/eng_createlist.png"},{"@type":"BreadcrumbList","@id":"https:\/\/emailchef.com\/cs\/zacnete-kampan-v-5-minutach\/#breadcrumb","itemListElement":[{"@type":"ListItem","position":1,"name":"Home","item":"https:\/\/emailchef.com\/cs\/emailchef-sluzby-email-marketingu\/"},{"@type":"ListItem","position":2,"name":"Za\u010dn\u011bte kampa\u0148 v 5 minut\u00e1ch"}]},{"@type":"WebSite","@id":"https:\/\/emailchef.com\/cs\/#website","url":"https:\/\/emailchef.com\/cs\/","name":"Emailchef","description":"Chutn\u00e9 recepty pro email marketing","publisher":{"@id":"https:\/\/emailchef.com\/cs\/#organization"},"potentialAction":[{"@type":"SearchAction","target":{"@type":"EntryPoint","urlTemplate":"https:\/\/emailchef.com\/cs\/?s={search_term_string}"},"query-input":{"@type":"PropertyValueSpecification","valueRequired":true,"valueName":"search_term_string"}}],"inLanguage":"cs"},{"@type":"Organization","@id":"https:\/\/emailchef.com\/cs\/#organization","name":"Delivery Tech Corp.","url":"https:\/\/emailchef.com\/cs\/","logo":{"@type":"ImageObject","inLanguage":"cs","@id":"https:\/\/emailchef.com\/cs\/#\/schema\/logo\/image\/","url":"https:\/\/emailchef.com\/wp-content\/uploads\/2022\/04\/logo-sama.png","contentUrl":"https:\/\/emailchef.com\/wp-content\/uploads\/2022\/04\/logo-sama.png","width":237,"height":80,"caption":"Delivery Tech Corp."},"image":{"@id":"https:\/\/emailchef.com\/cs\/#\/schema\/logo\/image\/"}}]}},"_links":{"self":[{"href":"https:\/\/emailchef.com\/cs\/wp-json\/wp\/v2\/pages\/4383"}],"collection":[{"href":"https:\/\/emailchef.com\/cs\/wp-json\/wp\/v2\/pages"}],"about":[{"href":"https:\/\/emailchef.com\/cs\/wp-json\/wp\/v2\/types\/page"}],"author":[{"embeddable":true,"href":"https:\/\/emailchef.com\/cs\/wp-json\/wp\/v2\/users\/1"}],"replies":[{"embeddable":true,"href":"https:\/\/emailchef.com\/cs\/wp-json\/wp\/v2\/comments?post=4383"}],"version-history":[{"count":1,"href":"https:\/\/emailchef.com\/cs\/wp-json\/wp\/v2\/pages\/4383\/revisions"}],"predecessor-version":[{"id":4384,"href":"https:\/\/emailchef.com\/cs\/wp-json\/wp\/v2\/pages\/4383\/revisions\/4384"}],"wp:attachment":[{"href":"https:\/\/emailchef.com\/cs\/wp-json\/wp\/v2\/media?parent=4383"}],"wp:term":[{"taxonomy":"g1_relation_tag","embeddable":true,"href":"https:\/\/emailchef.com\/cs\/wp-json\/wp\/v2\/g1_relation_tag?post=4383"}],"curies":[{"name":"wp","href":"https:\/\/api.w.org\/{rel}","templated":true}]}}