{"id":4375,"date":"2014-09-18T13:06:20","date_gmt":"2014-09-18T13:06:20","guid":{"rendered":"http:\/\/emailchef.com\/cs\/?page_id=4375"},"modified":"2021-07-09T09:40:48","modified_gmt":"2021-07-09T09:40:48","slug":"co-je-cloudova-emailova-sluzba","status":"publish","type":"page","link":"https:\/\/emailchef.com\/cs\/co-je-cloudova-emailova-sluzba\/","title":{"rendered":"Co je cloudov\u00e1 emailov\u00e1 slu\u017eba"},"content":{"rendered":"<p>Cloudovou emailovou slu\u017ebou mysl\u00edme, platformu pro odes\u00edl\u00e1n\u00ed email\u016f, kter\u00e1 je um\u00edst\u011bna na cloudu: v\u0161echny slu\u017eby jsou nab\u00edzeny u\u017eivatel\u016fm p\u0159\u00edmo na webu. Na rozd\u00edl od email marketingov\u00e9ho softwaru, na cloudu postaven\u00e1 emailov\u00e1 slu\u017eba, m\u016f\u017ee b\u00fdt p\u0159\u00edstupn\u00e1 odkudkoli, z jak\u00e9hokoli zam\u011bstn\u00e1n\u00ed, kdykoli a kdekoli; jej\u00ed infrastruktura je kompletn\u011b hostovan\u00e1 na internetu a nepot\u0159ebuje instalaci na PC.<\/p>\n<p>V u\u017e\u0161\u00edm pojet\u00ed, lid\u00e9 mluv\u00ed o cloudov\u00e9 emailov\u00e9 slu\u017eb\u011b, pouze kdy\u017e se odkazuj\u00ed na provozovatele emailov\u00e9ho doru\u010den\u00ed a nic jin\u00e9ho. Jeliko\u017e je Emailchef cloudov\u00e1 slu\u017eba, je tak\u00e9 jednou z nich \u2013 i kdy\u017e nab\u00edz\u00ed mnohem v\u00edce, ne\u017e jednoduch\u00fd doru\u010dovac\u00ed syst\u00e9m. Ve skute\u010dnosti, Emailchef je integrovan\u00e1 a profesion\u00e1ln\u00ed email marketingov\u00e1 platforma, kter\u00e1 v\u00e1m pom\u016f\u017ee s vytv\u00e1\u0159en\u00edm a\u017e po anal\u00fdzu newsletter\u016f a kampan\u00ed.<\/p>\n<p>A zde je n\u011bkolik d\u016fle\u017eit\u00fdch funkc\u00ed, kter\u00e9 by m\u011bla cloudov\u00e1 emailov\u00e1 slu\u017eba m\u00edt a na kter\u00e9 byste se m\u011bli d\u00edvat p\u0159i v\u00fdb\u011bru:<\/p>\n<ul>\n<li>Rychlost odesl\u00e1n\u00ed.<\/li>\n<li>Nejvy\u0161\u0161\u00ed m\u00edry doru\u010den\u00ed.<\/li>\n<li>V\u00fdborn\u00e1 reputace IP adres.<\/li>\n<li>Bezpe\u010dn\u00e1 metoda emailov\u00e9 autentizace.<\/li>\n<li>Mo\u017enost odes\u00edlat kamkoli a kdykoli.<\/li>\n<\/ul>\n<p>Napl\u0148uj\u00edc v\u0161echny tyto po\u017eadavky a mnoho dal\u0161\u00edch, Emailchef je nejlep\u0161\u00ed cloudov\u00e9 email \u0159e\u0161en\u00ed, kter\u00e9 m\u016f\u017eete na webu naj\u00edt. P\u0159ihlaste se k ovl\u00e1dac\u00edmu panelu Emailchef a <a href=\"http:\/\/emailchef.com\/user-signup\"><strong>vyzkou\u0161ejte to zdarma<\/strong><\/a>!<\/p>\n","protected":false},"excerpt":{"rendered":"<p>Cloudovou emailovou slu\u017ebou mysl\u00edme, platformu pro odes\u00edl\u00e1n\u00ed email\u016f, kter\u00e1 je um\u00edst\u011bna na cloudu: v\u0161echny slu\u017eby jsou nab\u00edzeny u\u017eivatel\u016fm p\u0159\u00edmo na webu. Na rozd\u00edl od email marketingov\u00e9ho softwaru, na cloudu postaven\u00e1 emailov\u00e1 slu\u017eba, m\u016f\u017ee b\u00fdt p\u0159\u00edstupn\u00e1 odkudkoli, z jak\u00e9hokoli zam\u011bstn\u00e1n\u00ed, kdykoli a kdekoli; jej\u00ed infrastruktura je kompletn\u011b hostovan\u00e1 na internetu a nepot\u0159ebuje instalaci na PC. V [&hellip;]<\/p>\n","protected":false},"author":1,"featured_media":0,"parent":0,"menu_order":259,"comment_status":"closed","ping_status":"closed","template":"","meta":{"_acf_changed":false,"inline_featured_image":false,"footnotes":""},"g1_relation_tag":[22],"class_list":["post-4375","page","type-page","status-publish","hentry","g1_relation_tag-cloud-email-sending"],"acf":[],"yoast_head":"<!-- This site is optimized with the Yoast SEO plugin v24.8.1 - https:\/\/yoast.com\/wordpress\/plugins\/seo\/ -->\n<title>Co je cloudov\u00e1 emailov\u00e1 slu\u017eba - Emailchef<\/title>\n<meta name=\"robots\" content=\"index, follow, max-snippet:-1, max-image-preview:large, max-video-preview:-1\" \/>\n<link rel=\"canonical\" href=\"https:\/\/emailchef.com\/cs\/co-je-cloudova-emailova-sluzba\/\" \/>\n<meta name=\"twitter:label1\" content=\"Odhadovan\u00e1 doba \u010dten\u00ed\" \/>\n\t<meta name=\"twitter:data1\" content=\"1 minuta\" \/>\n<!-- \/ Yoast SEO plugin. -->","yoast_head_json":{"title":"Co je cloudov\u00e1 emailov\u00e1 slu\u017eba - Emailchef","robots":{"index":"index","follow":"follow","max-snippet":"max-snippet:-1","max-image-preview":"max-image-preview:large","max-video-preview":"max-video-preview:-1"},"canonical":"https:\/\/emailchef.com\/cs\/co-je-cloudova-emailova-sluzba\/","twitter_misc":{"Odhadovan\u00e1 doba \u010dten\u00ed":"1 minuta"},"schema":{"@context":"https:\/\/schema.org","@graph":[{"@type":"WebPage","@id":"https:\/\/emailchef.com\/cs\/co-je-cloudova-emailova-sluzba\/","url":"https:\/\/emailchef.com\/cs\/co-je-cloudova-emailova-sluzba\/","name":"Co je cloudov\u00e1 emailov\u00e1 slu\u017eba - Emailchef","isPartOf":{"@id":"https:\/\/emailchef.com\/cs\/#website"},"datePublished":"2014-09-18T13:06:20+00:00","dateModified":"2021-07-09T09:40:48+00:00","breadcrumb":{"@id":"https:\/\/emailchef.com\/cs\/co-je-cloudova-emailova-sluzba\/#breadcrumb"},"inLanguage":"cs","potentialAction":[{"@type":"ReadAction","target":["https:\/\/emailchef.com\/cs\/co-je-cloudova-emailova-sluzba\/"]}]},{"@type":"BreadcrumbList","@id":"https:\/\/emailchef.com\/cs\/co-je-cloudova-emailova-sluzba\/#breadcrumb","itemListElement":[{"@type":"ListItem","position":1,"name":"Home","item":"https:\/\/emailchef.com\/cs\/emailchef-sluzby-email-marketingu\/"},{"@type":"ListItem","position":2,"name":"Co je cloudov\u00e1 emailov\u00e1 slu\u017eba"}]},{"@type":"WebSite","@id":"https:\/\/emailchef.com\/cs\/#website","url":"https:\/\/emailchef.com\/cs\/","name":"Emailchef","description":"Chutn\u00e9 recepty pro email marketing","publisher":{"@id":"https:\/\/emailchef.com\/cs\/#organization"},"potentialAction":[{"@type":"SearchAction","target":{"@type":"EntryPoint","urlTemplate":"https:\/\/emailchef.com\/cs\/?s={search_term_string}"},"query-input":{"@type":"PropertyValueSpecification","valueRequired":true,"valueName":"search_term_string"}}],"inLanguage":"cs"},{"@type":"Organization","@id":"https:\/\/emailchef.com\/cs\/#organization","name":"Delivery Tech Corp.","url":"https:\/\/emailchef.com\/cs\/","logo":{"@type":"ImageObject","inLanguage":"cs","@id":"https:\/\/emailchef.com\/cs\/#\/schema\/logo\/image\/","url":"https:\/\/emailchef.com\/wp-content\/uploads\/2022\/04\/logo-sama.png","contentUrl":"https:\/\/emailchef.com\/wp-content\/uploads\/2022\/04\/logo-sama.png","width":237,"height":80,"caption":"Delivery Tech Corp."},"image":{"@id":"https:\/\/emailchef.com\/cs\/#\/schema\/logo\/image\/"}}]}},"_links":{"self":[{"href":"https:\/\/emailchef.com\/cs\/wp-json\/wp\/v2\/pages\/4375"}],"collection":[{"href":"https:\/\/emailchef.com\/cs\/wp-json\/wp\/v2\/pages"}],"about":[{"href":"https:\/\/emailchef.com\/cs\/wp-json\/wp\/v2\/types\/page"}],"author":[{"embeddable":true,"href":"https:\/\/emailchef.com\/cs\/wp-json\/wp\/v2\/users\/1"}],"replies":[{"embeddable":true,"href":"https:\/\/emailchef.com\/cs\/wp-json\/wp\/v2\/comments?post=4375"}],"version-history":[{"count":4,"href":"https:\/\/emailchef.com\/cs\/wp-json\/wp\/v2\/pages\/4375\/revisions"}],"predecessor-version":[{"id":6311,"href":"https:\/\/emailchef.com\/cs\/wp-json\/wp\/v2\/pages\/4375\/revisions\/6311"}],"wp:attachment":[{"href":"https:\/\/emailchef.com\/cs\/wp-json\/wp\/v2\/media?parent=4375"}],"wp:term":[{"taxonomy":"g1_relation_tag","embeddable":true,"href":"https:\/\/emailchef.com\/cs\/wp-json\/wp\/v2\/g1_relation_tag?post=4375"}],"curies":[{"name":"wp","href":"https:\/\/api.w.org\/{rel}","templated":true}]}}