{"id":4373,"date":"2014-09-18T13:08:39","date_gmt":"2014-09-18T13:08:39","guid":{"rendered":"http:\/\/emailchef.com\/cs\/?page_id=4373"},"modified":"2021-07-09T09:40:37","modified_gmt":"2021-07-09T09:40:37","slug":"email-marketing-na-cloudu","status":"publish","type":"page","link":"https:\/\/emailchef.com\/cs\/email-marketing-na-cloudu\/","title":{"rendered":"Email marketing na cloudu"},"content":{"rendered":"<p>Hlavn\u00edm rozd\u00edlem mezi pou\u017e\u00edv\u00e1n\u00edm na cloudu zalo\u017een\u00e9m email marketingu a spr\u00e1vou desktopov\u00e9ho softwaru pro zas\u00edl\u00e1n\u00ed email\u016f je, \u017ee ten prvn\u00ed je kdykoli p\u0159\u00edstupn\u00fd z webu.<\/p>\n<p>Jin\u00fdmi slovy, nemus\u00edte stahovat n\u011bjak\u00fd software a m\u00e1te mo\u017enost vyu\u017e\u00edt marketingov\u00e9 slu\u017eby kdykoli chcete a na jak\u00e9mkoli za\u0159\u00edzen\u00ed: v\u0161e je \u201ena mr\u00e1\u010dku\u201c (p\u0159eklad slova cloud), to znamen\u00e1 na vzd\u00e1len\u00fdch serverech, a tak p\u0159ipraven\u00fdch k p\u0159\u00edstupu kdykoli.<\/p>\n<p>Ve zkratce, cloudov\u00fd emailov\u00fd \u00fa\u010det v\u00e1m umo\u017e\u0148uje:<\/p>\n<ul>\n<li>odeslat v\u00edce email\u016f v krat\u0161\u00edm \u010dase;<\/li>\n<li>m\u00edt v\u00edce flexibiln\u00edch mo\u017enost\u00ed odesl\u00e1n\u00ed;<\/li>\n<li>ulo\u017eit a zp\u011btn\u011b zjistit v\u0161echny sv\u00e1 data p\u0159es archivaci na cloudu;<\/li>\n<li>pracovat na sv\u00fdch seznamech kdekoli a kdykoli;<\/li>\n<li>u\u017e\u00edvat si pokro\u010dil\u00fdch analytick\u00fdch n\u00e1stroj\u016f;<\/li>\n<li>vybrat si mezi v\u00edcero r\u016fzn\u00fdmi slu\u017ebami a verzemi podle va\u0161ich pot\u0159eb.<\/li>\n<\/ul>\n<p>Samoz\u0159ejm\u011b, n\u011bkdo m\u016f\u017ee vzn\u00e9st ot\u00e1zku o bezpe\u010dnosti cloudu. N\u011bkdo argumentuje, \u017ee nahrajete svoje seznamy kontakt\u016f na cloudov\u00fd server, u kter\u00e9ho mohou hrozit \u00faniky.<\/p>\n<p>Jsme py\u0161n\u00ed na to, \u017ee Emailchef si velmi cen\u00ed va\u0161e soukrom\u00ed a bezpe\u010dnost v\u0161ech va\u0161ich informac\u00ed: na\u0161e d\u016fv\u011bryhodn\u00e9 servery maj\u00ed n\u011bkolik vrstev digit\u00e1ln\u00edho zabezpe\u010den\u00ed, a za \u017e\u00e1dnou cenu nebudou va\u0161e data sd\u00edlena nebo pou\u017eita. V\u0161e je a bude v\u017edy pod va\u0161\u00ed kontrolou.<\/p>\n<p>Email marketing zalo\u017een\u00fd na cloudu je velkou p\u0159\u00edle\u017eitost\u00ed pro stimulaci z\u00e1jmu a zapojuje va\u0161e spolupracovn\u00edky pracuj\u00edc\u00ed p\u0159\u00edmo na webu a spravuj\u00edc\u00ed jednodu\u0161eji va\u0161e seznamy a newslettery. P\u0159ihlaste se k ovl\u00e1dac\u00edmu panelu Emailchef a <a href=\"http:\/\/emailchef.com\/user-signup\"><strong>vyzkou\u0161ejte to zdarma<\/strong><\/a>!<\/p>\n","protected":false},"excerpt":{"rendered":"<p>Hlavn\u00edm rozd\u00edlem mezi pou\u017e\u00edv\u00e1n\u00edm na cloudu zalo\u017een\u00e9m email marketingu a spr\u00e1vou desktopov\u00e9ho softwaru pro zas\u00edl\u00e1n\u00ed email\u016f je, \u017ee ten prvn\u00ed je kdykoli p\u0159\u00edstupn\u00fd z webu. Jin\u00fdmi slovy, nemus\u00edte stahovat n\u011bjak\u00fd software a m\u00e1te mo\u017enost vyu\u017e\u00edt marketingov\u00e9 slu\u017eby kdykoli chcete a na jak\u00e9mkoli za\u0159\u00edzen\u00ed: v\u0161e je \u201ena mr\u00e1\u010dku\u201c (p\u0159eklad slova cloud), to znamen\u00e1 na vzd\u00e1len\u00fdch serverech, [&hellip;]<\/p>\n","protected":false},"author":1,"featured_media":0,"parent":0,"menu_order":96,"comment_status":"closed","ping_status":"closed","template":"","meta":{"_acf_changed":false,"inline_featured_image":false,"footnotes":""},"g1_relation_tag":[22],"class_list":["post-4373","page","type-page","status-publish","hentry","g1_relation_tag-cloud-email-sending"],"acf":[],"yoast_head":"<!-- This site is optimized with the Yoast SEO plugin v24.8.1 - https:\/\/yoast.com\/wordpress\/plugins\/seo\/ -->\n<title>Email marketing na cloudu - Emailchef<\/title>\n<meta name=\"robots\" content=\"index, follow, max-snippet:-1, max-image-preview:large, max-video-preview:-1\" \/>\n<link rel=\"canonical\" href=\"https:\/\/emailchef.com\/cs\/email-marketing-na-cloudu\/\" \/>\n<meta name=\"twitter:label1\" content=\"Odhadovan\u00e1 doba \u010dten\u00ed\" \/>\n\t<meta name=\"twitter:data1\" content=\"1 minuta\" \/>\n<!-- \/ Yoast SEO plugin. -->","yoast_head_json":{"title":"Email marketing na cloudu - Emailchef","robots":{"index":"index","follow":"follow","max-snippet":"max-snippet:-1","max-image-preview":"max-image-preview:large","max-video-preview":"max-video-preview:-1"},"canonical":"https:\/\/emailchef.com\/cs\/email-marketing-na-cloudu\/","twitter_misc":{"Odhadovan\u00e1 doba \u010dten\u00ed":"1 minuta"},"schema":{"@context":"https:\/\/schema.org","@graph":[{"@type":"WebPage","@id":"https:\/\/emailchef.com\/cs\/email-marketing-na-cloudu\/","url":"https:\/\/emailchef.com\/cs\/email-marketing-na-cloudu\/","name":"Email marketing na cloudu - Emailchef","isPartOf":{"@id":"https:\/\/emailchef.com\/cs\/#website"},"datePublished":"2014-09-18T13:08:39+00:00","dateModified":"2021-07-09T09:40:37+00:00","breadcrumb":{"@id":"https:\/\/emailchef.com\/cs\/email-marketing-na-cloudu\/#breadcrumb"},"inLanguage":"cs","potentialAction":[{"@type":"ReadAction","target":["https:\/\/emailchef.com\/cs\/email-marketing-na-cloudu\/"]}]},{"@type":"BreadcrumbList","@id":"https:\/\/emailchef.com\/cs\/email-marketing-na-cloudu\/#breadcrumb","itemListElement":[{"@type":"ListItem","position":1,"name":"Home","item":"https:\/\/emailchef.com\/cs\/emailchef-sluzby-email-marketingu\/"},{"@type":"ListItem","position":2,"name":"Email marketing na cloudu"}]},{"@type":"WebSite","@id":"https:\/\/emailchef.com\/cs\/#website","url":"https:\/\/emailchef.com\/cs\/","name":"Emailchef","description":"Chutn\u00e9 recepty pro email marketing","publisher":{"@id":"https:\/\/emailchef.com\/cs\/#organization"},"potentialAction":[{"@type":"SearchAction","target":{"@type":"EntryPoint","urlTemplate":"https:\/\/emailchef.com\/cs\/?s={search_term_string}"},"query-input":{"@type":"PropertyValueSpecification","valueRequired":true,"valueName":"search_term_string"}}],"inLanguage":"cs"},{"@type":"Organization","@id":"https:\/\/emailchef.com\/cs\/#organization","name":"Delivery Tech Corp.","url":"https:\/\/emailchef.com\/cs\/","logo":{"@type":"ImageObject","inLanguage":"cs","@id":"https:\/\/emailchef.com\/cs\/#\/schema\/logo\/image\/","url":"https:\/\/emailchef.com\/wp-content\/uploads\/2022\/04\/logo-sama.png","contentUrl":"https:\/\/emailchef.com\/wp-content\/uploads\/2022\/04\/logo-sama.png","width":237,"height":80,"caption":"Delivery Tech Corp."},"image":{"@id":"https:\/\/emailchef.com\/cs\/#\/schema\/logo\/image\/"}}]}},"_links":{"self":[{"href":"https:\/\/emailchef.com\/cs\/wp-json\/wp\/v2\/pages\/4373"}],"collection":[{"href":"https:\/\/emailchef.com\/cs\/wp-json\/wp\/v2\/pages"}],"about":[{"href":"https:\/\/emailchef.com\/cs\/wp-json\/wp\/v2\/types\/page"}],"author":[{"embeddable":true,"href":"https:\/\/emailchef.com\/cs\/wp-json\/wp\/v2\/users\/1"}],"replies":[{"embeddable":true,"href":"https:\/\/emailchef.com\/cs\/wp-json\/wp\/v2\/comments?post=4373"}],"version-history":[{"count":3,"href":"https:\/\/emailchef.com\/cs\/wp-json\/wp\/v2\/pages\/4373\/revisions"}],"predecessor-version":[{"id":45208,"href":"https:\/\/emailchef.com\/cs\/wp-json\/wp\/v2\/pages\/4373\/revisions\/45208"}],"wp:attachment":[{"href":"https:\/\/emailchef.com\/cs\/wp-json\/wp\/v2\/media?parent=4373"}],"wp:term":[{"taxonomy":"g1_relation_tag","embeddable":true,"href":"https:\/\/emailchef.com\/cs\/wp-json\/wp\/v2\/g1_relation_tag?post=4373"}],"curies":[{"name":"wp","href":"https:\/\/api.w.org\/{rel}","templated":true}]}}