{"id":4367,"date":"2014-09-18T12:47:44","date_gmt":"2014-09-18T12:47:44","guid":{"rendered":"http:\/\/emailchef.com\/cs\/?page_id=4367"},"modified":"2021-07-09T09:39:53","modified_gmt":"2021-07-09T09:39:53","slug":"sluzba-emailoveho-dorucovani","status":"publish","type":"page","link":"https:\/\/emailchef.com\/cs\/sluzba-emailoveho-dorucovani\/","title":{"rendered":"Slu\u017eba emailov\u00e9ho doru\u010dov\u00e1n\u00ed"},"content":{"rendered":"<p>Slu\u017eba emailov\u00e9ho doru\u010dov\u00e1n\u00ed je aplikace, kter\u00e1 se star\u00e1 o p\u0159enesen\u00ed emailov\u00e9 zpr\u00e1vy od odes\u00edlatele na server p\u0159\u00edjemce, a vyh\u00fdb\u00e1 se blokov\u00e1n\u00ed antispam filtrem nebo filtry ISP. Tento syst\u00e9m je pro profesion\u00e1ln\u00ed email marketing kritick\u00fdm n\u00e1strojem, proto\u017ee bez spr\u00e1vn\u00e9ho doru\u010den\u00ed je i ten nejlep\u0161\u00ed a nejl\u00e9pe zac\u00edlen\u00fd newsletter zbyte\u010dn\u00fd.<\/p>\n<p>\u201eSlu\u017ebou emailov\u00e9ho doru\u010den\u00ed\u201c mysl\u00edme \u0159e\u0161en\u00ed emailov\u00e9ho p\u0159enosu, kter\u00fd jednodu\u0161e spravuje proces doru\u010den\u00ed a nic jin\u00e9ho, jako specializovan\u00fd odchoz\u00ed emailov\u00fd server: ale trochu ze \u0161iroka, m\u016f\u017eeme pova\u017eovat tak\u00e9 <strong>email marketingov\u00e9 platformy<\/strong> jako Emailchef za aplikace na doru\u010dov\u00e1n\u00ed email\u016f. \u010c\u00e1st jejich pr\u00e1ce je vyzvednout va\u0161e newslettery a dostat je do schr\u00e1nek p\u0159\u00edjemc\u016f.<\/p>\n<p>V  Emailchef, d\u00e1v\u00e1me nejv\u00edce pozornosti pr\u00e1v\u011b doru\u010den\u00ed va\u0161ich email\u016f.<\/p>\n<p>Kv\u016fli tomu udr\u017eujeme neust\u00e1l\u00fd dialog se v\u0161emi ISP poskytovateli \u2013 abychom se ujistili, \u017ee \u017e\u00e1dn\u00e1 va\u0161e zpr\u00e1va je blokov\u00e1na nebo ozna\u010den\u00e1 jako spam. Tak\u00e9 m\u00e1me ov\u011b\u0159ovac\u00ed syst\u00e9m a spol\u00e9h\u00e1me se na s\u00e9rii \u010dist\u00fdch a d\u016fv\u011bryhodn\u00fdch IP adres, denn\u011b monitorovan\u00fdch, abychom udr\u017eeli jejich reputaci a tak garantovali nejlep\u0161\u00ed m\u00edru doru\u010den\u00ed.<\/p>\n<p>Samoz\u0159ejm\u011b, Emailchef je ale mnohem v\u00edce ne\u017e to: je to integrovan\u00e1 email marketingov\u00e1 platforma, nab\u00edz\u00ed tak\u00e9 WYSIWYG editor newsletter\u016f, pokro\u010dil\u00fd n\u00e1stroj na spr\u00e1vu seznam\u016f kontakt\u016f, kompletn\u00ed statistiky atd. <a href=\"http:\/\/emailchef.com\/cs\/funkce\/nejrychlejsi-tvurce-sablon\/\"><strong>Prozkoumejte si jej hned<\/strong><\/a>!<\/p>\n","protected":false},"excerpt":{"rendered":"<p>Slu\u017eba emailov\u00e9ho doru\u010dov\u00e1n\u00ed je aplikace, kter\u00e1 se star\u00e1 o p\u0159enesen\u00ed emailov\u00e9 zpr\u00e1vy od odes\u00edlatele na server p\u0159\u00edjemce, a vyh\u00fdb\u00e1 se blokov\u00e1n\u00ed antispam filtrem nebo filtry ISP. Tento syst\u00e9m je pro profesion\u00e1ln\u00ed email marketing kritick\u00fdm n\u00e1strojem, proto\u017ee bez spr\u00e1vn\u00e9ho doru\u010den\u00ed je i ten nejlep\u0161\u00ed a nejl\u00e9pe zac\u00edlen\u00fd newsletter zbyte\u010dn\u00fd. \u201eSlu\u017ebou emailov\u00e9ho doru\u010den\u00ed\u201c mysl\u00edme \u0159e\u0161en\u00ed emailov\u00e9ho p\u0159enosu, [&hellip;]<\/p>\n","protected":false},"author":1,"featured_media":0,"parent":0,"menu_order":73,"comment_status":"closed","ping_status":"closed","template":"","meta":{"_acf_changed":false,"inline_featured_image":false,"footnotes":""},"g1_relation_tag":[21],"class_list":["post-4367","page","type-page","status-publish","hentry","g1_relation_tag-email-delivery"],"acf":[],"yoast_head":"<!-- This site is optimized with the Yoast SEO plugin v24.8.1 - https:\/\/yoast.com\/wordpress\/plugins\/seo\/ -->\n<title>Slu\u017eba emailov\u00e9ho doru\u010dov\u00e1n\u00ed - Emailchef<\/title>\n<meta name=\"robots\" content=\"index, follow, max-snippet:-1, max-image-preview:large, max-video-preview:-1\" \/>\n<link rel=\"canonical\" href=\"https:\/\/emailchef.com\/cs\/sluzba-emailoveho-dorucovani\/\" \/>\n<meta name=\"twitter:label1\" content=\"Odhadovan\u00e1 doba \u010dten\u00ed\" \/>\n\t<meta name=\"twitter:data1\" content=\"1 minuta\" \/>\n<!-- \/ Yoast SEO plugin. -->","yoast_head_json":{"title":"Slu\u017eba emailov\u00e9ho doru\u010dov\u00e1n\u00ed - Emailchef","robots":{"index":"index","follow":"follow","max-snippet":"max-snippet:-1","max-image-preview":"max-image-preview:large","max-video-preview":"max-video-preview:-1"},"canonical":"https:\/\/emailchef.com\/cs\/sluzba-emailoveho-dorucovani\/","twitter_misc":{"Odhadovan\u00e1 doba \u010dten\u00ed":"1 minuta"},"schema":{"@context":"https:\/\/schema.org","@graph":[{"@type":"WebPage","@id":"https:\/\/emailchef.com\/cs\/sluzba-emailoveho-dorucovani\/","url":"https:\/\/emailchef.com\/cs\/sluzba-emailoveho-dorucovani\/","name":"Slu\u017eba emailov\u00e9ho doru\u010dov\u00e1n\u00ed - Emailchef","isPartOf":{"@id":"https:\/\/emailchef.com\/cs\/#website"},"datePublished":"2014-09-18T12:47:44+00:00","dateModified":"2021-07-09T09:39:53+00:00","breadcrumb":{"@id":"https:\/\/emailchef.com\/cs\/sluzba-emailoveho-dorucovani\/#breadcrumb"},"inLanguage":"cs","potentialAction":[{"@type":"ReadAction","target":["https:\/\/emailchef.com\/cs\/sluzba-emailoveho-dorucovani\/"]}]},{"@type":"BreadcrumbList","@id":"https:\/\/emailchef.com\/cs\/sluzba-emailoveho-dorucovani\/#breadcrumb","itemListElement":[{"@type":"ListItem","position":1,"name":"Home","item":"https:\/\/emailchef.com\/cs\/emailchef-sluzby-email-marketingu\/"},{"@type":"ListItem","position":2,"name":"Slu\u017eba emailov\u00e9ho doru\u010dov\u00e1n\u00ed"}]},{"@type":"WebSite","@id":"https:\/\/emailchef.com\/cs\/#website","url":"https:\/\/emailchef.com\/cs\/","name":"Emailchef","description":"Chutn\u00e9 recepty pro email marketing","publisher":{"@id":"https:\/\/emailchef.com\/cs\/#organization"},"potentialAction":[{"@type":"SearchAction","target":{"@type":"EntryPoint","urlTemplate":"https:\/\/emailchef.com\/cs\/?s={search_term_string}"},"query-input":{"@type":"PropertyValueSpecification","valueRequired":true,"valueName":"search_term_string"}}],"inLanguage":"cs"},{"@type":"Organization","@id":"https:\/\/emailchef.com\/cs\/#organization","name":"Delivery Tech Corp.","url":"https:\/\/emailchef.com\/cs\/","logo":{"@type":"ImageObject","inLanguage":"cs","@id":"https:\/\/emailchef.com\/cs\/#\/schema\/logo\/image\/","url":"https:\/\/emailchef.com\/wp-content\/uploads\/2022\/04\/logo-sama.png","contentUrl":"https:\/\/emailchef.com\/wp-content\/uploads\/2022\/04\/logo-sama.png","width":237,"height":80,"caption":"Delivery Tech Corp."},"image":{"@id":"https:\/\/emailchef.com\/cs\/#\/schema\/logo\/image\/"}}]}},"_links":{"self":[{"href":"https:\/\/emailchef.com\/cs\/wp-json\/wp\/v2\/pages\/4367"}],"collection":[{"href":"https:\/\/emailchef.com\/cs\/wp-json\/wp\/v2\/pages"}],"about":[{"href":"https:\/\/emailchef.com\/cs\/wp-json\/wp\/v2\/types\/page"}],"author":[{"embeddable":true,"href":"https:\/\/emailchef.com\/cs\/wp-json\/wp\/v2\/users\/1"}],"replies":[{"embeddable":true,"href":"https:\/\/emailchef.com\/cs\/wp-json\/wp\/v2\/comments?post=4367"}],"version-history":[{"count":3,"href":"https:\/\/emailchef.com\/cs\/wp-json\/wp\/v2\/pages\/4367\/revisions"}],"predecessor-version":[{"id":45204,"href":"https:\/\/emailchef.com\/cs\/wp-json\/wp\/v2\/pages\/4367\/revisions\/45204"}],"wp:attachment":[{"href":"https:\/\/emailchef.com\/cs\/wp-json\/wp\/v2\/media?parent=4367"}],"wp:term":[{"taxonomy":"g1_relation_tag","embeddable":true,"href":"https:\/\/emailchef.com\/cs\/wp-json\/wp\/v2\/g1_relation_tag?post=4367"}],"curies":[{"name":"wp","href":"https:\/\/api.w.org\/{rel}","templated":true}]}}