{"id":4363,"date":"2014-09-18T12:52:34","date_gmt":"2014-09-18T12:52:34","guid":{"rendered":"http:\/\/emailchef.com\/cs\/?page_id=4363"},"modified":"2021-07-09T09:37:15","modified_gmt":"2021-07-09T09:37:15","slug":"jak-se-vyhnout-spamovym-filtrum","status":"publish","type":"page","link":"https:\/\/emailchef.com\/cs\/jak-se-vyhnout-spamovym-filtrum\/","title":{"rendered":"Jak se vyhnout spamov\u00fdm filtr\u016fm"},"content":{"rendered":"<p>Nane\u0161t\u011bst\u00ed, i email marketing odeslan\u00fd na potvrzen\u00e9 kontakty je kontrolov\u00e1n spamov\u00fdmi filtry a va\u0161e legitimn\u00ed newslettery mohou skon\u010dit blokovan\u00e9 p\u0159\u00edchoz\u00edmi servery a ISP poskytovateli. Proto je d\u016fle\u017eit\u00e9 nau\u010dit se, jak se vyhnout spamov\u00fdm filtr\u016fm.<br \/>\nStatistiky \u0159\u00edkaj\u00ed, \u017ee a\u017e 20% v\u0161ech odeslan\u00fdch email\u016f se jednodu\u0161e ztrat\u00ed d\u00edky tomuto agresivn\u00edmu filtrov\u00e1n\u00ed. D\u016fvod je jednoduch\u00fd: jeliko\u017e out&amp;out spam roste (nevy\u017e\u00e1dan\u00e9 hromadn\u00e9 emaily) a st\u00e1v\u00e1 se v\u00edce z\u00e1ke\u0159n\u00fd, odpov\u011b\u010f spamov\u00fdch filtr\u016f je na opl\u00e1tku tak\u00e9 velmi nemilosrdn\u00e1. A m\u016f\u017ee se tak odstranit i perfektn\u011b legitimn\u00ed email.<br \/>\nProbl\u00e9m je v tom, \u017ee na rozd\u00edl od spamov\u00fdch st\u00ed\u017enost\u00ed (kdy s\u00e1m u\u017eivatel p\u0159esune v\u00e1\u0161 email do spamu), tento zp\u016fsob automatick\u00e9 filtrace se ned\u00e1 sledovat. Ani se nedozv\u00edte, \u017ee v\u00e1\u0161 email byl takto odfiltrov\u00e1n.<\/p>\n<p>Shrnut\u00ed: i kdy\u017e je v\u00e1\u0161 seznam slo\u017een\u00fd jen z potvrzen\u00fdch kontakt\u016f (jak by tak\u00e9 m\u011bl b\u00fdt!) a pou\u017e\u00edv\u00e1te <strong>profesion\u00e1ln\u00ed platformu pro email marketing<\/strong>, nebezpe\u010d\u00ed, \u017ee n\u011bkter\u00fd z va\u0161ich email\u016f skon\u010d\u00ed v t\u00e9to spamov\u00e9 pasti filtrace tu je. Jak se tedy br\u00e1nit?<br \/>\nZde je 14 zaru\u010den\u00fdch technik pro zlep\u0161en\u00ed m\u00edry doru\u010den\u00ed va\u0161ich email\u016f:<\/p>\n<p><strong>1. Sna\u017ete se p\u0159i vytv\u00e1\u0159en\u00ed p\u0159edm\u011btu zpr\u00e1vy.<\/strong><br \/>\nSpamov\u011b vyhl\u00ed\u017eej\u00edc\u00ed slova jako \u201czdarma\u201d, \u201cpen\u00edze\u201d, \u201cz\u00e1ruka vr\u00e1cen\u00ed pen\u011bz\u201d, \u201chypot\u00e9ka\u201d, \u201cotev\u0159ete hned\u201d, atd. Se nesm\u00ed ve va\u0161em p\u0159edm\u011btu zpr\u00e1vy nikdy objevit. Tak\u00e9 nepou\u017e\u00edvejte slova slo\u017een\u00e1 z velk\u00fdch p\u00edsmen, znaky dolaru \u010di eura anebo mnoho vyk\u0159i\u010dn\u00edk\u016f. P\u011bkn\u00fdm p\u0159\u00edkladem hrozn\u00e9ho p\u0159edm\u011btu by bylo n\u011bco jako \u201c$$$ NAB\u00cdDKA ZDARMA! JISTOTA VR\u00c1CEN\u00cd PEN\u011aZ!!!!&#8221;. Ch\u00e1pete to?<\/p>\n<p><strong>2. V\u011bnujte pozornost i samotn\u00e9mu obsahu zpr\u00e1vy.<\/strong><br \/>\nPi\u0161t\u011b \u010dist\u00fdm a jednoduch\u00fdm stylem, vyvarujte se zdlouhav\u00fdm popis\u016fm a spamov\u011b vyhl\u00ed\u017eej\u00edc\u00edm slov\u016fm (ano, je to tady zase). Nezapome\u0148te si v\u0161e po sob\u011b pozorn\u011b p\u0159e\u010d\u00edst a opravit si p\u0159eklepy \u2013 jsou \u010dasto pova\u017eov\u00e1ny za vod\u00edtko pro nalezen\u00ed spamov\u00fdch zpr\u00e1v. Kontrola pravopisu zabere jen chv\u00edli a bezchybn\u00fd email je samoz\u0159ejm\u011b i velmi dobrou vizitkou pro va\u0161e adres\u00e1ty.<\/p>\n<p><strong>3. Najd\u011bte spr\u00e1vn\u00fd pom\u011br mezi textem a obr\u00e1zky.<\/strong><br \/>\nText a obr\u00e1zky by m\u011bli m\u00edt spr\u00e1vnou velikost, podobn\u011b jako u \u010dl\u00e1nku v novin\u00e1ch: a tak\u00e9 to nep\u0159eh\u00e1n\u011bjte s grafikou.<\/p>\n<p><strong>4. Nikdy nepos\u00edlejte newsletter slo\u017een\u00fd jen z obr\u00e1zk\u016f.<\/strong><br \/>\nV prv\u00e9 \u0159ad\u011b je t\u011b\u017ek\u00e9 ho i doru\u010dit a velmi lehce je ozna\u010den\u00fd za spam nebo phishing.<\/p>\n<p><strong>5. Lehkost je kl\u00ed\u010dem.<\/strong><br \/>\nVelikost va\u0161eho hromadn\u00e9ho emailu by nikdy nem\u011bla p\u0159es\u00e1hnout 40-50 Kb.<\/p>\n<p><strong>6. Pi\u0161te p\u011bkn\u00fd, na newsletter orientovan\u00fd HTML k\u00f3d.<\/strong><br \/>\n\u0160patn\u00e9 HTML je p\u0159ek\u00e1\u017ekou pro spr\u00e1vn\u00e9 doru\u010den\u00ed. Vyhn\u011bte se kop\u00edrov\u00e1n\u00ed a vkl\u00e1d\u00e1n\u00ed (copy&amp;paste) z MS Office (MS Word nebo MS Publisher) \u2013 v\u00fdsledn\u00fd k\u00f3d je opravdu d\u011bsn\u00fd. I proto v\u00e1m Emailchef nab\u00edz\u00ed sadu profesion\u00e1ln\u00edch p\u0159edem p\u0159ipraven\u00fdch \u0161ablon, p\u0159ipraven\u00fdch profesion\u00e1ly a s d\u016frazem na newsletter orientovan\u00e9 HTML. M\u016f\u017eete tak\u00e9 pou\u017e\u00edt n\u00e1\u0161 unik\u00e1tn\u00ed Tv\u016frce \u0161ablon (MailStyler) a vytvo\u0159it si vlastn\u00ed HTML emaily bez jak\u00e9koli znalosti HTML k\u00f3du. Program MailStyler je ji\u017e sou\u010d\u00e1st\u00ed platformy Emailchef a nen\u00ed nutn\u00e9 nic nikde hledat.<\/p>\n<p><strong>7. Propojte va\u0161i emailovou \u0161ablonu se va\u0161\u00ed firemn\u00ed prezentac\u00ed (zna\u010dkou). <\/strong><br \/>\nProz\u00edravost: nal\u00e9zt grafickou shodu mezi vzhledem va\u0161eho newsletteru a va\u0161\u00ed firemn\u00ed prezentac\u00ed (web, logo, barvy, zna\u010dka, atd.), m\u016f\u017ee pomoci, aby v\u00e1s spamov\u00e9 filtry brali za legitimn\u00ed a pustili v\u00e1s d\u00e1le.<\/p>\n<p><strong>8. Pou\u017e\u00edvejte profesion\u00e1ln\u00ed odchoz\u00ed mail server a d\u016fv\u011bryhodn\u00e9 IP poskytovatele.<\/strong><br \/>\nJe velmi snadn\u00e9 podcenit d\u016fle\u017eitost tohoto bodu: pouze specializovan\u00fd SMTP server v\u00e1m m\u016f\u017ee zaru\u010dit v\u00fdbornou m\u00edru doru\u010den\u00ed. Ve skute\u010dnosti, b\u011b\u017en\u00e9 bezplatn\u00e9 SMTP servery (jako ty spojen\u00e9 s Gmailem, Yahoo, Hotmailem, atd.), nejsou stav\u011bn\u00e9 na podporu hromadn\u00fdch email\u016f, a mohou obsahovat blokovan\u00e9 IP adresy (a emaily z t\u011bchto IP adres jsou v\u0161echny automaticky odstran\u011bny). S na\u0161\u00ed slu\u017ebou Emailchef se v\u00e1m toto nestane. Emailchef se neust\u00e1le zab\u00fdv\u00e1 pou\u017eit\u00edm nejlep\u0161\u00ed SMTP technologie a \u010dist\u00fdch (white-listnut\u00fdch) IP adres, abychom zajistili nejvy\u0161\u0161\u00ed doru\u010ditelnost pro va\u0161e emaily a vyhnuli se spamov\u00fdm filtr\u016fm.<\/p>\n<p><strong>9. Nad\u00e1vejte do va\u0161ich email\u016f p\u0159\u00edli\u0161 odkaz\u016f.<\/strong><br \/>\nA nikdy se neodkazujte na weby s pochybnou pov\u011bst\u00ed.<\/p>\n<p><strong>10. V\u017edy nab\u00eddn\u011bte odkaz pro odhl\u00e1\u0161en\u00ed.<\/strong><br \/>\nMo\u017enost vytvo\u0159it si jednoduchou cestu pro odhl\u00e1\u0161en\u00ed z va\u0161eho seznamu kontakt\u016f je velmi d\u016fle\u017eit\u00e9, za prv\u00e9 proto, \u017ee je to po\u017eadov\u00e1no legislativou a za druh\u00e9 proto, \u017ee to sni\u017euje nebezpe\u010d\u00ed, \u017ee v\u00e1\u0161 email skon\u010d\u00ed ve spamov\u00e9m ko\u0161i u\u017eivatele. <strong>Emailchef<\/strong> v\u00e1m pom\u00e1h\u00e1 t\u00edm, \u017ee takov\u00fd odkaz um\u00eds\u0165uje do va\u0161ich email\u016f automaticky.<\/p>\n<p><strong>11. Nep\u0159id\u00e1vejte p\u0159\u00edlohy.<\/strong><br \/>\nObecn\u011b \u0159e\u010deno, nem\u011bli byste p\u0159id\u00e1vat \u017e\u00e1dn\u00e9 p\u0159\u00edlohy: dobr\u00fd newsletter je toti\u017e nepot\u0159ebuje \u2013 v\u0161echen d\u016fle\u017eit\u00fd obsah je v t\u011ble emailu. Pokud v\u0161ak mus\u00edte p\u0159idat p\u0159\u00edlohu, dr\u017ete jej\u00ed velikost na minimu.<\/p>\n<p><strong>12. V adrese odes\u00edlatele zpr\u00e1vy by m\u011blo b\u00fdt jm\u00e9no va\u0161\u00ed dom\u00e9ny.<\/strong><br \/>\nSpamov\u00e9 filtry jsou mnohem tvrd\u0161\u00ed na adresy free email dom\u00e9n pou\u017eit\u00fdch pro hromadn\u00e9 rozes\u00edl\u00e1n\u00ed email\u016f (jako nap\u0159. sales@gmail.com, @live.com atd.). Tak\u017ee pokud m\u00e1te firemn\u00ed dom\u00e9nu, otev\u0159ete na n\u00ed emailovou adresu pro zas\u00edl\u00e1n\u00ed va\u0161ich newsletter\u016f. Emailchef \u017e\u00e1d\u00e1, abyste pos\u00edlali z legitimn\u00edch a funk\u010dn\u00edch adres, a ne z adresy &#8220;neexistuje&#8221;.<\/p>\n<p><strong>13. P\u0159idejte detaily firmy do z\u00e1pat\u00ed.<\/strong><br \/>\nP\u0159id\u00e1n\u00ed odkaz\u016f na va\u0161i str\u00e1nku u soci\u00e1ln\u00edch s\u00edt\u00ed a p\u00e1r \u0159\u00e1dek o va\u0161\u00ed spole\u010dnosti (adresa a telefonn\u00ed \u010d\u00edslo), pom\u016f\u017ee va\u0161emu emailu, aby vypadal v\u00edce \u201eopravdov\u011b\u201c a ne jako spam.<\/p>\n<p><strong>14. Ud\u011blejte si spam test.<\/strong><br \/>\nPokud si st\u00e1le nejste jisti ohledn\u011b va\u0161eho psan\u00ed nebo designu, Emailchef m\u00e1 pro v\u00e1s n\u00e1stroj na skenov\u00e1n\u00ed emailu a z\u00edsk\u00e1n\u00ed sk\u00f3re a zji\u0161t\u011bn\u00ed, co byste mohli je\u0161t\u011b zlep\u0161it.<\/p>\n<p>Tyto pravidla by m\u011bli sta\u010dit, abyste sn\u00ed\u017eili spam filtraci va\u0161ich email\u016f na minimum. Pokud zjist\u00edte, \u017ee va\u0161e statistika otev\u0159en\u00fdch email\u016f prudce kles\u00e1, nebo v\u00e1m z\u00e1kazn\u00edci sami p\u00ed\u0161\u00ed, \u017ee od v\u00e1s nedost\u00e1vaj\u00ed \u017e\u00e1dn\u00e9 emaily, pak je \u010das na revizi va\u0161\u00ed strategie a mo\u017en\u00e1 se znovu zamyslet nad nejlep\u0161\u00edmi radami od n\u00e1s.<\/p>\n<p>P\u00e1r slov nakonec. V\u017edy bude n\u011bkde \u201e\u0161ed\u00e1 z\u00f3na\u201c, ve kter\u00e9 skon\u010d\u00ed n\u011bkter\u00e9 va\u0161e skv\u011ble vytvo\u0159en\u00e9 a legitimn\u00ed newslettery \u2013 i kdy\u017e to bude jen jeden z mili\u00f3nu. Pro\u010d? Na to nen\u00ed jednoduch\u00e1 odpov\u011b\u010f, ani \u017e\u00e1dn\u00e9 kouzlo, kter\u00e9 to sprav\u00ed; ale to nevad\u00ed. Spamov\u00e9 filtry jsou \u010d\u00edm d\u00e1l v\u00edce agresivn\u00ed, a nikdy nepracuj\u00ed n\u00e1hodn\u011b: pokud d\u011bl\u00e1te, co m\u00e1te a spr\u00e1vn\u011b, pak v\u00e1m nemohou nijak ubl\u00ed\u017eit.<\/p>\n<p>Pro cokoli jin\u00e9ho, po\u0161lete n\u00e1m zpr\u00e1vu nebo zavolejte na\u0161e z\u00e1kaznick\u00e9 centrum. Pamatujte si: <a href=\"http:\/\/emailchef.com\/support\/\"><strong>jsme tu, abychom v\u00e1m pomohli<\/strong><\/a>.<\/p>\n","protected":false},"excerpt":{"rendered":"<p>Nane\u0161t\u011bst\u00ed, i email marketing odeslan\u00fd na potvrzen\u00e9 kontakty je kontrolov\u00e1n spamov\u00fdmi filtry a va\u0161e legitimn\u00ed newslettery mohou skon\u010dit blokovan\u00e9 p\u0159\u00edchoz\u00edmi servery a ISP poskytovateli. Proto je d\u016fle\u017eit\u00e9 nau\u010dit se, jak se vyhnout spamov\u00fdm filtr\u016fm. Statistiky \u0159\u00edkaj\u00ed, \u017ee a\u017e 20% v\u0161ech odeslan\u00fdch email\u016f se jednodu\u0161e ztrat\u00ed d\u00edky tomuto agresivn\u00edmu filtrov\u00e1n\u00ed. D\u016fvod je jednoduch\u00fd: jeliko\u017e out&amp;out spam [&hellip;]<\/p>\n","protected":false},"author":1,"featured_media":0,"parent":0,"menu_order":142,"comment_status":"closed","ping_status":"closed","template":"","meta":{"_acf_changed":false,"inline_featured_image":false,"footnotes":""},"g1_relation_tag":[21],"class_list":["post-4363","page","type-page","status-publish","hentry","g1_relation_tag-email-delivery"],"acf":[],"yoast_head":"<!-- This site is optimized with the Yoast SEO plugin v24.8.1 - https:\/\/yoast.com\/wordpress\/plugins\/seo\/ -->\n<title>Jak se vyhnout spamov\u00fdm filtr\u016fm - Emailchef<\/title>\n<meta name=\"robots\" content=\"index, follow, max-snippet:-1, max-image-preview:large, max-video-preview:-1\" \/>\n<link rel=\"canonical\" href=\"https:\/\/emailchef.com\/cs\/jak-se-vyhnout-spamovym-filtrum\/\" \/>\n<meta name=\"twitter:label1\" content=\"Odhadovan\u00e1 doba \u010dten\u00ed\" \/>\n\t<meta name=\"twitter:data1\" content=\"5 minut\" \/>\n<!-- \/ Yoast SEO plugin. -->","yoast_head_json":{"title":"Jak se vyhnout spamov\u00fdm filtr\u016fm - Emailchef","robots":{"index":"index","follow":"follow","max-snippet":"max-snippet:-1","max-image-preview":"max-image-preview:large","max-video-preview":"max-video-preview:-1"},"canonical":"https:\/\/emailchef.com\/cs\/jak-se-vyhnout-spamovym-filtrum\/","twitter_misc":{"Odhadovan\u00e1 doba \u010dten\u00ed":"5 minut"},"schema":{"@context":"https:\/\/schema.org","@graph":[{"@type":"WebPage","@id":"https:\/\/emailchef.com\/cs\/jak-se-vyhnout-spamovym-filtrum\/","url":"https:\/\/emailchef.com\/cs\/jak-se-vyhnout-spamovym-filtrum\/","name":"Jak se vyhnout spamov\u00fdm filtr\u016fm - Emailchef","isPartOf":{"@id":"https:\/\/emailchef.com\/cs\/#website"},"datePublished":"2014-09-18T12:52:34+00:00","dateModified":"2021-07-09T09:37:15+00:00","breadcrumb":{"@id":"https:\/\/emailchef.com\/cs\/jak-se-vyhnout-spamovym-filtrum\/#breadcrumb"},"inLanguage":"cs","potentialAction":[{"@type":"ReadAction","target":["https:\/\/emailchef.com\/cs\/jak-se-vyhnout-spamovym-filtrum\/"]}]},{"@type":"BreadcrumbList","@id":"https:\/\/emailchef.com\/cs\/jak-se-vyhnout-spamovym-filtrum\/#breadcrumb","itemListElement":[{"@type":"ListItem","position":1,"name":"Home","item":"https:\/\/emailchef.com\/cs\/emailchef-sluzby-email-marketingu\/"},{"@type":"ListItem","position":2,"name":"Jak se vyhnout spamov\u00fdm filtr\u016fm"}]},{"@type":"WebSite","@id":"https:\/\/emailchef.com\/cs\/#website","url":"https:\/\/emailchef.com\/cs\/","name":"Emailchef","description":"Chutn\u00e9 recepty pro email marketing","publisher":{"@id":"https:\/\/emailchef.com\/cs\/#organization"},"potentialAction":[{"@type":"SearchAction","target":{"@type":"EntryPoint","urlTemplate":"https:\/\/emailchef.com\/cs\/?s={search_term_string}"},"query-input":{"@type":"PropertyValueSpecification","valueRequired":true,"valueName":"search_term_string"}}],"inLanguage":"cs"},{"@type":"Organization","@id":"https:\/\/emailchef.com\/cs\/#organization","name":"Delivery Tech Corp.","url":"https:\/\/emailchef.com\/cs\/","logo":{"@type":"ImageObject","inLanguage":"cs","@id":"https:\/\/emailchef.com\/cs\/#\/schema\/logo\/image\/","url":"https:\/\/emailchef.com\/wp-content\/uploads\/2022\/04\/logo-sama.png","contentUrl":"https:\/\/emailchef.com\/wp-content\/uploads\/2022\/04\/logo-sama.png","width":237,"height":80,"caption":"Delivery Tech Corp."},"image":{"@id":"https:\/\/emailchef.com\/cs\/#\/schema\/logo\/image\/"}}]}},"_links":{"self":[{"href":"https:\/\/emailchef.com\/cs\/wp-json\/wp\/v2\/pages\/4363"}],"collection":[{"href":"https:\/\/emailchef.com\/cs\/wp-json\/wp\/v2\/pages"}],"about":[{"href":"https:\/\/emailchef.com\/cs\/wp-json\/wp\/v2\/types\/page"}],"author":[{"embeddable":true,"href":"https:\/\/emailchef.com\/cs\/wp-json\/wp\/v2\/users\/1"}],"replies":[{"embeddable":true,"href":"https:\/\/emailchef.com\/cs\/wp-json\/wp\/v2\/comments?post=4363"}],"version-history":[{"count":5,"href":"https:\/\/emailchef.com\/cs\/wp-json\/wp\/v2\/pages\/4363\/revisions"}],"predecessor-version":[{"id":45200,"href":"https:\/\/emailchef.com\/cs\/wp-json\/wp\/v2\/pages\/4363\/revisions\/45200"}],"wp:attachment":[{"href":"https:\/\/emailchef.com\/cs\/wp-json\/wp\/v2\/media?parent=4363"}],"wp:term":[{"taxonomy":"g1_relation_tag","embeddable":true,"href":"https:\/\/emailchef.com\/cs\/wp-json\/wp\/v2\/g1_relation_tag?post=4363"}],"curies":[{"name":"wp","href":"https:\/\/api.w.org\/{rel}","templated":true}]}}