{"id":4349,"date":"2014-09-18T10:48:41","date_gmt":"2014-09-18T10:48:41","guid":{"rendered":"http:\/\/emailchef.com\/cs\/?page_id=4349"},"modified":"2021-07-09T09:30:37","modified_gmt":"2021-07-09T09:30:37","slug":"sluzba-pro-transakcni-emaily","status":"publish","type":"page","link":"https:\/\/emailchef.com\/cs\/sluzba-pro-transakcni-emaily\/","title":{"rendered":"Slu\u017eba pro transak\u010dn\u00ed emaily"},"content":{"rendered":"<p>Slu\u017eba transak\u010dn\u00edch email\u016f je webov\u00e1 aplikace, kter\u00e1 umo\u017e\u0148uje transak\u010dn\u00ed emaily \u2013 nap\u0159. individu\u00e1ln\u00ed zpr\u00e1vy spu\u0161t\u011bn\u00e9 ur\u010ditou ud\u00e1lost\u00ed (a\u0165 ze strany u\u017eivatele \u2013 jako p\u0159ihl\u00e1\u0161en\u00ed nebo kliknut\u00ed \u2013 nebo zam\u00fd\u0161leno marketingov\u00fdm pracovn\u00edkem \u2013 nap\u0159. opakuj\u00edc\u00ed se ud\u00e1lost, jako u\u017eivatelovi narozeniny.<\/p>\n<p>Dobr\u00e9 p\u0159\u00edklady transak\u010dn\u00edch email\u016f jsou potvrzovac\u00ed zpr\u00e1vy, \u00fa\u010dtenky n\u00e1kup\u016f, d\u011bkovn\u00e9 emaily, autorespond\u00e9ry, hl\u00e1\u0161en\u00ed chyb atd. Z\u00e1sadn\u00edm detailem zde je, \u017ee tyto emaily jsou automatizovan\u00e9: jsou automaticky generovan\u00e9 slu\u017ebou, v\u017edy kdy\u017e se napln\u00ed dan\u00e1 ud\u00e1lost. A to je i d\u016fvod, pro\u010d maj\u00ed obecn\u011b nejvy\u0161\u0161\u00ed m\u00edru otev\u0159en\u00ed mezi v\u0161emi zp\u016fsoby p\u0159\u00edm\u00e9ho marketingu.<\/p>\n<p>P\u0159esto\u017ee byl prim\u00e1rn\u011b stvo\u0159en na pos\u00edl\u00e1n\u00ed klasick\u00fdch hromadn\u00fdch email\u016f, <strong>Emailchef<\/strong> zaji\u0161\u0165uje tak\u00e9 efektivn\u00ed slu\u017ebu pro transak\u010dn\u00ed emaily. Jeho syst\u00e9m autorespond\u00e9ru garantuje mo\u017enost okam\u017eit\u011b odes\u00edlat automatizovan\u00e9 a transak\u010dn\u00ed zpr\u00e1vy, zjednodu\u0161uje v mnoh\u00e9m spr\u00e1vu cel\u00e9ho procesu.<\/p>\n<p>M\u016f\u017eete je nastavit na mnoho r\u016fzn\u00fdch spou\u0161t\u011bc\u00edch ud\u00e1lost\u00ed, jako nap\u0159. v\u00fdro\u010d\u00ed, p\u0159ihl\u00e1\u0161en\u00ed, posledn\u00ed klik ve vybran\u00e9 kampani (pro p\u0159\u00edpravu nap\u0159. remarketingov\u00e9 kampan\u011b) atd. Emailchef s postar\u00e1 o zbytek, zaji\u0161\u0165uj\u00edc rychl\u00e9 a efektivn\u00ed doru\u010den\u00ed transak\u010dn\u00edch email\u016f. Samoz\u0159ejm\u011b, \u017ee v\u0161echny automatizovan\u00e9 emaily mohou b\u00fdt sledov\u00e1ny a analyzov\u00e1ny a v p\u0159\u00edpad\u011b pot\u0159eby upraveny pro zlep\u0161en\u00ed konverze.<\/p>\n","protected":false},"excerpt":{"rendered":"<p>Slu\u017eba transak\u010dn\u00edch email\u016f je webov\u00e1 aplikace, kter\u00e1 umo\u017e\u0148uje transak\u010dn\u00ed emaily \u2013 nap\u0159. individu\u00e1ln\u00ed zpr\u00e1vy spu\u0161t\u011bn\u00e9 ur\u010ditou ud\u00e1lost\u00ed (a\u0165 ze strany u\u017eivatele \u2013 jako p\u0159ihl\u00e1\u0161en\u00ed nebo kliknut\u00ed \u2013 nebo zam\u00fd\u0161leno marketingov\u00fdm pracovn\u00edkem \u2013 nap\u0159. opakuj\u00edc\u00ed se ud\u00e1lost, jako u\u017eivatelovi narozeniny. Dobr\u00e9 p\u0159\u00edklady transak\u010dn\u00edch email\u016f jsou potvrzovac\u00ed zpr\u00e1vy, \u00fa\u010dtenky n\u00e1kup\u016f, d\u011bkovn\u00e9 emaily, autorespond\u00e9ry, hl\u00e1\u0161en\u00ed chyb atd. Z\u00e1sadn\u00edm [&hellip;]<\/p>\n","protected":false},"author":1,"featured_media":0,"parent":0,"menu_order":249,"comment_status":"closed","ping_status":"closed","template":"","meta":{"_acf_changed":false,"inline_featured_image":false,"footnotes":""},"g1_relation_tag":[19],"class_list":["post-4349","page","type-page","status-publish","hentry","g1_relation_tag-transactional-emails"],"acf":[],"yoast_head":"<!-- This site is optimized with the Yoast SEO plugin v24.8.1 - https:\/\/yoast.com\/wordpress\/plugins\/seo\/ -->\n<title>Slu\u017eba pro transak\u010dn\u00ed emaily - Emailchef<\/title>\n<meta name=\"robots\" content=\"index, follow, max-snippet:-1, max-image-preview:large, max-video-preview:-1\" \/>\n<link rel=\"canonical\" href=\"https:\/\/emailchef.com\/cs\/sluzba-pro-transakcni-emaily\/\" \/>\n<meta name=\"twitter:label1\" content=\"Odhadovan\u00e1 doba \u010dten\u00ed\" \/>\n\t<meta name=\"twitter:data1\" content=\"1 minuta\" \/>\n<!-- \/ Yoast SEO plugin. -->","yoast_head_json":{"title":"Slu\u017eba pro transak\u010dn\u00ed emaily - Emailchef","robots":{"index":"index","follow":"follow","max-snippet":"max-snippet:-1","max-image-preview":"max-image-preview:large","max-video-preview":"max-video-preview:-1"},"canonical":"https:\/\/emailchef.com\/cs\/sluzba-pro-transakcni-emaily\/","twitter_misc":{"Odhadovan\u00e1 doba \u010dten\u00ed":"1 minuta"},"schema":{"@context":"https:\/\/schema.org","@graph":[{"@type":"WebPage","@id":"https:\/\/emailchef.com\/cs\/sluzba-pro-transakcni-emaily\/","url":"https:\/\/emailchef.com\/cs\/sluzba-pro-transakcni-emaily\/","name":"Slu\u017eba pro transak\u010dn\u00ed emaily - Emailchef","isPartOf":{"@id":"https:\/\/emailchef.com\/cs\/#website"},"datePublished":"2014-09-18T10:48:41+00:00","dateModified":"2021-07-09T09:30:37+00:00","breadcrumb":{"@id":"https:\/\/emailchef.com\/cs\/sluzba-pro-transakcni-emaily\/#breadcrumb"},"inLanguage":"cs","potentialAction":[{"@type":"ReadAction","target":["https:\/\/emailchef.com\/cs\/sluzba-pro-transakcni-emaily\/"]}]},{"@type":"BreadcrumbList","@id":"https:\/\/emailchef.com\/cs\/sluzba-pro-transakcni-emaily\/#breadcrumb","itemListElement":[{"@type":"ListItem","position":1,"name":"Home","item":"https:\/\/emailchef.com\/cs\/emailchef-sluzby-email-marketingu\/"},{"@type":"ListItem","position":2,"name":"Slu\u017eba pro transak\u010dn\u00ed emaily"}]},{"@type":"WebSite","@id":"https:\/\/emailchef.com\/cs\/#website","url":"https:\/\/emailchef.com\/cs\/","name":"Emailchef","description":"Chutn\u00e9 recepty pro email marketing","publisher":{"@id":"https:\/\/emailchef.com\/cs\/#organization"},"potentialAction":[{"@type":"SearchAction","target":{"@type":"EntryPoint","urlTemplate":"https:\/\/emailchef.com\/cs\/?s={search_term_string}"},"query-input":{"@type":"PropertyValueSpecification","valueRequired":true,"valueName":"search_term_string"}}],"inLanguage":"cs"},{"@type":"Organization","@id":"https:\/\/emailchef.com\/cs\/#organization","name":"Delivery Tech Corp.","url":"https:\/\/emailchef.com\/cs\/","logo":{"@type":"ImageObject","inLanguage":"cs","@id":"https:\/\/emailchef.com\/cs\/#\/schema\/logo\/image\/","url":"https:\/\/emailchef.com\/wp-content\/uploads\/2022\/04\/logo-sama.png","contentUrl":"https:\/\/emailchef.com\/wp-content\/uploads\/2022\/04\/logo-sama.png","width":237,"height":80,"caption":"Delivery Tech Corp."},"image":{"@id":"https:\/\/emailchef.com\/cs\/#\/schema\/logo\/image\/"}}]}},"_links":{"self":[{"href":"https:\/\/emailchef.com\/cs\/wp-json\/wp\/v2\/pages\/4349"}],"collection":[{"href":"https:\/\/emailchef.com\/cs\/wp-json\/wp\/v2\/pages"}],"about":[{"href":"https:\/\/emailchef.com\/cs\/wp-json\/wp\/v2\/types\/page"}],"author":[{"embeddable":true,"href":"https:\/\/emailchef.com\/cs\/wp-json\/wp\/v2\/users\/1"}],"replies":[{"embeddable":true,"href":"https:\/\/emailchef.com\/cs\/wp-json\/wp\/v2\/comments?post=4349"}],"version-history":[{"count":3,"href":"https:\/\/emailchef.com\/cs\/wp-json\/wp\/v2\/pages\/4349\/revisions"}],"predecessor-version":[{"id":45192,"href":"https:\/\/emailchef.com\/cs\/wp-json\/wp\/v2\/pages\/4349\/revisions\/45192"}],"wp:attachment":[{"href":"https:\/\/emailchef.com\/cs\/wp-json\/wp\/v2\/media?parent=4349"}],"wp:term":[{"taxonomy":"g1_relation_tag","embeddable":true,"href":"https:\/\/emailchef.com\/cs\/wp-json\/wp\/v2\/g1_relation_tag?post=4349"}],"curies":[{"name":"wp","href":"https:\/\/api.w.org\/{rel}","templated":true}]}}