{"id":4347,"date":"2014-09-18T12:20:33","date_gmt":"2014-09-18T12:20:33","guid":{"rendered":"http:\/\/emailchef.com\/cs\/?page_id=4347"},"modified":"2021-07-09T09:30:28","modified_gmt":"2021-07-09T09:30:28","slug":"emailovy-autoresponder","status":"publish","type":"page","link":"https:\/\/emailchef.com\/cs\/emailovy-autoresponder\/","title":{"rendered":"Emailov\u00fd autorespond\u00e9r"},"content":{"rendered":"<p>Emailov\u00fd autorespond\u00e9r je zpr\u00e1va odeslan\u00e1 automaticky na z\u00e1klad\u011b \u201espou\u0161t\u011bc\u00ed ud\u00e1losti\u201c: uv\u00edtac\u00ed email po p\u0159ihl\u00e1\u0161en\u00ed, \u00fa\u010dtenka po zaplacen\u00ed, p\u0159ipomenut\u00ed po zvolen\u00e9m \u010dase, atd.<\/p>\n<p>Automatizace email marketingu je nezbytn\u00fd n\u00e1stroj pro v\u0161echny modern\u00ed a profesion\u00e1ln\u00ed emailov\u00e9 kampan\u011b, proto\u017ee to jak \u0161et\u0159\u00ed \u010das, tak to urychluje procesy zm\u011bn informac\u00ed sm\u011brem k u\u017eivatel\u016fm.<\/p>\n<p>Proto <strong>Emailchef nab\u00edz\u00ed slu\u017ebu email respond\u00e9ru<\/strong>, pro jednoduchou spr\u00e1vu t\u011bchto velmi d\u016fle\u017eit\u00fdch opakovan\u00fdch (\u010di opakuj\u00edc\u00edch se) zpr\u00e1v (tak\u00e9 naz\u00fdvan\u00fdch transak\u010dn\u00ed emaily).<\/p>\n<p>V\u0161e co mus\u00edte ud\u011blat, je zda bude v\u00e1\u0161 autorespond\u00e9r \u010dasov\u00fd nebo z\u00e1visl\u00fd na ud\u00e1losti \u2013 tedy jak\u00fdm typem ud\u00e1losti se bude spou\u0161t\u011bt: nap\u0159\u00edklad p\u0159ipomenut\u00ed, den v\u00fdro\u010d\u00ed, nab\u00eddka po kliknut\u00ed na newsletter, atd.<\/p>\n<p>Jak je jednou nastav\u00edte, nen\u00ed u\u017e nic jin\u00e9ho, \u010deho byste se m\u011bli ob\u00e1vat; Emailchef se postar\u00e1 kompletn\u011b o cel\u00fd proces odesl\u00e1n\u00ed.<\/p>\n<p>Funkce, kter\u00e1 si zaslou\u017e\u00ed zm\u00ednit u autorespond\u00e9r\u016f je to, \u017ee maj\u00ed ze v\u0161ech marketingov\u00fdch email\u016f nejvy\u0161\u0161\u00ed m\u00edru otev\u0159en\u00ed, proto\u017ee jsou extr\u00e9mn\u011b c\u00edlen\u00e9 a jsou generov\u00e1ny ud\u00e1lost\u00ed, kter\u00e1 je zn\u00e1ma jak pro v\u00e1s, tak pro u\u017eivatele. Samoz\u0159ejm\u011b ne\u017e se stanou takto siln\u00fdm n\u00e1strojem, je nutn\u00e9 je perfektn\u011b p\u0159ipravit a u\u010dinit z nich prav\u00fd zdroj konverz\u00ed. Nejv\u00edce se sna\u017ete si zapamatovat:<\/p>\n\n<ul>\n<li>Napi\u0161te v\u017edy velmi jasn\u00fd p\u0159edm\u011bt zpr\u00e1vy. Nemus\u00edte b\u00fdt ani p\u0159\u00edli\u0161 kreativn\u00ed; je d\u016fle\u017eit\u011bj\u0161\u00ed b\u00fdt opravdu jasn\u00fd a \u0159\u00edci p\u0159esn\u011b o \u010dem zm\u00edn\u011bn\u00fd transak\u010dn\u00ed email je.<\/li>\n<li>B\u011b\u017ete rovnou k v\u011bci. Jeliko\u017e je zde ji\u017e pocit o\u010dek\u00e1v\u00e1n\u00ed o autorespond\u00e9ru, bu\u010fte tak stru\u010dn\u00ed jak to jen jde.<\/li>\n<li>Pou\u017eijte jednoduchou \u0161ablonu. Znovu, nep\u0159eh\u00e1n\u011bjte: jasn\u00e1 emailov\u00e1 \u0161ablona je v\u0161e, co pot\u0159ebujete pro p\u0159enesen\u00ed informac\u00ed co nejrychleji.<\/li>\n<li>Nezapome\u0148te dvakr\u00e1t zkontrolovat obsah. Pokud obsahuje v\u00e1\u0161 autorespond\u00e9r n\u011bjakou akci, v\u017edy zkontrolujte, zda vlo\u017een\u00fd odkaz opravdu funguje.<\/li>\n<\/ul>\n","protected":false},"excerpt":{"rendered":"<p>Emailov\u00fd autorespond\u00e9r je zpr\u00e1va odeslan\u00e1 automaticky na z\u00e1klad\u011b \u201espou\u0161t\u011bc\u00ed ud\u00e1losti\u201c: uv\u00edtac\u00ed email po p\u0159ihl\u00e1\u0161en\u00ed, \u00fa\u010dtenka po zaplacen\u00ed, p\u0159ipomenut\u00ed po zvolen\u00e9m \u010dase, atd. Automatizace email marketingu je nezbytn\u00fd n\u00e1stroj pro v\u0161echny modern\u00ed a profesion\u00e1ln\u00ed emailov\u00e9 kampan\u011b, proto\u017ee to jak \u0161et\u0159\u00ed \u010das, tak to urychluje procesy zm\u011bn informac\u00ed sm\u011brem k u\u017eivatel\u016fm. Proto Emailchef nab\u00edz\u00ed slu\u017ebu email respond\u00e9ru, [&hellip;]<\/p>\n","protected":false},"author":1,"featured_media":0,"parent":0,"menu_order":88,"comment_status":"closed","ping_status":"closed","template":"","meta":{"_acf_changed":false,"inline_featured_image":false,"footnotes":""},"g1_relation_tag":[19],"class_list":["post-4347","page","type-page","status-publish","hentry","g1_relation_tag-transactional-emails"],"acf":[],"yoast_head":"<!-- This site is optimized with the Yoast SEO plugin v24.8.1 - https:\/\/yoast.com\/wordpress\/plugins\/seo\/ -->\n<title>Emailov\u00fd autorespond\u00e9r - Emailchef<\/title>\n<meta name=\"robots\" content=\"index, follow, max-snippet:-1, max-image-preview:large, max-video-preview:-1\" \/>\n<link rel=\"canonical\" href=\"https:\/\/emailchef.com\/cs\/emailovy-autoresponder\/\" \/>\n<meta name=\"twitter:label1\" content=\"Odhadovan\u00e1 doba \u010dten\u00ed\" \/>\n\t<meta name=\"twitter:data1\" content=\"2 minuty\" \/>\n<!-- \/ Yoast SEO plugin. -->","yoast_head_json":{"title":"Emailov\u00fd autorespond\u00e9r - Emailchef","robots":{"index":"index","follow":"follow","max-snippet":"max-snippet:-1","max-image-preview":"max-image-preview:large","max-video-preview":"max-video-preview:-1"},"canonical":"https:\/\/emailchef.com\/cs\/emailovy-autoresponder\/","twitter_misc":{"Odhadovan\u00e1 doba \u010dten\u00ed":"2 minuty"},"schema":{"@context":"https:\/\/schema.org","@graph":[{"@type":"WebPage","@id":"https:\/\/emailchef.com\/cs\/emailovy-autoresponder\/","url":"https:\/\/emailchef.com\/cs\/emailovy-autoresponder\/","name":"Emailov\u00fd autorespond\u00e9r - Emailchef","isPartOf":{"@id":"https:\/\/emailchef.com\/cs\/#website"},"datePublished":"2014-09-18T12:20:33+00:00","dateModified":"2021-07-09T09:30:28+00:00","breadcrumb":{"@id":"https:\/\/emailchef.com\/cs\/emailovy-autoresponder\/#breadcrumb"},"inLanguage":"cs","potentialAction":[{"@type":"ReadAction","target":["https:\/\/emailchef.com\/cs\/emailovy-autoresponder\/"]}]},{"@type":"BreadcrumbList","@id":"https:\/\/emailchef.com\/cs\/emailovy-autoresponder\/#breadcrumb","itemListElement":[{"@type":"ListItem","position":1,"name":"Home","item":"https:\/\/emailchef.com\/cs\/emailchef-sluzby-email-marketingu\/"},{"@type":"ListItem","position":2,"name":"Emailov\u00fd autorespond\u00e9r"}]},{"@type":"WebSite","@id":"https:\/\/emailchef.com\/cs\/#website","url":"https:\/\/emailchef.com\/cs\/","name":"Emailchef","description":"Chutn\u00e9 recepty pro email marketing","publisher":{"@id":"https:\/\/emailchef.com\/cs\/#organization"},"potentialAction":[{"@type":"SearchAction","target":{"@type":"EntryPoint","urlTemplate":"https:\/\/emailchef.com\/cs\/?s={search_term_string}"},"query-input":{"@type":"PropertyValueSpecification","valueRequired":true,"valueName":"search_term_string"}}],"inLanguage":"cs"},{"@type":"Organization","@id":"https:\/\/emailchef.com\/cs\/#organization","name":"Delivery Tech Corp.","url":"https:\/\/emailchef.com\/cs\/","logo":{"@type":"ImageObject","inLanguage":"cs","@id":"https:\/\/emailchef.com\/cs\/#\/schema\/logo\/image\/","url":"https:\/\/emailchef.com\/wp-content\/uploads\/2022\/04\/logo-sama.png","contentUrl":"https:\/\/emailchef.com\/wp-content\/uploads\/2022\/04\/logo-sama.png","width":237,"height":80,"caption":"Delivery Tech Corp."},"image":{"@id":"https:\/\/emailchef.com\/cs\/#\/schema\/logo\/image\/"}}]}},"_links":{"self":[{"href":"https:\/\/emailchef.com\/cs\/wp-json\/wp\/v2\/pages\/4347"}],"collection":[{"href":"https:\/\/emailchef.com\/cs\/wp-json\/wp\/v2\/pages"}],"about":[{"href":"https:\/\/emailchef.com\/cs\/wp-json\/wp\/v2\/types\/page"}],"author":[{"embeddable":true,"href":"https:\/\/emailchef.com\/cs\/wp-json\/wp\/v2\/users\/1"}],"replies":[{"embeddable":true,"href":"https:\/\/emailchef.com\/cs\/wp-json\/wp\/v2\/comments?post=4347"}],"version-history":[{"count":3,"href":"https:\/\/emailchef.com\/cs\/wp-json\/wp\/v2\/pages\/4347\/revisions"}],"predecessor-version":[{"id":45190,"href":"https:\/\/emailchef.com\/cs\/wp-json\/wp\/v2\/pages\/4347\/revisions\/45190"}],"wp:attachment":[{"href":"https:\/\/emailchef.com\/cs\/wp-json\/wp\/v2\/media?parent=4347"}],"wp:term":[{"taxonomy":"g1_relation_tag","embeddable":true,"href":"https:\/\/emailchef.com\/cs\/wp-json\/wp\/v2\/g1_relation_tag?post=4347"}],"curies":[{"name":"wp","href":"https:\/\/api.w.org\/{rel}","templated":true}]}}