{"id":4345,"date":"2014-09-11T09:47:58","date_gmt":"2014-09-11T09:47:58","guid":{"rendered":"http:\/\/emailchef.com\/cs\/?page_id=4345"},"modified":"2021-07-07T15:12:08","modified_gmt":"2021-07-07T15:12:08","slug":"transakcni-emaily","status":"publish","type":"page","link":"https:\/\/emailchef.com\/cs\/transakcni-emaily\/","title":{"rendered":"Transak\u010dn\u00ed emaily"},"content":{"rendered":"<div class=\"gb-container gb-container-74cf0174\"><div class=\"gb-inside-container\">\n\n<p>\u017d\u00e1dn\u00fd marke\u0165\u00e1k by nem\u011bl podce\u0148ovat s\u00edlu a efektivitu transak\u010dn\u00edch email\u016f \u2013 tj. zpr\u00e1v, kter\u00e9 se spust\u00ed a ode\u0161lou n\u011bjakou ud\u00e1lost\u00ed (p\u0159ihl\u00e1\u0161en\u00ed, klikem na kampa\u0148, v\u00fdro\u010d\u00ed, \u2026). Zde budete moci naj\u00edt informace o tom, jak je tvo\u0159it a jak je spr\u00e1vn\u011b vyu\u017e\u00edvat.<\/p>\n\n\n\n<\/div><\/div>\n\n\n<p><\/p>\n","protected":false},"excerpt":{"rendered":"<p>\u017d\u00e1dn\u00fd marke\u0165\u00e1k by nem\u011bl podce\u0148ovat s\u00edlu a efektivitu transak\u010dn\u00edch email\u016f \u2013 tj. zpr\u00e1v, kter\u00e9 se spust\u00ed a ode\u0161lou n\u011bjakou ud\u00e1lost\u00ed (p\u0159ihl\u00e1\u0161en\u00ed, klikem na kampa\u0148, v\u00fdro\u010d\u00ed, \u2026). Zde budete moci naj\u00edt informace o tom, jak je tvo\u0159it a jak je spr\u00e1vn\u011b vyu\u017e\u00edvat.<\/p>\n","protected":false},"author":1,"featured_media":0,"parent":0,"menu_order":252,"comment_status":"closed","ping_status":"closed","template":"","meta":{"_acf_changed":false,"inline_featured_image":false,"footnotes":""},"g1_relation_tag":[19],"class_list":["post-4345","page","type-page","status-publish","hentry","g1_relation_tag-transactional-emails"],"acf":[],"yoast_head":"<!-- This site is optimized with the Yoast SEO plugin v24.8.1 - https:\/\/yoast.com\/wordpress\/plugins\/seo\/ -->\n<title>Transak\u010dn\u00ed emaily - Emailchef<\/title>\n<meta name=\"robots\" content=\"index, follow, max-snippet:-1, max-image-preview:large, max-video-preview:-1\" \/>\n<link rel=\"canonical\" href=\"https:\/\/emailchef.com\/cs\/transakcni-emaily\/\" \/>\n<meta name=\"twitter:label1\" content=\"Odhadovan\u00e1 doba \u010dten\u00ed\" \/>\n\t<meta name=\"twitter:data1\" content=\"1 minuta\" \/>\n<!-- \/ Yoast SEO plugin. -->","yoast_head_json":{"title":"Transak\u010dn\u00ed emaily - Emailchef","robots":{"index":"index","follow":"follow","max-snippet":"max-snippet:-1","max-image-preview":"max-image-preview:large","max-video-preview":"max-video-preview:-1"},"canonical":"https:\/\/emailchef.com\/cs\/transakcni-emaily\/","twitter_misc":{"Odhadovan\u00e1 doba \u010dten\u00ed":"1 minuta"},"schema":{"@context":"https:\/\/schema.org","@graph":[{"@type":"WebPage","@id":"https:\/\/emailchef.com\/cs\/transakcni-emaily\/","url":"https:\/\/emailchef.com\/cs\/transakcni-emaily\/","name":"Transak\u010dn\u00ed emaily - Emailchef","isPartOf":{"@id":"https:\/\/emailchef.com\/cs\/#website"},"datePublished":"2014-09-11T09:47:58+00:00","dateModified":"2021-07-07T15:12:08+00:00","breadcrumb":{"@id":"https:\/\/emailchef.com\/cs\/transakcni-emaily\/#breadcrumb"},"inLanguage":"cs","potentialAction":[{"@type":"ReadAction","target":["https:\/\/emailchef.com\/cs\/transakcni-emaily\/"]}]},{"@type":"BreadcrumbList","@id":"https:\/\/emailchef.com\/cs\/transakcni-emaily\/#breadcrumb","itemListElement":[{"@type":"ListItem","position":1,"name":"Home","item":"https:\/\/emailchef.com\/cs\/emailchef-sluzby-email-marketingu\/"},{"@type":"ListItem","position":2,"name":"Transak\u010dn\u00ed emaily"}]},{"@type":"WebSite","@id":"https:\/\/emailchef.com\/cs\/#website","url":"https:\/\/emailchef.com\/cs\/","name":"Emailchef","description":"Chutn\u00e9 recepty pro email marketing","publisher":{"@id":"https:\/\/emailchef.com\/cs\/#organization"},"potentialAction":[{"@type":"SearchAction","target":{"@type":"EntryPoint","urlTemplate":"https:\/\/emailchef.com\/cs\/?s={search_term_string}"},"query-input":{"@type":"PropertyValueSpecification","valueRequired":true,"valueName":"search_term_string"}}],"inLanguage":"cs"},{"@type":"Organization","@id":"https:\/\/emailchef.com\/cs\/#organization","name":"Delivery Tech Corp.","url":"https:\/\/emailchef.com\/cs\/","logo":{"@type":"ImageObject","inLanguage":"cs","@id":"https:\/\/emailchef.com\/cs\/#\/schema\/logo\/image\/","url":"https:\/\/emailchef.com\/wp-content\/uploads\/2022\/04\/logo-sama.png","contentUrl":"https:\/\/emailchef.com\/wp-content\/uploads\/2022\/04\/logo-sama.png","width":237,"height":80,"caption":"Delivery Tech Corp."},"image":{"@id":"https:\/\/emailchef.com\/cs\/#\/schema\/logo\/image\/"}}]}},"_links":{"self":[{"href":"https:\/\/emailchef.com\/cs\/wp-json\/wp\/v2\/pages\/4345"}],"collection":[{"href":"https:\/\/emailchef.com\/cs\/wp-json\/wp\/v2\/pages"}],"about":[{"href":"https:\/\/emailchef.com\/cs\/wp-json\/wp\/v2\/types\/page"}],"author":[{"embeddable":true,"href":"https:\/\/emailchef.com\/cs\/wp-json\/wp\/v2\/users\/1"}],"replies":[{"embeddable":true,"href":"https:\/\/emailchef.com\/cs\/wp-json\/wp\/v2\/comments?post=4345"}],"version-history":[{"count":2,"href":"https:\/\/emailchef.com\/cs\/wp-json\/wp\/v2\/pages\/4345\/revisions"}],"predecessor-version":[{"id":44800,"href":"https:\/\/emailchef.com\/cs\/wp-json\/wp\/v2\/pages\/4345\/revisions\/44800"}],"wp:attachment":[{"href":"https:\/\/emailchef.com\/cs\/wp-json\/wp\/v2\/media?parent=4345"}],"wp:term":[{"taxonomy":"g1_relation_tag","embeddable":true,"href":"https:\/\/emailchef.com\/cs\/wp-json\/wp\/v2\/g1_relation_tag?post=4345"}],"curies":[{"name":"wp","href":"https:\/\/api.w.org\/{rel}","templated":true}]}}