{"id":4343,"date":"2014-09-18T10:02:50","date_gmt":"2014-09-18T10:02:50","guid":{"rendered":"http:\/\/emailchef.com\/cs\/?page_id=4343"},"modified":"2021-07-09T09:29:44","modified_gmt":"2021-07-09T09:29:44","slug":"html-emailovy-formular","status":"publish","type":"page","link":"https:\/\/emailchef.com\/cs\/html-emailovy-formular\/","title":{"rendered":"HTML emailov\u00fd formul\u00e1\u0159"},"content":{"rendered":"<p>HTML emailov\u00fd formul\u00e1\u0159 je st\u00e1le nejbezpe\u010dn\u011bj\u0161\u00ed zp\u016fsob sb\u011bru adres pro p\u0159\u00edpravu a nastartov\u00e1n\u00ed email marketingov\u00e9 kampan\u011b. N\u00e1pad je velmi jednoduch\u00fd: vlo\u017ete HTML p\u0159ihla\u0161ovac\u00ed formul\u00e1\u0159 na v\u00e1\u0161 web, a p\u0159ipravte tak p\u0159\u00edm\u00fd p\u0159ihla\u0161ovac\u00ed proces pro va\u0161e u\u017eivatele. Ale jak jej vytvo\u0159it?<\/p>\n<p>Jednoduch\u00e9: <strong>Emailchef<\/strong> nab\u00edz\u00ed intuitivn\u00ed editor p\u0159ihla\u0161ovac\u00edch formul\u00e1\u0159\u016f, se kter\u00fdm to zvl\u00e1dnete za p\u00e1r minut, s pomoc\u00ed n\u011bkolika ta\u017een\u00ed a posouv\u00e1n\u00ed (a p\u0159itom \u017e\u00e1dn\u00e9ho HTML programov\u00e1n\u00ed!). M\u016f\u017eete si p\u0159ipravit neomezen\u00e9 mno\u017estv\u00ed jednoduch\u00fdch i dvojit\u00fdch p\u0159ihla\u0161ovac\u00edch formul\u00e1\u0159\u016f s r\u016fzn\u00fdmi textov\u00fdmi poli a budete moci upravovat jejich barvu, styl a velikost p\u00edsma: je v n\u011bm tak\u00e9 velmi snadn\u00e9 p\u0159idat z\u00e1pat\u00ed textu (nap\u0159. pokud chcete p\u0159idat odkaz na va\u0161i politiku ochrany osobn\u00edch \u00fadaj\u016f).<\/p>\n<p>Pot\u00e9 navrhujeme, abyste um\u00edstili HTML p\u0159ihla\u0161ovac\u00ed formul\u00e1\u0159 na strategick\u00e9 m\u00edsto va\u0161eho webu \u2013 nap\u0159\u00edklad vpravo naho\u0159e. V\u0161echny informace, kter\u00e9 takto vyberete, budou automaticky zpracovan\u00e9 aplikac\u00ed Emailchef a ulo\u017een\u00e9 p\u0159\u00edmo do seznamu, se kter\u00fdm m\u016f\u017eete pozd\u011bji pracovat, segmentovat jej pro zlep\u0161en\u00ed va\u0161ich emailov\u00fdch kampan\u00ed. Ka\u017ed\u00fd seznam m\u00e1 vlastn\u00ed p\u0159ihla\u0161ovac\u00ed formul\u00e1\u0159, ale samoz\u0159ejm\u011b m\u016f\u017eete propojit jeden seznam s v\u00edce formul\u00e1\u0159i.<\/p>\n","protected":false},"excerpt":{"rendered":"<p>HTML emailov\u00fd formul\u00e1\u0159 je st\u00e1le nejbezpe\u010dn\u011bj\u0161\u00ed zp\u016fsob sb\u011bru adres pro p\u0159\u00edpravu a nastartov\u00e1n\u00ed email marketingov\u00e9 kampan\u011b. N\u00e1pad je velmi jednoduch\u00fd: vlo\u017ete HTML p\u0159ihla\u0161ovac\u00ed formul\u00e1\u0159 na v\u00e1\u0161 web, a p\u0159ipravte tak p\u0159\u00edm\u00fd p\u0159ihla\u0161ovac\u00ed proces pro va\u0161e u\u017eivatele. Ale jak jej vytvo\u0159it? Jednoduch\u00e9: Emailchef nab\u00edz\u00ed intuitivn\u00ed editor p\u0159ihla\u0161ovac\u00edch formul\u00e1\u0159\u016f, se kter\u00fdm to zvl\u00e1dnete za p\u00e1r minut, s [&hellip;]<\/p>\n","protected":false},"author":1,"featured_media":0,"parent":0,"menu_order":168,"comment_status":"closed","ping_status":"closed","template":"","meta":{"_acf_changed":false,"inline_featured_image":false,"footnotes":""},"g1_relation_tag":[18],"class_list":["post-4343","page","type-page","status-publish","hentry","g1_relation_tag-newsletter-subscription-form"],"acf":[],"yoast_head":"<!-- This site is optimized with the Yoast SEO plugin v24.8.1 - https:\/\/yoast.com\/wordpress\/plugins\/seo\/ -->\n<title>HTML emailov\u00fd formul\u00e1\u0159 - Emailchef<\/title>\n<meta name=\"robots\" content=\"index, follow, max-snippet:-1, max-image-preview:large, max-video-preview:-1\" \/>\n<link rel=\"canonical\" href=\"https:\/\/emailchef.com\/cs\/html-emailovy-formular\/\" \/>\n<meta name=\"twitter:label1\" content=\"Odhadovan\u00e1 doba \u010dten\u00ed\" \/>\n\t<meta name=\"twitter:data1\" content=\"1 minuta\" \/>\n<!-- \/ Yoast SEO plugin. -->","yoast_head_json":{"title":"HTML emailov\u00fd formul\u00e1\u0159 - Emailchef","robots":{"index":"index","follow":"follow","max-snippet":"max-snippet:-1","max-image-preview":"max-image-preview:large","max-video-preview":"max-video-preview:-1"},"canonical":"https:\/\/emailchef.com\/cs\/html-emailovy-formular\/","twitter_misc":{"Odhadovan\u00e1 doba \u010dten\u00ed":"1 minuta"},"schema":{"@context":"https:\/\/schema.org","@graph":[{"@type":"WebPage","@id":"https:\/\/emailchef.com\/cs\/html-emailovy-formular\/","url":"https:\/\/emailchef.com\/cs\/html-emailovy-formular\/","name":"HTML emailov\u00fd formul\u00e1\u0159 - Emailchef","isPartOf":{"@id":"https:\/\/emailchef.com\/cs\/#website"},"datePublished":"2014-09-18T10:02:50+00:00","dateModified":"2021-07-09T09:29:44+00:00","breadcrumb":{"@id":"https:\/\/emailchef.com\/cs\/html-emailovy-formular\/#breadcrumb"},"inLanguage":"cs","potentialAction":[{"@type":"ReadAction","target":["https:\/\/emailchef.com\/cs\/html-emailovy-formular\/"]}]},{"@type":"BreadcrumbList","@id":"https:\/\/emailchef.com\/cs\/html-emailovy-formular\/#breadcrumb","itemListElement":[{"@type":"ListItem","position":1,"name":"Home","item":"https:\/\/emailchef.com\/cs\/emailchef-sluzby-email-marketingu\/"},{"@type":"ListItem","position":2,"name":"HTML emailov\u00fd formul\u00e1\u0159"}]},{"@type":"WebSite","@id":"https:\/\/emailchef.com\/cs\/#website","url":"https:\/\/emailchef.com\/cs\/","name":"Emailchef","description":"Chutn\u00e9 recepty pro email marketing","publisher":{"@id":"https:\/\/emailchef.com\/cs\/#organization"},"potentialAction":[{"@type":"SearchAction","target":{"@type":"EntryPoint","urlTemplate":"https:\/\/emailchef.com\/cs\/?s={search_term_string}"},"query-input":{"@type":"PropertyValueSpecification","valueRequired":true,"valueName":"search_term_string"}}],"inLanguage":"cs"},{"@type":"Organization","@id":"https:\/\/emailchef.com\/cs\/#organization","name":"Delivery Tech Corp.","url":"https:\/\/emailchef.com\/cs\/","logo":{"@type":"ImageObject","inLanguage":"cs","@id":"https:\/\/emailchef.com\/cs\/#\/schema\/logo\/image\/","url":"https:\/\/emailchef.com\/wp-content\/uploads\/2022\/04\/logo-sama.png","contentUrl":"https:\/\/emailchef.com\/wp-content\/uploads\/2022\/04\/logo-sama.png","width":237,"height":80,"caption":"Delivery Tech Corp."},"image":{"@id":"https:\/\/emailchef.com\/cs\/#\/schema\/logo\/image\/"}}]}},"_links":{"self":[{"href":"https:\/\/emailchef.com\/cs\/wp-json\/wp\/v2\/pages\/4343"}],"collection":[{"href":"https:\/\/emailchef.com\/cs\/wp-json\/wp\/v2\/pages"}],"about":[{"href":"https:\/\/emailchef.com\/cs\/wp-json\/wp\/v2\/types\/page"}],"author":[{"embeddable":true,"href":"https:\/\/emailchef.com\/cs\/wp-json\/wp\/v2\/users\/1"}],"replies":[{"embeddable":true,"href":"https:\/\/emailchef.com\/cs\/wp-json\/wp\/v2\/comments?post=4343"}],"version-history":[{"count":3,"href":"https:\/\/emailchef.com\/cs\/wp-json\/wp\/v2\/pages\/4343\/revisions"}],"predecessor-version":[{"id":45188,"href":"https:\/\/emailchef.com\/cs\/wp-json\/wp\/v2\/pages\/4343\/revisions\/45188"}],"wp:attachment":[{"href":"https:\/\/emailchef.com\/cs\/wp-json\/wp\/v2\/media?parent=4343"}],"wp:term":[{"taxonomy":"g1_relation_tag","embeddable":true,"href":"https:\/\/emailchef.com\/cs\/wp-json\/wp\/v2\/g1_relation_tag?post=4343"}],"curies":[{"name":"wp","href":"https:\/\/api.w.org\/{rel}","templated":true}]}}