{"id":4341,"date":"2014-09-18T10:06:17","date_gmt":"2014-09-18T10:06:17","guid":{"rendered":"http:\/\/emailchef.com\/cs\/?page_id=4341"},"modified":"2021-07-09T09:28:20","modified_gmt":"2021-07-09T09:28:20","slug":"jak-pripravit-prihlasovaci-formular","status":"publish","type":"page","link":"https:\/\/emailchef.com\/cs\/jak-pripravit-prihlasovaci-formular\/","title":{"rendered":"Jak p\u0159ipravit p\u0159ihla\u0161ovac\u00ed formul\u00e1\u0159"},"content":{"rendered":"<p>P\u0159ihla\u0161ovac\u00ed formul\u00e1\u0159 je webov\u00fd prvek umo\u017e\u0148uj\u00edc\u00ed sb\u00edrat emailov\u00e9 adresy p\u0159es p\u0159ihla\u0161ovac\u00ed proces: kdy\u017e se u\u017eivatele p\u0159ihla\u0161uj\u00ed p\u0159\u00edmo na seznam pro mailing a d\u00e1vaj\u00edc v\u00e1m tak v\u00fdslovn\u00fd souhlas k tomu, abyste jim mohli zas\u00edlat emaily. Proces p\u0159ihla\u0161ov\u00e1n\u00ed ej jedin\u00fd mo\u017en\u00fd a povolen\u00fd pro profesion\u00e1ln\u00ed email marketingov\u00e9 kampan\u011b: kupov\u00e1n\u00ed nebo pron\u00e1jem kontakt\u016f se nepova\u017euje za p\u0159ijatelnou praxi, a m\u016f\u017ee v d\u016fsledku v\u00e9st k tomu, \u017ee budete br\u00e1ni jako spama\u0159i.<\/p>\n<p>Je proto pochopiteln\u00e9, \u017ee p\u0159ihla\u0161ovac\u00ed formul\u00e1\u0159, um\u00edst\u011bn\u00fd p\u0159\u00edmo na va\u0161\u00ed webov\u00e9 str\u00e1nce, je nejlogi\u010dt\u011bj\u0161\u00ed cestou k z\u00edsk\u00e1v\u00e1n\u00ed nov\u00fdch adres pro za\u010d\u00e1tek i budov\u00e1n\u00ed va\u0161ich kontaktn\u00edch seznam\u016f. V aplikaci <strong>Emailchef je to extr\u00e9mn\u011b snadn\u00e9<\/strong>.<\/p>\n<p>S na\u0161\u00edm WYSIWYG editorem budete schopni vytv\u00e1\u0159et n\u00e1dhern\u00e9 a efektivn\u00ed p\u0159ihla\u0161ovac\u00ed formul\u00e1\u0159e b\u011bhem chv\u00edle, pou\u017e\u00edvat posunovateln\u00e9, p\u0159ipraven\u00e9 prvky a upravovat si je podle sv\u00fdch pot\u0159eb. Mnoho\u010detn\u00e9 anebo vlastn\u00ed pole jsou tak\u00e9 mo\u017en\u00e1, pro v\u00fdb\u011br v\u011bt\u0161\u00edho mno\u017estv\u00ed dat: pamatujte ale, abyste jej udr\u017eeli co mo\u017en\u00e1 nejkrat\u0161\u00ed.<\/p>\n<p>Emailchef editor p\u0159ihla\u0161ovac\u00edch formul\u00e1\u0159\u016f v\u00e1m automaticky p\u0159iprav\u00ed perfektn\u011b upraven\u00fd a nak\u00f3dovan\u00fd v\u00fdstup, pro v\u0161echny prohl\u00ed\u017ee\u010de, a takov\u00fd, co se automaticky p\u0159izp\u016fsob\u00ed i pro men\u0161\u00ed obrazovky.<\/p>\n<p>Kdy\u017e p\u0159ijde \u010das na um\u00edst\u011bn\u00ed p\u0159ihla\u0161ovac\u00edho formul\u00e1\u0159e na va\u0161i webovou str\u00e1nku, pamatujte, abyste jej um\u00edstili na nejlep\u0161\u00ed m\u00edsto \u2013 nejl\u00e9pe bl\u00edzko prav\u00e9mu horn\u00edmu rohu \u2013 abyste upoutali pozornost u\u017eivatele. A pokud mysl\u00edte, \u017ee i dal\u0161\u00ed str\u00e1nky by byly dobr\u00e9 pro jeho um\u00edst\u011bn\u00ed, pak nev\u00e1hejte a p\u0159idejte je tam tak\u00e9.<\/p>\n<p>Tak\u00e9 pamatujte na to, aby byl design p\u0159ihla\u0161ovac\u00edho formul\u00e1\u0159e konsistentn\u00ed s va\u0161\u00edm webov\u00fdm designem: flexibilita va\u0161eho editoru p\u0159ihla\u0161ovac\u00edch formul\u00e1\u0159\u016f je v tomto ohledu v\u00fdbornou slu\u017ebou, proto\u017ee umo\u017e\u0148uje upravovat podle p\u0159\u00e1n\u00ed barvu textu i formul\u00e1\u0159e a tak\u00e9 styl p\u00edsma.<\/p>\n","protected":false},"excerpt":{"rendered":"<p>P\u0159ihla\u0161ovac\u00ed formul\u00e1\u0159 je webov\u00fd prvek umo\u017e\u0148uj\u00edc\u00ed sb\u00edrat emailov\u00e9 adresy p\u0159es p\u0159ihla\u0161ovac\u00ed proces: kdy\u017e se u\u017eivatele p\u0159ihla\u0161uj\u00ed p\u0159\u00edmo na seznam pro mailing a d\u00e1vaj\u00edc v\u00e1m tak v\u00fdslovn\u00fd souhlas k tomu, abyste jim mohli zas\u00edlat emaily. Proces p\u0159ihla\u0161ov\u00e1n\u00ed ej jedin\u00fd mo\u017en\u00fd a povolen\u00fd pro profesion\u00e1ln\u00ed email marketingov\u00e9 kampan\u011b: kupov\u00e1n\u00ed nebo pron\u00e1jem kontakt\u016f se nepova\u017euje za p\u0159ijatelnou praxi, [&hellip;]<\/p>\n","protected":false},"author":1,"featured_media":0,"parent":0,"menu_order":152,"comment_status":"closed","ping_status":"closed","template":"","meta":{"_acf_changed":false,"inline_featured_image":false,"footnotes":""},"g1_relation_tag":[18],"class_list":["post-4341","page","type-page","status-publish","hentry","g1_relation_tag-newsletter-subscription-form"],"acf":[],"yoast_head":"<!-- This site is optimized with the Yoast SEO plugin v24.8.1 - https:\/\/yoast.com\/wordpress\/plugins\/seo\/ -->\n<title>Jak p\u0159ipravit p\u0159ihla\u0161ovac\u00ed formul\u00e1\u0159 - Emailchef<\/title>\n<meta name=\"robots\" content=\"index, follow, max-snippet:-1, max-image-preview:large, max-video-preview:-1\" \/>\n<link rel=\"canonical\" href=\"https:\/\/emailchef.com\/cs\/jak-pripravit-prihlasovaci-formular\/\" \/>\n<meta name=\"twitter:label1\" content=\"Odhadovan\u00e1 doba \u010dten\u00ed\" \/>\n\t<meta name=\"twitter:data1\" content=\"2 minuty\" \/>\n<!-- \/ Yoast SEO plugin. -->","yoast_head_json":{"title":"Jak p\u0159ipravit p\u0159ihla\u0161ovac\u00ed formul\u00e1\u0159 - Emailchef","robots":{"index":"index","follow":"follow","max-snippet":"max-snippet:-1","max-image-preview":"max-image-preview:large","max-video-preview":"max-video-preview:-1"},"canonical":"https:\/\/emailchef.com\/cs\/jak-pripravit-prihlasovaci-formular\/","twitter_misc":{"Odhadovan\u00e1 doba \u010dten\u00ed":"2 minuty"},"schema":{"@context":"https:\/\/schema.org","@graph":[{"@type":"WebPage","@id":"https:\/\/emailchef.com\/cs\/jak-pripravit-prihlasovaci-formular\/","url":"https:\/\/emailchef.com\/cs\/jak-pripravit-prihlasovaci-formular\/","name":"Jak p\u0159ipravit p\u0159ihla\u0161ovac\u00ed formul\u00e1\u0159 - Emailchef","isPartOf":{"@id":"https:\/\/emailchef.com\/cs\/#website"},"datePublished":"2014-09-18T10:06:17+00:00","dateModified":"2021-07-09T09:28:20+00:00","breadcrumb":{"@id":"https:\/\/emailchef.com\/cs\/jak-pripravit-prihlasovaci-formular\/#breadcrumb"},"inLanguage":"cs","potentialAction":[{"@type":"ReadAction","target":["https:\/\/emailchef.com\/cs\/jak-pripravit-prihlasovaci-formular\/"]}]},{"@type":"BreadcrumbList","@id":"https:\/\/emailchef.com\/cs\/jak-pripravit-prihlasovaci-formular\/#breadcrumb","itemListElement":[{"@type":"ListItem","position":1,"name":"Home","item":"https:\/\/emailchef.com\/cs\/emailchef-sluzby-email-marketingu\/"},{"@type":"ListItem","position":2,"name":"Jak p\u0159ipravit p\u0159ihla\u0161ovac\u00ed formul\u00e1\u0159"}]},{"@type":"WebSite","@id":"https:\/\/emailchef.com\/cs\/#website","url":"https:\/\/emailchef.com\/cs\/","name":"Emailchef","description":"Chutn\u00e9 recepty pro email marketing","publisher":{"@id":"https:\/\/emailchef.com\/cs\/#organization"},"potentialAction":[{"@type":"SearchAction","target":{"@type":"EntryPoint","urlTemplate":"https:\/\/emailchef.com\/cs\/?s={search_term_string}"},"query-input":{"@type":"PropertyValueSpecification","valueRequired":true,"valueName":"search_term_string"}}],"inLanguage":"cs"},{"@type":"Organization","@id":"https:\/\/emailchef.com\/cs\/#organization","name":"Delivery Tech Corp.","url":"https:\/\/emailchef.com\/cs\/","logo":{"@type":"ImageObject","inLanguage":"cs","@id":"https:\/\/emailchef.com\/cs\/#\/schema\/logo\/image\/","url":"https:\/\/emailchef.com\/wp-content\/uploads\/2022\/04\/logo-sama.png","contentUrl":"https:\/\/emailchef.com\/wp-content\/uploads\/2022\/04\/logo-sama.png","width":237,"height":80,"caption":"Delivery Tech Corp."},"image":{"@id":"https:\/\/emailchef.com\/cs\/#\/schema\/logo\/image\/"}}]}},"_links":{"self":[{"href":"https:\/\/emailchef.com\/cs\/wp-json\/wp\/v2\/pages\/4341"}],"collection":[{"href":"https:\/\/emailchef.com\/cs\/wp-json\/wp\/v2\/pages"}],"about":[{"href":"https:\/\/emailchef.com\/cs\/wp-json\/wp\/v2\/types\/page"}],"author":[{"embeddable":true,"href":"https:\/\/emailchef.com\/cs\/wp-json\/wp\/v2\/users\/1"}],"replies":[{"embeddable":true,"href":"https:\/\/emailchef.com\/cs\/wp-json\/wp\/v2\/comments?post=4341"}],"version-history":[{"count":3,"href":"https:\/\/emailchef.com\/cs\/wp-json\/wp\/v2\/pages\/4341\/revisions"}],"predecessor-version":[{"id":45184,"href":"https:\/\/emailchef.com\/cs\/wp-json\/wp\/v2\/pages\/4341\/revisions\/45184"}],"wp:attachment":[{"href":"https:\/\/emailchef.com\/cs\/wp-json\/wp\/v2\/media?parent=4341"}],"wp:term":[{"taxonomy":"g1_relation_tag","embeddable":true,"href":"https:\/\/emailchef.com\/cs\/wp-json\/wp\/v2\/g1_relation_tag?post=4341"}],"curies":[{"name":"wp","href":"https:\/\/api.w.org\/{rel}","templated":true}]}}