{"id":4339,"date":"2014-09-18T10:17:57","date_gmt":"2014-09-18T10:17:57","guid":{"rendered":"http:\/\/emailchef.com\/cs\/?page_id=4339"},"modified":"2021-07-09T09:29:12","modified_gmt":"2021-07-09T09:29:12","slug":"co-znamena-dvoji-potvrzeni","status":"publish","type":"page","link":"https:\/\/emailchef.com\/cs\/co-znamena-dvoji-potvrzeni\/","title":{"rendered":"Co znamen\u00e1 dvoj\u00ed potvrzen\u00ed"},"content":{"rendered":"<p>Email je p\u0159ihl\u00e1\u0161en\u00fd dvojitou metodou, kdy\u017e p\u0159ihla\u0161ovan\u00fd, pot\u00e9 co se za\u0161krtnul na webov\u00e9 str\u00e1nce nebo se p\u0159ihl\u00e1sil p\u0159es p\u0159ihla\u0161ovac\u00ed formul\u00e1\u0159, dostane potvrzovac\u00ed emailovou zpr\u00e1vu a potvrd\u00ed svoji identitu (obvykle kliknut\u00edm na odkaz). Hlavn\u00ed v\u00fdhodou takov\u00e9ho syst\u00e9mu je garance, \u017ee v\u0161echny takto sebran\u00e9 adresy jsou platn\u00e9 a pou\u017e\u00edvan\u00e9, tak\u017ee probl\u00e9m neexistuj\u00edc\u00edch adres je nav\u017edy vy\u0159e\u0161en. Tak\u00e9 to znemo\u017e\u0148uje, aby byli lid\u00e9 p\u0159ihl\u00e1\u0161eni t\u0159et\u00ed stranou n\u00e1hodn\u011b nebo \u00famysln\u011b.<\/p>\n<p>Nav\u00edc, seznam s dvoj\u00edm potvrzen\u00edm m\u00e1 obvykle vy\u0161\u0161\u00ed m\u00edru zapojen\u00ed, proto\u017ee je vytvo\u0159en\u00fd z u\u017eivatel\u016f, kte\u0159\u00ed uk\u00e1zali sv\u016fj jasn\u00fd a p\u0159\u00edm\u00fd z\u00e1m\u011br o va\u0161e newslettery. Je samoz\u0159ejm\u011b va\u0161\u00edm \u00fakolem udr\u017eet tento z\u00e1jem \u017eiv\u00fd a nab\u00edzet pravideln\u011b sv\u011b\u017e\u00ed a relevantn\u00ed obsah, podle va\u0161\u00ed marketingov\u00e9 strategie.<\/p>\n<p>Tak\u017ee kdy\u017e n\u011bkdo odes\u00edl\u00e1 hromadn\u00e9 emaily na dvakr\u00e1t potvrzen\u00fd seznam adres\u00e1t\u016f, pak mluv\u00edme o potvrzen\u00e9m email marketingu. I kdy\u017e by cel\u00fd proces m\u011bl b\u00fdt komplikovan\u011bj\u0161\u00ed ne\u017e klasick\u00fd seznam bez dvojit\u00e9ho potvrzen\u00ed, je to mnohem bezpe\u010dn\u011bj\u0161\u00ed a je to pova\u017eov\u00e1no za nejlep\u0161\u00ed praxi. Je to velmi d\u016fle\u017eit\u00e9 a pro sledov\u00e1n\u00ed a uji\u0161t\u011bn\u00ed se, \u017ee byli v\u0161echny informace spr\u00e1vn\u011b sesb\u00edran\u00e9.<\/p>\n<p>Proto <strong>Emailchef<\/strong> nab\u00edz\u00ed specializovan\u00fd p\u0159ihla\u0161ovac\u00ed n\u00e1stroj, kter\u00fd obsahuje drag&amp;drop editor, se kter\u00fdm p\u0159iprav\u00edte perfektn\u00ed a efektivn\u00ed design p\u0159ihla\u0161ovac\u00edho formul\u00e1\u0159e. Pak si m\u016f\u017eete vybrat mezi klasickou jednoduchou p\u0159ihla\u0161ovac\u00ed procedurou nebo dvojit\u00e9 p\u0159ihl\u00e1\u0161en\u00ed, jak jsme jej ji\u017e zde popsali. V p\u0159\u00edpad\u011b dvojit\u00e9ho p\u0159ihl\u00e1\u0161en\u00ed, nastav\u00edte tak\u00e9 potvrzovac\u00ed email, kter\u00fd se ode\u0161le u\u017eivateli ihned po p\u0159ihl\u00e1\u0161en\u00ed. Budete m\u00edt mo\u017enost nastavit tak\u00e9 kone\u010dn\u00fd p\u0159iv\u00edtac\u00ed email, jak budete cht\u00edt.<\/p>\n","protected":false},"excerpt":{"rendered":"<p>Email je p\u0159ihl\u00e1\u0161en\u00fd dvojitou metodou, kdy\u017e p\u0159ihla\u0161ovan\u00fd, pot\u00e9 co se za\u0161krtnul na webov\u00e9 str\u00e1nce nebo se p\u0159ihl\u00e1sil p\u0159es p\u0159ihla\u0161ovac\u00ed formul\u00e1\u0159, dostane potvrzovac\u00ed emailovou zpr\u00e1vu a potvrd\u00ed svoji identitu (obvykle kliknut\u00edm na odkaz). Hlavn\u00ed v\u00fdhodou takov\u00e9ho syst\u00e9mu je garance, \u017ee v\u0161echny takto sebran\u00e9 adresy jsou platn\u00e9 a pou\u017e\u00edvan\u00e9, tak\u017ee probl\u00e9m neexistuj\u00edc\u00edch adres je nav\u017edy vy\u0159e\u0161en. Tak\u00e9 [&hellip;]<\/p>\n","protected":false},"author":1,"featured_media":0,"parent":0,"menu_order":271,"comment_status":"closed","ping_status":"closed","template":"","meta":{"_acf_changed":false,"inline_featured_image":false,"footnotes":""},"g1_relation_tag":[18],"class_list":["post-4339","page","type-page","status-publish","hentry","g1_relation_tag-newsletter-subscription-form"],"acf":[],"yoast_head":"<!-- This site is optimized with the Yoast SEO plugin v24.8.1 - https:\/\/yoast.com\/wordpress\/plugins\/seo\/ -->\n<title>Co znamen\u00e1 dvoj\u00ed potvrzen\u00ed - Emailchef<\/title>\n<meta name=\"robots\" content=\"index, follow, max-snippet:-1, max-image-preview:large, max-video-preview:-1\" \/>\n<link rel=\"canonical\" href=\"https:\/\/emailchef.com\/cs\/co-znamena-dvoji-potvrzeni\/\" \/>\n<meta name=\"twitter:label1\" content=\"Odhadovan\u00e1 doba \u010dten\u00ed\" \/>\n\t<meta name=\"twitter:data1\" content=\"2 minuty\" \/>\n<!-- \/ Yoast SEO plugin. -->","yoast_head_json":{"title":"Co znamen\u00e1 dvoj\u00ed potvrzen\u00ed - Emailchef","robots":{"index":"index","follow":"follow","max-snippet":"max-snippet:-1","max-image-preview":"max-image-preview:large","max-video-preview":"max-video-preview:-1"},"canonical":"https:\/\/emailchef.com\/cs\/co-znamena-dvoji-potvrzeni\/","twitter_misc":{"Odhadovan\u00e1 doba \u010dten\u00ed":"2 minuty"},"schema":{"@context":"https:\/\/schema.org","@graph":[{"@type":"WebPage","@id":"https:\/\/emailchef.com\/cs\/co-znamena-dvoji-potvrzeni\/","url":"https:\/\/emailchef.com\/cs\/co-znamena-dvoji-potvrzeni\/","name":"Co znamen\u00e1 dvoj\u00ed potvrzen\u00ed - Emailchef","isPartOf":{"@id":"https:\/\/emailchef.com\/cs\/#website"},"datePublished":"2014-09-18T10:17:57+00:00","dateModified":"2021-07-09T09:29:12+00:00","breadcrumb":{"@id":"https:\/\/emailchef.com\/cs\/co-znamena-dvoji-potvrzeni\/#breadcrumb"},"inLanguage":"cs","potentialAction":[{"@type":"ReadAction","target":["https:\/\/emailchef.com\/cs\/co-znamena-dvoji-potvrzeni\/"]}]},{"@type":"BreadcrumbList","@id":"https:\/\/emailchef.com\/cs\/co-znamena-dvoji-potvrzeni\/#breadcrumb","itemListElement":[{"@type":"ListItem","position":1,"name":"Home","item":"https:\/\/emailchef.com\/cs\/emailchef-sluzby-email-marketingu\/"},{"@type":"ListItem","position":2,"name":"Co znamen\u00e1 dvoj\u00ed potvrzen\u00ed"}]},{"@type":"WebSite","@id":"https:\/\/emailchef.com\/cs\/#website","url":"https:\/\/emailchef.com\/cs\/","name":"Emailchef","description":"Chutn\u00e9 recepty pro email marketing","publisher":{"@id":"https:\/\/emailchef.com\/cs\/#organization"},"potentialAction":[{"@type":"SearchAction","target":{"@type":"EntryPoint","urlTemplate":"https:\/\/emailchef.com\/cs\/?s={search_term_string}"},"query-input":{"@type":"PropertyValueSpecification","valueRequired":true,"valueName":"search_term_string"}}],"inLanguage":"cs"},{"@type":"Organization","@id":"https:\/\/emailchef.com\/cs\/#organization","name":"Delivery Tech Corp.","url":"https:\/\/emailchef.com\/cs\/","logo":{"@type":"ImageObject","inLanguage":"cs","@id":"https:\/\/emailchef.com\/cs\/#\/schema\/logo\/image\/","url":"https:\/\/emailchef.com\/wp-content\/uploads\/2022\/04\/logo-sama.png","contentUrl":"https:\/\/emailchef.com\/wp-content\/uploads\/2022\/04\/logo-sama.png","width":237,"height":80,"caption":"Delivery Tech Corp."},"image":{"@id":"https:\/\/emailchef.com\/cs\/#\/schema\/logo\/image\/"}}]}},"_links":{"self":[{"href":"https:\/\/emailchef.com\/cs\/wp-json\/wp\/v2\/pages\/4339"}],"collection":[{"href":"https:\/\/emailchef.com\/cs\/wp-json\/wp\/v2\/pages"}],"about":[{"href":"https:\/\/emailchef.com\/cs\/wp-json\/wp\/v2\/types\/page"}],"author":[{"embeddable":true,"href":"https:\/\/emailchef.com\/cs\/wp-json\/wp\/v2\/users\/1"}],"replies":[{"embeddable":true,"href":"https:\/\/emailchef.com\/cs\/wp-json\/wp\/v2\/comments?post=4339"}],"version-history":[{"count":3,"href":"https:\/\/emailchef.com\/cs\/wp-json\/wp\/v2\/pages\/4339\/revisions"}],"predecessor-version":[{"id":45186,"href":"https:\/\/emailchef.com\/cs\/wp-json\/wp\/v2\/pages\/4339\/revisions\/45186"}],"wp:attachment":[{"href":"https:\/\/emailchef.com\/cs\/wp-json\/wp\/v2\/media?parent=4339"}],"wp:term":[{"taxonomy":"g1_relation_tag","embeddable":true,"href":"https:\/\/emailchef.com\/cs\/wp-json\/wp\/v2\/g1_relation_tag?post=4339"}],"curies":[{"name":"wp","href":"https:\/\/api.w.org\/{rel}","templated":true}]}}