{"id":4335,"date":"2014-09-18T09:46:10","date_gmt":"2014-09-18T09:46:10","guid":{"rendered":"http:\/\/emailchef.com\/cs\/?page_id=4335"},"modified":"2021-07-09T09:26:54","modified_gmt":"2021-07-09T09:26:54","slug":"sluzba-seznamu","status":"publish","type":"page","link":"https:\/\/emailchef.com\/cs\/sluzba-seznamu\/","title":{"rendered":"Slu\u017eba seznam\u016f"},"content":{"rendered":"<p>Spravovat seznamy pro odes\u00edl\u00e1n\u00ed znamen\u00e1 v\u017edy n\u011bco trochu jin\u00e9ho: sb\u011br nov\u00fdch adres a rozr\u016fst\u00e1n\u00ed datab\u00e1ze, \u010di\u0161t\u011bn\u00ed seznamu od \u0161patn\u00fdch nebo zdvojen\u00fdch z\u00e1znam\u016f, p\u0159ij\u00edt na dobrou obsahovou strategii (co komunikovat va\u0161im p\u0159\u00edjemc\u016fm a kdy, a jak), a jednodu\u0161e \u0159e\u010deno, pos\u00edlat emaily.<\/p>\n<p>Proto je tak nutn\u00e9 zvolit si <strong>profesion\u00e1ln\u00ed online slu\u017ebu<\/strong> jako je Emailchef, obzvl\u00e1\u0161t\u011b kdy\u017e dojde na hromadn\u00fd email marketing a zas\u00edl\u00e1n\u00ed newsletter\u016f \u2013 ale stejn\u011b tak, kdy\u017e pot\u0159ebujete organizovat men\u0161\u00ed seznam pro odesl\u00e1n\u00ed.<\/p>\n<p>Emailchef nab\u00edz\u00ed sadu z\u00e1kladn\u00edch i pokro\u010dil\u00fdch n\u00e1stroj\u016f, kter\u00e9 se postaraj\u00ed o v\u0161echny \u00fakoly zm\u00edn\u011bn\u00e9 v\u00fd\u0161e a mnoho dal\u0161\u00edch s lehkost\u00ed a jednodu\u0161e. Z\u00edsk\u00e1te plnou kontrolu nad ka\u017ed\u00fdm aspektem va\u0161eho odes\u00edlan\u00e9ho seznamu, spole\u010dn\u011b s nejrychlej\u0161\u00ed a nejbezpe\u010dn\u011bj\u0161\u00ed cestou k jejich spr\u00e1v\u011b.<\/p>\n<p>Mezi funkce, kter\u00e9 jsou sou\u010d\u00e1st\u00ed Emailchef pat\u0159\u00ed:<\/p>\n<ul>\n<li>Pokro\u010dil\u00fd <a href=\"https:\/\/emailchef.com\/cs\/funkce\/nejrychlejsi-tvurce-sablon\/\"><strong>Tv\u016frce \u0161ablon<\/strong><\/a> k tvorb\u011b HTML n\u00e1vrh\u016f a \u0161ablon b\u011bhem p\u00e1r minut.<\/li>\n<li>P\u0159edem p\u0159ipraven\u00e9 emailov\u00e9 \u0161ablony.<\/li>\n<li>V\u00fdkonn\u00fd server pro odes\u00edl\u00e1n\u00ed, kter\u00fd zaru\u010d\u00ed nejvy\u0161\u0161\u00ed m\u00edry doru\u010den\u00ed pro v\u0161echny zpr\u00e1vy.<\/li>\n<li>Plnou sadu analytick\u00fdch n\u00e1stroj\u016f k m\u011b\u0159en\u00ed efektivnosti ka\u017ed\u00e9 kampan\u011b.<\/li>\n<li>Speci\u00e1ln\u00ed p\u0159ihla\u0161ovac\u00ed formul\u00e1\u0159 k vytvo\u0159en\u00ed \u00fa\u017easn\u00fdch formul\u00e1\u0159\u016f a vlo\u017een\u00ed na va\u0161i webovou str\u00e1nku pro r\u016fst va\u0161eho seznamu kontakt\u016f.<\/li>\n<\/ul>\n<p>A mnohem v\u00edce. P\u0159ihlaste se k ovl\u00e1dac\u00edmu panelu Emailchef a <a href=\"http:\/\/emailchef.com\/user-signup\"><strong>vyzkou\u0161ejte to zdarma<\/strong><\/a>!<\/p>\n","protected":false},"excerpt":{"rendered":"<p>Spravovat seznamy pro odes\u00edl\u00e1n\u00ed znamen\u00e1 v\u017edy n\u011bco trochu jin\u00e9ho: sb\u011br nov\u00fdch adres a rozr\u016fst\u00e1n\u00ed datab\u00e1ze, \u010di\u0161t\u011bn\u00ed seznamu od \u0161patn\u00fdch nebo zdvojen\u00fdch z\u00e1znam\u016f, p\u0159ij\u00edt na dobrou obsahovou strategii (co komunikovat va\u0161im p\u0159\u00edjemc\u016fm a kdy, a jak), a jednodu\u0161e \u0159e\u010deno, pos\u00edlat emaily. Proto je tak nutn\u00e9 zvolit si profesion\u00e1ln\u00ed online slu\u017ebu jako je Emailchef, obzvl\u00e1\u0161t\u011b kdy\u017e dojde [&hellip;]<\/p>\n","protected":false},"author":1,"featured_media":0,"parent":0,"menu_order":178,"comment_status":"closed","ping_status":"closed","template":"g1_template_page_sidebar_right.php","meta":{"_acf_changed":false,"inline_featured_image":false,"footnotes":""},"g1_relation_tag":[17],"class_list":["post-4335","page","type-page","status-publish","hentry","g1_relation_tag-email-list-management"],"acf":[],"yoast_head":"<!-- This site is optimized with the Yoast SEO plugin v24.8.1 - https:\/\/yoast.com\/wordpress\/plugins\/seo\/ -->\n<title>Slu\u017eba seznam\u016f - Emailchef<\/title>\n<meta name=\"robots\" content=\"index, follow, max-snippet:-1, max-image-preview:large, max-video-preview:-1\" \/>\n<link rel=\"canonical\" href=\"https:\/\/emailchef.com\/cs\/sluzba-seznamu\/\" \/>\n<meta name=\"twitter:label1\" content=\"Odhadovan\u00e1 doba \u010dten\u00ed\" \/>\n\t<meta name=\"twitter:data1\" content=\"1 minuta\" \/>\n<!-- \/ Yoast SEO plugin. -->","yoast_head_json":{"title":"Slu\u017eba seznam\u016f - Emailchef","robots":{"index":"index","follow":"follow","max-snippet":"max-snippet:-1","max-image-preview":"max-image-preview:large","max-video-preview":"max-video-preview:-1"},"canonical":"https:\/\/emailchef.com\/cs\/sluzba-seznamu\/","twitter_misc":{"Odhadovan\u00e1 doba \u010dten\u00ed":"1 minuta"},"schema":{"@context":"https:\/\/schema.org","@graph":[{"@type":"WebPage","@id":"https:\/\/emailchef.com\/cs\/sluzba-seznamu\/","url":"https:\/\/emailchef.com\/cs\/sluzba-seznamu\/","name":"Slu\u017eba seznam\u016f - Emailchef","isPartOf":{"@id":"https:\/\/emailchef.com\/cs\/#website"},"datePublished":"2014-09-18T09:46:10+00:00","dateModified":"2021-07-09T09:26:54+00:00","breadcrumb":{"@id":"https:\/\/emailchef.com\/cs\/sluzba-seznamu\/#breadcrumb"},"inLanguage":"cs","potentialAction":[{"@type":"ReadAction","target":["https:\/\/emailchef.com\/cs\/sluzba-seznamu\/"]}]},{"@type":"BreadcrumbList","@id":"https:\/\/emailchef.com\/cs\/sluzba-seznamu\/#breadcrumb","itemListElement":[{"@type":"ListItem","position":1,"name":"Home","item":"https:\/\/emailchef.com\/cs\/emailchef-sluzby-email-marketingu\/"},{"@type":"ListItem","position":2,"name":"Slu\u017eba seznam\u016f"}]},{"@type":"WebSite","@id":"https:\/\/emailchef.com\/cs\/#website","url":"https:\/\/emailchef.com\/cs\/","name":"Emailchef","description":"Chutn\u00e9 recepty pro email marketing","publisher":{"@id":"https:\/\/emailchef.com\/cs\/#organization"},"potentialAction":[{"@type":"SearchAction","target":{"@type":"EntryPoint","urlTemplate":"https:\/\/emailchef.com\/cs\/?s={search_term_string}"},"query-input":{"@type":"PropertyValueSpecification","valueRequired":true,"valueName":"search_term_string"}}],"inLanguage":"cs"},{"@type":"Organization","@id":"https:\/\/emailchef.com\/cs\/#organization","name":"Delivery Tech Corp.","url":"https:\/\/emailchef.com\/cs\/","logo":{"@type":"ImageObject","inLanguage":"cs","@id":"https:\/\/emailchef.com\/cs\/#\/schema\/logo\/image\/","url":"https:\/\/emailchef.com\/wp-content\/uploads\/2022\/04\/logo-sama.png","contentUrl":"https:\/\/emailchef.com\/wp-content\/uploads\/2022\/04\/logo-sama.png","width":237,"height":80,"caption":"Delivery Tech Corp."},"image":{"@id":"https:\/\/emailchef.com\/cs\/#\/schema\/logo\/image\/"}}]}},"_links":{"self":[{"href":"https:\/\/emailchef.com\/cs\/wp-json\/wp\/v2\/pages\/4335"}],"collection":[{"href":"https:\/\/emailchef.com\/cs\/wp-json\/wp\/v2\/pages"}],"about":[{"href":"https:\/\/emailchef.com\/cs\/wp-json\/wp\/v2\/types\/page"}],"author":[{"embeddable":true,"href":"https:\/\/emailchef.com\/cs\/wp-json\/wp\/v2\/users\/1"}],"replies":[{"embeddable":true,"href":"https:\/\/emailchef.com\/cs\/wp-json\/wp\/v2\/comments?post=4335"}],"version-history":[{"count":3,"href":"https:\/\/emailchef.com\/cs\/wp-json\/wp\/v2\/pages\/4335\/revisions"}],"predecessor-version":[{"id":45178,"href":"https:\/\/emailchef.com\/cs\/wp-json\/wp\/v2\/pages\/4335\/revisions\/45178"}],"wp:attachment":[{"href":"https:\/\/emailchef.com\/cs\/wp-json\/wp\/v2\/media?parent=4335"}],"wp:term":[{"taxonomy":"g1_relation_tag","embeddable":true,"href":"https:\/\/emailchef.com\/cs\/wp-json\/wp\/v2\/g1_relation_tag?post=4335"}],"curies":[{"name":"wp","href":"https:\/\/api.w.org\/{rel}","templated":true}]}}