{"id":4324,"date":"2014-09-18T08:48:56","date_gmt":"2014-09-18T08:48:56","guid":{"rendered":"http:\/\/emailchef.com\/cs\/?page_id=4324"},"modified":"2021-07-09T09:26:24","modified_gmt":"2021-07-09T09:26:24","slug":"management-emailovych-kampani","status":"publish","type":"page","link":"https:\/\/emailchef.com\/cs\/management-emailovych-kampani\/","title":{"rendered":"Management emailov\u00fdch kampan\u00ed"},"content":{"rendered":"<p>Nen\u00ed divu, \u017ee management emailov\u00fdch kampan\u00ed m\u016f\u017ee b\u00fdt v\u00fdzvou. K tomu, abyste spravovali celou email marketingovou strategii, budete muset v\u00e9st a kontrolovat celou \u0161k\u00e1lu r\u016fzn\u00fdch \u00fakol\u016f: sb\u00edrat a shroma\u017e\u010fovat nov\u00e9 kontakty, nahr\u00e1vat a pro\u010di\u0161\u0165ovat v\u0161echny emailov\u00e9 seznamy kontakt\u016f, samoz\u0159ejm\u011b vytv\u00e1\u0159et \u010dtiv\u00e9 a p\u011bkn\u00e9 HTML \u0161ablony newsletter\u016f, studovat a nastavovat pl\u00e1n odes\u00edl\u00e1n\u00ed nab\u00eddek nebo zpr\u00e1v podle toho, kolik jich chcete odes\u00edlat, ps\u00e1t obsah jako profesion\u00e1ln\u00ed copywriter, \u010dinit detailn\u00ed, n\u00e1sledn\u00e9 anal\u00fdzy pro zlep\u0161en\u00ed kampan\u00ed a dosa\u017een\u00ed lep\u0161\u00edch m\u011b\u0159iteln\u00fdch v\u00fdsledk\u016f\u2026<\/p>\n<p>Na\u0161t\u011bst\u00ed v\u00e1m Emailchef se v\u0161emi aktivitami pom\u016f\u017ee. Email marketing nebyl nikdy jednodu\u0161\u0161\u00ed: na\u0161e slu\u017eba spr\u00e1vy emailov\u00fdch kampan\u00ed je v\u0161e, co budete ke spu\u0161t\u011bn\u00ed \u00fasp\u011b\u0161n\u00e9 newsletter kampan\u011b pot\u0159ebovat.<\/p>\n<p>Spravovat efektivn\u00ed emailovou kampa\u0148 znamen\u00e1 porozum\u011bt jej\u00ed cyklick\u00e9 povaze a jej\u00edm vnit\u0159n\u00edm pochod\u016fm: sna\u017eit se o to bez profesion\u00e1ln\u00ed platformy m\u016f\u017ee b\u00fdt velmi obt\u00ed\u017en\u00e9 \u2013 a m\u016f\u017ee to m\u00edt dozvuky na \u00fasp\u011bch samotn\u00e9ho marketingu. Proto v\u00e1m Emailchef nab\u00edz\u00ed kompletn\u00ed sadu email marketingov\u00fdch n\u00e1stroj\u016f.<\/p>\n<ul>\n<li>Vytvo\u0159en\u00ed seznamu a jejich r\u016fst<\/li>\n<li>Newsletter design<\/li>\n<li>Odes\u00edl\u00e1n\u00ed email\u016f a doru\u010den\u00ed<\/li>\n<li>Anal\u00fdzu dat<\/li>\n<li>Testov\u00e1n\u00ed a segmentaci seznam\u016f<\/li>\n<\/ul>\n<p>A je\u0161t\u011b v\u00edce.<\/p>\n<p>Spol\u00e9hat se na Emailchef tak\u00e9 znamen\u00e1, \u017ee u\u017e se nebude muset nikdy strachovat o doru\u010den\u00ed va\u0161ich email\u016f. To znamen\u00e1, \u017ee v\u0161echny zpr\u00e1vy budou rychle odesl\u00e1ny a doru\u010deny do v\u0161ech zam\u00fd\u0161len\u00fdch schr\u00e1nek \u2013 vyh\u00fdbaj\u00edc se p\u0159itom restrikc\u00edm ISP poskytovatel\u016f a v\u0161em antispamov\u00fdm \u0161t\u00edt\u016fm. (Samoz\u0159ejm\u011b s v\u011bdom\u00edm, \u017ee pos\u00edl\u00e1te jen leg\u00e1ln\u00ed newslettery lidem, kte\u0159\u00ed to cht\u011bli a souhlasili s p\u0159ij\u00edm\u00e1n\u00edm va\u0161\u00ed komunikace).<\/p>\n<p>P\u0159ihlaste se k ovl\u00e1dac\u00edmu panelu Emailchef a <a href=\"http:\/\/emailchef.com\/user-signup\"><strong>vyzkou\u0161ejte to zdarma<\/strong><\/a>!<\/p>\n","protected":false},"excerpt":{"rendered":"<p>Nen\u00ed divu, \u017ee management emailov\u00fdch kampan\u00ed m\u016f\u017ee b\u00fdt v\u00fdzvou. K tomu, abyste spravovali celou email marketingovou strategii, budete muset v\u00e9st a kontrolovat celou \u0161k\u00e1lu r\u016fzn\u00fdch \u00fakol\u016f: sb\u00edrat a shroma\u017e\u010fovat nov\u00e9 kontakty, nahr\u00e1vat a pro\u010di\u0161\u0165ovat v\u0161echny emailov\u00e9 seznamy kontakt\u016f, samoz\u0159ejm\u011b vytv\u00e1\u0159et \u010dtiv\u00e9 a p\u011bkn\u00e9 HTML \u0161ablony newsletter\u016f, studovat a nastavovat pl\u00e1n odes\u00edl\u00e1n\u00ed nab\u00eddek nebo zpr\u00e1v podle [&hellip;]<\/p>\n","protected":false},"author":1,"featured_media":0,"parent":0,"menu_order":90,"comment_status":"closed","ping_status":"closed","template":"","meta":{"_acf_changed":false,"inline_featured_image":false,"footnotes":""},"g1_relation_tag":[16],"class_list":["post-4324","page","type-page","status-publish","hentry","g1_relation_tag-email-campaign-tips"],"acf":[],"yoast_head":"<!-- This site is optimized with the Yoast SEO plugin v24.8.1 - https:\/\/yoast.com\/wordpress\/plugins\/seo\/ -->\n<title>Management emailov\u00fdch kampan\u00ed - Emailchef<\/title>\n<meta name=\"robots\" content=\"index, follow, max-snippet:-1, max-image-preview:large, max-video-preview:-1\" \/>\n<link rel=\"canonical\" href=\"https:\/\/emailchef.com\/cs\/management-emailovych-kampani\/\" \/>\n<meta name=\"twitter:label1\" content=\"Odhadovan\u00e1 doba \u010dten\u00ed\" \/>\n\t<meta name=\"twitter:data1\" content=\"2 minuty\" \/>\n<!-- \/ Yoast SEO plugin. -->","yoast_head_json":{"title":"Management emailov\u00fdch kampan\u00ed - Emailchef","robots":{"index":"index","follow":"follow","max-snippet":"max-snippet:-1","max-image-preview":"max-image-preview:large","max-video-preview":"max-video-preview:-1"},"canonical":"https:\/\/emailchef.com\/cs\/management-emailovych-kampani\/","twitter_misc":{"Odhadovan\u00e1 doba \u010dten\u00ed":"2 minuty"},"schema":{"@context":"https:\/\/schema.org","@graph":[{"@type":"WebPage","@id":"https:\/\/emailchef.com\/cs\/management-emailovych-kampani\/","url":"https:\/\/emailchef.com\/cs\/management-emailovych-kampani\/","name":"Management emailov\u00fdch kampan\u00ed - Emailchef","isPartOf":{"@id":"https:\/\/emailchef.com\/cs\/#website"},"datePublished":"2014-09-18T08:48:56+00:00","dateModified":"2021-07-09T09:26:24+00:00","breadcrumb":{"@id":"https:\/\/emailchef.com\/cs\/management-emailovych-kampani\/#breadcrumb"},"inLanguage":"cs","potentialAction":[{"@type":"ReadAction","target":["https:\/\/emailchef.com\/cs\/management-emailovych-kampani\/"]}]},{"@type":"BreadcrumbList","@id":"https:\/\/emailchef.com\/cs\/management-emailovych-kampani\/#breadcrumb","itemListElement":[{"@type":"ListItem","position":1,"name":"Home","item":"https:\/\/emailchef.com\/cs\/emailchef-sluzby-email-marketingu\/"},{"@type":"ListItem","position":2,"name":"Management emailov\u00fdch kampan\u00ed"}]},{"@type":"WebSite","@id":"https:\/\/emailchef.com\/cs\/#website","url":"https:\/\/emailchef.com\/cs\/","name":"Emailchef","description":"Chutn\u00e9 recepty pro email marketing","publisher":{"@id":"https:\/\/emailchef.com\/cs\/#organization"},"potentialAction":[{"@type":"SearchAction","target":{"@type":"EntryPoint","urlTemplate":"https:\/\/emailchef.com\/cs\/?s={search_term_string}"},"query-input":{"@type":"PropertyValueSpecification","valueRequired":true,"valueName":"search_term_string"}}],"inLanguage":"cs"},{"@type":"Organization","@id":"https:\/\/emailchef.com\/cs\/#organization","name":"Delivery Tech Corp.","url":"https:\/\/emailchef.com\/cs\/","logo":{"@type":"ImageObject","inLanguage":"cs","@id":"https:\/\/emailchef.com\/cs\/#\/schema\/logo\/image\/","url":"https:\/\/emailchef.com\/wp-content\/uploads\/2022\/04\/logo-sama.png","contentUrl":"https:\/\/emailchef.com\/wp-content\/uploads\/2022\/04\/logo-sama.png","width":237,"height":80,"caption":"Delivery Tech Corp."},"image":{"@id":"https:\/\/emailchef.com\/cs\/#\/schema\/logo\/image\/"}}]}},"_links":{"self":[{"href":"https:\/\/emailchef.com\/cs\/wp-json\/wp\/v2\/pages\/4324"}],"collection":[{"href":"https:\/\/emailchef.com\/cs\/wp-json\/wp\/v2\/pages"}],"about":[{"href":"https:\/\/emailchef.com\/cs\/wp-json\/wp\/v2\/types\/page"}],"author":[{"embeddable":true,"href":"https:\/\/emailchef.com\/cs\/wp-json\/wp\/v2\/users\/1"}],"replies":[{"embeddable":true,"href":"https:\/\/emailchef.com\/cs\/wp-json\/wp\/v2\/comments?post=4324"}],"version-history":[{"count":3,"href":"https:\/\/emailchef.com\/cs\/wp-json\/wp\/v2\/pages\/4324\/revisions"}],"predecessor-version":[{"id":45174,"href":"https:\/\/emailchef.com\/cs\/wp-json\/wp\/v2\/pages\/4324\/revisions\/45174"}],"wp:attachment":[{"href":"https:\/\/emailchef.com\/cs\/wp-json\/wp\/v2\/media?parent=4324"}],"wp:term":[{"taxonomy":"g1_relation_tag","embeddable":true,"href":"https:\/\/emailchef.com\/cs\/wp-json\/wp\/v2\/g1_relation_tag?post=4324"}],"curies":[{"name":"wp","href":"https:\/\/api.w.org\/{rel}","templated":true}]}}