{"id":4318,"date":"2014-09-18T08:26:09","date_gmt":"2014-09-18T08:26:09","guid":{"rendered":"http:\/\/emailchef.com\/cs\/?page_id=4318"},"modified":"2021-07-09T09:26:00","modified_gmt":"2021-07-09T09:26:00","slug":"sablony-pro-email-newslettery","status":"publish","type":"page","link":"https:\/\/emailchef.com\/cs\/sablony-pro-email-newslettery\/","title":{"rendered":"\u0160ablony pro email newslettery"},"content":{"rendered":"<p>Kdy\u017e p\u0159ijde \u0159e\u010d na email marketing, pou\u017e\u00edv\u00e1n\u00ed dobr\u00fdch \u0161ablon pro emailov\u00fd newsletter a va\u0161i kampa\u0148 nen\u00ed jen doporu\u010den\u00e9: je to povinnost.<\/p>\n<p>Perfektn\u011b p\u0159ipraven\u00e1 emailov\u00e1 \u0161ablona je v\u00edce ne\u017e jen ot\u00e1zka kr\u00e1sy: je to v\u011bc \u00fa\u010dinnosti. Vzhled a obsah by m\u011bli b\u00fdt \u00fazce propojeny, aby mohli vyprodukovat p\u016fsobiv\u00fd newsletter \u2013 email, kter\u00fd je opravdu \u00fa\u010dinn\u00fd.<\/p>\n<p>Ov\u011b\u0159en\u00fdm pravidlem je vyhnout se v\u0161em t\u011bm obecn\u00fdm, velk\u00fdm bal\u00edk\u016fm bezplatn\u00fdch \u0161ablon, kter\u00e9 m\u016f\u017eete naj\u00edt na webu, a v\u017edy up\u0159ednost\u0148ovat pr\u00e1ci opravdu profesion\u00e1ln\u00edch email design\u00e9r\u016f.<\/p>\n<p>Proto je Emailchef dod\u00e1v\u00e1n s 100 bezplatn\u00fdch emailov\u00fdch \u0161ablon, vytvo\u0159en\u00fdch experty a rozd\u011blen\u00fdch do kategori\u00ed, abyste nalezli tu spr\u00e1vnou pro va\u0161i marketingovou kampa\u0148. V\u0161echny na\u0161e HTML \u0161ablony jsou p\u0159ipraven\u00e9 na vlo\u017een\u00ed obsahu and p\u0159izp\u016fsoben\u00ed podle va\u0161ich p\u0159edstav: p\u0159ihlaste se k ovl\u00e1dac\u00edmu panelu Emailchef a <a href=\"http:\/\/emailchef.com\/user-signup\"><strong>vyzkou\u0161ejte to zdarma<\/strong><\/a>!<\/p>\n","protected":false},"excerpt":{"rendered":"<p>Kdy\u017e p\u0159ijde \u0159e\u010d na email marketing, pou\u017e\u00edv\u00e1n\u00ed dobr\u00fdch \u0161ablon pro emailov\u00fd newsletter a va\u0161i kampa\u0148 nen\u00ed jen doporu\u010den\u00e9: je to povinnost. Perfektn\u011b p\u0159ipraven\u00e1 emailov\u00e1 \u0161ablona je v\u00edce ne\u017e jen ot\u00e1zka kr\u00e1sy: je to v\u011bc \u00fa\u010dinnosti. Vzhled a obsah by m\u011bli b\u00fdt \u00fazce propojeny, aby mohli vyprodukovat p\u016fsobiv\u00fd newsletter \u2013 email, kter\u00fd je opravdu \u00fa\u010dinn\u00fd. Ov\u011b\u0159en\u00fdm [&hellip;]<\/p>\n","protected":false},"author":1,"featured_media":0,"parent":0,"menu_order":104,"comment_status":"closed","ping_status":"closed","template":"","meta":{"_acf_changed":false,"inline_featured_image":false,"footnotes":""},"g1_relation_tag":[15],"class_list":["post-4318","page","type-page","status-publish","hentry","g1_relation_tag-templates-for-newsletters"],"acf":[],"yoast_head":"<!-- This site is optimized with the Yoast SEO plugin v24.8.1 - https:\/\/yoast.com\/wordpress\/plugins\/seo\/ -->\n<title>\u0160ablony pro email newslettery - Emailchef<\/title>\n<meta name=\"robots\" content=\"index, follow, max-snippet:-1, max-image-preview:large, max-video-preview:-1\" \/>\n<link rel=\"canonical\" href=\"https:\/\/emailchef.com\/cs\/sablony-pro-email-newslettery\/\" \/>\n<meta name=\"twitter:label1\" content=\"Odhadovan\u00e1 doba \u010dten\u00ed\" \/>\n\t<meta name=\"twitter:data1\" content=\"1 minuta\" \/>\n<!-- \/ Yoast SEO plugin. -->","yoast_head_json":{"title":"\u0160ablony pro email newslettery - Emailchef","robots":{"index":"index","follow":"follow","max-snippet":"max-snippet:-1","max-image-preview":"max-image-preview:large","max-video-preview":"max-video-preview:-1"},"canonical":"https:\/\/emailchef.com\/cs\/sablony-pro-email-newslettery\/","twitter_misc":{"Odhadovan\u00e1 doba \u010dten\u00ed":"1 minuta"},"schema":{"@context":"https:\/\/schema.org","@graph":[{"@type":"WebPage","@id":"https:\/\/emailchef.com\/cs\/sablony-pro-email-newslettery\/","url":"https:\/\/emailchef.com\/cs\/sablony-pro-email-newslettery\/","name":"\u0160ablony pro email newslettery - Emailchef","isPartOf":{"@id":"https:\/\/emailchef.com\/cs\/#website"},"datePublished":"2014-09-18T08:26:09+00:00","dateModified":"2021-07-09T09:26:00+00:00","breadcrumb":{"@id":"https:\/\/emailchef.com\/cs\/sablony-pro-email-newslettery\/#breadcrumb"},"inLanguage":"cs","potentialAction":[{"@type":"ReadAction","target":["https:\/\/emailchef.com\/cs\/sablony-pro-email-newslettery\/"]}]},{"@type":"BreadcrumbList","@id":"https:\/\/emailchef.com\/cs\/sablony-pro-email-newslettery\/#breadcrumb","itemListElement":[{"@type":"ListItem","position":1,"name":"Home","item":"https:\/\/emailchef.com\/cs\/emailchef-sluzby-email-marketingu\/"},{"@type":"ListItem","position":2,"name":"\u0160ablony pro email newslettery"}]},{"@type":"WebSite","@id":"https:\/\/emailchef.com\/cs\/#website","url":"https:\/\/emailchef.com\/cs\/","name":"Emailchef","description":"Chutn\u00e9 recepty pro email marketing","publisher":{"@id":"https:\/\/emailchef.com\/cs\/#organization"},"potentialAction":[{"@type":"SearchAction","target":{"@type":"EntryPoint","urlTemplate":"https:\/\/emailchef.com\/cs\/?s={search_term_string}"},"query-input":{"@type":"PropertyValueSpecification","valueRequired":true,"valueName":"search_term_string"}}],"inLanguage":"cs"},{"@type":"Organization","@id":"https:\/\/emailchef.com\/cs\/#organization","name":"Delivery Tech Corp.","url":"https:\/\/emailchef.com\/cs\/","logo":{"@type":"ImageObject","inLanguage":"cs","@id":"https:\/\/emailchef.com\/cs\/#\/schema\/logo\/image\/","url":"https:\/\/emailchef.com\/wp-content\/uploads\/2022\/04\/logo-sama.png","contentUrl":"https:\/\/emailchef.com\/wp-content\/uploads\/2022\/04\/logo-sama.png","width":237,"height":80,"caption":"Delivery Tech Corp."},"image":{"@id":"https:\/\/emailchef.com\/cs\/#\/schema\/logo\/image\/"}}]}},"_links":{"self":[{"href":"https:\/\/emailchef.com\/cs\/wp-json\/wp\/v2\/pages\/4318"}],"collection":[{"href":"https:\/\/emailchef.com\/cs\/wp-json\/wp\/v2\/pages"}],"about":[{"href":"https:\/\/emailchef.com\/cs\/wp-json\/wp\/v2\/types\/page"}],"author":[{"embeddable":true,"href":"https:\/\/emailchef.com\/cs\/wp-json\/wp\/v2\/users\/1"}],"replies":[{"embeddable":true,"href":"https:\/\/emailchef.com\/cs\/wp-json\/wp\/v2\/comments?post=4318"}],"version-history":[{"count":3,"href":"https:\/\/emailchef.com\/cs\/wp-json\/wp\/v2\/pages\/4318\/revisions"}],"predecessor-version":[{"id":45170,"href":"https:\/\/emailchef.com\/cs\/wp-json\/wp\/v2\/pages\/4318\/revisions\/45170"}],"wp:attachment":[{"href":"https:\/\/emailchef.com\/cs\/wp-json\/wp\/v2\/media?parent=4318"}],"wp:term":[{"taxonomy":"g1_relation_tag","embeddable":true,"href":"https:\/\/emailchef.com\/cs\/wp-json\/wp\/v2\/g1_relation_tag?post=4318"}],"curies":[{"name":"wp","href":"https:\/\/api.w.org\/{rel}","templated":true}]}}