{"id":4316,"date":"2014-09-18T08:30:07","date_gmt":"2014-09-18T08:30:07","guid":{"rendered":"http:\/\/emailchef.com\/cs\/?page_id=4316"},"modified":"2021-07-09T09:25:49","modified_gmt":"2021-07-09T09:25:49","slug":"emailove-sablony-zdarma","status":"publish","type":"page","link":"https:\/\/emailchef.com\/cs\/emailove-sablony-zdarma\/","title":{"rendered":"Emailov\u00e9 \u0161ablony zdarma"},"content":{"rendered":"<p>Bezplatn\u00e9 HTML emailov\u00e9 \u0161ablony jsou nej\u017e\u00e1dan\u011bj\u0161\u00ed polo\u017ekou, kdy\u017e p\u0159ijde na design a odes\u00edl\u00e1n\u00ed email\u016f.<\/p>\n<p>\u0160ablony jsou nej\u017e\u00e1dan\u011bj\u0161\u00ed polo\u017ekou, kdy\u017e dojde na design a pos\u00edl\u00e1n\u00ed newsletter\u016f: nen\u00ed to p\u0159ekvapen\u00edm, proto\u017ee designovat od nuly sv\u016fj vlastn\u00ed n\u00e1vrh je velmi n\u00e1ro\u010dn\u00e9 a vy\u017eaduje hodn\u011b programov\u00e1n\u00ed a zru\u010dnosti. Proto mnoz\u00ed marke\u0165\u00e1ci se sna\u017e\u00ed u\u0161et\u0159it si \u010das a hledaj\u00ed bezplatn\u00e9 \u0161ablony na internetu.<\/p>\n<p>Spol\u00e9hat se ale na prvn\u00ed bal\u00edk n\u00e1vrh\u016f newsletter\u016f co jsou k dost\u00e1n\u00ed, by byla chyba.<\/p>\n<p>Je velmi d\u016fle\u017eit\u00e9 zvolit si i mezi bezplatn\u00fdmi n\u00e1vrhy opravdu profesion\u00e1ln\u00ed emailov\u00e9 \u0161ablony. N\u00e1vrhy elegantn\u00ed a efektivn\u00ed, kter\u00e9 se budou dob\u0159e zobrazovat na ka\u017ed\u00e9m emailov\u00e9m klientovi, za\u0159\u00edzen\u00ed nebo webmailu \u2013 a takov\u00e9, co jsou vytvo\u0159en\u00e9 podle nejlep\u0161\u00edch doporu\u010den\u00ed pro HTML, aby byla zaji\u0161t\u011bna nejvy\u0161\u0161\u00ed doru\u010ditelnost.<\/p>\n<p>A p\u0159esn\u011b tuto na\u0161i zku\u0161enost v\u00e1m nab\u00edz\u00edme: bal\u00edk bezplatn\u00fdch email marketingov\u00fdch \u0161ablon, p\u0159ipraven\u00fdch k pou\u017eit\u00ed a vlastn\u00edm \u00faprav\u00e1m, p\u0159esn\u011b podle v\u00e1s. P\u0159ihlaste se k ovl\u00e1dac\u00edmu panelu Emailchef a <a href=\"http:\/\/emailchef.com\/user-signup\"><strong>vyzkou\u0161ejte to zdarma<\/strong><\/a>!<\/p>\n","protected":false},"excerpt":{"rendered":"<p>Bezplatn\u00e9 HTML emailov\u00e9 \u0161ablony jsou nej\u017e\u00e1dan\u011bj\u0161\u00ed polo\u017ekou, kdy\u017e p\u0159ijde na design a odes\u00edl\u00e1n\u00ed email\u016f. \u0160ablony jsou nej\u017e\u00e1dan\u011bj\u0161\u00ed polo\u017ekou, kdy\u017e dojde na design a pos\u00edl\u00e1n\u00ed newsletter\u016f: nen\u00ed to p\u0159ekvapen\u00edm, proto\u017ee designovat od nuly sv\u016fj vlastn\u00ed n\u00e1vrh je velmi n\u00e1ro\u010dn\u00e9 a vy\u017eaduje hodn\u011b programov\u00e1n\u00ed a zru\u010dnosti. Proto mnoz\u00ed marke\u0165\u00e1ci se sna\u017e\u00ed u\u0161et\u0159it si \u010das a hledaj\u00ed bezplatn\u00e9 [&hellip;]<\/p>\n","protected":false},"author":1,"featured_media":0,"parent":0,"menu_order":128,"comment_status":"closed","ping_status":"closed","template":"g1_template_page_sidebar_right.php","meta":{"_acf_changed":false,"inline_featured_image":false,"footnotes":""},"g1_relation_tag":[15],"class_list":["post-4316","page","type-page","status-publish","hentry","g1_relation_tag-templates-for-newsletters"],"acf":[],"yoast_head":"<!-- This site is optimized with the Yoast SEO plugin v24.8.1 - https:\/\/yoast.com\/wordpress\/plugins\/seo\/ -->\n<title>Emailov\u00e9 \u0161ablony zdarma - Emailchef<\/title>\n<meta name=\"robots\" content=\"index, follow, max-snippet:-1, max-image-preview:large, max-video-preview:-1\" \/>\n<link rel=\"canonical\" href=\"https:\/\/emailchef.com\/cs\/emailove-sablony-zdarma\/\" \/>\n<meta name=\"twitter:label1\" content=\"Odhadovan\u00e1 doba \u010dten\u00ed\" \/>\n\t<meta name=\"twitter:data1\" content=\"1 minuta\" \/>\n<!-- \/ Yoast SEO plugin. -->","yoast_head_json":{"title":"Emailov\u00e9 \u0161ablony zdarma - Emailchef","robots":{"index":"index","follow":"follow","max-snippet":"max-snippet:-1","max-image-preview":"max-image-preview:large","max-video-preview":"max-video-preview:-1"},"canonical":"https:\/\/emailchef.com\/cs\/emailove-sablony-zdarma\/","twitter_misc":{"Odhadovan\u00e1 doba \u010dten\u00ed":"1 minuta"},"schema":{"@context":"https:\/\/schema.org","@graph":[{"@type":"WebPage","@id":"https:\/\/emailchef.com\/cs\/emailove-sablony-zdarma\/","url":"https:\/\/emailchef.com\/cs\/emailove-sablony-zdarma\/","name":"Emailov\u00e9 \u0161ablony zdarma - Emailchef","isPartOf":{"@id":"https:\/\/emailchef.com\/cs\/#website"},"datePublished":"2014-09-18T08:30:07+00:00","dateModified":"2021-07-09T09:25:49+00:00","breadcrumb":{"@id":"https:\/\/emailchef.com\/cs\/emailove-sablony-zdarma\/#breadcrumb"},"inLanguage":"cs","potentialAction":[{"@type":"ReadAction","target":["https:\/\/emailchef.com\/cs\/emailove-sablony-zdarma\/"]}]},{"@type":"BreadcrumbList","@id":"https:\/\/emailchef.com\/cs\/emailove-sablony-zdarma\/#breadcrumb","itemListElement":[{"@type":"ListItem","position":1,"name":"Home","item":"https:\/\/emailchef.com\/cs\/emailchef-sluzby-email-marketingu\/"},{"@type":"ListItem","position":2,"name":"Emailov\u00e9 \u0161ablony zdarma"}]},{"@type":"WebSite","@id":"https:\/\/emailchef.com\/cs\/#website","url":"https:\/\/emailchef.com\/cs\/","name":"Emailchef","description":"Chutn\u00e9 recepty pro email marketing","publisher":{"@id":"https:\/\/emailchef.com\/cs\/#organization"},"potentialAction":[{"@type":"SearchAction","target":{"@type":"EntryPoint","urlTemplate":"https:\/\/emailchef.com\/cs\/?s={search_term_string}"},"query-input":{"@type":"PropertyValueSpecification","valueRequired":true,"valueName":"search_term_string"}}],"inLanguage":"cs"},{"@type":"Organization","@id":"https:\/\/emailchef.com\/cs\/#organization","name":"Delivery Tech Corp.","url":"https:\/\/emailchef.com\/cs\/","logo":{"@type":"ImageObject","inLanguage":"cs","@id":"https:\/\/emailchef.com\/cs\/#\/schema\/logo\/image\/","url":"https:\/\/emailchef.com\/wp-content\/uploads\/2022\/04\/logo-sama.png","contentUrl":"https:\/\/emailchef.com\/wp-content\/uploads\/2022\/04\/logo-sama.png","width":237,"height":80,"caption":"Delivery Tech Corp."},"image":{"@id":"https:\/\/emailchef.com\/cs\/#\/schema\/logo\/image\/"}}]}},"_links":{"self":[{"href":"https:\/\/emailchef.com\/cs\/wp-json\/wp\/v2\/pages\/4316"}],"collection":[{"href":"https:\/\/emailchef.com\/cs\/wp-json\/wp\/v2\/pages"}],"about":[{"href":"https:\/\/emailchef.com\/cs\/wp-json\/wp\/v2\/types\/page"}],"author":[{"embeddable":true,"href":"https:\/\/emailchef.com\/cs\/wp-json\/wp\/v2\/users\/1"}],"replies":[{"embeddable":true,"href":"https:\/\/emailchef.com\/cs\/wp-json\/wp\/v2\/comments?post=4316"}],"version-history":[{"count":3,"href":"https:\/\/emailchef.com\/cs\/wp-json\/wp\/v2\/pages\/4316\/revisions"}],"predecessor-version":[{"id":45168,"href":"https:\/\/emailchef.com\/cs\/wp-json\/wp\/v2\/pages\/4316\/revisions\/45168"}],"wp:attachment":[{"href":"https:\/\/emailchef.com\/cs\/wp-json\/wp\/v2\/media?parent=4316"}],"wp:term":[{"taxonomy":"g1_relation_tag","embeddable":true,"href":"https:\/\/emailchef.com\/cs\/wp-json\/wp\/v2\/g1_relation_tag?post=4316"}],"curies":[{"name":"wp","href":"https:\/\/api.w.org\/{rel}","templated":true}]}}