{"id":4309,"date":"2014-09-18T07:59:30","date_gmt":"2014-09-18T07:59:30","guid":{"rendered":"http:\/\/emailchef.com\/cs\/?page_id=4309"},"modified":"2021-07-09T09:25:19","modified_gmt":"2021-07-09T09:25:19","slug":"jak-posilat-hromadne-emaily","status":"publish","type":"page","link":"https:\/\/emailchef.com\/cs\/jak-posilat-hromadne-emaily\/","title":{"rendered":"Jak pos\u00edlat hromadn\u00e9 emaily"},"content":{"rendered":"<p>Pokud pot\u0159ebujete pos\u00edlat hromadn\u00e9 emaily \u2013 jako newslettery, p\u0159\u00edm\u00fd email marketing nebo jen n\u011bkolik jednoduch\u00fdch email\u016f \u2013 je nejlep\u0161\u00ed spol\u00e9hat se na profesion\u00e1ln\u00ed odes\u00edlac\u00ed platformu, nam\u00edsto pou\u017e\u00edv\u00e1n\u00ed b\u011b\u017en\u00e9ho emailov\u00e9ho klienta nebo webmail.<\/p>\n<p>Vyhrazen\u00e1 slu\u017eba pro zas\u00edl\u00e1n\u00ed hromadn\u00fdch email\u016f, jako Emailchef, usm\u011br\u0148uje v\u00fdrazn\u011b proces managementu kontakt\u016f: nam\u00edsto vlo\u017een\u00ed v\u0161ech adres do kopie nebo skryt\u00e9 kopie, m\u016f\u017eete zas\u00edlat p\u0159\u00edmo sv\u00fdm p\u0159\u00edjemc\u016fm a to pouze jednoduch\u00fdm importem jedin\u00e9ho seznamu kontakt\u016f.<\/p>\n<p>Je tu ale mnohem v\u00edce. Na\u0161e platforma pro hromadn\u00e9 emaily v\u00e1m je\u0161t\u011b umo\u017e\u0148uje:<\/p>\n<ul>\n<li>z\u00edskat nejvy\u0161\u0161\u00ed pom\u011br doru\u010den\u00ed pro v\u0161echny hromadn\u00e9 zpr\u00e1vy, proto\u017ee (na rozd\u00edl od b\u011b\u017en\u00e9ho email poskytovatele) se spol\u00e9h\u00e1me na profesion\u00e1ln\u00ed SMTP server, kter\u00fd se dok\u00e1\u017ee vyhnout antispam kontrole a omezen\u00edm od ISP poskytovatel\u016f (kter\u00e9 jsou velmi  \u010dast\u00e9, pokud jde o hromadn\u00e9 zpr\u00e1vy);<\/li>\n<li>pos\u00edlejte neomezen\u00e9 mno\u017estv\u00ed email\u016f;<\/li>\n<li>zajist\u011bte si ten nejrychlej\u0161\u00ed proces odes\u00edl\u00e1n\u00ed;<\/li>\n<li>z\u00edskejte mnoho profesion\u00e1ln\u00edch HTML \u0161ablon, p\u0159ipraven\u00fdch k pou\u017eit\u00ed, a tak\u00e9 v\u00fdkonn\u00fd tv\u016frce \u0161ablon, abyste si mohli vytvo\u0159it v\u00e1\u0161 vlastn\u00ed n\u00e1vrh;<\/li>\n<li>z\u00edskejte hodnotn\u00e1 data o sv\u00fdch hromadn\u00fdch emailech d\u00edky p\u0159esn\u00e9mu analytick\u00e9mu n\u00e1stroji;<\/li>\n<li>a mnohem v\u00edce.<\/li>\n<\/ul>\n<p>Pos\u00edl\u00e1n\u00ed hromadn\u00fdch email\u016f nebylo nikdy tak jednoduch\u00e9 a bezpe\u010dn\u00e9. <a href=\"http:\/\/emailchef.com\/cs\/ucet-zdarma-bezplatne-a-dozivotne\/\"><strong>Zkuste Emailchef zdarma<\/strong><\/a> s [\u2026] a pak m\u016f\u017eete kdykoli pov\u00fd\u0161it verzi podle va\u0161ich pot\u0159eb.<\/p>\n","protected":false},"excerpt":{"rendered":"<p>Pokud pot\u0159ebujete pos\u00edlat hromadn\u00e9 emaily \u2013 jako newslettery, p\u0159\u00edm\u00fd email marketing nebo jen n\u011bkolik jednoduch\u00fdch email\u016f \u2013 je nejlep\u0161\u00ed spol\u00e9hat se na profesion\u00e1ln\u00ed odes\u00edlac\u00ed platformu, nam\u00edsto pou\u017e\u00edv\u00e1n\u00ed b\u011b\u017en\u00e9ho emailov\u00e9ho klienta nebo webmail. Vyhrazen\u00e1 slu\u017eba pro zas\u00edl\u00e1n\u00ed hromadn\u00fdch email\u016f, jako Emailchef, usm\u011br\u0148uje v\u00fdrazn\u011b proces managementu kontakt\u016f: nam\u00edsto vlo\u017een\u00ed v\u0161ech adres do kopie nebo skryt\u00e9 kopie, m\u016f\u017eete [&hellip;]<\/p>\n","protected":false},"author":1,"featured_media":0,"parent":0,"menu_order":161,"comment_status":"closed","ping_status":"closed","template":"","meta":{"_acf_changed":false,"inline_featured_image":false,"footnotes":""},"g1_relation_tag":[14],"class_list":["post-4309","page","type-page","status-publish","hentry","g1_relation_tag-email-sending-service"],"acf":[],"yoast_head":"<!-- This site is optimized with the Yoast SEO plugin v24.8.1 - https:\/\/yoast.com\/wordpress\/plugins\/seo\/ -->\n<title>Jak pos\u00edlat hromadn\u00e9 emaily - Emailchef<\/title>\n<meta name=\"robots\" content=\"index, follow, max-snippet:-1, max-image-preview:large, max-video-preview:-1\" \/>\n<link rel=\"canonical\" href=\"https:\/\/emailchef.com\/cs\/jak-posilat-hromadne-emaily\/\" \/>\n<meta name=\"twitter:label1\" content=\"Odhadovan\u00e1 doba \u010dten\u00ed\" \/>\n\t<meta name=\"twitter:data1\" content=\"1 minuta\" \/>\n<!-- \/ Yoast SEO plugin. -->","yoast_head_json":{"title":"Jak pos\u00edlat hromadn\u00e9 emaily - Emailchef","robots":{"index":"index","follow":"follow","max-snippet":"max-snippet:-1","max-image-preview":"max-image-preview:large","max-video-preview":"max-video-preview:-1"},"canonical":"https:\/\/emailchef.com\/cs\/jak-posilat-hromadne-emaily\/","twitter_misc":{"Odhadovan\u00e1 doba \u010dten\u00ed":"1 minuta"},"schema":{"@context":"https:\/\/schema.org","@graph":[{"@type":"WebPage","@id":"https:\/\/emailchef.com\/cs\/jak-posilat-hromadne-emaily\/","url":"https:\/\/emailchef.com\/cs\/jak-posilat-hromadne-emaily\/","name":"Jak pos\u00edlat hromadn\u00e9 emaily - Emailchef","isPartOf":{"@id":"https:\/\/emailchef.com\/cs\/#website"},"datePublished":"2014-09-18T07:59:30+00:00","dateModified":"2021-07-09T09:25:19+00:00","breadcrumb":{"@id":"https:\/\/emailchef.com\/cs\/jak-posilat-hromadne-emaily\/#breadcrumb"},"inLanguage":"cs","potentialAction":[{"@type":"ReadAction","target":["https:\/\/emailchef.com\/cs\/jak-posilat-hromadne-emaily\/"]}]},{"@type":"BreadcrumbList","@id":"https:\/\/emailchef.com\/cs\/jak-posilat-hromadne-emaily\/#breadcrumb","itemListElement":[{"@type":"ListItem","position":1,"name":"Home","item":"https:\/\/emailchef.com\/cs\/emailchef-sluzby-email-marketingu\/"},{"@type":"ListItem","position":2,"name":"Jak pos\u00edlat hromadn\u00e9 emaily"}]},{"@type":"WebSite","@id":"https:\/\/emailchef.com\/cs\/#website","url":"https:\/\/emailchef.com\/cs\/","name":"Emailchef","description":"Chutn\u00e9 recepty pro email marketing","publisher":{"@id":"https:\/\/emailchef.com\/cs\/#organization"},"potentialAction":[{"@type":"SearchAction","target":{"@type":"EntryPoint","urlTemplate":"https:\/\/emailchef.com\/cs\/?s={search_term_string}"},"query-input":{"@type":"PropertyValueSpecification","valueRequired":true,"valueName":"search_term_string"}}],"inLanguage":"cs"},{"@type":"Organization","@id":"https:\/\/emailchef.com\/cs\/#organization","name":"Delivery Tech Corp.","url":"https:\/\/emailchef.com\/cs\/","logo":{"@type":"ImageObject","inLanguage":"cs","@id":"https:\/\/emailchef.com\/cs\/#\/schema\/logo\/image\/","url":"https:\/\/emailchef.com\/wp-content\/uploads\/2022\/04\/logo-sama.png","contentUrl":"https:\/\/emailchef.com\/wp-content\/uploads\/2022\/04\/logo-sama.png","width":237,"height":80,"caption":"Delivery Tech Corp."},"image":{"@id":"https:\/\/emailchef.com\/cs\/#\/schema\/logo\/image\/"}}]}},"_links":{"self":[{"href":"https:\/\/emailchef.com\/cs\/wp-json\/wp\/v2\/pages\/4309"}],"collection":[{"href":"https:\/\/emailchef.com\/cs\/wp-json\/wp\/v2\/pages"}],"about":[{"href":"https:\/\/emailchef.com\/cs\/wp-json\/wp\/v2\/types\/page"}],"author":[{"embeddable":true,"href":"https:\/\/emailchef.com\/cs\/wp-json\/wp\/v2\/users\/1"}],"replies":[{"embeddable":true,"href":"https:\/\/emailchef.com\/cs\/wp-json\/wp\/v2\/comments?post=4309"}],"version-history":[{"count":1,"href":"https:\/\/emailchef.com\/cs\/wp-json\/wp\/v2\/pages\/4309\/revisions"}],"predecessor-version":[{"id":4310,"href":"https:\/\/emailchef.com\/cs\/wp-json\/wp\/v2\/pages\/4309\/revisions\/4310"}],"wp:attachment":[{"href":"https:\/\/emailchef.com\/cs\/wp-json\/wp\/v2\/media?parent=4309"}],"wp:term":[{"taxonomy":"g1_relation_tag","embeddable":true,"href":"https:\/\/emailchef.com\/cs\/wp-json\/wp\/v2\/g1_relation_tag?post=4309"}],"curies":[{"name":"wp","href":"https:\/\/api.w.org\/{rel}","templated":true}]}}