{"id":4305,"date":"2014-09-11T09:45:55","date_gmt":"2014-09-11T09:45:55","guid":{"rendered":"http:\/\/emailchef.com\/cs\/?page_id=4305"},"modified":"2021-07-07T15:08:31","modified_gmt":"2021-07-07T15:08:31","slug":"sluzba-pro-odesilani-emailu","status":"publish","type":"page","link":"https:\/\/emailchef.com\/cs\/sluzba-pro-odesilani-emailu\/","title":{"rendered":"Slu\u017eba pro odes\u00edl\u00e1n\u00ed email\u016f"},"content":{"rendered":"<div class=\"gb-container gb-container-74cf0174\"><div class=\"gb-inside-container\">\n\n<p>Jedin\u00fdm zp\u016fsobem, jak spr\u00e1vn\u011b spravovat newsletter kampa\u0148 je spolehnout se na profesion\u00e1ln\u00ed slu\u017ebu pro odes\u00edl\u00e1n\u00ed email\u016f. Zde se dozv\u00edte pro\u010d a jak.<\/p>\n\n\n\n<\/div><\/div>\n\n\n<p><\/p>\n","protected":false},"excerpt":{"rendered":"<p>Jedin\u00fdm zp\u016fsobem, jak spr\u00e1vn\u011b spravovat newsletter kampa\u0148 je spolehnout se na profesion\u00e1ln\u00ed slu\u017ebu pro odes\u00edl\u00e1n\u00ed email\u016f. Zde se dozv\u00edte pro\u010d a jak.<\/p>\n","protected":false},"author":1,"featured_media":0,"parent":0,"menu_order":110,"comment_status":"closed","ping_status":"closed","template":"","meta":{"_acf_changed":false,"inline_featured_image":false,"footnotes":""},"g1_relation_tag":[14],"class_list":["post-4305","page","type-page","status-publish","hentry","g1_relation_tag-email-sending-service"],"acf":[],"yoast_head":"<!-- This site is optimized with the Yoast SEO plugin v24.8.1 - https:\/\/yoast.com\/wordpress\/plugins\/seo\/ -->\n<title>Slu\u017eba pro odes\u00edl\u00e1n\u00ed email\u016f - Emailchef<\/title>\n<meta name=\"robots\" content=\"index, follow, max-snippet:-1, max-image-preview:large, max-video-preview:-1\" \/>\n<link rel=\"canonical\" href=\"https:\/\/emailchef.com\/cs\/sluzba-pro-odesilani-emailu\/\" \/>\n<meta name=\"twitter:label1\" content=\"Odhadovan\u00e1 doba \u010dten\u00ed\" \/>\n\t<meta name=\"twitter:data1\" content=\"1 minuta\" \/>\n<!-- \/ Yoast SEO plugin. -->","yoast_head_json":{"title":"Slu\u017eba pro odes\u00edl\u00e1n\u00ed email\u016f - Emailchef","robots":{"index":"index","follow":"follow","max-snippet":"max-snippet:-1","max-image-preview":"max-image-preview:large","max-video-preview":"max-video-preview:-1"},"canonical":"https:\/\/emailchef.com\/cs\/sluzba-pro-odesilani-emailu\/","twitter_misc":{"Odhadovan\u00e1 doba \u010dten\u00ed":"1 minuta"},"schema":{"@context":"https:\/\/schema.org","@graph":[{"@type":"WebPage","@id":"https:\/\/emailchef.com\/cs\/sluzba-pro-odesilani-emailu\/","url":"https:\/\/emailchef.com\/cs\/sluzba-pro-odesilani-emailu\/","name":"Slu\u017eba pro odes\u00edl\u00e1n\u00ed email\u016f - Emailchef","isPartOf":{"@id":"https:\/\/emailchef.com\/cs\/#website"},"datePublished":"2014-09-11T09:45:55+00:00","dateModified":"2021-07-07T15:08:31+00:00","breadcrumb":{"@id":"https:\/\/emailchef.com\/cs\/sluzba-pro-odesilani-emailu\/#breadcrumb"},"inLanguage":"cs","potentialAction":[{"@type":"ReadAction","target":["https:\/\/emailchef.com\/cs\/sluzba-pro-odesilani-emailu\/"]}]},{"@type":"BreadcrumbList","@id":"https:\/\/emailchef.com\/cs\/sluzba-pro-odesilani-emailu\/#breadcrumb","itemListElement":[{"@type":"ListItem","position":1,"name":"Home","item":"https:\/\/emailchef.com\/cs\/emailchef-sluzby-email-marketingu\/"},{"@type":"ListItem","position":2,"name":"Slu\u017eba pro odes\u00edl\u00e1n\u00ed email\u016f"}]},{"@type":"WebSite","@id":"https:\/\/emailchef.com\/cs\/#website","url":"https:\/\/emailchef.com\/cs\/","name":"Emailchef","description":"Chutn\u00e9 recepty pro email marketing","publisher":{"@id":"https:\/\/emailchef.com\/cs\/#organization"},"potentialAction":[{"@type":"SearchAction","target":{"@type":"EntryPoint","urlTemplate":"https:\/\/emailchef.com\/cs\/?s={search_term_string}"},"query-input":{"@type":"PropertyValueSpecification","valueRequired":true,"valueName":"search_term_string"}}],"inLanguage":"cs"},{"@type":"Organization","@id":"https:\/\/emailchef.com\/cs\/#organization","name":"Delivery Tech Corp.","url":"https:\/\/emailchef.com\/cs\/","logo":{"@type":"ImageObject","inLanguage":"cs","@id":"https:\/\/emailchef.com\/cs\/#\/schema\/logo\/image\/","url":"https:\/\/emailchef.com\/wp-content\/uploads\/2022\/04\/logo-sama.png","contentUrl":"https:\/\/emailchef.com\/wp-content\/uploads\/2022\/04\/logo-sama.png","width":237,"height":80,"caption":"Delivery Tech Corp."},"image":{"@id":"https:\/\/emailchef.com\/cs\/#\/schema\/logo\/image\/"}}]}},"_links":{"self":[{"href":"https:\/\/emailchef.com\/cs\/wp-json\/wp\/v2\/pages\/4305"}],"collection":[{"href":"https:\/\/emailchef.com\/cs\/wp-json\/wp\/v2\/pages"}],"about":[{"href":"https:\/\/emailchef.com\/cs\/wp-json\/wp\/v2\/types\/page"}],"author":[{"embeddable":true,"href":"https:\/\/emailchef.com\/cs\/wp-json\/wp\/v2\/users\/1"}],"replies":[{"embeddable":true,"href":"https:\/\/emailchef.com\/cs\/wp-json\/wp\/v2\/comments?post=4305"}],"version-history":[{"count":2,"href":"https:\/\/emailchef.com\/cs\/wp-json\/wp\/v2\/pages\/4305\/revisions"}],"predecessor-version":[{"id":44790,"href":"https:\/\/emailchef.com\/cs\/wp-json\/wp\/v2\/pages\/4305\/revisions\/44790"}],"wp:attachment":[{"href":"https:\/\/emailchef.com\/cs\/wp-json\/wp\/v2\/media?parent=4305"}],"wp:term":[{"taxonomy":"g1_relation_tag","embeddable":true,"href":"https:\/\/emailchef.com\/cs\/wp-json\/wp\/v2\/g1_relation_tag?post=4305"}],"curies":[{"name":"wp","href":"https:\/\/api.w.org\/{rel}","templated":true}]}}