{"id":4301,"date":"2014-09-18T07:44:38","date_gmt":"2014-09-18T07:44:38","guid":{"rendered":"http:\/\/emailchef.com\/cs\/?page_id=4301"},"modified":"2021-07-09T09:24:45","modified_gmt":"2021-07-09T09:24:45","slug":"co-je-sluzba-newsletter","status":"publish","type":"page","link":"https:\/\/emailchef.com\/cs\/co-je-sluzba-newsletter\/","title":{"rendered":"Co je slu\u017eba newsletter"},"content":{"rendered":"<p>Trochu ze\u0161iroka, slu\u017eba newsletter je online platforma, kter\u00e1 v\u00e1m umo\u017en\u00ed vytv\u00e1\u0159et, odes\u00edlat a analyzovat hromadn\u00e9 emaily; slu\u017eba newsletter je tedy jinak zn\u00e1m\u00e1 jako email marketing nebo hromadn\u00e9 emailov\u00e9 slu\u017eby.<\/p>\n<p>V podstat\u011b by takov\u00e1 platforma m\u011bla zabezpe\u010dit:<\/p>\n\n<ul>\n<li>dobr\u00fd editor emailov\u00fdch newsletter\u016f umo\u017e\u0148uje budovat a importovat jednodu\u0161e HTML \u0161ablony a pouze textov\u00e9 zpr\u00e1vy; je dobr\u00e9, kdy\u017e obsahuje i spam skener, abyste si mohli va\u0161e emaily ov\u011b\u0159it, \u017ee se dok\u00e1\u017e\u00ed dostat a\u017e do emailov\u00fdch schr\u00e1nek a vyhnout se antispamov\u00fdm \u0161t\u00edt\u016fm;<\/li>\n<li>efektivn\u00ed syst\u00e9m spr\u00e1vy kontakt\u016f pro sb\u011br (p\u0159es web formul\u00e1\u0159e), seskupov\u00e1n\u00ed a segmentaci v\u0161ech email\u016f va\u0161ich z\u00e1kazn\u00edk\u016f;<\/li>\n<li>v\u00fdkonn\u00fd integrovan\u00fd odchoz\u00ed mail server, kter\u00fd zajist\u00ed, \u017ee v\u0161echny odeslan\u00e9 emaily budou tak\u00e9 doru\u010den\u00e9 emaily;<\/li>\n<li>mo\u017enost z\u00edskat bezplatnou slu\u017ebu na emailov\u00e9 newslettery pro men\u0161\u00ed mno\u017estv\u00ed odeslan\u00fdch email\u016f (nebo tak\u00e9 na vyzkou\u0161en\u00ed p\u0159ed n\u00e1kupem);<\/li>\n<li>analytick\u00e1 platforma, kde m\u016f\u017eete analyzovat a exportovat v\u0161echny relevantn\u00ed data o sv\u00fdch kampan\u00edch: po\u010det a pom\u011br odhl\u00e1\u0161en\u00ed, pom\u011br proklik\u016f, otev\u0159en\u00ed, spamov\u00fdch st\u00ed\u017enost\u00ed, atd. V\u0161e co pot\u0159ebujete je jen neust\u00e1le upravovat va\u0161i taktiku.<\/li>\n<\/ul>\n<p>P\u0159ihlaste se k ovl\u00e1dac\u00edmu panelu Emailchef a <a href=\"http:\/\/emailchef.com\/user-signup\"><strong>vyzkou\u0161ejte to zdarma<\/strong><\/a>!<\/p>\n","protected":false},"excerpt":{"rendered":"<p>Trochu ze\u0161iroka, slu\u017eba newsletter je online platforma, kter\u00e1 v\u00e1m umo\u017en\u00ed vytv\u00e1\u0159et, odes\u00edlat a analyzovat hromadn\u00e9 emaily; slu\u017eba newsletter je tedy jinak zn\u00e1m\u00e1 jako email marketing nebo hromadn\u00e9 emailov\u00e9 slu\u017eby. V podstat\u011b by takov\u00e1 platforma m\u011bla zabezpe\u010dit: dobr\u00fd editor emailov\u00fdch newsletter\u016f umo\u017e\u0148uje budovat a importovat jednodu\u0161e HTML \u0161ablony a pouze textov\u00e9 zpr\u00e1vy; je dobr\u00e9, kdy\u017e obsahuje [&hellip;]<\/p>\n","protected":false},"author":1,"featured_media":0,"parent":0,"menu_order":263,"comment_status":"closed","ping_status":"closed","template":"","meta":{"_acf_changed":false,"inline_featured_image":false,"footnotes":""},"g1_relation_tag":[13],"class_list":["post-4301","page","type-page","status-publish","hentry","g1_relation_tag-newsletter-basic-practices"],"acf":[],"yoast_head":"<!-- This site is optimized with the Yoast SEO plugin v24.8.1 - https:\/\/yoast.com\/wordpress\/plugins\/seo\/ -->\n<title>Co je slu\u017eba newsletter - Emailchef<\/title>\n<meta name=\"robots\" content=\"index, follow, max-snippet:-1, max-image-preview:large, max-video-preview:-1\" \/>\n<link rel=\"canonical\" href=\"https:\/\/emailchef.com\/cs\/co-je-sluzba-newsletter\/\" \/>\n<meta name=\"twitter:label1\" content=\"Odhadovan\u00e1 doba \u010dten\u00ed\" \/>\n\t<meta name=\"twitter:data1\" content=\"1 minuta\" \/>\n<!-- \/ Yoast SEO plugin. -->","yoast_head_json":{"title":"Co je slu\u017eba newsletter - Emailchef","robots":{"index":"index","follow":"follow","max-snippet":"max-snippet:-1","max-image-preview":"max-image-preview:large","max-video-preview":"max-video-preview:-1"},"canonical":"https:\/\/emailchef.com\/cs\/co-je-sluzba-newsletter\/","twitter_misc":{"Odhadovan\u00e1 doba \u010dten\u00ed":"1 minuta"},"schema":{"@context":"https:\/\/schema.org","@graph":[{"@type":"WebPage","@id":"https:\/\/emailchef.com\/cs\/co-je-sluzba-newsletter\/","url":"https:\/\/emailchef.com\/cs\/co-je-sluzba-newsletter\/","name":"Co je slu\u017eba newsletter - Emailchef","isPartOf":{"@id":"https:\/\/emailchef.com\/cs\/#website"},"datePublished":"2014-09-18T07:44:38+00:00","dateModified":"2021-07-09T09:24:45+00:00","breadcrumb":{"@id":"https:\/\/emailchef.com\/cs\/co-je-sluzba-newsletter\/#breadcrumb"},"inLanguage":"cs","potentialAction":[{"@type":"ReadAction","target":["https:\/\/emailchef.com\/cs\/co-je-sluzba-newsletter\/"]}]},{"@type":"BreadcrumbList","@id":"https:\/\/emailchef.com\/cs\/co-je-sluzba-newsletter\/#breadcrumb","itemListElement":[{"@type":"ListItem","position":1,"name":"Home","item":"https:\/\/emailchef.com\/cs\/emailchef-sluzby-email-marketingu\/"},{"@type":"ListItem","position":2,"name":"Co je slu\u017eba newsletter"}]},{"@type":"WebSite","@id":"https:\/\/emailchef.com\/cs\/#website","url":"https:\/\/emailchef.com\/cs\/","name":"Emailchef","description":"Chutn\u00e9 recepty pro email marketing","publisher":{"@id":"https:\/\/emailchef.com\/cs\/#organization"},"potentialAction":[{"@type":"SearchAction","target":{"@type":"EntryPoint","urlTemplate":"https:\/\/emailchef.com\/cs\/?s={search_term_string}"},"query-input":{"@type":"PropertyValueSpecification","valueRequired":true,"valueName":"search_term_string"}}],"inLanguage":"cs"},{"@type":"Organization","@id":"https:\/\/emailchef.com\/cs\/#organization","name":"Delivery Tech Corp.","url":"https:\/\/emailchef.com\/cs\/","logo":{"@type":"ImageObject","inLanguage":"cs","@id":"https:\/\/emailchef.com\/cs\/#\/schema\/logo\/image\/","url":"https:\/\/emailchef.com\/wp-content\/uploads\/2022\/04\/logo-sama.png","contentUrl":"https:\/\/emailchef.com\/wp-content\/uploads\/2022\/04\/logo-sama.png","width":237,"height":80,"caption":"Delivery Tech Corp."},"image":{"@id":"https:\/\/emailchef.com\/cs\/#\/schema\/logo\/image\/"}}]}},"_links":{"self":[{"href":"https:\/\/emailchef.com\/cs\/wp-json\/wp\/v2\/pages\/4301"}],"collection":[{"href":"https:\/\/emailchef.com\/cs\/wp-json\/wp\/v2\/pages"}],"about":[{"href":"https:\/\/emailchef.com\/cs\/wp-json\/wp\/v2\/types\/page"}],"author":[{"embeddable":true,"href":"https:\/\/emailchef.com\/cs\/wp-json\/wp\/v2\/users\/1"}],"replies":[{"embeddable":true,"href":"https:\/\/emailchef.com\/cs\/wp-json\/wp\/v2\/comments?post=4301"}],"version-history":[{"count":3,"href":"https:\/\/emailchef.com\/cs\/wp-json\/wp\/v2\/pages\/4301\/revisions"}],"predecessor-version":[{"id":45162,"href":"https:\/\/emailchef.com\/cs\/wp-json\/wp\/v2\/pages\/4301\/revisions\/45162"}],"wp:attachment":[{"href":"https:\/\/emailchef.com\/cs\/wp-json\/wp\/v2\/media?parent=4301"}],"wp:term":[{"taxonomy":"g1_relation_tag","embeddable":true,"href":"https:\/\/emailchef.com\/cs\/wp-json\/wp\/v2\/g1_relation_tag?post=4301"}],"curies":[{"name":"wp","href":"https:\/\/api.w.org\/{rel}","templated":true}]}}