{"id":4295,"date":"2014-09-16T12:18:41","date_gmt":"2014-09-16T12:18:41","guid":{"rendered":"http:\/\/emailchef.com\/cs\/?page_id=4295"},"modified":"2021-07-09T09:24:04","modified_gmt":"2021-07-09T09:24:04","slug":"hromadny-email-marketing","status":"publish","type":"page","link":"https:\/\/emailchef.com\/cs\/hromadny-email-marketing\/","title":{"rendered":"Hromadn\u00fd email marketing"},"content":{"rendered":"<p>Nepodce\u0148uj\u00edc rychl\u00fd r\u016fst soci\u00e1ln\u00edch m\u00e9di\u00ed a tak\u00e9 aplikac\u00ed pro okam\u017eitou kr\u00e1tkou komunikaci, hromadn\u00fd email marketing je st\u00e1le nejefektivn\u011bj\u0161\u00ed a v\u00fdnosn\u00fd email marketingov\u00fd n\u00e1stroj. Podle posledn\u00ed studie od skupiny Radicati Group, \u201cemail je o\u010dek\u00e1van\u00fd, \u017ee poroste a\u017e na $12 bilion\u016f dolar\u016f do roku 2016 a objem email\u016f je tak\u00e9 rostouc\u00ed a odhadov\u00e1n na 192 bilion\u016f email\u016f poslan\u00fdch denn\u011b do roku 2016\u2033. Tak\u017ee vyhl\u00eddky jsou v\u00fdborn\u00e9!<\/p>\n<p>Kdy\u017e mluv\u00edme o hromadn\u00e9m email marketingu, je nutn\u00e9 podtrhnout hned te\u010f, \u017ee zde nemluv\u00edme o spamu nebo jin\u00fdch neleg\u00e1ln\u00edch aktivit\u00e1ch. Ve skute\u010dnosti jedin\u00fd prav\u00fd email marketing je hodn\u011b odli\u0161n\u00fd ne\u017e pos\u00edl\u00e1n\u00ed nahodil\u00fdch, nevy\u017e\u00e1dan\u00fdch zpr\u00e1v, na velk\u00e9 mno\u017estv\u00ed kontakt\u016f nasb\u00edran\u00fdch r\u016fzn\u011b tady a tam na webu.<\/p>\n<p>Na druhou stranu, pokud chce n\u011bkdo nastavit spr\u00e1vnou email marketingovou kampa\u0148, m\u011bl by si v\u017edy pamatovat, aby zas\u00edlal sv\u00e9 newslettery jen lidem, kte\u0159\u00ed se sami p\u0159ihl\u00e1sili na jeho seznam. To znamen\u00e1 lid\u00e9, kte\u0159\u00ed dali v\u00fdslovn\u00fd souhlas s p\u0159ij\u00edm\u00e1n\u00edm takov\u00e9 komunikace.<\/p>\n<p>Z\u00e1sadn\u00ed je, po\u0159\u00eddit si profesion\u00e1ln\u00ed email marketingovou aplikaci, kter\u00e1 podporuje v\u0161echny f\u00e1ze emailov\u00e9 kampan\u011b: sb\u011br a spr\u00e1va potvrzen\u00fdch kontakt\u016f, vytvo\u0159en\u00ed newsletter\u016f podle v\u0161ech nejlep\u0161\u00edch pravidel emailov\u00e9ho designu, proces rozes\u00edl\u00e1n\u00ed (a spr\u00e1vn\u00e9ho doru\u010den\u00ed!) va\u0161ich zpr\u00e1v, a samoz\u0159ejm\u011b sadu p\u0159esn\u00fdch analytick\u00fdch n\u00e1stroj\u016f pro m\u011b\u0159en\u00ed efektivnosti ka\u017ed\u00e9 kampan\u011b.<\/p>\n<p>Emailchef v\u0161echny tyto \u010d\u00e1sti m\u00e1 a mnohem v\u00edce, jako jeden z nejspolehliv\u011bj\u0161\u00edch a tak snadno pou\u017eiteln\u00fd program hromadn\u00e9ho email marketingu na trhu.<\/p>\n<p>P\u0159ihlaste se k ovl\u00e1dac\u00edmu panelu Emailchef a <a href=\"http:\/\/emailchef.com\/user-signup\"><strong>vyzkou\u0161ejte to zdarma<\/strong><\/a>!<\/p>\n","protected":false},"excerpt":{"rendered":"<p>Nepodce\u0148uj\u00edc rychl\u00fd r\u016fst soci\u00e1ln\u00edch m\u00e9di\u00ed a tak\u00e9 aplikac\u00ed pro okam\u017eitou kr\u00e1tkou komunikaci, hromadn\u00fd email marketing je st\u00e1le nejefektivn\u011bj\u0161\u00ed a v\u00fdnosn\u00fd email marketingov\u00fd n\u00e1stroj. Podle posledn\u00ed studie od skupiny Radicati Group, \u201cemail je o\u010dek\u00e1van\u00fd, \u017ee poroste a\u017e na $12 bilion\u016f dolar\u016f do roku 2016 a objem email\u016f je tak\u00e9 rostouc\u00ed a odhadov\u00e1n na 192 bilion\u016f email\u016f [&hellip;]<\/p>\n","protected":false},"author":1,"featured_media":0,"parent":0,"menu_order":184,"comment_status":"closed","ping_status":"closed","template":"","meta":{"_acf_changed":false,"inline_featured_image":false,"footnotes":""},"g1_relation_tag":[12],"class_list":["post-4295","page","type-page","status-publish","hentry","g1_relation_tag-mass-email-services"],"acf":[],"yoast_head":"<!-- This site is optimized with the Yoast SEO plugin v24.8.1 - https:\/\/yoast.com\/wordpress\/plugins\/seo\/ -->\n<title>Hromadn\u00fd email marketing - Emailchef<\/title>\n<meta name=\"robots\" content=\"index, follow, max-snippet:-1, max-image-preview:large, max-video-preview:-1\" \/>\n<link rel=\"canonical\" href=\"https:\/\/emailchef.com\/cs\/hromadny-email-marketing\/\" \/>\n<meta name=\"twitter:label1\" content=\"Odhadovan\u00e1 doba \u010dten\u00ed\" \/>\n\t<meta name=\"twitter:data1\" content=\"1 minuta\" \/>\n<!-- \/ Yoast SEO plugin. -->","yoast_head_json":{"title":"Hromadn\u00fd email marketing - Emailchef","robots":{"index":"index","follow":"follow","max-snippet":"max-snippet:-1","max-image-preview":"max-image-preview:large","max-video-preview":"max-video-preview:-1"},"canonical":"https:\/\/emailchef.com\/cs\/hromadny-email-marketing\/","twitter_misc":{"Odhadovan\u00e1 doba \u010dten\u00ed":"1 minuta"},"schema":{"@context":"https:\/\/schema.org","@graph":[{"@type":"WebPage","@id":"https:\/\/emailchef.com\/cs\/hromadny-email-marketing\/","url":"https:\/\/emailchef.com\/cs\/hromadny-email-marketing\/","name":"Hromadn\u00fd email marketing - Emailchef","isPartOf":{"@id":"https:\/\/emailchef.com\/cs\/#website"},"datePublished":"2014-09-16T12:18:41+00:00","dateModified":"2021-07-09T09:24:04+00:00","breadcrumb":{"@id":"https:\/\/emailchef.com\/cs\/hromadny-email-marketing\/#breadcrumb"},"inLanguage":"cs","potentialAction":[{"@type":"ReadAction","target":["https:\/\/emailchef.com\/cs\/hromadny-email-marketing\/"]}]},{"@type":"BreadcrumbList","@id":"https:\/\/emailchef.com\/cs\/hromadny-email-marketing\/#breadcrumb","itemListElement":[{"@type":"ListItem","position":1,"name":"Home","item":"https:\/\/emailchef.com\/cs\/emailchef-sluzby-email-marketingu\/"},{"@type":"ListItem","position":2,"name":"Hromadn\u00fd email marketing"}]},{"@type":"WebSite","@id":"https:\/\/emailchef.com\/cs\/#website","url":"https:\/\/emailchef.com\/cs\/","name":"Emailchef","description":"Chutn\u00e9 recepty pro email marketing","publisher":{"@id":"https:\/\/emailchef.com\/cs\/#organization"},"potentialAction":[{"@type":"SearchAction","target":{"@type":"EntryPoint","urlTemplate":"https:\/\/emailchef.com\/cs\/?s={search_term_string}"},"query-input":{"@type":"PropertyValueSpecification","valueRequired":true,"valueName":"search_term_string"}}],"inLanguage":"cs"},{"@type":"Organization","@id":"https:\/\/emailchef.com\/cs\/#organization","name":"Delivery Tech Corp.","url":"https:\/\/emailchef.com\/cs\/","logo":{"@type":"ImageObject","inLanguage":"cs","@id":"https:\/\/emailchef.com\/cs\/#\/schema\/logo\/image\/","url":"https:\/\/emailchef.com\/wp-content\/uploads\/2022\/04\/logo-sama.png","contentUrl":"https:\/\/emailchef.com\/wp-content\/uploads\/2022\/04\/logo-sama.png","width":237,"height":80,"caption":"Delivery Tech Corp."},"image":{"@id":"https:\/\/emailchef.com\/cs\/#\/schema\/logo\/image\/"}}]}},"_links":{"self":[{"href":"https:\/\/emailchef.com\/cs\/wp-json\/wp\/v2\/pages\/4295"}],"collection":[{"href":"https:\/\/emailchef.com\/cs\/wp-json\/wp\/v2\/pages"}],"about":[{"href":"https:\/\/emailchef.com\/cs\/wp-json\/wp\/v2\/types\/page"}],"author":[{"embeddable":true,"href":"https:\/\/emailchef.com\/cs\/wp-json\/wp\/v2\/users\/1"}],"replies":[{"embeddable":true,"href":"https:\/\/emailchef.com\/cs\/wp-json\/wp\/v2\/comments?post=4295"}],"version-history":[{"count":4,"href":"https:\/\/emailchef.com\/cs\/wp-json\/wp\/v2\/pages\/4295\/revisions"}],"predecessor-version":[{"id":6288,"href":"https:\/\/emailchef.com\/cs\/wp-json\/wp\/v2\/pages\/4295\/revisions\/6288"}],"wp:attachment":[{"href":"https:\/\/emailchef.com\/cs\/wp-json\/wp\/v2\/media?parent=4295"}],"wp:term":[{"taxonomy":"g1_relation_tag","embeddable":true,"href":"https:\/\/emailchef.com\/cs\/wp-json\/wp\/v2\/g1_relation_tag?post=4295"}],"curies":[{"name":"wp","href":"https:\/\/api.w.org\/{rel}","templated":true}]}}