{"id":4293,"date":"2014-09-18T07:02:27","date_gmt":"2014-09-18T07:02:27","guid":{"rendered":"http:\/\/emailchef.com\/cs\/?page_id=4293"},"modified":"2021-07-09T09:23:56","modified_gmt":"2021-07-09T09:23:56","slug":"editor-pro-hromadne-zpravy","status":"publish","type":"page","link":"https:\/\/emailchef.com\/cs\/editor-pro-hromadne-zpravy\/","title":{"rendered":"Editor pro hromadn\u00e9 zpr\u00e1vy"},"content":{"rendered":"<p>Editor pro hromadn\u00e9 zas\u00edl\u00e1n\u00ed zpr\u00e1v je software nebo platforma, kter\u00e1 umo\u017e\u0148uje vytv\u00e1\u0159et hromadn\u00e9 emaily jako nap\u0159. newslettery nebo zpr\u00e1vy p\u0159\u00edm\u00e9ho marketingu: marketingov\u00e9 zpr\u00e1vy zam\u00fd\u0161len\u00e9 pro odesl\u00e1n\u00ed velk\u00e9mu po\u010dtu p\u0159\u00edjemc\u016f za \u00fa\u010delem promo produktu, \u0161\u00ed\u0159en\u00ed nab\u00eddky nebo prost\u011b informovat. Obecn\u011b je tento typ emailu vytvo\u0159en\u00fd v HTML k zaji\u0161t\u011bn\u00ed lep\u0161\u00ed pr\u00e1ce s obsahem a umo\u017enit sledov\u00e1n\u00ed emailu a interakc\u00ed, kter\u00e9 s nimi p\u0159\u00edjemce m\u00e1 (otev\u0159en\u00ed, kliky \u2026).<\/p>\n<p>Je d\u016fle\u017eit\u00e9, abyste to nesm\u011b\u0161ovali s jin\u00fdmi n\u00e1stroji, kter\u00e9 se \u010dasto naz\u00fdvaj\u00ed stejn\u011b (pro spr\u00e1vu hromadn\u00fdch email\u016f), tedy aplikace, kter\u00e9 v\u00e1m mohou vytvo\u0159it hromadn\u011b velk\u00e9 mno\u017estv\u00ed emailov\u00fdch \u00fa\u010dt\u016f, nam\u00edsto toho, aby to byla jedna zpr\u00e1va, kter\u00e1 se odes\u00edl\u00e1 mnoha p\u0159\u00edjemc\u016fm.<\/p>\n<p>Emailchef m\u016f\u017ee b\u00fdt jednodu\u0161e pou\u017eit jako tv\u016frce hromadn\u00fdch email\u016f, ale ve skute\u010dnosti je mnohem v\u00edce ne\u017e jen to. S programem Emailchef m\u016f\u017eete samoz\u0159ejm\u011b tvo\u0159it HTML newslettery, jak se v\u00e1m to hod\u00ed \u2013 tak\u00e9 si t\u0159eba importovat extern\u00ed p\u0159ipravenou \u0161ablonu \u2013 ale m\u016f\u017eete ji tak\u00e9, a to je d\u016fle\u017eit\u011bj\u0161\u00ed, odeslat va\u0161im z\u00e1kazn\u00edk\u016fm s jistotou, \u017ee bude v po\u0159\u00e1dku doru\u010den\u00e1 a z\u00edsk\u00e1 p\u0159esn\u00e9 informace o v\u00fdsledc\u00edch va\u0161\u00ed kampan\u011b.<\/p>\n<p>Tak\u017ee nam\u00edsto pou\u017e\u00edv\u00e1n\u00ed softwaru jako tv\u016frce email\u016f a n\u00e1sledn\u011b pos\u00edlat zpr\u00e1vy p\u0159es SMTP server, m\u016f\u017eete to m\u00edt oboj\u00ed &#8211; i v\u00edce \u2013 s programem Emailchef .<\/p>\n<p>P\u0159ihlaste se k ovl\u00e1dac\u00edmu panelu Emailchef a <a href=\"http:\/\/emailchef.com\/user-signup\"><strong>vyzkou\u0161ejte to zdarma<\/strong><\/a>!<\/p>\n","protected":false},"excerpt":{"rendered":"<p>Editor pro hromadn\u00e9 zas\u00edl\u00e1n\u00ed zpr\u00e1v je software nebo platforma, kter\u00e1 umo\u017e\u0148uje vytv\u00e1\u0159et hromadn\u00e9 emaily jako nap\u0159. newslettery nebo zpr\u00e1vy p\u0159\u00edm\u00e9ho marketingu: marketingov\u00e9 zpr\u00e1vy zam\u00fd\u0161len\u00e9 pro odesl\u00e1n\u00ed velk\u00e9mu po\u010dtu p\u0159\u00edjemc\u016f za \u00fa\u010delem promo produktu, \u0161\u00ed\u0159en\u00ed nab\u00eddky nebo prost\u011b informovat. Obecn\u011b je tento typ emailu vytvo\u0159en\u00fd v HTML k zaji\u0161t\u011bn\u00ed lep\u0161\u00ed pr\u00e1ce s obsahem a umo\u017enit sledov\u00e1n\u00ed [&hellip;]<\/p>\n","protected":false},"author":1,"featured_media":0,"parent":0,"menu_order":182,"comment_status":"closed","ping_status":"closed","template":"","meta":{"_acf_changed":false,"inline_featured_image":false,"footnotes":""},"g1_relation_tag":[12],"class_list":["post-4293","page","type-page","status-publish","hentry","g1_relation_tag-mass-email-services"],"acf":[],"yoast_head":"<!-- This site is optimized with the Yoast SEO plugin v24.8.1 - https:\/\/yoast.com\/wordpress\/plugins\/seo\/ -->\n<title>Editor pro hromadn\u00e9 zpr\u00e1vy - Emailchef<\/title>\n<meta name=\"robots\" content=\"index, follow, max-snippet:-1, max-image-preview:large, max-video-preview:-1\" \/>\n<link rel=\"canonical\" href=\"https:\/\/emailchef.com\/cs\/editor-pro-hromadne-zpravy\/\" \/>\n<meta name=\"twitter:label1\" content=\"Odhadovan\u00e1 doba \u010dten\u00ed\" \/>\n\t<meta name=\"twitter:data1\" content=\"1 minuta\" \/>\n<!-- \/ Yoast SEO plugin. -->","yoast_head_json":{"title":"Editor pro hromadn\u00e9 zpr\u00e1vy - Emailchef","robots":{"index":"index","follow":"follow","max-snippet":"max-snippet:-1","max-image-preview":"max-image-preview:large","max-video-preview":"max-video-preview:-1"},"canonical":"https:\/\/emailchef.com\/cs\/editor-pro-hromadne-zpravy\/","twitter_misc":{"Odhadovan\u00e1 doba \u010dten\u00ed":"1 minuta"},"schema":{"@context":"https:\/\/schema.org","@graph":[{"@type":"WebPage","@id":"https:\/\/emailchef.com\/cs\/editor-pro-hromadne-zpravy\/","url":"https:\/\/emailchef.com\/cs\/editor-pro-hromadne-zpravy\/","name":"Editor pro hromadn\u00e9 zpr\u00e1vy - Emailchef","isPartOf":{"@id":"https:\/\/emailchef.com\/cs\/#website"},"datePublished":"2014-09-18T07:02:27+00:00","dateModified":"2021-07-09T09:23:56+00:00","breadcrumb":{"@id":"https:\/\/emailchef.com\/cs\/editor-pro-hromadne-zpravy\/#breadcrumb"},"inLanguage":"cs","potentialAction":[{"@type":"ReadAction","target":["https:\/\/emailchef.com\/cs\/editor-pro-hromadne-zpravy\/"]}]},{"@type":"BreadcrumbList","@id":"https:\/\/emailchef.com\/cs\/editor-pro-hromadne-zpravy\/#breadcrumb","itemListElement":[{"@type":"ListItem","position":1,"name":"Home","item":"https:\/\/emailchef.com\/cs\/emailchef-sluzby-email-marketingu\/"},{"@type":"ListItem","position":2,"name":"Editor pro hromadn\u00e9 zpr\u00e1vy"}]},{"@type":"WebSite","@id":"https:\/\/emailchef.com\/cs\/#website","url":"https:\/\/emailchef.com\/cs\/","name":"Emailchef","description":"Chutn\u00e9 recepty pro email marketing","publisher":{"@id":"https:\/\/emailchef.com\/cs\/#organization"},"potentialAction":[{"@type":"SearchAction","target":{"@type":"EntryPoint","urlTemplate":"https:\/\/emailchef.com\/cs\/?s={search_term_string}"},"query-input":{"@type":"PropertyValueSpecification","valueRequired":true,"valueName":"search_term_string"}}],"inLanguage":"cs"},{"@type":"Organization","@id":"https:\/\/emailchef.com\/cs\/#organization","name":"Delivery Tech Corp.","url":"https:\/\/emailchef.com\/cs\/","logo":{"@type":"ImageObject","inLanguage":"cs","@id":"https:\/\/emailchef.com\/cs\/#\/schema\/logo\/image\/","url":"https:\/\/emailchef.com\/wp-content\/uploads\/2022\/04\/logo-sama.png","contentUrl":"https:\/\/emailchef.com\/wp-content\/uploads\/2022\/04\/logo-sama.png","width":237,"height":80,"caption":"Delivery Tech Corp."},"image":{"@id":"https:\/\/emailchef.com\/cs\/#\/schema\/logo\/image\/"}}]}},"_links":{"self":[{"href":"https:\/\/emailchef.com\/cs\/wp-json\/wp\/v2\/pages\/4293"}],"collection":[{"href":"https:\/\/emailchef.com\/cs\/wp-json\/wp\/v2\/pages"}],"about":[{"href":"https:\/\/emailchef.com\/cs\/wp-json\/wp\/v2\/types\/page"}],"author":[{"embeddable":true,"href":"https:\/\/emailchef.com\/cs\/wp-json\/wp\/v2\/users\/1"}],"replies":[{"embeddable":true,"href":"https:\/\/emailchef.com\/cs\/wp-json\/wp\/v2\/comments?post=4293"}],"version-history":[{"count":3,"href":"https:\/\/emailchef.com\/cs\/wp-json\/wp\/v2\/pages\/4293\/revisions"}],"predecessor-version":[{"id":6289,"href":"https:\/\/emailchef.com\/cs\/wp-json\/wp\/v2\/pages\/4293\/revisions\/6289"}],"wp:attachment":[{"href":"https:\/\/emailchef.com\/cs\/wp-json\/wp\/v2\/media?parent=4293"}],"wp:term":[{"taxonomy":"g1_relation_tag","embeddable":true,"href":"https:\/\/emailchef.com\/cs\/wp-json\/wp\/v2\/g1_relation_tag?post=4293"}],"curies":[{"name":"wp","href":"https:\/\/api.w.org\/{rel}","templated":true}]}}