{"id":4287,"date":"2014-09-18T07:24:44","date_gmt":"2014-09-18T07:24:44","guid":{"rendered":"http:\/\/emailchef.com\/cs\/?page_id=4287"},"modified":"2021-07-09T09:23:44","modified_gmt":"2021-07-09T09:23:44","slug":"hromadne-rozesilani","status":"publish","type":"page","link":"https:\/\/emailchef.com\/cs\/hromadne-rozesilani\/","title":{"rendered":"Hromadn\u00e9 rozes\u00edl\u00e1n\u00ed"},"content":{"rendered":"<p>Emailchef je kompletn\u00ed slu\u017eba pro hromadn\u00e9 rozes\u00edl\u00e1n\u00ed, kter\u00e1 umo\u017e\u0148uje vytvo\u0159it, odeslat, napl\u00e1novat a z\u00edskat p\u0159esn\u00e1, m\u011b\u0159en\u00e1 data o hromadn\u00fdch emailech jako newsletterech nebo emailech p\u0159\u00edm\u00e9ho marketingu, a tak\u00e9 vytv\u00e1\u0159et a spravovat kontaktn\u00ed seznamy.<\/p>\n<p>V jednotn\u00e9m a integrovan\u00e9m \u0159e\u0161en\u00ed pro online hromadn\u00e9 emaily tak dostanete:<\/p>\n\n<ul>\n<li>\u010dist\u00fd a \u00fa\u010dinn\u00fd WYSIWYG emailov\u00fd editor, kde m\u016f\u017eete p\u0159izp\u016fsobit v\u00e1\u0161 HTML newsletter p\u0159id\u00e1n\u00edm obr\u00e1zk\u016f, text\u016f, atd. ( Emailchef  nab\u00edz\u00ed tak\u00e9 sadu p\u0159edem p\u0159ipraven\u00fdch \u0161ablon a profesion\u00e1ln\u00edho Tv\u016frce \u0161ablon \u2013 tzv. Template Creator);<\/li>\n<li>v\u0161e co pot\u0159ebujete pro vytvo\u0159en\u00ed emailov\u00fdch seznam\u016f kontakt\u016f p\u0159id\u00e1n\u00edm osobn\u00edch a profesn\u00edch detail\u016f ke ka\u017ed\u00e9mu kontaktu, a s mo\u017enost\u00ed segmentovat kontakty jak se v\u00e1m bude hodit pro c\u00edlen\u011bj\u0161\u00ed kampan\u011b.<\/li>\n<li>p\u011bkn\u00fd editor p\u0159ihla\u0161ovac\u00edch (kontaktn\u00edch) formul\u00e1\u0159\u016f pro p\u0159\u00edpravu jednoduch\u00fdch nebo dvakr\u00e1t potvrzen\u00fdch formul\u00e1\u0159\u016f b\u011bhem minut a p\u0159idat je na va\u0161e webov\u00e9 str\u00e1nky a nechat r\u016fst v\u00e1\u0161 seznam kontakt\u016f rychle a bezpe\u010dn\u011b.<\/li>\n<li>v\u00fdkonn\u00e9 za\u0159\u00edzen\u00ed na zas\u00edl\u00e1n\u00ed hromadn\u00fdch email\u016f, b\u011b\u017e\u00edc\u00ed s profesion\u00e1ln\u00ed SMTP slu\u017ebou, kter\u00e1 doru\u010d\u00ed v\u0161echny va\u0161e zpr\u00e1vy bez nebezpe\u010d\u00ed odchycen\u00ed anti-spamem (samoz\u0159ejm\u011b i s mo\u017enost\u00ed na\u010dasov\u00e1n\u00ed odesl\u00e1n\u00ed);<\/li>\n<li>Cel\u00e1 sada pokro\u010dil\u00fdch analytick\u00fdch n\u00e1stroj\u016f k porozum\u011bn\u00ed efektivnosti va\u0161ich kampan\u00ed a oprav\u011b mo\u017en\u00fdch z\u00e1vad a to v\u0161e, d\u00edky p\u0159esn\u00fdm dat\u016fm o otev\u0159en\u00ed email\u016f, kliknut\u00ed, odhl\u00e1\u0161en\u00ed, atd.<\/li>\n<\/ul>\n<p>A mnohem v\u00edce.<\/p>\n<p>S na\u0161\u00ed profesion\u00e1ln\u00ed slu\u017ebou pro zas\u00edl\u00e1n\u00ed hromadn\u00fdch email\u016f bude email marketing jednoduch\u00fd ve v\u0161ech ohledech. P\u0159esn\u011bji \u0159e\u010deno, Emailchef je pravd\u011bpodobn\u011b nejjednodu\u0161\u0161\u00ed a nejefektivn\u011bj\u0161\u00ed cloudov\u00fd produkt pro email marketing na trhu.<\/p>\n<p>P\u0159ihlaste se k ovl\u00e1dac\u00edmu panelu Emailchef a <a href=\"http:\/\/emailchef.com\/user-signup\"><strong>vyzkou\u0161ejte to zdarma<\/strong><\/a>!<\/p>\n","protected":false},"excerpt":{"rendered":"<p>Emailchef je kompletn\u00ed slu\u017eba pro hromadn\u00e9 rozes\u00edl\u00e1n\u00ed, kter\u00e1 umo\u017e\u0148uje vytvo\u0159it, odeslat, napl\u00e1novat a z\u00edskat p\u0159esn\u00e1, m\u011b\u0159en\u00e1 data o hromadn\u00fdch emailech jako newsletterech nebo emailech p\u0159\u00edm\u00e9ho marketingu, a tak\u00e9 vytv\u00e1\u0159et a spravovat kontaktn\u00ed seznamy. V jednotn\u00e9m a integrovan\u00e9m \u0159e\u0161en\u00ed pro online hromadn\u00e9 emaily tak dostanete: \u010dist\u00fd a \u00fa\u010dinn\u00fd WYSIWYG emailov\u00fd editor, kde m\u016f\u017eete p\u0159izp\u016fsobit v\u00e1\u0161 HTML [&hellip;]<\/p>\n","protected":false},"author":1,"featured_media":0,"parent":0,"menu_order":189,"comment_status":"closed","ping_status":"closed","template":"","meta":{"_acf_changed":false,"inline_featured_image":false,"footnotes":""},"g1_relation_tag":[12],"class_list":["post-4287","page","type-page","status-publish","hentry","g1_relation_tag-mass-email-services"],"acf":[],"yoast_head":"<!-- This site is optimized with the Yoast SEO plugin v24.8.1 - https:\/\/yoast.com\/wordpress\/plugins\/seo\/ -->\n<title>Hromadn\u00e9 rozes\u00edl\u00e1n\u00ed - Emailchef<\/title>\n<meta name=\"robots\" content=\"index, follow, max-snippet:-1, max-image-preview:large, max-video-preview:-1\" \/>\n<link rel=\"canonical\" href=\"https:\/\/emailchef.com\/cs\/hromadne-rozesilani\/\" \/>\n<meta name=\"twitter:label1\" content=\"Odhadovan\u00e1 doba \u010dten\u00ed\" \/>\n\t<meta name=\"twitter:data1\" content=\"2 minuty\" \/>\n<!-- \/ Yoast SEO plugin. -->","yoast_head_json":{"title":"Hromadn\u00e9 rozes\u00edl\u00e1n\u00ed - Emailchef","robots":{"index":"index","follow":"follow","max-snippet":"max-snippet:-1","max-image-preview":"max-image-preview:large","max-video-preview":"max-video-preview:-1"},"canonical":"https:\/\/emailchef.com\/cs\/hromadne-rozesilani\/","twitter_misc":{"Odhadovan\u00e1 doba \u010dten\u00ed":"2 minuty"},"schema":{"@context":"https:\/\/schema.org","@graph":[{"@type":"WebPage","@id":"https:\/\/emailchef.com\/cs\/hromadne-rozesilani\/","url":"https:\/\/emailchef.com\/cs\/hromadne-rozesilani\/","name":"Hromadn\u00e9 rozes\u00edl\u00e1n\u00ed - Emailchef","isPartOf":{"@id":"https:\/\/emailchef.com\/cs\/#website"},"datePublished":"2014-09-18T07:24:44+00:00","dateModified":"2021-07-09T09:23:44+00:00","breadcrumb":{"@id":"https:\/\/emailchef.com\/cs\/hromadne-rozesilani\/#breadcrumb"},"inLanguage":"cs","potentialAction":[{"@type":"ReadAction","target":["https:\/\/emailchef.com\/cs\/hromadne-rozesilani\/"]}]},{"@type":"BreadcrumbList","@id":"https:\/\/emailchef.com\/cs\/hromadne-rozesilani\/#breadcrumb","itemListElement":[{"@type":"ListItem","position":1,"name":"Home","item":"https:\/\/emailchef.com\/cs\/emailchef-sluzby-email-marketingu\/"},{"@type":"ListItem","position":2,"name":"Hromadn\u00e9 rozes\u00edl\u00e1n\u00ed"}]},{"@type":"WebSite","@id":"https:\/\/emailchef.com\/cs\/#website","url":"https:\/\/emailchef.com\/cs\/","name":"Emailchef","description":"Chutn\u00e9 recepty pro email marketing","publisher":{"@id":"https:\/\/emailchef.com\/cs\/#organization"},"potentialAction":[{"@type":"SearchAction","target":{"@type":"EntryPoint","urlTemplate":"https:\/\/emailchef.com\/cs\/?s={search_term_string}"},"query-input":{"@type":"PropertyValueSpecification","valueRequired":true,"valueName":"search_term_string"}}],"inLanguage":"cs"},{"@type":"Organization","@id":"https:\/\/emailchef.com\/cs\/#organization","name":"Delivery Tech Corp.","url":"https:\/\/emailchef.com\/cs\/","logo":{"@type":"ImageObject","inLanguage":"cs","@id":"https:\/\/emailchef.com\/cs\/#\/schema\/logo\/image\/","url":"https:\/\/emailchef.com\/wp-content\/uploads\/2022\/04\/logo-sama.png","contentUrl":"https:\/\/emailchef.com\/wp-content\/uploads\/2022\/04\/logo-sama.png","width":237,"height":80,"caption":"Delivery Tech Corp."},"image":{"@id":"https:\/\/emailchef.com\/cs\/#\/schema\/logo\/image\/"}}]}},"_links":{"self":[{"href":"https:\/\/emailchef.com\/cs\/wp-json\/wp\/v2\/pages\/4287"}],"collection":[{"href":"https:\/\/emailchef.com\/cs\/wp-json\/wp\/v2\/pages"}],"about":[{"href":"https:\/\/emailchef.com\/cs\/wp-json\/wp\/v2\/types\/page"}],"author":[{"embeddable":true,"href":"https:\/\/emailchef.com\/cs\/wp-json\/wp\/v2\/users\/1"}],"replies":[{"embeddable":true,"href":"https:\/\/emailchef.com\/cs\/wp-json\/wp\/v2\/comments?post=4287"}],"version-history":[{"count":3,"href":"https:\/\/emailchef.com\/cs\/wp-json\/wp\/v2\/pages\/4287\/revisions"}],"predecessor-version":[{"id":45156,"href":"https:\/\/emailchef.com\/cs\/wp-json\/wp\/v2\/pages\/4287\/revisions\/45156"}],"wp:attachment":[{"href":"https:\/\/emailchef.com\/cs\/wp-json\/wp\/v2\/media?parent=4287"}],"wp:term":[{"taxonomy":"g1_relation_tag","embeddable":true,"href":"https:\/\/emailchef.com\/cs\/wp-json\/wp\/v2\/g1_relation_tag?post=4287"}],"curies":[{"name":"wp","href":"https:\/\/api.w.org\/{rel}","templated":true}]}}