{"id":4285,"date":"2014-09-15T15:08:40","date_gmt":"2014-09-15T15:08:40","guid":{"rendered":"http:\/\/emailchef.com\/cs\/?page_id=4285"},"modified":"2021-07-09T09:23:17","modified_gmt":"2021-07-09T09:23:17","slug":"sluzba-hromadneho-emailu","status":"publish","type":"page","link":"https:\/\/emailchef.com\/cs\/sluzba-hromadneho-emailu\/","title":{"rendered":"Slu\u017eba hromadn\u00e9ho emailu"},"content":{"rendered":"<p>Slu\u017eba hromadn\u00e9ho rozes\u00edl\u00e1n\u00ed email\u016f je online platforma v\u011bnovan\u00e1 spr\u00e1v\u011b na schv\u00e1len\u00ed zalo\u017een\u00fdch hromadn\u00fdch kampan\u00edch (jako newslettery, reklamn\u00ed emaily nebo komer\u010dn\u00ed nab\u00eddky).<\/p>\n<p>Hromadn\u00e1 email slu\u017eba jednodu\u0161e umo\u017e\u0148uje pos\u00edlat velk\u00e9 mno\u017estv\u00ed neomezen\u00fdch zpr\u00e1v, ale pokro\u010dil\u00e9 aplikace nab\u00edzej\u00ed tak\u00e9 n\u00e1stroje pro editaci HTML email\u016f, tvorbu a spr\u00e1vu seznam\u016f, design p\u0159ihla\u0161ovac\u00edch formul\u00e1\u0159\u016f, reporty dat atd. V tomto p\u0159\u00edpad\u011b obvykle mluv\u00edme o email marketingov\u00e9 platform\u011b ne\u017e o jednoduch\u00e9m provozovateli hromadn\u00fdch emailov\u00fdch slu\u017eeb.<\/p>\n<p>Samoz\u0159ejm\u011b, je velmi d\u016fle\u017eit\u00e9, aby takov\u00e1 aplikace zaru\u010dila nejvy\u0161\u0161\u00ed doru\u010ditelnost \u2013 co\u017e znamen\u00e1, mus\u00ed garantovat, \u017ee doru\u010d\u00ed v\u0161echny va\u0161e emaily rychle a efektivn\u011b do zam\u00fd\u0161len\u00fdch schr\u00e1nek, bez ohledu na po\u010det kontakt\u016f, kter\u00e9 m\u00e1te na seznamu.<\/p>\n<p>Emailchef je nejlep\u0161\u00ed slu\u017eba pro zas\u00edl\u00e1n\u00ed hromadn\u00fdch email\u016f na trhu, jak z pohledu flexibility tak v\u00fdkonu. Hodn\u011b jsme se sna\u017eili, abychom navrhli nejlep\u0161\u00ed UI (u\u017eivatelsk\u00e9 rozhran\u00ed) s jak\u00fdm se setk\u00e1te: v\u0161e je na spr\u00e1vn\u00e9m m\u00edst\u011b pro vytv\u00e1\u0159en\u00ed email\u016f, odes\u00edl\u00e1n\u00ed a anal\u00fdzu kampan\u00ed a v\u0161e jednoduch\u00e9 jako a hrav\u00e9.<\/p>\n<p>Je tak\u00e9 mo\u017en\u00e9 spravovat autorespond\u00e9ry, vytvo\u0159it jednoduch\u00e9 nebo potvrzen\u00e9 webov\u00e9 p\u0159ihla\u0161ovac\u00ed formul\u00e1\u0159e, organizovat sv\u00e9 emailov\u00e9 kontaktn\u00ed seznamy podle p\u0159\u00e1n\u00ed (s pokro\u010dilou segmentac\u00ed pro vytvo\u0159en\u00ed opravdov\u00e9 na m\u00edru \u0161it\u00e9 kampan\u011b) a mnohem v\u00edce. S jistotou, \u017ee v\u0161echny va\u0161e odeslan\u00e9 emaily budou spr\u00e1vn\u011b doru\u010den\u00e9 v\u0161em adres\u00e1t\u016fm.<\/p>\n<p>J\u00f3, zm\u00ednili jsme, \u017ee na\u0161e hromadn\u00e1 emailov\u00e1 platforma je \u00fapln\u011b zdarma, pokud odes\u00edl\u00e1te do 500 kontakt\u016f m\u011bs\u00ed\u010dn\u011b.<\/p>\n<p>Slu\u017eba hromadn\u00e9ho rozes\u00edl\u00e1n\u00ed email\u016f je <a href=\"http:\/\/emailchef.com\/cs\/ucet-zdarma-bezplatne-a-dozivotne\/\"><strong>online platforma<\/strong><\/a> v\u011bnovan\u00e1 spr\u00e1v\u011b na schv\u00e1len\u00ed zalo\u017een\u00fdch hromadn\u00fdch kampan\u00edch (jako newslettery, reklamn\u00ed emaily nebo komer\u010dn\u00ed nab\u00eddky).<\/p>\n","protected":false},"excerpt":{"rendered":"<p>Slu\u017eba hromadn\u00e9ho rozes\u00edl\u00e1n\u00ed email\u016f je online platforma v\u011bnovan\u00e1 spr\u00e1v\u011b na schv\u00e1len\u00ed zalo\u017een\u00fdch hromadn\u00fdch kampan\u00edch (jako newslettery, reklamn\u00ed emaily nebo komer\u010dn\u00ed nab\u00eddky). Hromadn\u00e1 email slu\u017eba jednodu\u0161e umo\u017e\u0148uje pos\u00edlat velk\u00e9 mno\u017estv\u00ed neomezen\u00fdch zpr\u00e1v, ale pokro\u010dil\u00e9 aplikace nab\u00edzej\u00ed tak\u00e9 n\u00e1stroje pro editaci HTML email\u016f, tvorbu a spr\u00e1vu seznam\u016f, design p\u0159ihla\u0161ovac\u00edch formul\u00e1\u0159\u016f, reporty dat atd. V tomto p\u0159\u00edpad\u011b obvykle [&hellip;]<\/p>\n","protected":false},"author":1,"featured_media":0,"parent":0,"menu_order":66,"comment_status":"closed","ping_status":"closed","template":"","meta":{"_acf_changed":false,"inline_featured_image":false,"footnotes":""},"g1_relation_tag":[11],"class_list":["post-4285","page","type-page","status-publish","hentry","g1_relation_tag-bulk-email-sending"],"acf":[],"yoast_head":"<!-- This site is optimized with the Yoast SEO plugin v24.8.1 - https:\/\/yoast.com\/wordpress\/plugins\/seo\/ -->\n<title>Slu\u017eba hromadn\u00e9ho emailu - Emailchef<\/title>\n<meta name=\"robots\" content=\"index, follow, max-snippet:-1, max-image-preview:large, max-video-preview:-1\" \/>\n<link rel=\"canonical\" href=\"https:\/\/emailchef.com\/cs\/sluzba-hromadneho-emailu\/\" \/>\n<meta name=\"twitter:label1\" content=\"Odhadovan\u00e1 doba \u010dten\u00ed\" \/>\n\t<meta name=\"twitter:data1\" content=\"2 minuty\" \/>\n<!-- \/ Yoast SEO plugin. -->","yoast_head_json":{"title":"Slu\u017eba hromadn\u00e9ho emailu - Emailchef","robots":{"index":"index","follow":"follow","max-snippet":"max-snippet:-1","max-image-preview":"max-image-preview:large","max-video-preview":"max-video-preview:-1"},"canonical":"https:\/\/emailchef.com\/cs\/sluzba-hromadneho-emailu\/","twitter_misc":{"Odhadovan\u00e1 doba \u010dten\u00ed":"2 minuty"},"schema":{"@context":"https:\/\/schema.org","@graph":[{"@type":"WebPage","@id":"https:\/\/emailchef.com\/cs\/sluzba-hromadneho-emailu\/","url":"https:\/\/emailchef.com\/cs\/sluzba-hromadneho-emailu\/","name":"Slu\u017eba hromadn\u00e9ho emailu - Emailchef","isPartOf":{"@id":"https:\/\/emailchef.com\/cs\/#website"},"datePublished":"2014-09-15T15:08:40+00:00","dateModified":"2021-07-09T09:23:17+00:00","breadcrumb":{"@id":"https:\/\/emailchef.com\/cs\/sluzba-hromadneho-emailu\/#breadcrumb"},"inLanguage":"cs","potentialAction":[{"@type":"ReadAction","target":["https:\/\/emailchef.com\/cs\/sluzba-hromadneho-emailu\/"]}]},{"@type":"BreadcrumbList","@id":"https:\/\/emailchef.com\/cs\/sluzba-hromadneho-emailu\/#breadcrumb","itemListElement":[{"@type":"ListItem","position":1,"name":"Home","item":"https:\/\/emailchef.com\/cs\/emailchef-sluzby-email-marketingu\/"},{"@type":"ListItem","position":2,"name":"Slu\u017eba hromadn\u00e9ho emailu"}]},{"@type":"WebSite","@id":"https:\/\/emailchef.com\/cs\/#website","url":"https:\/\/emailchef.com\/cs\/","name":"Emailchef","description":"Chutn\u00e9 recepty pro email marketing","publisher":{"@id":"https:\/\/emailchef.com\/cs\/#organization"},"potentialAction":[{"@type":"SearchAction","target":{"@type":"EntryPoint","urlTemplate":"https:\/\/emailchef.com\/cs\/?s={search_term_string}"},"query-input":{"@type":"PropertyValueSpecification","valueRequired":true,"valueName":"search_term_string"}}],"inLanguage":"cs"},{"@type":"Organization","@id":"https:\/\/emailchef.com\/cs\/#organization","name":"Delivery Tech Corp.","url":"https:\/\/emailchef.com\/cs\/","logo":{"@type":"ImageObject","inLanguage":"cs","@id":"https:\/\/emailchef.com\/cs\/#\/schema\/logo\/image\/","url":"https:\/\/emailchef.com\/wp-content\/uploads\/2022\/04\/logo-sama.png","contentUrl":"https:\/\/emailchef.com\/wp-content\/uploads\/2022\/04\/logo-sama.png","width":237,"height":80,"caption":"Delivery Tech Corp."},"image":{"@id":"https:\/\/emailchef.com\/cs\/#\/schema\/logo\/image\/"}}]}},"_links":{"self":[{"href":"https:\/\/emailchef.com\/cs\/wp-json\/wp\/v2\/pages\/4285"}],"collection":[{"href":"https:\/\/emailchef.com\/cs\/wp-json\/wp\/v2\/pages"}],"about":[{"href":"https:\/\/emailchef.com\/cs\/wp-json\/wp\/v2\/types\/page"}],"author":[{"embeddable":true,"href":"https:\/\/emailchef.com\/cs\/wp-json\/wp\/v2\/users\/1"}],"replies":[{"embeddable":true,"href":"https:\/\/emailchef.com\/cs\/wp-json\/wp\/v2\/comments?post=4285"}],"version-history":[{"count":2,"href":"https:\/\/emailchef.com\/cs\/wp-json\/wp\/v2\/pages\/4285\/revisions"}],"predecessor-version":[{"id":4680,"href":"https:\/\/emailchef.com\/cs\/wp-json\/wp\/v2\/pages\/4285\/revisions\/4680"}],"wp:attachment":[{"href":"https:\/\/emailchef.com\/cs\/wp-json\/wp\/v2\/media?parent=4285"}],"wp:term":[{"taxonomy":"g1_relation_tag","embeddable":true,"href":"https:\/\/emailchef.com\/cs\/wp-json\/wp\/v2\/g1_relation_tag?post=4285"}],"curies":[{"name":"wp","href":"https:\/\/api.w.org\/{rel}","templated":true}]}}