{"id":4281,"date":"2014-09-18T07:18:14","date_gmt":"2014-09-18T07:18:14","guid":{"rendered":"http:\/\/emailchef.com\/cs\/?page_id=4281"},"modified":"2021-07-09T09:22:49","modified_gmt":"2021-07-09T09:22:49","slug":"hromadne-zasilani-emailu","status":"publish","type":"page","link":"https:\/\/emailchef.com\/cs\/hromadne-zasilani-emailu\/","title":{"rendered":"Hromadn\u00e9 zas\u00edl\u00e1n\u00ed email\u016f"},"content":{"rendered":"<p>Hromadn\u00e9 zas\u00edl\u00e1n\u00ed email\u016f je slu\u017eba, kter\u00e1 v\u00e1m umo\u017e\u0148uje poslat n\u011bkolik nebo v\u011bt\u0161\u00ed mno\u017estv\u00ed email\u016f neomezen\u00e9mu mno\u017estv\u00ed p\u0159\u00edjemc\u016f \u2013 nejtypi\u010dt\u011bj\u0161\u00edm p\u0159\u00edkladem jsou newslettery. Je samoz\u0159ejmost\u00ed, \u017ee ka\u017ed\u00fd p\u0159\u00edjemce musel d\u00e1t jasn\u00e9 svolen\u00ed \u2013 nap\u0159. p\u0159es webov\u00fd formul\u00e1\u0159 \u2013 se zas\u00edl\u00e1n\u00edm hromadn\u00fdch email\u016f: jinak by to byl spam. Ka\u017ed\u00e1 hromadn\u00e1 zpr\u00e1va je tak\u00e9 zasazen\u00e1 do \u0161ir\u0161\u00ed marketingov\u00e9 strategie: nab\u00edzej\u00edc\u00ed neust\u00e1le sv\u011b\u017e\u00ed obsah va\u0161im u\u017eivatel\u016fm a buduj\u00edc\u00ed si s nimi prav\u00fd vztah.<\/p>\n<p>Emailchef d\u011bl\u00e1 z hromadn\u00e9ho zas\u00edl\u00e1n\u00ed email\u016f snadnou z\u00e1le\u017eitost: rychl\u00fd a efektivn\u00ed proces s jistotou, \u017ee spr\u00e1vn\u00e9ho doru\u010den\u00ed v\u0161ech va\u0161ich zpr\u00e1v. Nab\u00edz\u00edme r\u016fzn\u00e9 verze a frekvence plateb, abychom uspokojili pot\u0159eby v\u0161ech, od mal\u00fdch firem a\u017e po nejv\u011bt\u0161\u00ed korporace.<\/p>\n<p>Je toho ale mnohem v\u00edce. Emailchef je kompletn\u00ed email marketingov\u00e1 platforma, kter\u00e1 nab\u00edz\u00ed n\u00e1stroje i pro:<\/p>\n\n<ul>\n<li><strong>Vytv\u00e1\u0159en\u00ed HTML email\u016f<\/strong>. N\u00e1\u0161 online \u00fa\u010det je spojen s jednoduch\u00fdm programem <a href=\"http:\/\/emailchef.com\/cs\/funkce\/nejrychlejsi-tvurce-sablon\/\">Tv\u016frce \u0161ablon<\/a>, abyste si mohli p\u0159ipravit opravdu vlastn\u00ed vzhled. Pokud v\u0161ak chcete, m\u016f\u017eete si importovat ji\u017e existuj\u00edc\u00ed \u0161ablonu a upravit si ji, nebo si koupit \u0161ablonu na m\u00edru.<\/li>\n<li><strong>Pokro\u010dil\u00e1 spr\u00e1va seznam\u016f<\/strong>. Budete moci importovat kontakty z r\u016fzn\u00fdch zdroj\u016f, vytvo\u0159it neomezen\u00e9 seznamy, p\u0159idat detaily informac\u00ed, vymazat duplicitn\u00ed nebo \u0161patn\u011b napsan\u00e9 adresy, segmentovat ka\u017ed\u00fd seznam pro zas\u00edl\u00e1n\u00ed c\u00edlen\u00fdch a na m\u00edru p\u0159ipraven\u00fdch nab\u00eddek, atd.<\/li>\n<li><strong>Sledov\u00e1n\u00ed email\u016f &amp; analitiku<\/strong>. \u017d\u00e1dn\u00e1 hromadn\u00e1 emailov\u00e1 strategie se ned\u00e1 vylep\u0161it bez podrobn\u00e9ho sledov\u00e1n\u00ed dat a d\u016fsledn\u00e9 anal\u00fdzy otev\u0159en\u00ed, proklik\u016f, odhl\u00e1\u0161en\u00fdch p\u0159\u00edjemc\u016f, atd. Emailchef shroma\u017e\u010fuje v\u0161echny tyto informace v re\u00e1ln\u00e9m \u010dase a je tak pro v\u00e1s velmi jednoduch\u00e9 porozum\u011bt chov\u00e1n\u00ed va\u0161\u00ed kampan\u011b \u2013 a mo\u017enostem jej\u00edho vylep\u0161en\u00ed.<\/li>\n<li><strong>Design p\u0159ihla\u0161ovac\u00edho formul\u00e1\u0159e<\/strong>. Abyste dos\u00e1hli r\u016fstu po\u010dtu va\u0161ich kontakt\u016f, je nezbytn\u00e9 um\u00edstit na va\u0161i webovou str\u00e1nku p\u011bkn\u00fd a efektivn\u00ed p\u0159ihla\u0161ovac\u00ed formul\u00e1\u0159. Emailchef nab\u00edz\u00ed flexibiln\u00ed drag&amp;drop editor, abyste to zvl\u00e1dli za chv\u00edli jak pro jednoduch\u00e9 formul\u00e1\u0159e, tak pro potvrzuj\u00edc\u00ed (double opt-in).<\/li>\n<li><strong>Spr\u00e1va autorespond\u00e9ru<\/strong>. Emailchef nen\u00ed jen aplikace p\u0159\u00edm\u00e9ho email marketingu; m\u016f\u017ee b\u00fdt pou\u017eit a nastaven pro zas\u00edl\u00e1n\u00ed transak\u010dn\u00edch nebo jinak spou\u0161t\u011bn\u00fdch email\u016f (obecn\u011b naz\u00fdvan\u00fdch autorespond\u00e9ry).<\/li>\n<\/ul>\n<p>P\u0159ihlaste se k ovl\u00e1dac\u00edmu panelu Emailchef a <a href=\"http:\/\/emailchef.com\/user-signup\"><strong>vyzkou\u0161ejte to zdarma<\/strong><\/a>!<\/p>\n","protected":false},"excerpt":{"rendered":"<p>Hromadn\u00e9 zas\u00edl\u00e1n\u00ed email\u016f je slu\u017eba, kter\u00e1 v\u00e1m umo\u017e\u0148uje poslat n\u011bkolik nebo v\u011bt\u0161\u00ed mno\u017estv\u00ed email\u016f neomezen\u00e9mu mno\u017estv\u00ed p\u0159\u00edjemc\u016f \u2013 nejtypi\u010dt\u011bj\u0161\u00edm p\u0159\u00edkladem jsou newslettery. Je samoz\u0159ejmost\u00ed, \u017ee ka\u017ed\u00fd p\u0159\u00edjemce musel d\u00e1t jasn\u00e9 svolen\u00ed \u2013 nap\u0159. p\u0159es webov\u00fd formul\u00e1\u0159 \u2013 se zas\u00edl\u00e1n\u00edm hromadn\u00fdch email\u016f: jinak by to byl spam. Ka\u017ed\u00e1 hromadn\u00e1 zpr\u00e1va je tak\u00e9 zasazen\u00e1 do \u0161ir\u0161\u00ed marketingov\u00e9 [&hellip;]<\/p>\n","protected":false},"author":1,"featured_media":0,"parent":0,"menu_order":56,"comment_status":"closed","ping_status":"closed","template":"","meta":{"_acf_changed":false,"inline_featured_image":false,"footnotes":""},"g1_relation_tag":[11],"class_list":["post-4281","page","type-page","status-publish","hentry","g1_relation_tag-bulk-email-sending"],"acf":[],"yoast_head":"<!-- This site is optimized with the Yoast SEO plugin v24.8.1 - https:\/\/yoast.com\/wordpress\/plugins\/seo\/ -->\n<title>Hromadn\u00e9 zas\u00edl\u00e1n\u00ed email\u016f - Emailchef<\/title>\n<meta name=\"robots\" content=\"index, follow, max-snippet:-1, max-image-preview:large, max-video-preview:-1\" \/>\n<link rel=\"canonical\" href=\"https:\/\/emailchef.com\/cs\/hromadne-zasilani-emailu\/\" \/>\n<meta name=\"twitter:label1\" content=\"Odhadovan\u00e1 doba \u010dten\u00ed\" \/>\n\t<meta name=\"twitter:data1\" content=\"2 minuty\" \/>\n<!-- \/ Yoast SEO plugin. -->","yoast_head_json":{"title":"Hromadn\u00e9 zas\u00edl\u00e1n\u00ed email\u016f - Emailchef","robots":{"index":"index","follow":"follow","max-snippet":"max-snippet:-1","max-image-preview":"max-image-preview:large","max-video-preview":"max-video-preview:-1"},"canonical":"https:\/\/emailchef.com\/cs\/hromadne-zasilani-emailu\/","twitter_misc":{"Odhadovan\u00e1 doba \u010dten\u00ed":"2 minuty"},"schema":{"@context":"https:\/\/schema.org","@graph":[{"@type":"WebPage","@id":"https:\/\/emailchef.com\/cs\/hromadne-zasilani-emailu\/","url":"https:\/\/emailchef.com\/cs\/hromadne-zasilani-emailu\/","name":"Hromadn\u00e9 zas\u00edl\u00e1n\u00ed email\u016f - Emailchef","isPartOf":{"@id":"https:\/\/emailchef.com\/cs\/#website"},"datePublished":"2014-09-18T07:18:14+00:00","dateModified":"2021-07-09T09:22:49+00:00","breadcrumb":{"@id":"https:\/\/emailchef.com\/cs\/hromadne-zasilani-emailu\/#breadcrumb"},"inLanguage":"cs","potentialAction":[{"@type":"ReadAction","target":["https:\/\/emailchef.com\/cs\/hromadne-zasilani-emailu\/"]}]},{"@type":"BreadcrumbList","@id":"https:\/\/emailchef.com\/cs\/hromadne-zasilani-emailu\/#breadcrumb","itemListElement":[{"@type":"ListItem","position":1,"name":"Home","item":"https:\/\/emailchef.com\/cs\/emailchef-sluzby-email-marketingu\/"},{"@type":"ListItem","position":2,"name":"Hromadn\u00e9 zas\u00edl\u00e1n\u00ed email\u016f"}]},{"@type":"WebSite","@id":"https:\/\/emailchef.com\/cs\/#website","url":"https:\/\/emailchef.com\/cs\/","name":"Emailchef","description":"Chutn\u00e9 recepty pro email marketing","publisher":{"@id":"https:\/\/emailchef.com\/cs\/#organization"},"potentialAction":[{"@type":"SearchAction","target":{"@type":"EntryPoint","urlTemplate":"https:\/\/emailchef.com\/cs\/?s={search_term_string}"},"query-input":{"@type":"PropertyValueSpecification","valueRequired":true,"valueName":"search_term_string"}}],"inLanguage":"cs"},{"@type":"Organization","@id":"https:\/\/emailchef.com\/cs\/#organization","name":"Delivery Tech Corp.","url":"https:\/\/emailchef.com\/cs\/","logo":{"@type":"ImageObject","inLanguage":"cs","@id":"https:\/\/emailchef.com\/cs\/#\/schema\/logo\/image\/","url":"https:\/\/emailchef.com\/wp-content\/uploads\/2022\/04\/logo-sama.png","contentUrl":"https:\/\/emailchef.com\/wp-content\/uploads\/2022\/04\/logo-sama.png","width":237,"height":80,"caption":"Delivery Tech Corp."},"image":{"@id":"https:\/\/emailchef.com\/cs\/#\/schema\/logo\/image\/"}}]}},"_links":{"self":[{"href":"https:\/\/emailchef.com\/cs\/wp-json\/wp\/v2\/pages\/4281"}],"collection":[{"href":"https:\/\/emailchef.com\/cs\/wp-json\/wp\/v2\/pages"}],"about":[{"href":"https:\/\/emailchef.com\/cs\/wp-json\/wp\/v2\/types\/page"}],"author":[{"embeddable":true,"href":"https:\/\/emailchef.com\/cs\/wp-json\/wp\/v2\/users\/1"}],"replies":[{"embeddable":true,"href":"https:\/\/emailchef.com\/cs\/wp-json\/wp\/v2\/comments?post=4281"}],"version-history":[{"count":3,"href":"https:\/\/emailchef.com\/cs\/wp-json\/wp\/v2\/pages\/4281\/revisions"}],"predecessor-version":[{"id":45152,"href":"https:\/\/emailchef.com\/cs\/wp-json\/wp\/v2\/pages\/4281\/revisions\/45152"}],"wp:attachment":[{"href":"https:\/\/emailchef.com\/cs\/wp-json\/wp\/v2\/media?parent=4281"}],"wp:term":[{"taxonomy":"g1_relation_tag","embeddable":true,"href":"https:\/\/emailchef.com\/cs\/wp-json\/wp\/v2\/g1_relation_tag?post=4281"}],"curies":[{"name":"wp","href":"https:\/\/api.w.org\/{rel}","templated":true}]}}