{"id":4277,"date":"2014-09-11T10:01:59","date_gmt":"2014-09-11T10:01:59","guid":{"rendered":"http:\/\/emailchef.com\/cs\/?page_id=4277"},"modified":"2021-07-09T09:21:35","modified_gmt":"2021-07-09T09:21:35","slug":"nejlepsi-email-marketingova-sluzba","status":"publish","type":"page","link":"https:\/\/emailchef.com\/cs\/nejlepsi-email-marketingova-sluzba\/","title":{"rendered":"Nejlep\u0161\u00ed email marketingov\u00e1 slu\u017eba"},"content":{"rendered":"<p>Volba spr\u00e1vn\u00e9 email marketingov\u00e9 slu\u017eby je z\u00e1sadn\u00ed pro za\u010d\u00e1tek newsletter kampan\u011b. A mezi takovou zm\u011bt\u00ed r\u016fzn\u00fdch marketingov\u00fdch slu\u017eeb byste se m\u011bl zamyslet nad jejich funkcemi a co je pro v\u00e1s a va\u0161i emailovou strategii opravdu d\u016fle\u017eit\u00e9.<\/p>\n<p>(Jedn\u00edm z hlavn\u00edch faktor\u016f rozhodov\u00e1n\u00ed m\u016f\u017ee b\u00fdt tak\u00e9 velikost va\u0161\u00ed datab\u00e1ze, tedy mno\u017estv\u00ed seznamu kontakt\u016f, mno\u017estv\u00ed newsletter\u016f pos\u00edlan\u00fdch denn\u011b\/t\u00fddn\u011b nebo tak\u00e9 flexibilita ve smyslu \u00faprav jednotliv\u00fdch \u0161ablon a jejich p\u0159izp\u016fsoben\u00ed).<\/p>\n<p>P\u0159ese v\u0161echno, je n\u011bkolik z\u00e1kladn\u00edch po\u017eadavk\u016f, kter\u00e9 by m\u011bla nejlep\u0161\u00ed marketingov\u00e1 slu\u017eba v\u017edy spl\u0148ovat:<\/p>\n\n<ul id=\"\" class=\"g1-list g1-list--icon g1-list--simple \">\n<li><i class=\"fa fa-arrow-right g1-list__icon\"><\/i><strong>Zajistit rychlou a efektivn\u00ed doru\u010ditelnost email\u016f.<\/strong><br \/>\nToto je pro jak\u00fdkoli profesion\u00e1ln\u00ed email marketingovou slu\u017ebu podm\u00ednkou: po ve\u0161ker\u00e9 pr\u00e1ci a nastaven\u00ed va\u0161\u00ed kampan\u011b mus\u00ed opravdu doru\u010dit v\u0161echny zpr\u00e1vy do schr\u00e1nek va\u0161ich kontakt\u016f. V tomto smyslu byste si m\u011bli ov\u011b\u0159it d\u016fv\u011bryhodnost SMTP serveru ka\u017ed\u00e9 email marketingov\u00e9 slu\u017eby, kterou zva\u017eujete. Emailchef pou\u017e\u00edv\u00e1 profesion\u00e1ln\u00ed stroj, turboSMTP, aby zajistil nejvy\u0161\u0161\u00ed mo\u017enou doru\u010ditelnost.<\/li>\n<li><i class=\"fa fa-arrow-right g1-list__icon\"><\/i><strong>M\u00edt jednoduchou spr\u00e1vu a segmentaci seznamu kontakt\u016f. <\/strong><br \/>\nImportovat emailov\u00e9 adresy, p\u0159id\u00e1vat vlastn\u00ed pole a vytv\u00e1\u0159et segmenty (k zas\u00edl\u00e1n\u00ed na m\u00edru p\u0159ipraven\u00fdch nab\u00eddek) by m\u011blo b\u00fdt jednoduch\u00e9 a intuitivn\u00ed, ab se zabr\u00e1nilo komplikac\u00edm nebo chyb\u00e1m zavle\u010den\u00fdch z datab\u00e1ze (nejhor\u0161\u00ed p\u0159edstava je jist\u011b zaslat nab\u00eddku na \u0161patn\u00fd seznam p\u0159\u00edjemc\u016f\u2026).<\/li>\n<li><i class=\"fa fa-arrow-right g1-list__icon\"><\/i><strong>Nab\u00eddnout u\u017eite\u010dn\u00fd editor newsletter\u016f.<\/strong><br \/>\nJe velmi d\u016fle\u017eit\u00e9 vytvo\u0159it spr\u00e1vnou newsletter \u0161ablonu, kter\u00e1 bude jak ukazovat na va\u0161i firemn\u00ed zna\u010dku, tak p\u0159itom zabezpe\u010dila v\u0161echny nejlep\u0161\u00ed praktiky (jako \u010dist\u00e9 HTML k\u00f3dov\u00e1n\u00ed). Tak\u017ee dobr\u00e1 email marketingov\u00e1 slu\u017eba mus\u00ed zabezpe\u010dit flexibiln\u00ed editovac\u00ed n\u00e1stroje, abyste si mohli vytvo\u0159it ten nejlep\u0161\u00ed newsletter, jak\u00fd pot\u0159ebujete. Proto v\u00e1m Emailchef nab\u00edz\u00ed pokro\u010dil\u00fd a p\u0159itom jednoduch\u00fd software, Tv\u016frce \u0161ablon (Template Creator), abyste si mohli vytvo\u0159it nepr\u016fst\u0159eln\u00e9 \u0161ablony b\u011bhem vte\u0159in.<\/li>\n<li><i class=\"fa fa-arrow-right g1-list__icon\"><\/i><strong>Nab\u00eddnout pokro\u010dil\u00e9 statistick\u00e9 n\u00e1stroje.<\/strong><br \/>\nDobr\u00fd email marketingov\u00fd poskytovatel v\u00e1s nesm\u00ed nechat na holi\u010dk\u00e1ch ani po odesl\u00e1n\u00ed kampan\u011b: mus\u00ed uk\u00e1zat v\u0161echny d\u016fle\u017eit\u00e9 informace napojen\u00e9 na va\u0161e emailov\u00e9 kampan\u011b \u2013 m\u00edry otev\u0159en\u00ed, prokliku (CTR), po\u010dty odhl\u00e1\u0161en\u00fdch atd. \u2013 nejl\u00e9pe s pomoc\u00ed p\u011bkn\u00fdch graf\u016f. Toto je velmi d\u016fle\u017eit\u00e9 k pochopen\u00ed probl\u00e9m\u016f va\u0161\u00ed marketingov\u00e9 strategie a jejich n\u00e1prav\u011b.<\/li>\n<\/ul>\n\n<p>Emailchef tyto slu\u017eby m\u00e1 a mnohem v\u00edce, jako v\u016fd\u010d\u00ed platforma v email marketingov\u00e9m businessu. P\u0159ihlaste se k ovl\u00e1dac\u00edmu panelu Emailchef a <a href=\"http:\/\/emailchef.com\/user-signup\"><strong>vyzkou\u0161ejte to zdarma<\/strong><\/a>!<\/p>\n","protected":false},"excerpt":{"rendered":"<p>Volba spr\u00e1vn\u00e9 email marketingov\u00e9 slu\u017eby je z\u00e1sadn\u00ed pro za\u010d\u00e1tek newsletter kampan\u011b. A mezi takovou zm\u011bt\u00ed r\u016fzn\u00fdch marketingov\u00fdch slu\u017eeb byste se m\u011bl zamyslet nad jejich funkcemi a co je pro v\u00e1s a va\u0161i emailovou strategii opravdu d\u016fle\u017eit\u00e9. (Jedn\u00edm z hlavn\u00edch faktor\u016f rozhodov\u00e1n\u00ed m\u016f\u017ee b\u00fdt tak\u00e9 velikost va\u0161\u00ed datab\u00e1ze, tedy mno\u017estv\u00ed seznamu kontakt\u016f, mno\u017estv\u00ed newsletter\u016f pos\u00edlan\u00fdch denn\u011b\/t\u00fddn\u011b [&hellip;]<\/p>\n","protected":false},"author":1,"featured_media":0,"parent":0,"menu_order":246,"comment_status":"closed","ping_status":"closed","template":"","meta":{"_acf_changed":false,"inline_featured_image":false,"footnotes":""},"g1_relation_tag":[9],"class_list":["post-4277","page","type-page","status-publish","hentry","g1_relation_tag-email-marketing-practices"],"acf":[],"yoast_head":"<!-- This site is optimized with the Yoast SEO plugin v24.8.1 - https:\/\/yoast.com\/wordpress\/plugins\/seo\/ -->\n<title>Nejlep\u0161\u00ed email marketingov\u00e1 slu\u017eba - Emailchef<\/title>\n<meta name=\"robots\" content=\"index, follow, max-snippet:-1, max-image-preview:large, max-video-preview:-1\" \/>\n<link rel=\"canonical\" href=\"https:\/\/emailchef.com\/cs\/nejlepsi-email-marketingova-sluzba\/\" \/>\n<meta name=\"twitter:label1\" content=\"Odhadovan\u00e1 doba \u010dten\u00ed\" \/>\n\t<meta name=\"twitter:data1\" content=\"2 minuty\" \/>\n<!-- \/ Yoast SEO plugin. -->","yoast_head_json":{"title":"Nejlep\u0161\u00ed email marketingov\u00e1 slu\u017eba - Emailchef","robots":{"index":"index","follow":"follow","max-snippet":"max-snippet:-1","max-image-preview":"max-image-preview:large","max-video-preview":"max-video-preview:-1"},"canonical":"https:\/\/emailchef.com\/cs\/nejlepsi-email-marketingova-sluzba\/","twitter_misc":{"Odhadovan\u00e1 doba \u010dten\u00ed":"2 minuty"},"schema":{"@context":"https:\/\/schema.org","@graph":[{"@type":"WebPage","@id":"https:\/\/emailchef.com\/cs\/nejlepsi-email-marketingova-sluzba\/","url":"https:\/\/emailchef.com\/cs\/nejlepsi-email-marketingova-sluzba\/","name":"Nejlep\u0161\u00ed email marketingov\u00e1 slu\u017eba - Emailchef","isPartOf":{"@id":"https:\/\/emailchef.com\/cs\/#website"},"datePublished":"2014-09-11T10:01:59+00:00","dateModified":"2021-07-09T09:21:35+00:00","breadcrumb":{"@id":"https:\/\/emailchef.com\/cs\/nejlepsi-email-marketingova-sluzba\/#breadcrumb"},"inLanguage":"cs","potentialAction":[{"@type":"ReadAction","target":["https:\/\/emailchef.com\/cs\/nejlepsi-email-marketingova-sluzba\/"]}]},{"@type":"BreadcrumbList","@id":"https:\/\/emailchef.com\/cs\/nejlepsi-email-marketingova-sluzba\/#breadcrumb","itemListElement":[{"@type":"ListItem","position":1,"name":"Home","item":"https:\/\/emailchef.com\/cs\/emailchef-sluzby-email-marketingu\/"},{"@type":"ListItem","position":2,"name":"Nejlep\u0161\u00ed email marketingov\u00e1 slu\u017eba"}]},{"@type":"WebSite","@id":"https:\/\/emailchef.com\/cs\/#website","url":"https:\/\/emailchef.com\/cs\/","name":"Emailchef","description":"Chutn\u00e9 recepty pro email marketing","publisher":{"@id":"https:\/\/emailchef.com\/cs\/#organization"},"potentialAction":[{"@type":"SearchAction","target":{"@type":"EntryPoint","urlTemplate":"https:\/\/emailchef.com\/cs\/?s={search_term_string}"},"query-input":{"@type":"PropertyValueSpecification","valueRequired":true,"valueName":"search_term_string"}}],"inLanguage":"cs"},{"@type":"Organization","@id":"https:\/\/emailchef.com\/cs\/#organization","name":"Delivery Tech Corp.","url":"https:\/\/emailchef.com\/cs\/","logo":{"@type":"ImageObject","inLanguage":"cs","@id":"https:\/\/emailchef.com\/cs\/#\/schema\/logo\/image\/","url":"https:\/\/emailchef.com\/wp-content\/uploads\/2022\/04\/logo-sama.png","contentUrl":"https:\/\/emailchef.com\/wp-content\/uploads\/2022\/04\/logo-sama.png","width":237,"height":80,"caption":"Delivery Tech Corp."},"image":{"@id":"https:\/\/emailchef.com\/cs\/#\/schema\/logo\/image\/"}}]}},"_links":{"self":[{"href":"https:\/\/emailchef.com\/cs\/wp-json\/wp\/v2\/pages\/4277"}],"collection":[{"href":"https:\/\/emailchef.com\/cs\/wp-json\/wp\/v2\/pages"}],"about":[{"href":"https:\/\/emailchef.com\/cs\/wp-json\/wp\/v2\/types\/page"}],"author":[{"embeddable":true,"href":"https:\/\/emailchef.com\/cs\/wp-json\/wp\/v2\/users\/1"}],"replies":[{"embeddable":true,"href":"https:\/\/emailchef.com\/cs\/wp-json\/wp\/v2\/comments?post=4277"}],"version-history":[{"count":4,"href":"https:\/\/emailchef.com\/cs\/wp-json\/wp\/v2\/pages\/4277\/revisions"}],"predecessor-version":[{"id":6284,"href":"https:\/\/emailchef.com\/cs\/wp-json\/wp\/v2\/pages\/4277\/revisions\/6284"}],"wp:attachment":[{"href":"https:\/\/emailchef.com\/cs\/wp-json\/wp\/v2\/media?parent=4277"}],"wp:term":[{"taxonomy":"g1_relation_tag","embeddable":true,"href":"https:\/\/emailchef.com\/cs\/wp-json\/wp\/v2\/g1_relation_tag?post=4277"}],"curies":[{"name":"wp","href":"https:\/\/api.w.org\/{rel}","templated":true}]}}