{"id":4275,"date":"2014-09-11T10:04:11","date_gmt":"2014-09-11T10:04:11","guid":{"rendered":"http:\/\/emailchef.com\/cs\/?page_id=4275"},"modified":"2021-07-09T09:21:16","modified_gmt":"2021-07-09T09:21:16","slug":"email-marketing-sluzba-jak-vybirat","status":"publish","type":"page","link":"https:\/\/emailchef.com\/cs\/email-marketing-sluzba-jak-vybirat\/","title":{"rendered":"Email marketing slu\u017eba: jak vyb\u00edrat"},"content":{"rendered":"<p>Mno\u017estv\u00ed slu\u017eeb pro email marketing na trhu je spousta. Co\u017e nen\u00ed p\u0159ekvapen\u00edm, jeliko\u017e newslettery a emailov\u00e9 kampan\u011b potvrzuj\u00ed svoji hodnotu ji\u017e dlouhou dobu, zaji\u0161\u0165uj\u00edc\u00ed nejvy\u0161\u0161\u00ed ROI (n\u00e1vratnost investic) v\u0161ech n\u00e1stroj\u016f digit\u00e1ln\u00ed komunikace.<\/p>\n<p>Ale v takto komplexn\u00edm sv\u011bt\u011b, je z\u00e1sadn\u00ed porozum\u011bt, jak\u00e9 jsou ty d\u016fle\u017eit\u00e9 funkce, kter\u00e9 by m\u011bla email marketingov\u00e1 platforma m\u00edt, aby mohla b\u00fdt tou nejlep\u0161\u00ed pro v\u00e1s.<\/p>\n<p>Emailchef nab\u00edz\u00ed celou \u0161k\u00e1lu email marketingov\u00fdch slu\u017eeb, od z\u00e1kladn\u00edch n\u00e1stroj\u016f pro odes\u00edl\u00e1n\u00ed a\u017e po nejpokro\u010dilej\u0161\u00ed techniky segmentace seznam\u016f a reportingu. D\u00edky jeho v\u00fdkonn\u00e9mu SMTP serveru zabezpe\u010duje nejlep\u0161\u00ed doru\u010ditelnost pro v\u0161echny zpr\u00e1vy \u2013 bez ohledu na to, kolik m\u00e1te p\u0159\u00edjemc\u016f.<\/p>\n<p>C\u00edlem programu Emailchef, je nab\u00eddnout nejobs\u00e1hlej\u0161\u00ed a flexibiln\u00ed newsletter platformu, kter\u00e1 v\u00e1m pom\u016f\u017ee s vytvo\u0159en\u00edm, opravou, odesl\u00e1n\u00edm a kontrolou va\u0161ich kampan\u00ed, b\u011bhem p\u00e1r minut. Nav\u00edc, Emailchef nab\u00edz\u00ed tyto pokro\u010dil\u00e9 slu\u017eby pro v\u00e1\u0161 email marketing:<\/p>\n\n<ul id=\"\" class=\"g1-list g1-list--icon g1-list--simple \">\n<li><i class=\"fa fa-arrow-right g1-list__icon\"><\/i>efektivn\u00ed p\u0159ihla\u0161ovac\u00ed formul\u00e1\u0159e, aby va\u0161e seznamy rychleji a bezpe\u010dn\u011bji rostli;<\/li>\n<li><i class=\"fa fa-arrow-right g1-list__icon\"><\/i>specializovan\u00fd software pro tvorbu newsletter\u016f (Template Creator), kter\u00fd zvedne la\u0165ku va\u0161eho emailov\u00e9ho designu velmi vysoko;<\/li>\n<li><i class=\"fa fa-arrow-right g1-list__icon\"><\/i>\u0161irok\u00e1 \u0161k\u00e1la bezplatn\u00fdch HTML \u0161ablon;<\/li>\n<li><i class=\"fa fa-arrow-right g1-list__icon\"><\/i>nejnov\u011bj\u0161\u00ed zdroje a \u010dl\u00e1nky pro pou\u010den\u00ed a z\u00edsk\u00e1n\u00ed znalost\u00ed o tom, jak dostat z va\u0161ich emailov\u00fdch kampan\u00ed maximum.<\/li>\n<\/ul>\n\n<p>A mnohem v\u00edce. P\u0159ihlaste se k ovl\u00e1dac\u00edmu panelu Emailchef a <a href=\"http:\/\/emailchef.com\/user-signup\"><strong>vyzkou\u0161ejte to zdarma<\/strong><\/a>!<\/p>\n","protected":false},"excerpt":{"rendered":"<p>Mno\u017estv\u00ed slu\u017eeb pro email marketing na trhu je spousta. Co\u017e nen\u00ed p\u0159ekvapen\u00edm, jeliko\u017e newslettery a emailov\u00e9 kampan\u011b potvrzuj\u00ed svoji hodnotu ji\u017e dlouhou dobu, zaji\u0161\u0165uj\u00edc\u00ed nejvy\u0161\u0161\u00ed ROI (n\u00e1vratnost investic) v\u0161ech n\u00e1stroj\u016f digit\u00e1ln\u00ed komunikace. Ale v takto komplexn\u00edm sv\u011bt\u011b, je z\u00e1sadn\u00ed porozum\u011bt, jak\u00e9 jsou ty d\u016fle\u017eit\u00e9 funkce, kter\u00e9 by m\u011bla email marketingov\u00e1 platforma m\u00edt, aby mohla b\u00fdt [&hellip;]<\/p>\n","protected":false},"author":1,"featured_media":0,"parent":0,"menu_order":96,"comment_status":"closed","ping_status":"closed","template":"","meta":{"_acf_changed":false,"inline_featured_image":false,"footnotes":""},"g1_relation_tag":[9],"class_list":["post-4275","page","type-page","status-publish","hentry","g1_relation_tag-email-marketing-practices"],"acf":[],"yoast_head":"<!-- This site is optimized with the Yoast SEO plugin v24.8.1 - https:\/\/yoast.com\/wordpress\/plugins\/seo\/ -->\n<title>Email marketing slu\u017eba: jak vyb\u00edrat - Emailchef<\/title>\n<meta name=\"robots\" content=\"index, follow, max-snippet:-1, max-image-preview:large, max-video-preview:-1\" \/>\n<link rel=\"canonical\" href=\"https:\/\/emailchef.com\/cs\/email-marketing-sluzba-jak-vybirat\/\" \/>\n<meta name=\"twitter:label1\" content=\"Odhadovan\u00e1 doba \u010dten\u00ed\" \/>\n\t<meta name=\"twitter:data1\" content=\"1 minuta\" \/>\n<!-- \/ Yoast SEO plugin. -->","yoast_head_json":{"title":"Email marketing slu\u017eba: jak vyb\u00edrat - Emailchef","robots":{"index":"index","follow":"follow","max-snippet":"max-snippet:-1","max-image-preview":"max-image-preview:large","max-video-preview":"max-video-preview:-1"},"canonical":"https:\/\/emailchef.com\/cs\/email-marketing-sluzba-jak-vybirat\/","twitter_misc":{"Odhadovan\u00e1 doba \u010dten\u00ed":"1 minuta"},"schema":{"@context":"https:\/\/schema.org","@graph":[{"@type":"WebPage","@id":"https:\/\/emailchef.com\/cs\/email-marketing-sluzba-jak-vybirat\/","url":"https:\/\/emailchef.com\/cs\/email-marketing-sluzba-jak-vybirat\/","name":"Email marketing slu\u017eba: jak vyb\u00edrat - Emailchef","isPartOf":{"@id":"https:\/\/emailchef.com\/cs\/#website"},"datePublished":"2014-09-11T10:04:11+00:00","dateModified":"2021-07-09T09:21:16+00:00","breadcrumb":{"@id":"https:\/\/emailchef.com\/cs\/email-marketing-sluzba-jak-vybirat\/#breadcrumb"},"inLanguage":"cs","potentialAction":[{"@type":"ReadAction","target":["https:\/\/emailchef.com\/cs\/email-marketing-sluzba-jak-vybirat\/"]}]},{"@type":"BreadcrumbList","@id":"https:\/\/emailchef.com\/cs\/email-marketing-sluzba-jak-vybirat\/#breadcrumb","itemListElement":[{"@type":"ListItem","position":1,"name":"Home","item":"https:\/\/emailchef.com\/cs\/emailchef-sluzby-email-marketingu\/"},{"@type":"ListItem","position":2,"name":"Email marketing slu\u017eba: jak vyb\u00edrat"}]},{"@type":"WebSite","@id":"https:\/\/emailchef.com\/cs\/#website","url":"https:\/\/emailchef.com\/cs\/","name":"Emailchef","description":"Chutn\u00e9 recepty pro email marketing","publisher":{"@id":"https:\/\/emailchef.com\/cs\/#organization"},"potentialAction":[{"@type":"SearchAction","target":{"@type":"EntryPoint","urlTemplate":"https:\/\/emailchef.com\/cs\/?s={search_term_string}"},"query-input":{"@type":"PropertyValueSpecification","valueRequired":true,"valueName":"search_term_string"}}],"inLanguage":"cs"},{"@type":"Organization","@id":"https:\/\/emailchef.com\/cs\/#organization","name":"Delivery Tech Corp.","url":"https:\/\/emailchef.com\/cs\/","logo":{"@type":"ImageObject","inLanguage":"cs","@id":"https:\/\/emailchef.com\/cs\/#\/schema\/logo\/image\/","url":"https:\/\/emailchef.com\/wp-content\/uploads\/2022\/04\/logo-sama.png","contentUrl":"https:\/\/emailchef.com\/wp-content\/uploads\/2022\/04\/logo-sama.png","width":237,"height":80,"caption":"Delivery Tech Corp."},"image":{"@id":"https:\/\/emailchef.com\/cs\/#\/schema\/logo\/image\/"}}]}},"_links":{"self":[{"href":"https:\/\/emailchef.com\/cs\/wp-json\/wp\/v2\/pages\/4275"}],"collection":[{"href":"https:\/\/emailchef.com\/cs\/wp-json\/wp\/v2\/pages"}],"about":[{"href":"https:\/\/emailchef.com\/cs\/wp-json\/wp\/v2\/types\/page"}],"author":[{"embeddable":true,"href":"https:\/\/emailchef.com\/cs\/wp-json\/wp\/v2\/users\/1"}],"replies":[{"embeddable":true,"href":"https:\/\/emailchef.com\/cs\/wp-json\/wp\/v2\/comments?post=4275"}],"version-history":[{"count":4,"href":"https:\/\/emailchef.com\/cs\/wp-json\/wp\/v2\/pages\/4275\/revisions"}],"predecessor-version":[{"id":6286,"href":"https:\/\/emailchef.com\/cs\/wp-json\/wp\/v2\/pages\/4275\/revisions\/6286"}],"wp:attachment":[{"href":"https:\/\/emailchef.com\/cs\/wp-json\/wp\/v2\/media?parent=4275"}],"wp:term":[{"taxonomy":"g1_relation_tag","embeddable":true,"href":"https:\/\/emailchef.com\/cs\/wp-json\/wp\/v2\/g1_relation_tag?post=4275"}],"curies":[{"name":"wp","href":"https:\/\/api.w.org\/{rel}","templated":true}]}}